{"id":988,"date":"2020-11-21T22:23:54","date_gmt":"2020-11-22T02:23:54","guid":{"rendered":"https:\/\/www.dev-id.co\/riverkeeper\/?page_id=988"},"modified":"2022-05-24T13:10:10","modified_gmt":"2022-05-24T16:10:10","slug":"prix-de-la-riviere-petitcodiac","status":"publish","type":"page","link":"http:\/\/petitcodiac.net\/fr\/accomplissements\/prix-de-la-riviere-petitcodiac\/","title":{"rendered":"Prix de la rivi\u00e8re Petitcodiac"},"content":{"rendered":"\n<p>Chaque ann\u00e9e, Sentinelles Petitcodiac d\u00e9cerne cette distinction honorifique dans le but de reconna\u00eetre les personnes, les entreprises, les groupes, et les gouvernements qui ont fait une contribution remarquable \u00e0 la protection, \u00e0 la promotion, et \u00e0 la restauration de l\u2019\u00e9cosyst\u00e8me de la rivi\u00e8re Petitcodiac.<\/p>\n\n\n\n<h2 class=\"wp-block-heading\">2022<\/h2>\n\n\n\n<p>Cette ann\u00e9e, le prix 2022 de la rivi\u00e8re Petitcodiac a \u00e9t\u00e9 d\u00e9cern\u00e9 \u00e0 Cindy Roy, pour son livre dans la s\u00e9rie <em>F\u00e9eli Tout ; \u00c0 la rescousse de la rivi\u00e8re.<\/em> Ce livre incite les gens \u00e0 prendre soin des cours d\u2019eau en racontant l\u2019aventure d\u2019une grande corv\u00e9e de nettoyage pour le rivage de la rivi\u00e8re Petitcodiac.\u00a0<\/p>\n\n\n\n<p><br>\u00ab Je suis vraiment touch\u00e9e et honor\u00e9e de recevoir ce prix. La rivi\u00e8re Chocolat fait partie de l&#8217;Univers de F\u00e9eli Tout, oui. Mais elle est d&#8217;abord et avant tout le moteur de mon inspiration. J&#8217;ai toujours de bonnes id\u00e9es quand je viens me balader pr\u00e8s de la rivi\u00e8re. Et ce, depuis un bon moment maintenant. Encore plus depuis l&#8217;ouverture des vannes du pont-jet\u00e9 en 2010. Quand on m&#8217;a annonc\u00e9 que j&#8217;\u00e9tais r\u00e9cipiendaire du prix, ma premi\u00e8re r\u00e9action a \u00e9t\u00e9 \u00abBen voyons ! C&#8217;est Dani qui devrait recevoir ce prix ! \u00bb\u00a0 On s&#8217;entend que Dani, c&#8217;est le garde-marais dans les histoires de F\u00e9eli Tout ! Je crois que mes personnages sont peut-\u00eatre un peu trop vivants pour moi \u00bb<\/p>\n\n\n\n<figure class=\"wp-block-image size-large\"><img decoding=\"async\" src=\"http:\/\/petitcodiac.org\/wp-content\/uploads\/2022\/05\/Cindy-Roy_Petitcodiac-River-Award-2022-scaled.jpg\" alt=\"\" class=\"wp-image-3306\"\/><\/figure>\n\n\n\n<h1 class=\"wp-block-heading\">Archives: r\u00e9cipiendaires du prix<\/h1>\n\n\n\n<h2 class=\"wp-block-heading\">2002<\/h2>\n\n\n\n<figure class=\"wp-block-image size-large\"><img loading=\"lazy\" decoding=\"async\" width=\"300\" height=\"225\" src=\"http:\/\/petitcodiac.org\/wp-content\/uploads\/2020\/11\/2002_prix_Amirault-1.jpg\" alt=\"\" class=\"wp-image-990\"\/><\/figure>\n\n\n\n<p>L\u2019\u00c9cole Amirault de Dieppe pour son projet d\u2019\u00e9ducation au sujet de la rivi\u00e8re Petitcodiac<\/p>\n\n\n\n<h2 class=\"wp-block-heading\">2003<\/h2>\n\n\n\n<figure class=\"wp-block-image size-large\"><img loading=\"lazy\" decoding=\"async\" width=\"300\" height=\"225\" src=\"http:\/\/petitcodiac.org\/wp-content\/uploads\/2020\/11\/Award-2003-1.jpg\" alt=\"\" class=\"wp-image-992\"\/><\/figure>\n\n\n\n<p>Le Bureau de l\u2019application de la loi pour la r\u00e9gion Atlantique d\u2019Environnement Canada, pour son travail dans la r\u00e9solution de deux cas majeurs de pollution environnementale toxique ayant nui au ruisseau Jonathan (l\u2019ancien d\u00e9potoir riverain de la Ville de Moncton) et au ruisseau Humphreys (d\u00e9charges d\u2019effluent d\u2019usine textile)<\/p>\n\n\n\n<h2 class=\"wp-block-heading\">2004<\/h2>\n\n\n\n<p>La communaut\u00e9 artistique, dans son ensemble, pour sa g\u00e9n\u00e9rosit\u00e9 et de son engagement de longue date envers la cause de la restauration de la rivi\u00e8re Petitcodiac<\/p>\n\n\n\n<h2 class=\"wp-block-heading\">2005<\/h2>\n\n\n\n<p>La province du Nouveau-Brunswick pour reconna\u00eetre leur travail dans la r\u00e9alisation de l\u2019\u00c9tude d\u2019impact sur l\u2019environnement portant sur l\u2019avenir de la rivi\u00e8re Petitcodiac<\/p>\n\n\n\n<h2 class=\"wp-block-heading\">2006<\/h2>\n\n\n\n<p>La revue Mascaret pour sa couverture des enjeux li\u00e9s \u00e0 l\u2019estuaire et la promotion des valeurs sociales et culturelles de la rivi\u00e8re Petitcodiac<\/p>\n\n\n\n<h2 class=\"wp-block-heading\">2007<\/h2>\n\n\n\n<figure class=\"wp-block-image size-large\"><img loading=\"lazy\" decoding=\"async\" width=\"300\" height=\"201\" src=\"http:\/\/petitcodiac.org\/wp-content\/uploads\/2020\/11\/Etheridge_2007_award-1.jpg\" alt=\"\" class=\"wp-image-994\"\/><\/figure>\n\n\n\n<p>Peter Etheridge pour souligner son leadership en vue de l\u2019\u00e9tablissement de la R\u00e9serve de biosph\u00e8re de Fundy.<\/p>\n\n\n\n<h2 class=\"wp-block-heading\">2008<\/h2>\n\n\n\n<p>L\u2019\u00e9cole Le Mascaret et artiste Reg No\u00ebl pour le projet \u00ab Mon \u00e9cole, ma fiert\u00e9 \u00bb qui inclut une \u0153uvre murale de 33 plaques fait en cuivre, d\u00e9montrant la rivi\u00e8re Petitcodiac<\/p>\n\n\n\n<h2 class=\"wp-block-heading\">2009<\/h2>\n\n\n\n<figure class=\"wp-block-image size-large\"><img loading=\"lazy\" decoding=\"async\" width=\"1024\" height=\"600\" src=\"http:\/\/petitcodiac.org\/wp-content\/uploads\/2020\/11\/award-2009-crop-1-1024x600.jpg\" alt=\"\" class=\"wp-image-996\" srcset=\"http:\/\/petitcodiac.net\/wp-content\/uploads\/2020\/11\/award-2009-crop-1-1024x600.jpg 1024w, http:\/\/petitcodiac.net\/wp-content\/uploads\/2020\/11\/award-2009-crop-1-300x176.jpg 300w, http:\/\/petitcodiac.net\/wp-content\/uploads\/2020\/11\/award-2009-crop-1-768x450.jpg 768w, http:\/\/petitcodiac.net\/wp-content\/uploads\/2020\/11\/award-2009-crop-1-1536x901.jpg 1536w, http:\/\/petitcodiac.net\/wp-content\/uploads\/2020\/11\/award-2009-crop-1-2048x1201.jpg 2048w, http:\/\/petitcodiac.net\/wp-content\/uploads\/2020\/11\/award-2009-crop-1-1200x704.jpg 1200w, http:\/\/petitcodiac.net\/wp-content\/uploads\/2020\/11\/award-2009-crop-1-1980x1161.jpg 1980w\" sizes=\"(max-width: 1024px) 100vw, 1024px\" \/><\/figure>\n\n\n\n<p>Marc \u00abChops\u00bb Arsenault a re\u00e7u le prix de la rivi\u00e8re Petitcodiac en 2009 pour souligner&nbsp;son excellent travail en tant que r\u00e9alisateur des deux albums compilations pour la rivi\u00e8re Petitcodiac: Pet-kout-koy-ek Chansons pour une rivi\u00e8re en 1996 et PETITCODIAC en 2009.<\/p>\n\n\n\n<h2 class=\"wp-block-heading\">2010<\/h2>\n\n\n\n<figure class=\"wp-block-image size-large\"><img loading=\"lazy\" decoding=\"async\" width=\"1024\" height=\"650\" src=\"http:\/\/petitcodiac.org\/wp-content\/uploads\/2020\/11\/Petitcodiac-Award-2010-1-1024x650.jpg\" alt=\"\" class=\"wp-image-998\" srcset=\"http:\/\/petitcodiac.net\/wp-content\/uploads\/2020\/11\/Petitcodiac-Award-2010-1-1024x650.jpg 1024w, http:\/\/petitcodiac.net\/wp-content\/uploads\/2020\/11\/Petitcodiac-Award-2010-1-300x191.jpg 300w, http:\/\/petitcodiac.net\/wp-content\/uploads\/2020\/11\/Petitcodiac-Award-2010-1-768x488.jpg 768w, http:\/\/petitcodiac.net\/wp-content\/uploads\/2020\/11\/Petitcodiac-Award-2010-1-1536x976.jpg 1536w, http:\/\/petitcodiac.net\/wp-content\/uploads\/2020\/11\/Petitcodiac-Award-2010-1-2048x1301.jpg 2048w, http:\/\/petitcodiac.net\/wp-content\/uploads\/2020\/11\/Petitcodiac-Award-2010-1-1200x762.jpg 1200w, http:\/\/petitcodiac.net\/wp-content\/uploads\/2020\/11\/Petitcodiac-Award-2010-1-1980x1258.jpg 1980w\" sizes=\"(max-width: 1024px) 100vw, 1024px\" \/><\/figure>\n\n\n\n<p>Victor LeBlanc, un p\u00eacheur de Belliveau Village pour sa&nbsp;pers\u00e9v\u00e9rance au cours des 40 derni\u00e8res ann\u00e9es suite \u00e0 la construction du pont jet\u00e9e. Il n\u2019a jamais cess\u00e9 de croire qu\u2019un jour, les poissons reviendraient et que la rivi\u00e8re pourrait \u00eatre r\u00e9tablie.<\/p>\n\n\n\n<h2 class=\"wp-block-heading\"><strong>2013<\/strong><\/h2>\n\n\n\n<figure class=\"wp-block-image size-large\"><img loading=\"lazy\" decoding=\"async\" width=\"500\" height=\"409\" src=\"http:\/\/petitcodiac.org\/wp-content\/uploads\/2020\/11\/Prix2012JosephKnockwwod1-1.jpg\" alt=\"\" class=\"wp-image-1000\" srcset=\"http:\/\/petitcodiac.net\/wp-content\/uploads\/2020\/11\/Prix2012JosephKnockwwod1-1.jpg 500w, http:\/\/petitcodiac.net\/wp-content\/uploads\/2020\/11\/Prix2012JosephKnockwwod1-1-300x245.jpg 300w\" sizes=\"(max-width: 500px) 100vw, 500px\" \/><\/figure>\n\n\n\n<p>Prix&nbsp;de la rivi\u00e8re remis au Chef Joseph Knockwood&nbsp;(au centre)&nbsp;de la&nbsp;premi\u00e8re nation de Fort Folly, pour sa contribution \u00e0 la cause de la Petitcodiac au cours des ann\u00e9es.<\/p>\n\n\n\n<h2 class=\"wp-block-heading\"><strong>2014<\/strong><\/h2>\n\n\n\n<figure class=\"wp-block-image size-large\"><img loading=\"lazy\" decoding=\"async\" width=\"500\" height=\"552\" src=\"http:\/\/petitcodiac.org\/wp-content\/uploads\/2020\/11\/Melvin-Perez-Award-2014-1.jpg\" alt=\"\" class=\"wp-image-1002\" srcset=\"http:\/\/petitcodiac.net\/wp-content\/uploads\/2020\/11\/Melvin-Perez-Award-2014-1.jpg 500w, http:\/\/petitcodiac.net\/wp-content\/uploads\/2020\/11\/Melvin-Perez-Award-2014-1-272x300.jpg 272w\" sizes=\"(max-width: 500px) 100vw, 500px\" \/><\/figure>\n\n\n\n<p>Melvin Perez a re\u00e7u le prix au nom de tous les surfeurs, car l\u2019ann\u00e9e 2013 a \u00e9t\u00e9 d\u00e9clar\u00e9e comme \u00e9tant \u00ab L\u2019ann\u00e9e du surf&nbsp;\u00bb sur la rivi\u00e8re Petitcodiac.<\/p>\n\n\n\n<h2 class=\"wp-block-heading\"><strong>20<\/strong>20<\/h2>\n\n\n\n<figure class=\"wp-block-image size-large\"><img loading=\"lazy\" decoding=\"async\" width=\"672\" height=\"347\" src=\"http:\/\/petitcodiac.org\/wp-content\/uploads\/2021\/02\/serge-acadienouvelle.png\" alt=\"\" class=\"wp-image-2356\" srcset=\"http:\/\/petitcodiac.net\/wp-content\/uploads\/2021\/02\/serge-acadienouvelle.png 672w, http:\/\/petitcodiac.net\/wp-content\/uploads\/2021\/02\/serge-acadienouvelle-300x155.png 300w\" sizes=\"(max-width: 672px) 100vw, 672px\" \/><figcaption>Source: Acadie Nouvelle &#8211; Serge Martin r\u00e9compens\u00e9 pour ses photos de la Petitcodiac. <a href=\"https:\/\/www.acadienouvelle.com\/arts-et-spectacles\/2020\/10\/16\/serge-martin-recompense-pour-ses-photos-de-la-petitcodiac\/?fbclid=IwAR1Tfo7_sFi_q_bn5qaO3WyfqdSkIbTAcef5-JvxPz0PnB-qyZQjAedDfwY\" target=\"_blank\" rel=\"noreferrer noopener\">https:\/\/www.acadienouvelle.com\/arts-et-spectacles\/2020\/10\/16\/serge-martin-recompense-pour-ses-photos-de-la-petitcodiac\/?fbclid=IwAR1Tfo7_sFi_q_bn5qaO3WyfqdSkIbTAcef5-JvxPz0PnB-qyZQjAedDfwY<\/a><\/figcaption><\/figure>\n\n\n\n<p>Le r\u00e9cipiendaire 2020 du Prix de la rivi\u00e8re Petitcodiac fut le photographe-artiste Serge Martin pour avoir photographi\u00e9 quotidiennement la rivi\u00e8re Petitcodiac sous ses multiples facettes et r\u00e9alis\u00e9 une quantit\u00e9 innombrable de prises de vue d\u2019une qualit\u00e9 exceptionnelle et de tr\u00e8s grande beaut\u00e9.<\/p>\n\n\n\n<h2 class=\"wp-block-heading\">2021<\/h2>\n\n\n\n<p>Le prix 2021 de la rivi\u00e8re Petitcodiac a \u00e9t\u00e9 d\u00e9cern\u00e9 \u00e0 deux personnes.<\/p>\n\n\n\n<p>CHEFFE REBECCA KNOCKWOOD<br>Pour l\u2019engagement exemplaire de la Premi\u00e8re Nation de Fort Folly en faveur de la restauration de la rivi\u00e8re Petitcodiac et de ses travaux d\u2019avant gardes de sauvegarde des terres prot\u00e9g\u00e9es et de conservation autochtone.<\/p>\n\n\n\n<figure class=\"wp-block-image size-large\"><img loading=\"lazy\" decoding=\"async\" width=\"2560\" height=\"1920\" src=\"http:\/\/petitcodiac.org\/wp-content\/uploads\/2021\/11\/Chief-Rebecca-Knockwood-Ronald-Babin-1-scaled.jpg\" alt=\"\" class=\"wp-image-3181\" srcset=\"http:\/\/petitcodiac.net\/wp-content\/uploads\/2021\/11\/Chief-Rebecca-Knockwood-Ronald-Babin-1-scaled.jpg 2560w, http:\/\/petitcodiac.net\/wp-content\/uploads\/2021\/11\/Chief-Rebecca-Knockwood-Ronald-Babin-1-300x225.jpg 300w\" sizes=\"(max-width: 2560px) 100vw, 2560px\" \/><figcaption>Cheffe Rebecca Knockwood et Ronald Babin devant le nouveau pont entre Moncton et Riverview<\/figcaption><\/figure>\n\n\n\n<p>GERALD (JERRY) GOGAN<br>Prix donn\u00e9 \u00e0 titre posthume pour son engagement exemplaire en faveur de la restauration de la rivi\u00e8re Petitcodiac, notamment \u00e0 la Mairie du village de Petitcodiac et \u00e0 la Pr\u00e9sidence de la Commission r\u00e9gionale des services du Sud-Est du NB.<\/p>\n\n\n\n<figure class=\"wp-block-image size-large\"><img loading=\"lazy\" decoding=\"async\" width=\"2560\" height=\"1920\" src=\"http:\/\/petitcodiac.org\/wp-content\/uploads\/2021\/11\/Leslie-Gogan-Ronald-Babin-scaled.jpeg\" alt=\"\" class=\"wp-image-3191\" srcset=\"http:\/\/petitcodiac.net\/wp-content\/uploads\/2021\/11\/Leslie-Gogan-Ronald-Babin-scaled.jpeg 2560w, http:\/\/petitcodiac.net\/wp-content\/uploads\/2021\/11\/Leslie-Gogan-Ronald-Babin-300x225.jpeg 300w\" sizes=\"(max-width: 2560px) 100vw, 2560px\" \/><figcaption>La femme de Gerry Gogan, Leslie, avec Ronald Babin<\/figcaption><\/figure>\n","protected":false},"excerpt":{"rendered":"<p>Chaque ann\u00e9e, Sentinelles Petitcodiac d\u00e9cerne cette distinction honorifique dans le but de reconna\u00eetre les personnes, les entreprises, les groupes, et les gouvernements qui ont fait une contribution remarquable \u00e0 la protection, \u00e0 la promotion, et \u00e0 la restauration de l\u2019\u00e9cosyst\u00e8me de la rivi\u00e8re Petitcodiac. 2022 Cette ann\u00e9e, le prix 2022 de la rivi\u00e8re Petitcodiac a [&hellip;]<\/p>\n","protected":false},"author":4,"featured_media":0,"parent":726,"menu_order":12,"comment_status":"closed","ping_status":"closed","template":"","meta":{"footnotes":""},"aioseo_notices":[],"_links":{"self":[{"href":"http:\/\/petitcodiac.net\/fr\/wp-json\/wp\/v2\/pages\/988"}],"collection":[{"href":"http:\/\/petitcodiac.net\/fr\/wp-json\/wp\/v2\/pages"}],"about":[{"href":"http:\/\/petitcodiac.net\/fr\/wp-json\/wp\/v2\/types\/page"}],"author":[{"embeddable":true,"href":"http:\/\/petitcodiac.net\/fr\/wp-json\/wp\/v2\/users\/4"}],"replies":[{"embeddable":true,"href":"http:\/\/petitcodiac.net\/fr\/wp-json\/wp\/v2\/comments?post=988"}],"version-history":[{"count":16,"href":"http:\/\/petitcodiac.net\/fr\/wp-json\/wp\/v2\/pages\/988\/revisions"}],"predecessor-version":[{"id":3319,"href":"http:\/\/petitcodiac.net\/fr\/wp-json\/wp\/v2\/pages\/988\/revisions\/3319"}],"up":[{"embeddable":true,"href":"http:\/\/petitcodiac.net\/fr\/wp-json\/wp\/v2\/pages\/726"}],"wp:attachment":[{"href":"http:\/\/petitcodiac.net\/fr\/wp-json\/wp\/v2\/media?parent=988"}],"curies":[{"name":"wp","href":"https:\/\/api.w.org\/{rel}","templated":true}]}}