{"id":969,"date":"2020-11-21T22:14:32","date_gmt":"2020-11-22T02:14:32","guid":{"rendered":"https:\/\/www.dev-id.co\/riverkeeper\/?page_id=969"},"modified":"2020-12-22T18:11:06","modified_gmt":"2020-12-22T22:11:06","slug":"leadership-en-matiere-denvironnement","status":"publish","type":"page","link":"http:\/\/petitcodiac.net\/fr\/accomplissements\/leadership-en-matiere-denvironnement\/","title":{"rendered":"Leadership en mati\u00e8re d&#8217;environnement"},"content":{"rendered":"\n<p>\u00c0 titre de premier chapitre canadien de la Waterkeeper Alliance, nous avons donn\u00e9 l\u2019exemple et servi d\u2019inspiration \u00e0 d\u2019autres groupes de Sentinelles au Canada, y compris les sentinelles Fundy Baykeeper, \u00e0 Saint-Jean au Nouveau-Brunswick.<\/p>\n\n\n\n<p>Nous avons \u00e9tabli des partenariats durables en faveur de projets li\u00e9s aux bassins versants, dont le Projet de fiducie fonci\u00e8re pour la conservation et le programme Patrouille Petitcodiac, initiatives men\u00e9es conjointement avec l\u2019Alliance du bassin versant de la Petitcodiac.<\/p>\n\n\n\n<p>Nous avons g\u00e9r\u00e9 plusieurs projets de nettoyage de cours d\u2019eau et men\u00e9 des \u00e9tudes de faisabilit\u00e9 pour l\u2019enl\u00e8vement de barrages abandonn\u00e9s dans notre bassin versant.<\/p>\n\n\n\n<h2 class=\"wp-block-heading\">Prix<\/h2>\n\n\n\n<ul><li>2002 \u2013 Prix d\u2019Excellence du Grand Moncton \u2013 Environnement<\/li><li>2002 \u2013 Prix Environnemental Canadien \u2013 Prix d\u2019Or (Faune et nature)<\/li><li>2008 \u2013 R\u00e9seau environnemental du Nouveau-Brunswick \u2013 Prix Ph\u00e9nix<\/li><li>2008 \u2013 La f\u00eate du Nouveau-Brunswick Prix d\u2019Excellence \u2013 Environnement<\/li><li>2010 \u2013 Prix d\u2019initiative environnementale du NB \u2013 Cat\u00e9gorie communaut\u00e9s, groupes et organismes<\/li><\/ul>\n\n\n\n<figure class=\"wp-block-image size-large\"><img loading=\"lazy\" decoding=\"async\" width=\"696\" height=\"534\" src=\"http:\/\/petitcodiac.org\/wp-content\/uploads\/2020\/11\/NB-Env-award-10nov2010-1.jpg\" alt=\"\" class=\"wp-image-971\" srcset=\"http:\/\/petitcodiac.net\/wp-content\/uploads\/2020\/11\/NB-Env-award-10nov2010-1.jpg 696w, http:\/\/petitcodiac.net\/wp-content\/uploads\/2020\/11\/NB-Env-award-10nov2010-1-300x230.jpg 300w\" sizes=\"(max-width: 696px) 100vw, 696px\" \/><\/figure>\n","protected":false},"excerpt":{"rendered":"<p>\u00c0 titre de premier chapitre canadien de la Waterkeeper Alliance, nous avons donn\u00e9 l\u2019exemple et servi d\u2019inspiration \u00e0 d\u2019autres groupes de Sentinelles au Canada, y compris les sentinelles Fundy Baykeeper, \u00e0 Saint-Jean au Nouveau-Brunswick. Nous avons \u00e9tabli des partenariats durables en faveur de projets li\u00e9s aux bassins versants, dont le Projet de fiducie fonci\u00e8re pour [&hellip;]<\/p>\n","protected":false},"author":4,"featured_media":0,"parent":726,"menu_order":11,"comment_status":"closed","ping_status":"closed","template":"","meta":{"footnotes":""},"aioseo_notices":[],"_links":{"self":[{"href":"http:\/\/petitcodiac.net\/fr\/wp-json\/wp\/v2\/pages\/969"}],"collection":[{"href":"http:\/\/petitcodiac.net\/fr\/wp-json\/wp\/v2\/pages"}],"about":[{"href":"http:\/\/petitcodiac.net\/fr\/wp-json\/wp\/v2\/types\/page"}],"author":[{"embeddable":true,"href":"http:\/\/petitcodiac.net\/fr\/wp-json\/wp\/v2\/users\/4"}],"replies":[{"embeddable":true,"href":"http:\/\/petitcodiac.net\/fr\/wp-json\/wp\/v2\/comments?post=969"}],"version-history":[{"count":6,"href":"http:\/\/petitcodiac.net\/fr\/wp-json\/wp\/v2\/pages\/969\/revisions"}],"predecessor-version":[{"id":2291,"href":"http:\/\/petitcodiac.net\/fr\/wp-json\/wp\/v2\/pages\/969\/revisions\/2291"}],"up":[{"embeddable":true,"href":"http:\/\/petitcodiac.net\/fr\/wp-json\/wp\/v2\/pages\/726"}],"wp:attachment":[{"href":"http:\/\/petitcodiac.net\/fr\/wp-json\/wp\/v2\/media?parent=969"}],"curies":[{"name":"wp","href":"https:\/\/api.w.org\/{rel}","templated":true}]}}