{"id":874,"date":"2020-11-19T18:57:49","date_gmt":"2020-11-19T22:57:49","guid":{"rendered":"https:\/\/www.dev-id.co\/riverkeeper\/?page_id=874"},"modified":"2022-11-16T11:52:38","modified_gmt":"2022-11-16T15:52:38","slug":"la-chaussee-petitcodiac","status":"publish","type":"page","link":"http:\/\/petitcodiac.net\/fr\/accomplissements\/la-chaussee-petitcodiac\/","title":{"rendered":"Restauration de la rivi\u00e8re Petitcodiac"},"content":{"rendered":"\n<figure class=\"wp-block-image\"><img loading=\"lazy\" decoding=\"async\" width=\"300\" height=\"199\" src=\"http:\/\/petitcodiac.org\/wp-content\/uploads\/2020\/11\/BackgdPetitcodiac-300x199-1.jpg\" alt=\"\" class=\"wp-image-864\"\/><\/figure>\n\n\n\n<p>C&#8217;est l&#8217;histoire de la remarquable campagne qui a permis la restauration de la rivi\u00e8re Petitcodiac, situ\u00e9e dans la baie de Fundy, dans la province du Nouveau-Brunswick. En 1999, la bataille pour restaurer la rivi\u00e8re Petitcodiac en ouvrant les portes du controvers\u00e9 pont-chauss\u00e9e entrait dans sa quatri\u00e8me d\u00e9cennie. La communaut\u00e9 locale \u00e9tait encore am\u00e8rement divis\u00e9e et les \u00e9lus, tout aussi satisfaits de laisser les choses en paix, \u00e9vitaient pour la plupart de s&#8217;impliquer ou tendaient \u00e0 se ranger du c\u00f4t\u00e9 du lobbying men\u00e9 par les r\u00e9sidents vivant le long du lac artificiel de 21 km de long, cr\u00e9\u00e9 en 1968 lors de la construction du pont-chauss\u00e9e. En 2000, des d\u00e9p\u00f4ts massifs de limon couvraient 95 % de la rivi\u00e8re pr\u00e8s de la ville de Moncton et s&#8217;\u00e9tendaient sur 35 kilom\u00e8tres en aval jusqu&#8217;\u00e0 la baie de Shepody.<\/p>\n\n\n\n<figure class=\"wp-block-image size-large\"><img loading=\"lazy\" decoding=\"async\" width=\"300\" height=\"241\" src=\"http:\/\/petitcodiac.org\/wp-content\/uploads\/2020\/11\/river_through_the_years-300x241-2.jpg\" alt=\"\" class=\"wp-image-876\"\/><\/figure>\n\n\n\n<p>Entre 1999 et 2010, Sentinelles Petitcodiac a entrepris de renverser la situation en mettant en \u0153uvre une s\u00e9rie d&#8217;actions novatrices en mati\u00e8re de communication environnementale et d&#8217;application de la loi environnementale. Finalement, ces efforts ont port\u00e9 des fruits, menant \u00e0 l&#8217;ouverture des vannes du pont-chauss\u00e9e de la rivi\u00e8re Petitcodiac en avril 2010, et ainsi \u00e0 la fin de la plus longue bataille environnementale au Canada et au d\u00e9but du plus grand projet de restauration de rivi\u00e8re en Am\u00e9rique du Nord.<\/p>\n\n\n\n<p>Six ans plus tard, en 2016, le premier ministre Brian Gallant et le ministre f\u00e9d\u00e9ral des P\u00eaches et Oc\u00e9ans Dominic LeBlanc ont annonc\u00e9 qu&#8217;un pont de 61,6 millions de dollars serait construit sur la rivi\u00e8re pour remplacer le pont-chauss\u00e9e. La construction, qui commencerait au printemps, constituerait la derni\u00e8re phase du projet de restauration de la rivi\u00e8re. Ce pont, dont la construction a d\u00e9but\u00e9 en 2017, devait \u00eatre termin\u00e9 \u00e0 l&#8217;automne 2020, mais son ach\u00e8vement a \u00e9t\u00e9 retard\u00e9. Le pont a \u00e9t\u00e9 achev\u00e9 en septembre 2021 ! <a href=\"http:\/\/petitcodiac.org\/fr\/campagne-appui-nom-pont-petigotiag-bridge\/\" data-type=\"page\" data-id=\"2441\">En savoir plus.<\/a> <\/p>\n","protected":false},"excerpt":{"rendered":"<p>C&#8217;est l&#8217;histoire de la remarquable campagne qui a permis la restauration de la rivi\u00e8re Petitcodiac, situ\u00e9e dans la baie de Fundy, dans la province du Nouveau-Brunswick. En 1999, la bataille pour restaurer la rivi\u00e8re Petitcodiac en ouvrant les portes du controvers\u00e9 pont-chauss\u00e9e entrait dans sa quatri\u00e8me d\u00e9cennie. La communaut\u00e9 locale \u00e9tait encore am\u00e8rement divis\u00e9e et [&hellip;]<\/p>\n","protected":false},"author":4,"featured_media":0,"parent":726,"menu_order":3,"comment_status":"closed","ping_status":"closed","template":"","meta":{"footnotes":""},"aioseo_notices":[],"_links":{"self":[{"href":"http:\/\/petitcodiac.net\/fr\/wp-json\/wp\/v2\/pages\/874"}],"collection":[{"href":"http:\/\/petitcodiac.net\/fr\/wp-json\/wp\/v2\/pages"}],"about":[{"href":"http:\/\/petitcodiac.net\/fr\/wp-json\/wp\/v2\/types\/page"}],"author":[{"embeddable":true,"href":"http:\/\/petitcodiac.net\/fr\/wp-json\/wp\/v2\/users\/4"}],"replies":[{"embeddable":true,"href":"http:\/\/petitcodiac.net\/fr\/wp-json\/wp\/v2\/comments?post=874"}],"version-history":[{"count":13,"href":"http:\/\/petitcodiac.net\/fr\/wp-json\/wp\/v2\/pages\/874\/revisions"}],"predecessor-version":[{"id":3541,"href":"http:\/\/petitcodiac.net\/fr\/wp-json\/wp\/v2\/pages\/874\/revisions\/3541"}],"up":[{"embeddable":true,"href":"http:\/\/petitcodiac.net\/fr\/wp-json\/wp\/v2\/pages\/726"}],"wp:attachment":[{"href":"http:\/\/petitcodiac.net\/fr\/wp-json\/wp\/v2\/media?parent=874"}],"curies":[{"name":"wp","href":"https:\/\/api.w.org\/{rel}","templated":true}]}}