{"id":821,"date":"2020-11-19T15:36:25","date_gmt":"2020-11-19T19:36:25","guid":{"rendered":"https:\/\/www.dev-id.co\/riverkeeper\/?page_id=821"},"modified":"2022-11-16T12:04:56","modified_gmt":"2022-11-16T16:04:56","slug":"appel-aux-benevoles","status":"publish","type":"page","link":"http:\/\/petitcodiac.net\/fr\/impliquez-vous\/appel-aux-benevoles\/","title":{"rendered":"Appel aux b\u00e9n\u00e9voles"},"content":{"rendered":"\n<p>Pour vous impliquer, veuillez nous contacter par courriel \u00e0 <a href=\"mailto:info@petitcodiac.org\">info@petitcodiac.org<\/a>.<\/p>\n\n\n\n<p>Pourquoi avons-nous besoin de vous ?<\/p>\n\n\n\n<ul><li>Nous aider \u00e0 identifi\u00e9s des enjeux et trouver des solution pour assurer la sant\u00e9 et la viabilit\u00e9 du bassin versant de la rivi\u00e8re.<\/li><li>Assister les Sentinelles en effectuant la surveillance de cours d\u2019eau dans votre communaut\u00e9.<\/li><li>Faire porter\u00a0 votre expertise scientifique, juridique ou dans un autre domaine pr\u00e9cis sur les enjeux environnementaux li\u00e9s \u00e0 la Petitcodiac.<\/li><li>Diriger des groupes d\u2019action ou des campagnes pr\u00e9cises ou\u00a0 participer \u00e0 leur organisation.<\/li><li>Aider \u00e0 la collecte de fonds pour notre organisme.<\/li><li>Agir \u00e0 titre d\u2019interm\u00e9diaire dans la cr\u00e9ation de partenariats avec des organismes et des entreprises qui nous appuient.<\/li><li>Assister les Sentinelles en se chargeant de certaines t\u00e2ches pratiques li\u00e9es par exemple \u00e0 l\u2019administration, \u00e0 l\u2019informatique et au d\u00e9veloppement de mat\u00e9riel.<\/li><li>Sensibiliser les membres de votre communaut\u00e9 et vos \u00e9lus aux enjeux qui entourent la rivi\u00e8re et au r\u00f4le des Sentinelles Petitcodiac.<\/li><li>R\u00e9aliser les nombreuses traductions qui doivent \u00eatre produites.<\/li><li>Participer b\u00e9n\u00e9volement au conseil d\u2019administration ou \u00e0 l\u2019un de nos comit\u00e9s.<\/li><\/ul>\n","protected":false},"excerpt":{"rendered":"<p>Pour vous impliquer, veuillez nous contacter par courriel \u00e0 info@petitcodiac.org. Pourquoi avons-nous besoin de vous ? Nous aider \u00e0 identifi\u00e9s des enjeux et trouver des solution pour assurer la sant\u00e9 et la viabilit\u00e9 du bassin versant de la rivi\u00e8re. Assister les Sentinelles en effectuant la surveillance de cours d\u2019eau dans votre communaut\u00e9. Faire porter\u00a0 votre [&hellip;]<\/p>\n","protected":false},"author":4,"featured_media":0,"parent":426,"menu_order":6,"comment_status":"closed","ping_status":"closed","template":"","meta":{"footnotes":""},"aioseo_notices":[],"_links":{"self":[{"href":"http:\/\/petitcodiac.net\/fr\/wp-json\/wp\/v2\/pages\/821"}],"collection":[{"href":"http:\/\/petitcodiac.net\/fr\/wp-json\/wp\/v2\/pages"}],"about":[{"href":"http:\/\/petitcodiac.net\/fr\/wp-json\/wp\/v2\/types\/page"}],"author":[{"embeddable":true,"href":"http:\/\/petitcodiac.net\/fr\/wp-json\/wp\/v2\/users\/4"}],"replies":[{"embeddable":true,"href":"http:\/\/petitcodiac.net\/fr\/wp-json\/wp\/v2\/comments?post=821"}],"version-history":[{"count":7,"href":"http:\/\/petitcodiac.net\/fr\/wp-json\/wp\/v2\/pages\/821\/revisions"}],"predecessor-version":[{"id":3547,"href":"http:\/\/petitcodiac.net\/fr\/wp-json\/wp\/v2\/pages\/821\/revisions\/3547"}],"up":[{"embeddable":true,"href":"http:\/\/petitcodiac.net\/fr\/wp-json\/wp\/v2\/pages\/426"}],"wp:attachment":[{"href":"http:\/\/petitcodiac.net\/fr\/wp-json\/wp\/v2\/media?parent=821"}],"curies":[{"name":"wp","href":"https:\/\/api.w.org\/{rel}","templated":true}]}}