{"id":798,"date":"2020-11-19T15:25:30","date_gmt":"2020-11-19T19:25:30","guid":{"rendered":"https:\/\/www.dev-id.co\/riverkeeper\/?page_id=798"},"modified":"2023-03-14T09:23:12","modified_gmt":"2023-03-14T12:23:12","slug":"ressources","status":"publish","type":"page","link":"http:\/\/petitcodiac.net\/fr\/impliquez-vous\/ressources\/","title":{"rendered":"Organisations apparent\u00e9es"},"content":{"rendered":"\n<h2 class=\"wp-block-heading\">Groupes environnementaux \u2013 Local\/Regional<\/h2>\n\n\n\n<ul>\n<li><a rel=\"noreferrer noopener\" href=\"http:\/\/www.conservationcouncil.ca\/le-conseil-de-conservation-du-nouveau-brunswick\/\" target=\"_blank\">Conseil de conservation du Nouveau-Brunswick<\/a><\/li>\n\n\n\n<li><a href=\"http:\/\/fundy-biosphere.ca\/fr\/\" target=\"_blank\" rel=\"noreferrer noopener\">R\u00e9gion de Biosph\u00e8re de Fundy<\/a><\/li>\n\n\n\n<li><a href=\"http:\/\/www.naturemoncton.com\/\" target=\"_blank\" rel=\"noreferrer noopener\">Nature Moncton<\/a><\/li>\n\n\n\n<li><a rel=\"noreferrer noopener\" href=\"http:\/\/renb.ca\/index.php?lang=fr\" target=\"_blank\">R\u00e9seau environnemental du Nouveau-Brunswick<\/a><\/li>\n\n\n\n<li><a rel=\"noreferrer noopener\" href=\"http:\/\/www.petitcodiacwatershed.org\/\" target=\"_blank\">Alliance du bassin versant Petitcodiac<\/a><\/li>\n\n\n\n<li><a rel=\"noreferrer noopener\" href=\"http:\/\/www.riverrunners.ca\/\" target=\"_blank\">Dieppe River Runners Canoe Club<\/a><\/li>\n<\/ul>\n\n\n\n<h2 class=\"wp-block-heading\">Groupes&nbsp;environnementaux&nbsp;\u2013 National\/International<\/h2>\n\n\n\n<ul>\n<li><a rel=\"noreferrer noopener\" href=\"https:\/\/www.americanrivers.org\/\" target=\"_blank\">American Rivers<\/a><\/li>\n\n\n\n<li><a rel=\"noreferrer noopener\" href=\"http:\/\/www.asf.ca\/\" target=\"_blank\">F\u00e9d\u00e9ration du Saumon Atlantique<\/a><\/li>\n\n\n\n<li><a rel=\"noreferrer noopener\" href=\"http:\/\/www.unb.ca\/cri\/\" target=\"_blank\">Canadian Rivers Institute<\/a><\/li>\n\n\n\n<li><a rel=\"noreferrer noopener\" href=\"http:\/\/www.davidsuzuki.org\/fr\/\" target=\"_blank\">Fondation David Suzuki<\/a><\/li>\n\n\n\n<li><a rel=\"noreferrer noopener\" href=\"http:\/\/www.ecojustice.ca\/\" target=\"_blank\">Ecojustice<\/a><\/li>\n\n\n\n<li><a rel=\"noreferrer noopener\" href=\"http:\/\/www.internationalrivers.org\/\" target=\"_blank\">International Rivers Network<\/a><\/li>\n\n\n\n<li><a rel=\"noreferrer noopener\" href=\"http:\/\/www.sierraclub.ca\/fr\" target=\"_blank\">Sierra Club<\/a><\/li>\n\n\n\n<li><a rel=\"noreferrer noopener\" href=\"http:\/\/sustainabilitynetwork.ca\/\" target=\"_blank\">Sustainability Network<\/a><\/li>\n<\/ul>\n\n\n\n<h2 class=\"wp-block-heading\">Gouvernement f\u00e9d\u00e9ral<\/h2>\n\n\n\n<ul>\n<li><a rel=\"noreferrer noopener\" href=\"https:\/\/www.ccme.ca\/fr\/about\/index.html\" target=\"_blank\">Le Conseil canadien des ministres de l\u2019Environnement<\/a><\/li>\n\n\n\n<li><a rel=\"noreferrer noopener\" href=\"http:\/\/www.ceaa-acee.gc.ca\/default.asp?lang=Fr&amp;n=D75FB358-1\" target=\"_blank\">L\u2019Agence d&#8217;\u00e9valuation d&#8217;impact du Canada<\/a><\/li>\n\n\n\n<li><a rel=\"noreferrer noopener\" href=\"http:\/\/www.ccme.ca\/ourwork\/water.fr.html?category_id=101\" target=\"_blank\">Recommandations canadiennes pour la qualit\u00e9 de l&#8217;environnement<\/a><\/li>\n\n\n\n<li><a rel=\"noreferrer noopener\" href=\"http:\/\/www.ec.gc.ca\/\" target=\"_blank\">Environnement Canada<\/a><\/li>\n\n\n\n<li><a rel=\"noreferrer noopener\" href=\"http:\/\/www.sararegistry.gc.ca\/default_f.cfm\" target=\"_blank\">Environnement Canada \u2013 <\/a><a rel=\"noreferrer noopener\" href=\"https:\/\/www.canada.ca\/fr\/environnement-changement-climatique\/services\/registre-public-especes-peril.html\" target=\"_blank\">Esp\u00e8ces <\/a><a rel=\"noreferrer noopener\" href=\"http:\/\/www.sararegistry.gc.ca\/default_f.cfm\" target=\"_blank\">en p\u00e9ril<\/a><\/li>\n\n\n\n<li><a rel=\"noreferrer noopener\" href=\"http:\/\/www.dfo-mpo.gc.ca\/index-fra.htm\" target=\"_blank\">P\u00eaches et Oc\u00e9ans Canada<\/a><\/li>\n\n\n\n<li><a rel=\"noreferrer noopener\" href=\"http:\/\/www.nrcan.gc.ca\/\" target=\"_blank\">Ressources naturelles Canada<\/a><\/li>\n\n\n\n<li><a rel=\"noreferrer noopener\" href=\"http:\/\/www.pc.gc.ca\/\" target=\"_blank\">Parcs Canada<\/a><\/li>\n<\/ul>\n\n\n\n<h2 class=\"wp-block-heading\">Gouvernement provincial<\/h2>\n\n\n\n<ul>\n<li><a rel=\"noreferrer noopener\" href=\"https:\/\/www2.gnb.ca\/content\/gnb\/fr\/ministeres\/egl\/environnement.html\" target=\"_blank\">Minist\u00e8re de l\u2019Environnement<\/a><\/li>\n\n\n\n<li><a rel=\"noreferrer noopener\" href=\"https:\/\/www2.gnb.ca\/content\/gnb\/fr\/ministeres\/10\/peches.html\" target=\"_blank\">Minist\u00e8re de l&#8217;Agriculture, Aquaculture et P\u00eaches<\/a><\/li>\n\n\n\n<li><a rel=\"noreferrer noopener\" href=\"https:\/\/www2.gnb.ca\/content\/gnb\/fr\/ministeres\/der.html\" target=\"_blank\">Minist\u00e8re des Ressources naturelles et D\u00e9veloppement de l\u2019\u00e9nergie<\/a><\/li>\n\n\n\n<li><a rel=\"noreferrer noopener\" href=\"http:\/\/www.gnb.ca\/0397\/Index-f.asp\" target=\"_blank\">Tourisme NB<\/a><\/li>\n<\/ul>\n\n\n\n<h2 class=\"wp-block-heading\">Gouvernement municipal<\/h2>\n\n\n\n<ul>\n<li><a rel=\"noreferrer noopener\" href=\"http:\/\/www.moncton.ca\/\" target=\"_blank\">Ville de Moncton<\/a><\/li>\n\n\n\n<li><a rel=\"noreferrer noopener\" href=\"http:\/\/www.dieppe.ca\/\" target=\"_blank\">Ville de Dieppe<\/a><\/li>\n\n\n\n<li><a rel=\"noreferrer noopener\" href=\"http:\/\/www.townofriverview.ca\/\" target=\"_blank\">Town of Riverview<\/a><\/li>\n\n\n\n<li><a rel=\"noreferrer noopener\" href=\"http:\/\/www.salisburynb.ca\/\" target=\"_blank\">Village of Salisbury<\/a><\/li>\n\n\n\n<li><a rel=\"noreferrer noopener\" href=\"http:\/\/www.villageofpetitcodiac.com\/\" target=\"_blank\">Village of Petitcodiac<\/a><\/li>\n\n\n\n<li><a rel=\"noreferrer noopener\" href=\"http:\/\/www.memramcook.com\/\" target=\"_blank\">Village de Memramcook<\/a><\/li>\n\n\n\n<li><a rel=\"noreferrer noopener\" href=\"http:\/\/www.dorchester.ca\/\" target=\"_blank\">Village de Dorchester<\/a><\/li>\n\n\n\n<li><a rel=\"noreferrer noopener\" href=\"http:\/\/www.villageofhillsborough.ca\/\" target=\"_blank\">Village de Hillsborough<\/a><\/li>\n\n\n\n<li><a rel=\"noreferrer noopener\" href=\"http:\/\/www.riverside-albert.ca\/\" target=\"_blank\">Village de Riverside-Albert<\/a><\/li>\n<\/ul>\n\n\n\n<h2 class=\"wp-block-heading\">Premi\u00e8res Nations<\/h2>\n\n\n\n<ul>\n<li><a rel=\"noreferrer noopener\" href=\"https:\/\/fortfolly.ca\/\" target=\"_blank\">Premi\u00e8re Nation Fort Folly<\/a><\/li>\n<\/ul>\n\n\n\n<h2 class=\"wp-block-heading\">Recherche\/Acad\u00e9mique<\/h2>\n\n\n\n<ul>\n<li><a rel=\"noreferrer noopener\" href=\"http:\/\/www.bofep.org\/\" target=\"_blank\">Bay of Fundy Ecosystem Partnership<\/a><\/li>\n\n\n\n<li><a rel=\"noreferrer noopener\" href=\"http:\/\/gulfofmaine.org\/\" target=\"_blank\">Gulf of Maine Council<\/a><\/li>\n\n\n\n<li><a rel=\"noreferrer noopener\" href=\"http:\/\/www.poliswaterproject.org\/\" target=\"_blank\">Polis Project on Ecological Governance-Water Sustainability Project<\/a><\/li>\n<\/ul>\n","protected":false},"excerpt":{"rendered":"<p>Groupes environnementaux \u2013 Local\/Regional Groupes&nbsp;environnementaux&nbsp;\u2013 National\/International Gouvernement f\u00e9d\u00e9ral Gouvernement provincial Gouvernement municipal Premi\u00e8res Nations Recherche\/Acad\u00e9mique<\/p>\n","protected":false},"author":4,"featured_media":0,"parent":426,"menu_order":7,"comment_status":"closed","ping_status":"closed","template":"","meta":{"footnotes":""},"aioseo_notices":[],"_links":{"self":[{"href":"http:\/\/petitcodiac.net\/fr\/wp-json\/wp\/v2\/pages\/798"}],"collection":[{"href":"http:\/\/petitcodiac.net\/fr\/wp-json\/wp\/v2\/pages"}],"about":[{"href":"http:\/\/petitcodiac.net\/fr\/wp-json\/wp\/v2\/types\/page"}],"author":[{"embeddable":true,"href":"http:\/\/petitcodiac.net\/fr\/wp-json\/wp\/v2\/users\/4"}],"replies":[{"embeddable":true,"href":"http:\/\/petitcodiac.net\/fr\/wp-json\/wp\/v2\/comments?post=798"}],"version-history":[{"count":22,"href":"http:\/\/petitcodiac.net\/fr\/wp-json\/wp\/v2\/pages\/798\/revisions"}],"predecessor-version":[{"id":3845,"href":"http:\/\/petitcodiac.net\/fr\/wp-json\/wp\/v2\/pages\/798\/revisions\/3845"}],"up":[{"embeddable":true,"href":"http:\/\/petitcodiac.net\/fr\/wp-json\/wp\/v2\/pages\/426"}],"wp:attachment":[{"href":"http:\/\/petitcodiac.net\/fr\/wp-json\/wp\/v2\/media?parent=798"}],"curies":[{"name":"wp","href":"https:\/\/api.w.org\/{rel}","templated":true}]}}