{"id":741,"date":"2020-11-19T14:33:36","date_gmt":"2020-11-19T18:33:36","guid":{"rendered":"https:\/\/www.dev-id.co\/riverkeeper\/?page_id=741"},"modified":"2020-12-22T16:07:19","modified_gmt":"2020-12-22T20:07:19","slug":"741-2","status":"publish","type":"page","link":"http:\/\/petitcodiac.net\/fr\/accomplissements\/741-2\/","title":{"rendered":"10e Anniversaire"},"content":{"rendered":"\n<figure class=\"wp-block-image size-large is-resized\"><img loading=\"lazy\" decoding=\"async\" width=\"500\" height=\"448\" src=\"http:\/\/petitcodiac.org\/wp-content\/uploads\/2020\/11\/logo_10ans-1.png\" alt=\"\" class=\"wp-image-743\" srcset=\"http:\/\/petitcodiac.net\/wp-content\/uploads\/2020\/11\/logo_10ans-1.png 500w, http:\/\/petitcodiac.net\/wp-content\/uploads\/2020\/11\/logo_10ans-1-300x269.png 300w\" sizes=\"(max-width: 500px) 100vw, 500px\" \/><\/figure>\n\n\n\n<p>Pour marquer son 10e anniversaire, en 2009, les Sentinelles Petitcodiac proposaient un calendrier bien rempli d\u2019activit\u00e9s. L\u2019organisme a mis sur pied\u00a0un comit\u00e9 du 10e anniversaire dont le mandat est d\u2019organiser dix activit\u00e9s au cours de l\u2019ann\u00e9e, pour marquer chacune des dix ann\u00e9es d\u2019existence des Sentinelles.<\/p>\n\n\n\n<p>Les membres de ce comit\u00e9 \u00e9taient : Daniel LeBlanc (Moncton) et Ra\u00efssa Marks (Elgin) en tant que copr\u00e9sidents, ainsi que Marc Chouinard (Beaumont), Marc \u00ab Chops \u00bb Arsenault (Moncton), Ruell Sloan (Petitcodiac), Wayne Feindel (Dorchester) et la Sentinelle Tim Van Hinte (Moncton).<\/p>\n\n\n\n<p><strong>Voici la liste des 10 \u00e9v\u00e8nements du 10e anniversaire qui ont eu lieu en\u00a02009\u00a0:<\/strong><\/p>\n\n\n\n<ul><li>18 f\u00e9vrier \u2013 Lancement officiel du 10e anniversaire et du logo<\/li><li>26 mars \u2013 Lancement officiel du nouveau site Internet des Sentinelles et\u00a0de\u00a0l\u2019horloge\u00a0d\u00e9compte<\/li><li>2 mai \u2013 Descente en cano\u00eb de Petitcodiac \u00e0 Salisbury<\/li><li>6 juin \u2013 Pi\u00e8ce Petcudi\u00e0c \u2013 Th\u00e9\u00e2tre Capitol<\/li><li>14 juin \u2013 Inauguration du panneau indicatif de la rivi\u00e8re Petitcodiac sur le pont Gunningsville<\/li><li>26 septembre \u2013 D\u00e9voilement du projet \u00ab2010, Ann\u00e9e de la Petitcodiac\u00bb<\/li><li>16 octobre 2009 \u2013 Lancement du CD du dixi\u00e8me anniversaire<\/li><li>24\u00a0octobre\u00a0\u2013 Concert b\u00e9n\u00e9fice\u00a0du\u00a0dixi\u00e8me\u00a0anniversaire<\/li><li>16 novembre \u2013 D\u00e9voilement du plan strat\u00e9gique de 5 ans<\/li><li>16 d\u00e9cembre \u2013 D\u00e9voilement du comit\u00e9 des C\u00e9l\u00e9brations 2010<\/li><\/ul>\n\n\n\n<p><strong>Pour l\u2019occasion,\u00a0un\u00a0document intitul\u00e9\u00a0<a href=\"http:\/\/petitcodiac.org\/wp-content\/uploads\/2020\/11\/Sentinelles_10_ans_sommaire-1.pdf\" target=\"_blank\" rel=\"noreferrer noopener\">\u2018Faits saillants des premiers 10 ans de Sentinelles Petitcodiac : 1999 \u2013 2009\u2032<\/a><a rel=\"noreferrer noopener\" href=\"http:\/\/petitcodiac.org\/wp-content\/uploads\/2014\/03\/Sentinelles_10_ans_sommaire.pdf\" target=\"_blank\">\u00a0<\/a>a \u00e9t\u00e9 publi\u00e9.<\/strong><\/p>\n","protected":false},"excerpt":{"rendered":"<p>Pour marquer son 10e anniversaire, en 2009, les Sentinelles Petitcodiac proposaient un calendrier bien rempli d\u2019activit\u00e9s. L\u2019organisme a mis sur pied\u00a0un comit\u00e9 du 10e anniversaire dont le mandat est d\u2019organiser dix activit\u00e9s au cours de l\u2019ann\u00e9e, pour marquer chacune des dix ann\u00e9es d\u2019existence des Sentinelles. Les membres de ce comit\u00e9 \u00e9taient : Daniel LeBlanc (Moncton) [&hellip;]<\/p>\n","protected":false},"author":4,"featured_media":0,"parent":726,"menu_order":1,"comment_status":"closed","ping_status":"closed","template":"","meta":{"footnotes":""},"aioseo_notices":[],"_links":{"self":[{"href":"http:\/\/petitcodiac.net\/fr\/wp-json\/wp\/v2\/pages\/741"}],"collection":[{"href":"http:\/\/petitcodiac.net\/fr\/wp-json\/wp\/v2\/pages"}],"about":[{"href":"http:\/\/petitcodiac.net\/fr\/wp-json\/wp\/v2\/types\/page"}],"author":[{"embeddable":true,"href":"http:\/\/petitcodiac.net\/fr\/wp-json\/wp\/v2\/users\/4"}],"replies":[{"embeddable":true,"href":"http:\/\/petitcodiac.net\/fr\/wp-json\/wp\/v2\/comments?post=741"}],"version-history":[{"count":8,"href":"http:\/\/petitcodiac.net\/fr\/wp-json\/wp\/v2\/pages\/741\/revisions"}],"predecessor-version":[{"id":2248,"href":"http:\/\/petitcodiac.net\/fr\/wp-json\/wp\/v2\/pages\/741\/revisions\/2248"}],"up":[{"embeddable":true,"href":"http:\/\/petitcodiac.net\/fr\/wp-json\/wp\/v2\/pages\/726"}],"wp:attachment":[{"href":"http:\/\/petitcodiac.net\/fr\/wp-json\/wp\/v2\/media?parent=741"}],"curies":[{"name":"wp","href":"https:\/\/api.w.org\/{rel}","templated":true}]}}