{"id":726,"date":"2020-11-19T14:27:25","date_gmt":"2020-11-19T18:27:25","guid":{"rendered":"https:\/\/www.dev-id.co\/riverkeeper\/?page_id=726"},"modified":"2020-12-22T16:03:29","modified_gmt":"2020-12-22T20:03:29","slug":"accomplissements","status":"publish","type":"page","link":"http:\/\/petitcodiac.net\/fr\/accomplissements\/","title":{"rendered":"Accomplissements"},"content":{"rendered":"\n<p>Les Sentinelles Petitcodiac ont c\u00e9l\u00e9br\u00e9 leur 20e anniversaire r\u00e9cemment en 2019! Nos Sentinelles et partenaires communautaires ont travaill\u00e9 ensemble pendant plusieurs ann\u00e9es pour attirer l\u2019attention sur le sort de la rivi\u00e8re Petitcodiac. Les r\u00e9sultats ont \u00e9t\u00e9 historiques. La rivi\u00e8re reprend son d\u00e9bit naturel, ses populations de poissons augmentent et son habitat naturel est en cours de restauration. Le mascaret est une fois de plus une attraction touristique majeure. Jamais dans l\u2019histoire du Canada une rivi\u00e8re \u00e0 mar\u00e9e n\u2019a \u00e9t\u00e9 ramen\u00e9e \u00e0 la vie de la sorte, offrant une occasion unique de contribuer \u00e0 l\u2019am\u00e9lioration de la qualit\u00e9 de vie et de l\u2019\u00e9conomie de collectivit\u00e9s urbaines et rurales.<\/p>\n\n\n\n<p>Nos objectifs actuels sont de cr\u00e9er et mettre en place une vision et strat\u00e9gie communes pour tirer profit des nouvelles possibilit\u00e9s offertes par la restauration de la rivi\u00e8re Petitcodiac, comme l&#8217;\u00e9cotourisme, les loisirs, la sant\u00e9 environnementale et publique, le d\u00e9veloppement \u00e9conomique et la r\u00e9silience de la communaut\u00e9.<\/p>\n\n\n\n<p>Nous nous penchons \u00e9galement sur le prochain grand enjeu environnemental qui affecte la sant\u00e9 de l&#8217;estuaire de la baie de Shepody &#8211; la restauration de la rivi\u00e8re Memramcook.<\/p>\n\n\n\n<p><a href=\"http:\/\/petitcodiac.org\/fr\/projets-en-cours\/\" data-type=\"page\" data-id=\"465\">Vous pouvez en savoir plus sur nos projets en cours ici.<\/a><\/p>\n\n\n\n<p>Nous vous encourageons \u00e9galement \u00e0 vous informer sur les grands succ\u00e8s qu&#8217;ont connus nos Sentinelles au fil des ans.<\/p>\n\n\n\n<ul><li><a href=\"http:\/\/petitcodiac.org\/fr\/accomplissements\/741-2\/\" data-type=\"page\" data-id=\"741\">10e anniversaire<\/a><\/li><li><a href=\"http:\/\/petitcodiac.org\/fr\/accomplissements\/la-chaussee-petitcodiac\/\" data-type=\"page\" data-id=\"874\">Restauration de la rivi\u00e8re Petitcodiac<\/a><\/li><li><a href=\"http:\/\/petitcodiac.org\/fr\/accomplissements\/barrages-abondonnes\/\" data-type=\"page\" data-id=\"1106\">Barrages abandonn\u00e9s<\/a><\/li><li><a href=\"http:\/\/petitcodiac.org\/fr\/accomplissements\/protection-des-cours-deau\/\" data-type=\"page\" data-id=\"1093\">Protection des cours d&#8217;eau<\/a><\/li><li><a href=\"http:\/\/petitcodiac.org\/fr\/accomplissements\/pollution-toxique\/\" data-type=\"page\" data-id=\"1067\">Pollution<\/a><\/li><li><a href=\"http:\/\/petitcodiac.org\/fr\/accomplissements\/leadership-en-matiere-denvironnement\/\" data-type=\"page\" data-id=\"969\">Leadership en mati\u00e8re d&#8217;environnement<\/a><\/li><li><a href=\"http:\/\/petitcodiac.org\/fr\/accomplissements\/prix-de-la-riviere-petitcodiac\/\" data-type=\"page\" data-id=\"988\">Prix de la rivi\u00e8re Petitcodiac<\/a><\/li><li><a href=\"http:\/\/petitcodiac.org\/fr\/accomplissements\/parc-riverain\/\" data-type=\"page\" data-id=\"1885\">Parc riverain<\/a><\/li><li><a href=\"http:\/\/petitcodiac.org\/fr\/accomplissements\/autes-campagnes\/\" data-type=\"page\" data-id=\"1890\">Autres campagnes<\/a><\/li><\/ul>\n","protected":false},"excerpt":{"rendered":"<p>Les Sentinelles Petitcodiac ont c\u00e9l\u00e9br\u00e9 leur 20e anniversaire r\u00e9cemment en 2019! Nos Sentinelles et partenaires communautaires ont travaill\u00e9 ensemble pendant plusieurs ann\u00e9es pour attirer l\u2019attention sur le sort de la rivi\u00e8re Petitcodiac. Les r\u00e9sultats ont \u00e9t\u00e9 historiques. La rivi\u00e8re reprend son d\u00e9bit naturel, ses populations de poissons augmentent et son habitat naturel est en cours [&hellip;]<\/p>\n","protected":false},"author":4,"featured_media":0,"parent":0,"menu_order":5,"comment_status":"closed","ping_status":"closed","template":"","meta":{"footnotes":""},"aioseo_notices":[],"_links":{"self":[{"href":"http:\/\/petitcodiac.net\/fr\/wp-json\/wp\/v2\/pages\/726"}],"collection":[{"href":"http:\/\/petitcodiac.net\/fr\/wp-json\/wp\/v2\/pages"}],"about":[{"href":"http:\/\/petitcodiac.net\/fr\/wp-json\/wp\/v2\/types\/page"}],"author":[{"embeddable":true,"href":"http:\/\/petitcodiac.net\/fr\/wp-json\/wp\/v2\/users\/4"}],"replies":[{"embeddable":true,"href":"http:\/\/petitcodiac.net\/fr\/wp-json\/wp\/v2\/comments?post=726"}],"version-history":[{"count":10,"href":"http:\/\/petitcodiac.net\/fr\/wp-json\/wp\/v2\/pages\/726\/revisions"}],"predecessor-version":[{"id":2221,"href":"http:\/\/petitcodiac.net\/fr\/wp-json\/wp\/v2\/pages\/726\/revisions\/2221"}],"wp:attachment":[{"href":"http:\/\/petitcodiac.net\/fr\/wp-json\/wp\/v2\/media?parent=726"}],"curies":[{"name":"wp","href":"https:\/\/api.w.org\/{rel}","templated":true}]}}