{"id":708,"date":"2020-11-19T13:44:58","date_gmt":"2020-11-19T17:44:58","guid":{"rendered":"https:\/\/www.dev-id.co\/riverkeeper\/?page_id=708"},"modified":"2020-12-17T16:06:19","modified_gmt":"2020-12-17T20:06:19","slug":"le-mascaret","status":"publish","type":"page","link":"http:\/\/petitcodiac.net\/fr\/notre-riviere\/le-mascaret\/","title":{"rendered":"Le Mascaret"},"content":{"rendered":"\n<figure class=\"wp-block-image size-large\"><img loading=\"lazy\" decoding=\"async\" width=\"540\" height=\"305\" src=\"http:\/\/petitcodiac.org\/wp-content\/uploads\/2020\/11\/DSC_87971-e1395165129815-1.jpg\" alt=\"\" class=\"wp-image-710\" srcset=\"http:\/\/petitcodiac.net\/wp-content\/uploads\/2020\/11\/DSC_87971-e1395165129815-1.jpg 540w, http:\/\/petitcodiac.net\/wp-content\/uploads\/2020\/11\/DSC_87971-e1395165129815-1-300x169.jpg 300w\" sizes=\"(max-width: 540px) 100vw, 540px\" \/><\/figure>\n\n\n\n<p><a rel=\"noreferrer noopener\" href=\"http:\/\/www.waterlevels.gc.ca\/fra\/station?sid=175&amp;tz=ADT&amp;pres=1\" target=\"_blank\"><strong>P\u00eaches et Oc\u00e9ans Canada \u2013 Horaire du mascaret<\/strong>\u00a0<\/a><br><\/p>\n\n\n\n<p>La rivi\u00e8re Peticodiac doit sa renomm\u00e9e \u00e0 son Mascaret, qui se forme lorsque les mar\u00e9es de la baie de Fundy remontent la rivi\u00e8re vers Moncton. Selon l\u2019amplitude du Mascaret, la vague \u00e0 l\u2019int\u00e9rieur de la rivi\u00e8re Petitcodiac variera aujourd\u2019hui de quelques centim\u00e8tres \u00e0 75 centim\u00e8tres de hauteur (autrefois jusqu\u2019\u00e0 2 m\u00e8tres) et atteindra des vitesses variant de quelques kilom\u00e8tres-heure \u00e0 13 km\/h.<\/p>\n\n\n\n<p>Un mascaret se forme dans les r\u00e9gions du monde o\u00f9 l\u2019amplitude des mar\u00e9es est forte, comme dans le cas de la r\u00e9gion de la baie de Fundy. Le ph\u00e9nom\u00e8ne est cr\u00e9\u00e9 et alt\u00e9r\u00e9 par un certain nombre de facteurs, notamment la pente de la rivi\u00e8re, l\u2019\u00e9coulement en aval, la taille et la forme du bassin hydrographique, les phases de la lune, les saisons et les vents.La vague ou le front vertical remonte la rivi\u00e8re \u00e0 l\u2019arriv\u00e9e de la mar\u00e9e, se concentrant \u00e0 l\u2019int\u00e9rieur d\u2019une nappe d\u2019eau plus \u00e9troite.<\/p>\n\n\n\n<p>Selon l\u2019amplitude du ph\u00e9nom\u00e8ne, la vague \u00e0 l\u2019int\u00e9rieur de la rivi\u00e8re Petitcodiac varie de nos jours de quelques centim\u00e8tres \u00e0 75 centim\u00e8tres de hauteur (autrefois au-del\u00e0 de 2 m\u00e8tres). Avant la construction du pont-chauss\u00e9e en 1968, le mascaret \u00e9tait parmi les plus puissants du monde.Il atteignait entre un et deux m\u00e8tres de hauteur \u00e0 une vitesse de 13 km\/h. Gr\u00e2ce \u00e0 l\u2019ouverture des vannes du pont-chauss\u00e9e en 2010, le mascaret retrouve lentement sa gloire d\u2019antan.<\/p>\n\n\n\n<figure class=\"wp-block-image size-large\"><img loading=\"lazy\" decoding=\"async\" width=\"540\" height=\"169\" src=\"http:\/\/petitcodiac.org\/wp-content\/uploads\/2020\/11\/TidalBoreSeagullCrop-e1395171671582-1.jpg\" alt=\"\" class=\"wp-image-712\" srcset=\"http:\/\/petitcodiac.net\/wp-content\/uploads\/2020\/11\/TidalBoreSeagullCrop-e1395171671582-1.jpg 540w, http:\/\/petitcodiac.net\/wp-content\/uploads\/2020\/11\/TidalBoreSeagullCrop-e1395171671582-1-300x94.jpg 300w\" sizes=\"(max-width: 540px) 100vw, 540px\" \/><\/figure>\n\n\n\n<p>Le mascaret de la rivi\u00e8re Petitcodiac fascine les visiteurs et les r\u00e9sidents de la r\u00e9gion depuis l\u2019\u00e9poque des explorateurs et des premiers colons qui se sont \u00e9tablis dans la r\u00e9gion. Tout au long du XXe si\u00e8cle, le mascaret de la Petitcodiac (deux m\u00e8tres) a \u00e9t\u00e9 consid\u00e9r\u00e9 comme l\u2019un des ph\u00e9nom\u00e8nes nord-am\u00e9ricains et mondiaux de ce type les plus impressionnants de la plan\u00e8te, parall\u00e8lement au Tsien-Tang-Kiang (Chine), \u00e0 la Hoogly (Inde) et \u00e0 l\u2019Amazone (Br\u00e9sil).<\/p>\n\n\n\n<figure class=\"wp-block-image size-large\"><img loading=\"lazy\" decoding=\"async\" width=\"540\" height=\"309\" src=\"http:\/\/petitcodiac.org\/wp-content\/uploads\/2020\/11\/SurferEvents-1.jpg\" alt=\"\" class=\"wp-image-716\" srcset=\"http:\/\/petitcodiac.net\/wp-content\/uploads\/2020\/11\/SurferEvents-1.jpg 540w, http:\/\/petitcodiac.net\/wp-content\/uploads\/2020\/11\/SurferEvents-1-300x172.jpg 300w\" sizes=\"(max-width: 540px) 100vw, 540px\" \/><\/figure>\n\n\n\n<figure class=\"wp-block-image size-large\"><img loading=\"lazy\" decoding=\"async\" width=\"1024\" height=\"680\" src=\"http:\/\/petitcodiac.org\/wp-content\/uploads\/2020\/11\/SurfersCrowd.jpg\" alt=\"\" class=\"wp-image-718\" srcset=\"http:\/\/petitcodiac.net\/wp-content\/uploads\/2020\/11\/SurfersCrowd.jpg 1024w, http:\/\/petitcodiac.net\/wp-content\/uploads\/2020\/11\/SurfersCrowd-300x199.jpg 300w, http:\/\/petitcodiac.net\/wp-content\/uploads\/2020\/11\/SurfersCrowd-768x510.jpg 768w\" sizes=\"(max-width: 1024px) 100vw, 1024px\" \/><\/figure>\n\n\n\n<p>\u00c0 l\u2019\u00e9t\u00e9 2013, des surfers d\u2019ici, de la France et de la Californie ont \u00e9t\u00e9 s\u00e9duits par la vague du mascaret nouvellement restaur\u00e9e. Des milliers de spectateurs se sont amass\u00e9s le long des berges pour surveiller leurs exploits. Plusieurs magazines reconnus du surf ont identifi\u00e9 Moncton comme une nouvelle destination de surf!<\/p>\n\n\n\n<p><a rel=\"noreferrer noopener\" href=\"https:\/\/www.youtube.com\/watch?v=y_PKxfzDZCM\" target=\"_blank\">Cliquez pour voir une vid\u00e9o du surfer Melvin Perez sur&nbsp;le &nbsp;mascaret<\/a><\/p>\n\n\n\n<figure class=\"wp-block-image size-large\"><img loading=\"lazy\" decoding=\"async\" width=\"464\" height=\"315\" src=\"http:\/\/petitcodiac.org\/wp-content\/uploads\/2020\/11\/AmazingPlaces-1.jpg\" alt=\"\" class=\"wp-image-720\" srcset=\"http:\/\/petitcodiac.net\/wp-content\/uploads\/2020\/11\/AmazingPlaces-1.jpg 464w, http:\/\/petitcodiac.net\/wp-content\/uploads\/2020\/11\/AmazingPlaces-1-300x204.jpg 300w\" sizes=\"(max-width: 464px) 100vw, 464px\" \/><\/figure>\n\n\n\n<h2 class=\"wp-block-heading\">Lieux fantastiques<\/h2>\n\n\n\n<p>La R\u00e9serve de la biosph\u00e8re de Fundy, un organisme qui travaille en collaboration avec les communaut\u00e9s locales, les groupes de conservation, les gens impliqu\u00e9s dans la gestion des ressources naturelles, l\u2019industrie du tourisme et les chercheurs universitaires, a r\u00e9cemment identifi\u00e9 le mascaret ainsi que le Parc du mascaret de Moncton comme un des Lieux fantastiques \u00e0 visiter dans la R\u00e9serve de la biosph\u00e8re de Fundy.<\/p>\n\n\n\n<p>Cette r\u00e9serve du bassin versant adjacent \u00e0 la partie sup\u00e9rieure de la baie de Fundy est reconnue par l\u2019UNESCO et couvre une superficie de 440,000 hectares. Elle s\u2019\u00e9tend depuis le village de St Martins jusqu\u2019au marais de Tantramar pr\u00e8s de Sackville, comprenant Moncton et ses environs ainsi que la quasi-totalit\u00e9 du comt\u00e9 d\u2019Albert.<\/p>\n\n\n\n<p><a href=\"http:\/\/fundy-biosphere.ca\/fr\/\">http:\/\/fundy-biosphere.ca\/fr\/<\/a><\/p>\n\n\n\n<h2 class=\"wp-block-heading\">250 ans d\u2019anecdotes<\/h2>\n\n\n\n<figure class=\"wp-block-image size-large\"><img loading=\"lazy\" decoding=\"async\" width=\"540\" height=\"407\" src=\"http:\/\/petitcodiac.org\/wp-content\/uploads\/2020\/11\/TidalBoreHistory-1.jpg\" alt=\"\" class=\"wp-image-722\" srcset=\"http:\/\/petitcodiac.net\/wp-content\/uploads\/2020\/11\/TidalBoreHistory-1.jpg 540w, http:\/\/petitcodiac.net\/wp-content\/uploads\/2020\/11\/TidalBoreHistory-1-300x226.jpg 300w\" sizes=\"(max-width: 540px) 100vw, 540px\" \/><\/figure>\n\n\n\n<p>Le mascaret de la rivi\u00e8re Petitcodiac dans le sud-est du Nouveau-Brunswick fascine ses observateurs depuis des si\u00e8cles. De nombreux t\u00e9moignages \u00e9crits, certains allant jusqu\u2019\u00e0 250 ans pass\u00e9s, d\u00e9crivent le passage du mascaret (refoul\u00e9) de la Petitcodiac lors de diverses \u00e9poques, selon la perspective des t\u00e9moins.\u00a0<a href=\"http:\/\/petitcodiac.org\/fr\/250-ans-danecdotes\/\" data-type=\"page\" data-id=\"778\">En savoir plus.<\/a><\/p>\n","protected":false},"excerpt":{"rendered":"<p>P\u00eaches et Oc\u00e9ans Canada \u2013 Horaire du mascaret\u00a0 La rivi\u00e8re Peticodiac doit sa renomm\u00e9e \u00e0 son Mascaret, qui se forme lorsque les mar\u00e9es de la baie de Fundy remontent la rivi\u00e8re vers Moncton. Selon l\u2019amplitude du Mascaret, la vague \u00e0 l\u2019int\u00e9rieur de la rivi\u00e8re Petitcodiac variera aujourd\u2019hui de quelques centim\u00e8tres \u00e0 75 centim\u00e8tres de hauteur [&hellip;]<\/p>\n","protected":false},"author":4,"featured_media":0,"parent":594,"menu_order":6,"comment_status":"closed","ping_status":"closed","template":"","meta":{"footnotes":""},"aioseo_notices":[],"_links":{"self":[{"href":"http:\/\/petitcodiac.net\/fr\/wp-json\/wp\/v2\/pages\/708"}],"collection":[{"href":"http:\/\/petitcodiac.net\/fr\/wp-json\/wp\/v2\/pages"}],"about":[{"href":"http:\/\/petitcodiac.net\/fr\/wp-json\/wp\/v2\/types\/page"}],"author":[{"embeddable":true,"href":"http:\/\/petitcodiac.net\/fr\/wp-json\/wp\/v2\/users\/4"}],"replies":[{"embeddable":true,"href":"http:\/\/petitcodiac.net\/fr\/wp-json\/wp\/v2\/comments?post=708"}],"version-history":[{"count":9,"href":"http:\/\/petitcodiac.net\/fr\/wp-json\/wp\/v2\/pages\/708\/revisions"}],"predecessor-version":[{"id":2199,"href":"http:\/\/petitcodiac.net\/fr\/wp-json\/wp\/v2\/pages\/708\/revisions\/2199"}],"up":[{"embeddable":true,"href":"http:\/\/petitcodiac.net\/fr\/wp-json\/wp\/v2\/pages\/594"}],"wp:attachment":[{"href":"http:\/\/petitcodiac.net\/fr\/wp-json\/wp\/v2\/media?parent=708"}],"curies":[{"name":"wp","href":"https:\/\/api.w.org\/{rel}","templated":true}]}}