{"id":701,"date":"2020-11-19T13:36:50","date_gmt":"2020-11-19T17:36:50","guid":{"rendered":"https:\/\/www.dev-id.co\/riverkeeper\/?page_id=701"},"modified":"2020-12-17T15:52:13","modified_gmt":"2020-12-17T19:52:13","slug":"les-especes-marines","status":"publish","type":"page","link":"http:\/\/petitcodiac.net\/fr\/notre-riviere\/les-especes-marines\/","title":{"rendered":"Les esp\u00e8ces marines"},"content":{"rendered":"\n<p>Historiquement, le bassin versant de la Petitcodiac et ses affluents \u00e9tait l\u2019habitat d\u2019une communaut\u00e9 diversifi\u00e9e de poissons migrateurs, dont plusieurs milliers de saumons de l\u2019Atlantique de l\u2019int\u00e9rieur de la baie de Fundy ainsi que l\u2019alose savoureuse, une importante source de richesse pour les p\u00eacheurs locaux. La construction d\u2019un pont-chauss\u00e9e en 1968 cr\u00e9a une obstruction au passage naturel du poisson, ayant pour r\u00e9sultat de modifier consid\u00e9rablement la communaut\u00e9 de poissons indig\u00e8nes de la rivi\u00e8re. Les populations de plusieurs esp\u00e8ces ont par cons\u00e9quent disparu en amont (l\u2019alose savoureuse, le saumon de l\u2019Atlantique, le poulamon atlantique et le bar ray\u00e9) et d\u2019autres ont \u00e9t\u00e9 fortement r\u00e9duites (le gaspareau, l\u2019alose d\u2019\u00e9t\u00e9, l\u2019\u00e9perlan arc-en-ciel et l\u2019omble de fontaine).<\/p>\n\n\n\n<p>S\u2019ajoute \u00e0 cette liste le mollusque Alasmidonte naine, qui vivait autrefois en abondance dans la rivi\u00e8re Petitcodiac, le seul endroit r\u00e9pertori\u00e9 au pays. Aujourd\u2019hui, cette petite moule est disparue du Canada et ne se retrouve que dans neuf bassins hydrologiques des \u00c9tats-Unis. Sa disparition est attribu\u00e9e au pont-chauss\u00e9e Petitcodiac.<\/p>\n\n\n\n<p>Le recueil de donn\u00e9es sur la restauration du passage naturel des poissons au cours des quatre ann\u00e9es suivant l\u2019ouverture des vannes du pont-chauss\u00e9e a d\u00e9montr\u00e9 la pr\u00e9sence de&nbsp;plusieurs esp\u00e8ces anadromes indig\u00e8nes dans le&nbsp;cours sup\u00e9rieur de la rivi\u00e8re, soit l\u2019alose savoureuse, le bar ray\u00e9 et le poulamon atlantique, qui \u00e9taient absentes depuis des d\u00e9cennies. Les deux derni\u00e8res ont connu une croissance soutenue et progressive de leur population au fil des ans, alors que la population de l\u2019achigan \u00e0 petite bouche, envahissante et non indig\u00e8ne, a diminu\u00e9.<\/p>\n\n\n\n<p>Ainsi, il est clair \u00e0 partir de ces r\u00e9sultats que, sous des conditions favorables, la communaut\u00e9 de poissons de la rivi\u00e8re Petitcodiac a la capacit\u00e9 de se r\u00e9tablir, et que ce processus semble \u00eatre sur le point de se r\u00e9aliser.<\/p>\n\n\n\n<figure class=\"wp-block-image size-large\"><img loading=\"lazy\" decoding=\"async\" width=\"540\" height=\"183\" src=\"http:\/\/petitcodiac.org\/wp-content\/uploads\/2020\/11\/Saumon1-1.jpg\" alt=\"\" class=\"wp-image-703\" srcset=\"http:\/\/petitcodiac.net\/wp-content\/uploads\/2020\/11\/Saumon1-1.jpg 540w, http:\/\/petitcodiac.net\/wp-content\/uploads\/2020\/11\/Saumon1-1-300x102.jpg 300w\" sizes=\"(max-width: 540px) 100vw, 540px\" \/><\/figure>\n\n\n\n<p>L\u2019affiche \u00e9ducative qui suit, produite en 2005 par les Sentinelles, d\u00e9crit l\u2019ensemble des esp\u00e8ces marines de la Petitcodiac.<\/p>\n\n\n\n<figure class=\"wp-block-table\"><table><tbody><tr><td>Nom Commun<\/td><td>Nom Latin<\/td><td>\u00c9tat*<\/td><\/tr><tr><td><strong><strong>Gaspareau<\/strong><\/strong><\/td><td><em>Alosa pseudoharengus<\/em><\/td><td><strong>(r)<\/strong><\/td><\/tr><tr><td><strong><strong>Anguille&nbsp;am\u00e9ricaine<\/strong><\/strong><\/td><td><em>Anguilla&nbsp;rostrata<\/em><\/td><td><strong>(r)<\/strong><\/td><\/tr><tr><td><strong><strong>Alose&nbsp;Savoureuse<\/strong><\/strong><\/td><td><em>Alosa sapidissima<\/em><\/td><td><strong>(e)<\/strong><\/td><\/tr><tr><td><strong><strong>Saumon de l\u2019Atlantique<\/strong><\/strong><\/td><td><em>Salmo&nbsp;salar<\/em><\/td><td><strong>(e)<\/strong><\/td><\/tr><tr><td><strong><strong>Poulamon&nbsp;atlantique<\/strong><\/strong><\/td><td><em>Microgadus tomcod<\/em><\/td><td><strong>(<\/strong>probably&nbsp;<strong>e)<\/strong><\/td><\/tr><tr><td><strong><strong>Alose&nbsp;d\u2019\u00e9t\u00e9<\/strong><\/strong><\/td><td><em>Alosa aestivalis<\/em><\/td><td><strong>(r)<\/strong><\/td><\/tr><tr><td><strong><strong>Omble de&nbsp;fontaine<\/strong><\/strong><\/td><td><em>Salvelinus fontinalis<\/em><\/td><td><strong>(r)<\/strong><\/td><\/tr><tr><td><strong><strong>Babotte&nbsp;brune<\/strong><\/strong><\/td><td><em>Ameiurus nebulosus<\/em><\/td><td><strong>(i)<\/strong><\/td><\/tr><tr><td><strong>Brochet&nbsp;maill\u00e9<\/strong><\/td><td><em>Esox&nbsp;niger<\/em><\/td><td><strong>(i)<\/strong><\/td><\/tr><tr><td><strong><strong>\u00c9perlan arc-en-ciel<\/strong><\/strong><\/td><td><em>Osmerus mordax<\/em><\/td><td><strong>(r)<\/strong><\/td><\/tr><tr><td><strong><strong>Achigan<\/strong><\/strong><\/td><td><em>Micropterus dolomieui<\/em><\/td><td><strong>(i)<\/strong><\/td><\/tr><tr><td><strong><strong>Bar ray\u00e9<\/strong><\/strong><\/td><td><em>Morone saxatilis<\/em><\/td><td><strong>(e)<\/strong><\/td><\/tr><tr><td><strong><strong>Baret<\/strong><\/strong><\/td><td><em>Morone&nbsp;americana<\/em><\/td><td><strong>N\/A<\/strong><\/td><\/tr><tr><td><strong><strong>Meunier noir<\/strong><\/strong><\/td><td><em>Catostomus commersoni<\/em><\/td><td><strong>N\/A<\/strong><\/td><\/tr><\/tbody><\/table><\/figure>\n\n\n\n<p>\u2022\u00c9tat des esp\u00e8ces dans le bassin versant de la Petitcodiac: (e) \u00e9limin\u00e9e, (r)&nbsp;population r\u00e9duite, (i)&nbsp;esp\u00e8ce introduite ill\u00e9galement.<\/p>\n\n\n\n<p>L\u2019affiche \u00e9ducative qui suit, produite en 2005 par Sentinelles, d\u00e9crit l\u2019ensemble des esp\u00e8ces marines de la Petitcodiac.<\/p>\n\n\n\n<figure class=\"wp-block-image size-large\"><a href=\"http:\/\/petitcodiac.org\/wp-content\/uploads\/2020\/11\/Marine_species_Petitcodiac_2.pdf\" target=\"_blank\" rel=\"noopener noreferrer\"><img loading=\"lazy\" decoding=\"async\" width=\"540\" height=\"294\" src=\"http:\/\/petitcodiac.org\/wp-content\/uploads\/2020\/11\/EspecesMarineSpecies540-1.jpg\" alt=\"\" class=\"wp-image-705\" srcset=\"http:\/\/petitcodiac.net\/wp-content\/uploads\/2020\/11\/EspecesMarineSpecies540-1.jpg 540w, http:\/\/petitcodiac.net\/wp-content\/uploads\/2020\/11\/EspecesMarineSpecies540-1-300x163.jpg 300w\" sizes=\"(max-width: 540px) 100vw, 540px\" \/><\/a><figcaption><a href=\"http:\/\/petitcodiac.org\/wp-content\/uploads\/2020\/11\/Marine_species_Petitcodiac_2.pdf\" target=\"_blank\" rel=\"noreferrer noopener\">Cliquez\u00a0sur l&#8217;image pour voir ou t\u00e9l\u00e9charger l\u2019affiche<\/a><\/figcaption><\/figure>\n\n\n\n<p><\/p>\n","protected":false},"excerpt":{"rendered":"<p>Historiquement, le bassin versant de la Petitcodiac et ses affluents \u00e9tait l\u2019habitat d\u2019une communaut\u00e9 diversifi\u00e9e de poissons migrateurs, dont plusieurs milliers de saumons de l\u2019Atlantique de l\u2019int\u00e9rieur de la baie de Fundy ainsi que l\u2019alose savoureuse, une importante source de richesse pour les p\u00eacheurs locaux. La construction d\u2019un pont-chauss\u00e9e en 1968 cr\u00e9a une obstruction au [&hellip;]<\/p>\n","protected":false},"author":4,"featured_media":0,"parent":594,"menu_order":5,"comment_status":"closed","ping_status":"closed","template":"","meta":{"footnotes":""},"aioseo_notices":[],"_links":{"self":[{"href":"http:\/\/petitcodiac.net\/fr\/wp-json\/wp\/v2\/pages\/701"}],"collection":[{"href":"http:\/\/petitcodiac.net\/fr\/wp-json\/wp\/v2\/pages"}],"about":[{"href":"http:\/\/petitcodiac.net\/fr\/wp-json\/wp\/v2\/types\/page"}],"author":[{"embeddable":true,"href":"http:\/\/petitcodiac.net\/fr\/wp-json\/wp\/v2\/users\/4"}],"replies":[{"embeddable":true,"href":"http:\/\/petitcodiac.net\/fr\/wp-json\/wp\/v2\/comments?post=701"}],"version-history":[{"count":8,"href":"http:\/\/petitcodiac.net\/fr\/wp-json\/wp\/v2\/pages\/701\/revisions"}],"predecessor-version":[{"id":2185,"href":"http:\/\/petitcodiac.net\/fr\/wp-json\/wp\/v2\/pages\/701\/revisions\/2185"}],"up":[{"embeddable":true,"href":"http:\/\/petitcodiac.net\/fr\/wp-json\/wp\/v2\/pages\/594"}],"wp:attachment":[{"href":"http:\/\/petitcodiac.net\/fr\/wp-json\/wp\/v2\/media?parent=701"}],"curies":[{"name":"wp","href":"https:\/\/api.w.org\/{rel}","templated":true}]}}