{"id":678,"date":"2020-11-19T13:27:02","date_gmt":"2020-11-19T17:27:02","guid":{"rendered":"https:\/\/www.dev-id.co\/riverkeeper\/?page_id=678"},"modified":"2020-12-17T15:47:34","modified_gmt":"2020-12-17T19:47:34","slug":"le-patrimoine-naturel","status":"publish","type":"page","link":"http:\/\/petitcodiac.net\/fr\/notre-riviere\/le-patrimoine-naturel\/","title":{"rendered":"Le patrimoine naturel"},"content":{"rendered":"\n<h2 class=\"wp-block-heading\">Mar\u00e9es, vasi\u00e8res et estuaires de la baie de Fundy<\/h2>\n\n\n\n<p>Deux fois par jour, cent-milliards de tonnes d\u2019eau de l\u2019oc\u00e9an Atlantique s\u2019engouffrent \u00e0 l\u2019int\u00e9rieur des rives de la baie de Fundy. On estime ce volume d\u2019eau \u00e0 pr\u00e8s de l\u2019\u00e9quivalent du d\u00e9bit de 24 heures de toutes les rivi\u00e8res du monde.<\/p>\n\n\n\n<figure class=\"wp-block-image size-large\"><img loading=\"lazy\" decoding=\"async\" width=\"1023\" height=\"590\" src=\"http:\/\/petitcodiac.org\/wp-content\/uploads\/2020\/11\/56910234_324201034961130_4974121055653199872_n-2.jpg\" alt=\"\" class=\"wp-image-680\" srcset=\"http:\/\/petitcodiac.net\/wp-content\/uploads\/2020\/11\/56910234_324201034961130_4974121055653199872_n-2.jpg 1023w, http:\/\/petitcodiac.net\/wp-content\/uploads\/2020\/11\/56910234_324201034961130_4974121055653199872_n-2-300x173.jpg 300w, http:\/\/petitcodiac.net\/wp-content\/uploads\/2020\/11\/56910234_324201034961130_4974121055653199872_n-2-768x443.jpg 768w\" sizes=\"(max-width: 1023px) 100vw, 1023px\" \/><\/figure>\n\n\n\n<p>La rivi\u00e8re Petitcodiac et l\u2019estuaire&nbsp;de&nbsp;la baie&nbsp;de&nbsp;Shepody constituent des r\u00e9seaux&nbsp;de&nbsp;mar\u00e9es importants influenc\u00e9s par les mar\u00e9es ph\u00e9nom\u00e9nales&nbsp;de&nbsp;la baie&nbsp;de&nbsp;Fundy. Les mar\u00e9es atteignent jusqu\u2019\u00e0 neuf m\u00e8tres&nbsp;de&nbsp;hauteur dans la rivi\u00e8re Petitcodiac et quelque 14 m\u00e8tres dans le secteur&nbsp;de&nbsp;la baie&nbsp;de&nbsp;Shepody (Rochers&nbsp;de&nbsp;Hopewell), d\u00e9couvrant des kilom\u00e8tres&nbsp;de&nbsp;vasi\u00e8res \u00e0 mar\u00e9e basse et alimentant certains des plus grands&nbsp;estuaires&nbsp;dans le monde.<\/p>\n\n\n\n<p>Sur la c\u00f4te atlantique, les&nbsp;estuaires&nbsp;figurent parmi les \u00e9l\u00e9ments c\u00f4tiers les plus marquants, tant sur le plan \u00e9cologique que du point&nbsp;de&nbsp;vue&nbsp;de&nbsp;la colonisation et des utilisations humaines. Les&nbsp;estuaires&nbsp;repr\u00e9sentent, aux c\u00f4t\u00e9s des for\u00eats tropicales humides et des r\u00e9cifs coralliens, les \u00e9cosyst\u00e8mes les plus productifs&nbsp;de&nbsp;la plan\u00e8te, c\u2019est-\u00e0-dire plus productifs que les rivi\u00e8res et l\u2019oc\u00e9an qui les influencent&nbsp;de&nbsp;chaque c\u00f4t\u00e9.<\/p>\n\n\n\n<p>Des mar\u00e9es puissantes atteignant des vitesses\u00a0de\u00a013 km\/h et transportant d\u2019\u00e9normes volumes d\u2019eau et\u00a0de\u00a0s\u00e9diments en suspension remontent la rivi\u00e8re Petitcodiac deux fois par jour, d\u00e9posant des particules\u00a0de\u00a0s\u00e9diments sur les berges lorsque la mar\u00e9e monte et ne les remettant en suspension que lorsque la mar\u00e9e baisse ou quand surviennent des pr\u00e9cipitations. La combinaison\u00a0de\u00a0ces \u00e9l\u00e9ments fait\u00a0de\u00a0la concentration naturelle\u00a0de\u00a0s\u00e9diments en suspension dans la rivi\u00e8re l\u2019une des plus \u00e9lev\u00e9es en Am\u00e9rique du Nord et elle conf\u00e8re \u00e0 la rivi\u00e8re Petitcodiac son surnom\u00a0de\u00a0rivi\u00e8re Chocolat.<\/p>\n\n\n\n<p>Les roches sous-jacentes au bassin&nbsp;de&nbsp;la rivi\u00e8re Petitcodiac, constitu\u00e9es&nbsp;de&nbsp;gr\u00e8s, repr\u00e9sentent la source possible&nbsp;de&nbsp;la concentration \u00e9lev\u00e9e&nbsp;de&nbsp;s\u00e9diments en suspension.<\/p>\n\n\n\n<h2 class=\"wp-block-heading\">Le mascaret&nbsp;de&nbsp;la rivi\u00e8re Petitcodiac<\/h2>\n\n\n\n<p>La rivi\u00e8re Peticodiac doit sa renomm\u00e9e \u00e0 son mascaret, qui se forme deux fois par jour lorsque les mar\u00e9es&nbsp;de&nbsp;la baie&nbsp;de&nbsp;Fundy remontent la rivi\u00e8re vers Moncton. Les mascarets se produisent dans les r\u00e9gions du monde o\u00f9 les amplitudes des mar\u00e9es sont prononc\u00e9es, comme dans le cas&nbsp;de&nbsp;la r\u00e9gion&nbsp;de&nbsp;la baie&nbsp;de&nbsp;Fundy. Le ph\u00e9nom\u00e8ne est cr\u00e9\u00e9 et influenc\u00e9 par un certain nombre&nbsp;de&nbsp;facteurs, dont l\u2019inclinaison&nbsp;de&nbsp;la rivi\u00e8re, le d\u00e9bit en aval, la morphom\u00e9trie du bassin fluvial, les phases lunaires, les saisons et les vents.<\/p>\n\n\n\n<p>La vague ou le front vertical accompagnateur remonte la rivi\u00e8re \u00e0 l\u2019arriv\u00e9e de la mar\u00e9e, se concentrant \u00e0 l\u2019int\u00e9rieur d\u2019une nappe d\u2019eau plus \u00e9troite, comme la rivi\u00e8re Petitcodiac. Selon l\u2019amplitude du ph\u00e9nom\u00e8ne, la vague \u00e0 l\u2019int\u00e9rieur de la rivi\u00e8re Petitcodiac variera aujourd\u2019hui de quelques centim\u00e8tres \u00e0 75 centim\u00e8tres de hauteur (elle pouvait autrefois atteindre jusqu\u2019\u00e0 deux m\u00e8tres) et atteindra des vitesses variant de quelques kilom\u00e8tres-heure \u00e0 13 km\/h.<\/p>\n\n\n\n<p>Pour en savoir plus,\u00a0<a href=\"http:\/\/petitcodiac.org\/fr\/notre-riviere\/le-mascaret\/\" data-type=\"page\" data-id=\"708\">visitez\u00a0notre\u00a0page<\/a>\u00a0consacr\u00e9e au Mascaret de\u00a0la rivi\u00e8re Petitcodiac.<\/p>\n\n\n\n<figure class=\"wp-block-image size-large\"><img loading=\"lazy\" decoding=\"async\" width=\"540\" height=\"353\" src=\"http:\/\/petitcodiac.org\/wp-content\/uploads\/2020\/11\/TidalBore2-e1394752872568-1.jpg\" alt=\"\" class=\"wp-image-682\" srcset=\"http:\/\/petitcodiac.net\/wp-content\/uploads\/2020\/11\/TidalBore2-e1394752872568-1.jpg 540w, http:\/\/petitcodiac.net\/wp-content\/uploads\/2020\/11\/TidalBore2-e1394752872568-1-300x196.jpg 300w\" sizes=\"(max-width: 540px) 100vw, 540px\" \/><\/figure>\n\n\n\n<h2 class=\"wp-block-heading\">Les Rochers de Hopewell<\/h2>\n\n\n\n<p>Les\u00a0<a rel=\"noreferrer noopener\" href=\"http:\/\/www.thehopewellrocks.ca\/?lang=fr\" target=\"_blank\">Rochers de Hopewell<\/a>, situ\u00e9s dans la baie de Shepody, constituent l\u2019attraction naturelle la plus renomm\u00e9e du Nouveau-Brunswick et l\u2019une des plus impressionnantes des provinces de l\u2019Atlantique. \u00c0 mar\u00e9e basse, les visiteurs peuvent marcher sur le lit marin, entour\u00e9s d\u2019\u00e9perons d\u2019\u00e9rosion marine en forme de pots de fleurs de quatre \u00e9tages de hauteur taill\u00e9s dans les falaises par la force des mar\u00e9es de Fundy. Au retour des mar\u00e9es de 14 m\u00e8tres, ces magnifiques colonnes de gr\u00e8s redeviennent de minuscules \u00eeles, que l\u2019on peut observer des falaises voisines du parc ou dont on peut s\u2019approcher en kayak de mer.<\/p>\n\n\n\n<h2 class=\"wp-block-heading\">Les b\u00e9casseaux de Fundy<\/h2>\n\n\n\n<p>Chaque \u00e9t\u00e9, la zone sup\u00e9rieure de la baie de Fundy accueille de gigantesques bandes d\u2019oiseaux de rivage migrateurs. Entre la fin juillet et le d\u00e9but ao\u00fbt, p\u00e9riode de pointe de la migration d\u2019automne, jusqu\u2019\u00e0 2 millions d\u2019oiseaux de rivage convergent vers les vasi\u00e8res riches en \u00e9l\u00e9ments nutritifs de Fundy. Deux des emplacements les plus importants sont situ\u00e9s \u00e0 Johnson Mills et \u00e0 la pointe Marys, dans la baie de Shepody.<\/p>\n\n\n\n<figure class=\"wp-block-image size-large\"><img loading=\"lazy\" decoding=\"async\" width=\"1023\" height=\"682\" src=\"http:\/\/petitcodiac.org\/wp-content\/uploads\/2020\/11\/Our-river_natural-values_sandpipers-1.jpg\" alt=\"\" class=\"wp-image-684\" srcset=\"http:\/\/petitcodiac.net\/wp-content\/uploads\/2020\/11\/Our-river_natural-values_sandpipers-1.jpg 1023w, http:\/\/petitcodiac.net\/wp-content\/uploads\/2020\/11\/Our-river_natural-values_sandpipers-1-300x200.jpg 300w, http:\/\/petitcodiac.net\/wp-content\/uploads\/2020\/11\/Our-river_natural-values_sandpipers-1-768x512.jpg 768w\" sizes=\"(max-width: 1023px) 100vw, 1023px\" \/><\/figure>\n\n\n\n<p>Les vol\u00e9es d\u2019oiseaux de rivage regroupent de nombreuses esp\u00e8ces, notamment le b\u00e9casseau semipalm\u00e9, dont les 95 % de la population mondiale assurent leur survie gr\u00e2ce aux vasi\u00e8res de la baie de Fundy. Les oiseaux de rivage effectuent un vol sans halte jusqu\u2019\u00e0 la baie de Fundy depuis leurs lieux de reproduction dans le Moyen-Arctique. Certains b\u00e9casseaux demeurent dans l\u2019aire de repos de la baie de Fundy pendant dix \u00e0 20 jours pour doubler leur poids \u00e0 environ 40 grammes.<\/p>\n\n\n\n<p>Lorsque l\u2019arriv\u00e9e d\u2019un front froid apporte des vents arri\u00e8re forts, ils s\u2019orientent vers le sud-est par \u00e9normes vol\u00e9es pour finalement s\u2019envoler lorsque la mar\u00e9e haute co\u00efncide avec la fin de la journ\u00e9e. Leur sch\u00e8me de vol les conduit au large au-dessus de l\u2019Atlantique Nord, o\u00f9 ils regagnent les aliz\u00e9s qui les m\u00e8nent \u00e0 leur point d\u2019arriv\u00e9e \u00e0 terre sur la c\u00f4te septentrionale de l\u2019Am\u00e9rique du Sud : 4 000 kilom\u00e8tres en l\u2019espace de deux \u00e0 quatre jours. La majorit\u00e9 passe l\u2019hiver au Surinam, s\u2019alimentant dans de vastes vasi\u00e8res et se perchant sur les plages, dans les rizi\u00e8res et dans les mangroves.<\/p>\n\n\n\n<h2 class=\"wp-block-heading\">Les crevettes fouisseuses de Fundy<\/h2>\n\n\n\n<p>Les basfonds intertidaux que laisse la d\u00e9crue des eaux dans la baie de Shepody et dans la rivi\u00e8re Petitcodiac abritent le Corophium volutator, la crevette fouisseuse. Cette crevette d\u2019environ 5 mm de longueur s\u2019alimente des diatom\u00e9es et des d\u00e9tritus que retournent les mar\u00e9es. Lorsque la mar\u00e9e s\u2019\u00e9loigne, la crevette se pr\u00e9cipite \u00e0 la surface de la boue \u00e0 la recherche de possibilit\u00e9s d\u2019accouplement, se rendant ainsi vuln\u00e9rable aux oiseaux en qu\u00eate de nourriture.<\/p>\n\n\n\n<figure class=\"wp-block-image size-large\"><img loading=\"lazy\" decoding=\"async\" width=\"540\" height=\"137\" src=\"http:\/\/petitcodiac.org\/wp-content\/uploads\/2020\/11\/Birds1-1.jpg\" alt=\"\" class=\"wp-image-686\" srcset=\"http:\/\/petitcodiac.net\/wp-content\/uploads\/2020\/11\/Birds1-1.jpg 540w, http:\/\/petitcodiac.net\/wp-content\/uploads\/2020\/11\/Birds1-1-300x76.jpg 300w\" sizes=\"(max-width: 540px) 100vw, 540px\" \/><\/figure>\n\n\n\n<p>En Am\u00e9rique du Nord, ces crevettes fouisseuses se retrouvent seulement dans la baie de Fundy et dans le golfe du Maine. La boue y renferme exactement la combinaison propice de sable grossier, de limon fin et de particules d\u2019argile dont a besoin la crevette pour creuser ses galeries. Dans les conditions opportunes, un m\u00e8tre carr\u00e9 de boue peut abriter jusqu\u2019\u00e0 60 000 crevettes; la moyenne se situe entre 10 000 et 20 000. Comme ces crevettes sont riches en \u00e9nergie et qu\u2019elles abondent, elles constituent la proie la plus recherch\u00e9e par les b\u00e9casseaux. Les b\u00e9casseaux peuvent se munir dans un bref laps de temps des r\u00e9serves de gras n\u00e9cessaires pour r\u00e9aliser le vol \u00e9puisant jusqu\u2019\u00e0 leurs aires d\u2019hivernage en Am\u00e9rique du Sud.<\/p>\n\n\n\n<h2 class=\"wp-block-heading\">Sanctuaires&nbsp;d\u2019habitats&nbsp;internationaux<\/h2>\n\n\n\n<p>En 1971, la communaut\u00e9 internationale a adopt\u00e9 la Convention de Ramsar (Convention relative aux zones humides d\u2019importance internationale) qui a permis une reconnaissance \u00e0 l\u2019\u00e9chelle mondiale les terres humides d\u2019importance internationale. Le Canada a sign\u00e9&nbsp;cette&nbsp;convention en 1981. La pointe Marys dans la baie de Shepody a \u00e9t\u00e9 d\u00e9sign\u00e9e site Ramsar en 1982; on a aussi d\u00e9sign\u00e9 sites Ramsar en 1987 la baie de Shepody et le secteur du bassin Minas. L\u2019emplacement d\u00e9sign\u00e9 dans la baie de Shepody englobe 13 400 ha de bas fonds intertidaux.<\/p>\n\n\n\n<p>Le R\u00e9seau de r\u00e9serves pour les oiseaux de rivage dans l\u2019h\u00e9misph\u00e8re occidental est une initiative de nature semblable \u00e0 la Convention de Ramsar, mais il vise sp\u00e9cifiquement la reconnaissance des secteurs fr\u00e9quent\u00e9s par les oiseaux de rivage. En 1987, la pointe Marys et la baie de Shepody ont \u00e9t\u00e9 d\u00e9sign\u00e9es comme premier secteur du R\u00e9seau de r\u00e9serves pour les oiseaux de rivage dans l\u2019h\u00e9misph\u00e8re occidental au Canada. L\u2019ann\u00e9e suivante, on ajoutait \u00e0 cette r\u00e9serve la partie m\u00e9ridionale du bassin de Minas, en Nouvelle-\u00c9cosse.<\/p>\n\n\n\n<p>La r\u00e9serve de Fundy (baie de Shepody et bassin Minas) repr\u00e9sente le sanctuaire d\u2019oiseaux de rivage le plus important dans les provinces de l\u2019Atlantique. Pour obtenir le titre de r\u00e9serve de l\u2019h\u00e9misph\u00e8re, l\u2019emplacement doit accueillir au moins 500 000 oiseaux de rivage ou 30 % de la population de vol chaque ann\u00e9e. La pointe Marys fait partie de la R\u00e9serve nationale de faune de Shepody, propri\u00e9t\u00e9 du Service canadien de la faune administr\u00e9e par celui-ci.<\/p>\n\n\n\n<h2 class=\"wp-block-heading\">L\u2019alose&nbsp;savoureuse<\/h2>\n\n\n\n<p>Dans les ann\u00e9es 70 et 80, des recherches ont fait ressortir la richesse ph\u00e9nom\u00e9nale en \u00e9l\u00e9ments nutritifs de l\u2019int\u00e9rieur de la baie de Fundy, et plus particuli\u00e8rement de la baie de Shepody, et ses effets directs sur les sch\u00e8mes de migration de l\u2019ensemble de la population d\u2019aloses savoureuses. Le Dr Mike Dadswell, scientifique de l\u2019Universit\u00e9 Acadia, a marqu\u00e9 des aloses savoureuses le long de la c\u00f4te atlantique.<\/p>\n\n\n\n<figure class=\"wp-block-image size-large\"><img loading=\"lazy\" decoding=\"async\" width=\"200\" height=\"75\" src=\"http:\/\/petitcodiac.org\/wp-content\/uploads\/2020\/11\/amshad-1.jpg\" alt=\"\" class=\"wp-image-688\"\/><\/figure>\n\n\n\n<p>Il a d\u00e9couvert que leurs sch\u00e8mes de migration apportent en \u00e9t\u00e9 l\u2019alose de l\u2019extr\u00e9mit\u00e9 de la p\u00e9ninsule de la Floride jusqu\u2019au golfe du Saint-Laurent dans la baie de Shepody, o\u00f9 elle vient se nourrir dans certaines des zones d\u2019alimentation les plus riches de la plan\u00e8te. La rivi\u00e8re Petitcodiac et ses affluents contribuent substantiellement aux r\u00e9serves estuariennes d\u2019\u00e9l\u00e9ments nutritifs de cette nappe d\u2019eau.<\/p>\n\n\n\n<h2 class=\"wp-block-heading\">Diversit\u00e9 g\u00e9ologique<\/h2>\n\n\n\n<p>La vall\u00e9e de la rivi\u00e8re Petitcodiac s\u2019est form\u00e9e au cours de la p\u00e9riode du Mississipien, il y a plus de 250 millions d\u2019ann\u00e9es. On pense qu\u2019un certain nombre d\u2019\u00e9ruptions survenues pendant la derni\u00e8re p\u00e9riode glaciaire ont eu des cons\u00e9quences spectaculaires sur la topographie de la r\u00e9gion. L\u2019extr\u00eame diversit\u00e9 de g\u00eetes min\u00e9raux se trouvant dans la r\u00e9gion du sud-est du Nouveau-Brunswick appel\u00e9e le comt\u00e9 d\u2019Albert, sur la rive occidentale de la rivi\u00e8re Petitcodiac, en t\u00e9moigne. Le c\u00e9l\u00e8bre scientifique Abraham Gesner, inventeur du k\u00e9ros\u00e8ne, a d\u00e9couvert un min\u00e9ral bitumineux appel\u00e9 albertite, dans le comt\u00e9 d\u2019Albert en 1849. Plus de 200 000 tonnes d\u2019albertite ont \u00e9t\u00e9 exp\u00e9di\u00e9es \u00e0 Boston durant une p\u00e9riode de 30 ans. Une zone de huit kilom\u00e8tres des mines du comt\u00e9 d\u2019Albert abrite en outre un gisement riche en gypse. L\u2019ancienne usine jadis situ\u00e9e sur les berges de la rivi\u00e8re Petitcodiac \u00e0 Hillsborough a vu des navires exporter des cargaisons remplies de gypse extrait de ces mines aux quatre coins du monde.<\/p>\n\n\n\n<h2 class=\"wp-block-heading\">Le mastodonte de la rivi\u00e8re Petitcodiac<\/h2>\n\n\n\n<p>Des travailleurs ont d\u00e9couvert en 1937 le squelette d\u2019un mastodonte (\u00e9l\u00e9phant pr\u00e9historique), presque parfaitement conserv\u00e9, incrust\u00e9 dans du gypse pr\u00e8s de Hillsborough, le\u00a0long de la rivi\u00e8re Petitcodiac. Le squelette, que l\u2019on estime \u00e2g\u00e9 de plus de 37 000 ans, a \u00e9t\u00e9 transport\u00e9 au Mus\u00e9e du Nouveau-Brunswick de Saint-Jean, o\u00f9 il est expos\u00e9 depuis.<\/p>\n\n\n\n<figure class=\"wp-block-image size-large\"><img loading=\"lazy\" decoding=\"async\" width=\"226\" height=\"142\" src=\"http:\/\/petitcodiac.org\/wp-content\/uploads\/2020\/11\/Photo-mastodon_NB-Museum-1.jpg\" alt=\"\" class=\"wp-image-690\"\/><figcaption><br>Source: Mus\u00e9e du Nouveau-Brunswick, Saint Jean, N.-B.<\/figcaption><\/figure>\n\n\n\n<p><\/p>\n","protected":false},"excerpt":{"rendered":"<p>Mar\u00e9es, vasi\u00e8res et estuaires de la baie de Fundy Deux fois par jour, cent-milliards de tonnes d\u2019eau de l\u2019oc\u00e9an Atlantique s\u2019engouffrent \u00e0 l\u2019int\u00e9rieur des rives de la baie de Fundy. On estime ce volume d\u2019eau \u00e0 pr\u00e8s de l\u2019\u00e9quivalent du d\u00e9bit de 24 heures de toutes les rivi\u00e8res du monde. La rivi\u00e8re Petitcodiac et l\u2019estuaire&nbsp;de&nbsp;la [&hellip;]<\/p>\n","protected":false},"author":4,"featured_media":0,"parent":594,"menu_order":4,"comment_status":"closed","ping_status":"closed","template":"","meta":{"footnotes":""},"aioseo_notices":[],"_links":{"self":[{"href":"http:\/\/petitcodiac.net\/fr\/wp-json\/wp\/v2\/pages\/678"}],"collection":[{"href":"http:\/\/petitcodiac.net\/fr\/wp-json\/wp\/v2\/pages"}],"about":[{"href":"http:\/\/petitcodiac.net\/fr\/wp-json\/wp\/v2\/types\/page"}],"author":[{"embeddable":true,"href":"http:\/\/petitcodiac.net\/fr\/wp-json\/wp\/v2\/users\/4"}],"replies":[{"embeddable":true,"href":"http:\/\/petitcodiac.net\/fr\/wp-json\/wp\/v2\/comments?post=678"}],"version-history":[{"count":12,"href":"http:\/\/petitcodiac.net\/fr\/wp-json\/wp\/v2\/pages\/678\/revisions"}],"predecessor-version":[{"id":2181,"href":"http:\/\/petitcodiac.net\/fr\/wp-json\/wp\/v2\/pages\/678\/revisions\/2181"}],"up":[{"embeddable":true,"href":"http:\/\/petitcodiac.net\/fr\/wp-json\/wp\/v2\/pages\/594"}],"wp:attachment":[{"href":"http:\/\/petitcodiac.net\/fr\/wp-json\/wp\/v2\/media?parent=678"}],"curies":[{"name":"wp","href":"https:\/\/api.w.org\/{rel}","templated":true}]}}