{"id":669,"date":"2020-11-19T13:23:04","date_gmt":"2020-11-19T17:23:04","guid":{"rendered":"https:\/\/www.dev-id.co\/riverkeeper\/?page_id=669"},"modified":"2021-09-30T15:23:09","modified_gmt":"2021-09-30T18:23:09","slug":"le-patrimoine-historique","status":"publish","type":"page","link":"http:\/\/petitcodiac.net\/fr\/notre-riviere\/le-patrimoine-historique\/","title":{"rendered":"Le patrimoine historique"},"content":{"rendered":"\n<h2 class=\"wp-block-heading\" id=\"center_header\">\u00c9tablissements autochtones le long de la rivi\u00e8re Petitcodiac<\/h2>\n\n\n\n<p><strong>Pet-Kout-Koy-ek<\/strong>, l\u2019une des maintes versions d\u2019origine du nom maintenant orthographi\u00e9 sous la forme de Petitcodiac et qui avait pour signification \u00ab rivi\u00e8re courb\u00e9e comme un arc \u00bb est le foyer d\u2019origine des Autochtones&nbsp;Mi\u2019gmaq&nbsp;constituant aujourd\u2019hui dans la r\u00e9gion la Premi\u00e8re nation de Fort Folly.<\/p>\n\n\n\n<p>Les \u00e9tablissements autochtones les plus importants le long de la rivi\u00e8re Petitcodiac \u00e9taient situ\u00e9s \u00e0 Beaumont pr\u00e8s de l\u2019embouchure de la rivi\u00e8re et dans la r\u00e9gion de l\u2019actuel village de Salisbury, o\u00f9 les\u00a0Mi\u2019gmaq\u00a0avaient \u00e9tabli un camp hivernal important. Il existe plusieurs lieux d\u2019inhumation le long de la rivi\u00e8re Petitcodiac, mais ils ne sont pas identifi\u00e9s, \u00e0 l\u2019exception de celui de Beaumont, l\u2019emplacement d&#8217;un \u00e9tablissement autochtone et d&#8217;un cimeti\u00e8re remontant aux ann\u00e9es 1800.<\/p>\n\n\n\n<h2 class=\"wp-block-heading\">Une&nbsp;voie&nbsp;de&nbsp;transport&nbsp;historique<\/h2>\n\n\n\n<p>La rivi\u00e8re Petitcodiac constituait autrefois une voie de transport pour les&nbsp;Mi\u2019gmaq. Un Autochtone quittant Beaumont (camp&nbsp;Mi\u2019gmaq&nbsp;du cours inf\u00e9rieur de la Petitcodiac) pouvait, en profitant d\u2019une mar\u00e9e de 13 km\/heure, couvrir de grandes distances sur la rivi\u00e8re en peu d\u2019efforts pour atteindre la r\u00e9gion aujourd\u2019hui devenue le village de Petitcodiac, \u00e0 quelques 60 kilom\u00e8tres en amont. Une fois que les&nbsp;Mi\u2019gmaq&nbsp;y avaient d\u00e9barqu\u00e9, ils pouvaient suivre un sentier de portage de cinq \u00e0 six kilom\u00e8tres jusqu\u2019\u00e0 la rivi\u00e8re Kennebecasis, qui se jette dans le fleuve Saint-Jean.<\/p>\n\n\n\n<p>Une route de portage plus importante partait de la rivi\u00e8re Petitcodiac \u00e0 environ trois kilom\u00e8tres au sud de l\u2019actuel village de Petitcodiac pour amener apr\u00e8s 24 kilom\u00e8tres de portage les voyageurs&nbsp;Mi\u2019gmaq&nbsp;\u00e0 la rivi\u00e8re Washademoak, aujourd\u2019hui appel\u00e9e rivi\u00e8re Canaan. Ceux-ci pouvaient atteindre le lac Washademoak de cette rivi\u00e8re, puis se rendre en canot au fleuve Saint-Jean. Les&nbsp;Mi\u2019gmaq&nbsp;pouvaient ensuite quitter&nbsp;le&nbsp;fleuve Saint-Jean et faire du portage pour contourner Grand-Sault, emprunter la rivi\u00e8re Madawaska, arriver aux eaux de Notre-Dame-du-Lac et la rivi\u00e8re du Loup, et finalement atteindre&nbsp;le&nbsp;majestueux fleuve Saint-Laurent.<\/p>\n\n\n\n<figure class=\"wp-block-image size-large\"><img loading=\"lazy\" decoding=\"async\" width=\"540\" height=\"287\" src=\"http:\/\/petitcodiac.org\/wp-content\/uploads\/2020\/11\/NativeRoute1-1.jpg\" alt=\"\" class=\"wp-image-671\" srcset=\"http:\/\/petitcodiac.net\/wp-content\/uploads\/2020\/11\/NativeRoute1-1.jpg 540w, http:\/\/petitcodiac.net\/wp-content\/uploads\/2020\/11\/NativeRoute1-1-300x159.jpg 300w\" sizes=\"(max-width: 540px) 100vw, 540px\" \/><\/figure>\n\n\n\n<p>L\u2019importance nationale du chemin de portage de la Petitcodiac \u00e0 la Washademoak a \u00e9t\u00e9 reconnue en 1937 lorsque la Commission des lieux et monuments historiques du Canada a \u00e9rig\u00e9 un cairn en guise de monument pr\u00e8s du village existant de Petitcodiac. L\u2019inscription sur la plaque se lit comme suit&nbsp;:<\/p>\n\n\n\n<h2 class=\"wp-block-heading\"><strong>Portage&nbsp;autochtone&nbsp;pr\u00e9historique<\/strong><\/h2>\n\n\n\n<p>L\u2019ancienne route plus tard utilis\u00e9e par les Fran\u00e7ais d\u2019Acadie jusqu\u2019\u00e0 l\u2019Haut-Saint-Jean et au Qu\u00e9bec partait de Petitcodiac, pr\u00e8s du m\u00eame point, elle franchissait la rivi\u00e8re North et elle continuait jusqu\u2019\u00e0 la rivi\u00e8re Washademoak Canaan.<\/p>\n\n\n\n<h2 class=\"wp-block-heading\">Le r\u00e9seau de digues acadiennes<\/h2>\n\n\n\n<p>Les premiers \u00e9tablissements acadiens de la r\u00e9gion ont \u00e9t\u00e9 implant\u00e9s vers 1698&nbsp;le&nbsp;long de la rivi\u00e8re Shepody. Les m\u00eames modes de colonisation ont suivi peu apr\u00e8s&nbsp;le&nbsp;long des rivi\u00e8res Memramcook et Petitcodiac, amenant des immigrants acadiens des r\u00e9gions colonis\u00e9es de la Nouvelle-\u00c9cosse. La r\u00e9gion acquit&nbsp;le&nbsp;nom de \u00ab Trois-Rivi\u00e8res \u00bb&nbsp;dans&nbsp;les ann\u00e9es 1700, par allusion au r\u00e9seau des trois rivi\u00e8res, la Petitcodiac, la Memramcook et la Shepody. Les colons r\u00eavaient de trouver de nouveaux mar\u00e9cages \u00e0 cultiver et de se b\u00e2tir une vie \u00e0 l\u2019\u00e9cart du contr\u00f4le des puissances coloniales de l\u2019\u00e9poque, l\u2019Angleterre et la France.<\/p>\n\n\n\n<p>Les Acadiens ont construit de vastes r\u00e9seaux de digues munies d\u2019aboiteaux&nbsp;le&nbsp;long des rivi\u00e8res Shepody, Memramcook et Petitcodiac pour transformer les mar\u00e9cages d\u2019eau sal\u00e9e en certaines des terres agricoles les plus fertiles d\u2019Am\u00e9rique du Nord. Cet exploit technique et agricole a \u00e9t\u00e9 reconnu comme une r\u00e9alisation d\u2019importance nationale par la Commission des lieux et monuments historiques du Canada en 1998. Des projets en cours visent \u00e0 permettre l\u2019interpr\u00e9tation de ce th\u00e8me par Parcs Canada, notamment au moyen d\u2019un emplacement qui serait am\u00e9nag\u00e9&nbsp;dans&nbsp;la vall\u00e9e de Memramcook,&nbsp;dans&nbsp;le&nbsp;r\u00e9seau&nbsp;hydrographique&nbsp;de la Petitcodiac.<\/p>\n\n\n\n<h2 class=\"wp-block-heading\">La bataille de la rivi\u00e8re Petitcodiac<\/h2>\n\n\n\n<p>En ao\u00fbt 1755 a d\u00e9but\u00e9 la p\u00e9riode la plus sombre de l\u2019histoire de l\u2019Acadie, une guerre de sept ans qui a donn\u00e9 lieu \u00e0 la d\u00e9portation des Acadiens arrach\u00e9s de leurs terres&nbsp;dans&nbsp;les provinces actuelles du Nouveau-Brunswick, de la Nouvelle-\u00c9cosse et de l\u2019\u00cele-du-Prince-\u00c9douard. La r\u00e9gion de la rivi\u00e8re Petitcodiac, o\u00f9 habitaient environ un millier d\u2019Acadiens, a \u00e9t\u00e9 gravement affect\u00e9e par ces \u00e9v\u00e8nements.<\/p>\n\n\n\n<p>Une bataille marquante s\u2019est d\u00e9roul\u00e9e pr\u00e8s du village actuel d\u2019Hillsborough&nbsp;le&nbsp;long du cours inf\u00e9rieur de la rivi\u00e8re Petitcodiac au d\u00e9but de septembre 1755. Un cairn plac\u00e9 \u00e0 cet endroit par la Commission des lieux et monuments historiques du Canada en 1937 comm\u00e9more l\u2019importance des \u00e9v\u00e8nements qui s\u2019y&nbsp;sont&nbsp;produits.<\/p>\n\n\n\n<p>Des soldats anglais, sous&nbsp;le&nbsp;commandement r\u00e9gional du lieutenant-colonel Monckton, avaient encercl\u00e9&nbsp;le&nbsp;village avec l\u2019ordre de br\u00fbler l\u2019\u00e9tablissement et de faire prisonniers tous les Acadiens se trouvant sur les lieux. Un groupe de combattants form\u00e9 d\u2019Acadiens et de&nbsp;Mi\u2019gmaq, sous&nbsp;le&nbsp;commandement d\u2019un officier militaire fran\u00e7ais, ont mont\u00e9 une embuscade qui s\u2019est av\u00e9r\u00e9e d\u00e9sastreuse pour les soldats anglais. Pris par surprise et incapables de rejoindre leurs navires qui les attendaient plus au large \u00e0 mar\u00e9e basse, 24 soldats anglais ont perdu la vie ce jour-l\u00e0 et 11 autres gisaient bless\u00e9s.<\/p>\n\n\n\n<p>La bataille de Hillsborough du d\u00e9but de septembre 1755 a \u00e9t\u00e9 suivie quelques semaines plus tard par les premi\u00e8res expulsions d\u2019Acadiens du fort Beaus\u00e9jour, situ\u00e9 pr\u00e8s du&nbsp;bassin&nbsp;de Cumberland. Une r\u00e9sistance s\u2019est maintenue&nbsp;le&nbsp;long de la rivi\u00e8re Petitcodiac jusqu\u2019en 1759, sous la direction d\u2019un groupe d\u2019Acadiens post\u00e9s&nbsp;le&nbsp;long du cours sup\u00e9rieur de la rivi\u00e8re Petitcodiac, pr\u00e8s du village actuel de Salisbury. Les historiens locaux croient que la d\u00e9termination de ces Acadiens et leur esprit de r\u00e9sistance ont permis \u00e0 la collectivit\u00e9 acadienne pr\u00e9sente&nbsp;dans&nbsp;le&nbsp;sud-est du Nouveau-Brunswick de survivre et de prosp\u00e9rer ult\u00e9rieurement, de nombreuses g\u00e9n\u00e9rations plus tard.<\/p>\n\n\n\n<h2 class=\"wp-block-heading\">L\u2019odyss\u00e9e&nbsp;acadienne<\/h2>\n\n\n\n<p>La r\u00e9gion du&nbsp;bassin&nbsp;fluvial de la rivi\u00e8re Petitcodiac a jou\u00e9 un r\u00f4le d\u00e9terminant&nbsp;dans&nbsp;la survie et l\u2019\u00e9mancipation ult\u00e9rieure de la collectivit\u00e9 acadienne. Deux des trois \u00e9tablissements restants qui remontent \u00e0 l\u2019Acadie coloniale encore peupl\u00e9e par des Acadiens&nbsp;sont&nbsp;situ\u00e9s&nbsp;dans&nbsp;cette r\u00e9gion : Memramcook et Dieppe, autrefois Petcoudiac (l\u2019autre se trouve&nbsp;dans&nbsp;le&nbsp;sud-ouest de la Nouvelle-\u00c9cosse). En 1976, la Commission des lieux et monuments historiques du Canada a reconnu l\u2019importance nationale de la survie des Acadiens et de l\u2019odyss\u00e9e acadienne, choisissant la vall\u00e9e de Memramcook pour l\u2019interpr\u00e9tation de ce th\u00e8me.<\/p>\n\n\n\n<p><strong>On peut lire&nbsp;ce&nbsp;qui suit&nbsp;sur&nbsp;l\u2019inscription&nbsp;qui figure sur la plaque comm\u00e9morative&nbsp;de&nbsp;Memramcook&nbsp;:<\/strong><\/p>\n\n\n\n<p><strong>L\u2019odyss\u00e9e&nbsp;acadienne<\/strong><\/p>\n\n\n\n<p>Malgr\u00e9 les d\u00e9portations des ann\u00e9es 1750 et 1760, de nombreux Acadiens revinrent d\u2019exil et d\u2019autres quitt\u00e8rent leur refuge pour se r\u00e9installer sur leur terre natale. S\u2019armant de courage et de d\u00e9termination, ils fond\u00e8rent de nouveaux \u00e9tablissements&nbsp;dans&nbsp;des r\u00e9gions isol\u00e9es des Maritimes et restaur\u00e8rent progressivement leurs institutions sociales et culturelles. De nombreux dirigeants acadiens re\u00e7urent leur formation au coll\u00e8ge Saint-Joseph, fond\u00e9 en 1864, et des milliers d\u2019Acadiens assist\u00e8rent ici, en 1881, \u00e0 leur premier congr\u00e8s national, qui contribua \u00e0 consolider leur sentiment d\u2019identit\u00e9.<\/p>\n\n\n\n<p>La collectivit\u00e9 acadienne poursuit&nbsp;aujourd\u2019hui&nbsp;son odyss\u00e9e de renaissance : elle a \u00e9t\u00e9 en 1999 l\u2019h\u00f4te du VIIIe Sommet de la francophonie \u00e0 Moncton, situ\u00e9 au \u00ab coude \u00bb de la Petitcodiac.<\/p>\n\n\n\n<h2 class=\"wp-block-heading\">Les colons Pennsylvania \u00ab Dutch \u00bb<\/h2>\n\n\n\n<p>Au cours des ann\u00e9es qui ont suivi la guerre anglo-fran\u00e7aise des ann\u00e9es 1750 et 1760, des \u00e9tablissements&nbsp;sont&nbsp;r\u00e9apparus&nbsp;le&nbsp;long de la rivi\u00e8re Petitcodiac, les plus importants \u00e9tant situ\u00e9s aux emplacements actuels de Moncton et de Hillsborough. La r\u00e9gion de Moncton, appel\u00e9e \u00e0 l\u2019\u00e9poque <em>Le Coude<\/em>, a assist\u00e9 en 1766 \u00e0 l\u2019arriv\u00e9e d\u2019un groupe de nouveaux colons d\u2019origine allemande en provenance de la colonie am\u00e9ricaine de Pennsylvanie qu\u2019on appelait les Pennsylvania \u00ab Dutch \u00bb.<\/p>\n\n\n\n<p>Le&nbsp;groupe, compos\u00e9&nbsp;de&nbsp;gens&nbsp;portant&nbsp;les&nbsp;noms de&nbsp;famille&nbsp;Summers, Miller, Jones, Stief (Steeves), Criner, Lutz (Lutes), Cline, Lentz et Trites, a plus&nbsp;tard&nbsp;\u00e9t\u00e9 qualifi\u00e9 par&nbsp;les&nbsp;historiens&nbsp;de&nbsp;\u00ab colons permanents \u00bb&nbsp;du&nbsp;nouveau canton&nbsp;de&nbsp;Moncton.<\/p>\n\n\n\n<p>La maison Prince Lewis House, situ\u00e9e pr\u00e8s du parc du Mascaret de Moncton sur les berges de la rivi\u00e8re Petiticodiac, est consid\u00e9r\u00e9e comme l\u2019ouvrage&nbsp;le&nbsp;plus ancien de la r\u00e9gion. Elle remonte \u00e0 la fin des ann\u00e9es 1700 et elle fait pr\u00e9sentement l\u2019objet d\u2019un projet de restauration communautaire. On pense qu\u2019un coeur en bois sculpt\u00e9 au-dessus d\u2019une porte int\u00e9rieure de la maison, symbole allemand traditionnel du mariage, aurait \u00e9t\u00e9 sculpt\u00e9 vers 1778; celui-ci constitue un \u00e9l\u00e9ment critique de cette \u00e9nigme. Le gouvernement du Nouveau-Brunswick a&nbsp;reconnu&nbsp;la&nbsp;maison&nbsp;comme&nbsp;site patrimonial en 1999.<\/p>\n\n\n\n<h2 class=\"wp-block-heading\">L\u2019industrie de la construction navale<\/h2>\n\n\n\n<p>Au cours des ann\u00e9es 1850, la r\u00e9gion de la rivi\u00e8re Petitcodiac a, \u00e0 l\u2019instar d\u2019autres r\u00e9gions des Maritimes, assist\u00e9 \u00e0 l\u2019apparition d\u2019une industrie de la construction navale d\u2019envergure. Sous la direction de l\u2019homme d\u2019affaires Joseph Salter, qui est plus tard devenu&nbsp;le&nbsp;premier maire de Moncton, la r\u00e9gion a construit de grands trois-m\u00e2ts qui ont navigu\u00e9 sur les oc\u00e9ans du monde. Des vestiges des quais historiques remontant \u00e0 cette \u00e9poque bordent encore des sections des berges de la rivi\u00e8re \u00e0 Moncton.<\/p>\n\n\n\n<figure class=\"wp-block-image size-large\"><img loading=\"lazy\" decoding=\"async\" width=\"540\" height=\"424\" src=\"http:\/\/petitcodiac.org\/wp-content\/uploads\/2020\/11\/HistoricBoat540dpi-1.jpg\" alt=\"\" class=\"wp-image-673\" srcset=\"http:\/\/petitcodiac.net\/wp-content\/uploads\/2020\/11\/HistoricBoat540dpi-1.jpg 540w, http:\/\/petitcodiac.net\/wp-content\/uploads\/2020\/11\/HistoricBoat540dpi-1-300x236.jpg 300w\" sizes=\"(max-width: 540px) 100vw, 540px\" \/><\/figure>\n\n\n\n<p>Les autres&nbsp;centres&nbsp;de&nbsp;construction&nbsp;navale&nbsp;le&nbsp;long de la rivi\u00e8re Petitcodiac&nbsp;comprenaient&nbsp;Salisbury, Hopewell Cape, Dorchester et Harvey Bank. En 1997, la Commission des lieux et monuments historiques du Canada a attest\u00e9 l\u2019importance nationale de l\u2019industrie de la construction navale du Nouveau-Brunswick. Des projets&nbsp;sont&nbsp;toujours en cours pour comm\u00e9morer cette r\u00e9alisation, vraisemblablement quelque part&nbsp;le&nbsp;long de la baie de Fundy (Saint-Jean, St Martins).<\/p>\n\n\n\n<h2 class=\"wp-block-heading\">L\u2019\u00eele Grindstone et l\u2019industrie&nbsp;du&nbsp;gr\u00e8s<\/h2>\n\n\n\n<p>Au milieu et \u00e0 la fin des ann\u00e9es 1800, l\u2019industrie de la taille de la pierre a fait son apparition&nbsp;le&nbsp;long du cours inf\u00e9rieur de la rivi\u00e8re Petitcodiac et de la baie de Shepody; ses principaux centres \u00e9taient l\u2019\u00eele Grindstone, Rockport et Beaumont. On extrayait du gr\u00e8s de qualit\u00e9 sup\u00e9rieure de cette r\u00e9gion et on l\u2019exp\u00e9diait vers les grands centres de la c\u00f4te est, comme New York et Boston. Un grand nombre de b\u00e2timents superbes construits \u00e0 l\u2019aide de gr\u00e8s de la rivi\u00e8re Petitcodiac&nbsp;sont&nbsp;toujours debout&nbsp;aujourd\u2019hui&nbsp;dans&nbsp;ces villes.<\/p>\n\n\n\n<h2 class=\"wp-block-heading\">Les&nbsp;ponts&nbsp;couverts<\/h2>\n\n\n\n<p>Le Nouveau-Brunswick est reconnu \u00e0 l\u2019\u00e9chelle internationale pour ses&nbsp;ponts&nbsp;couverts&nbsp;en bois qui remontent au d\u00e9but des ann\u00e9es 1900.<\/p>\n\n\n\n<figure class=\"wp-block-image size-large\"><img loading=\"lazy\" decoding=\"async\" width=\"1023\" height=\"768\" src=\"http:\/\/petitcodiac.org\/wp-content\/uploads\/2020\/11\/Our-river_historical-value_covered-bridge-1-1.jpg\" alt=\"\" class=\"wp-image-675\" srcset=\"http:\/\/petitcodiac.net\/wp-content\/uploads\/2020\/11\/Our-river_historical-value_covered-bridge-1-1.jpg 1023w, http:\/\/petitcodiac.net\/wp-content\/uploads\/2020\/11\/Our-river_historical-value_covered-bridge-1-1-300x225.jpg 300w, http:\/\/petitcodiac.net\/wp-content\/uploads\/2020\/11\/Our-river_historical-value_covered-bridge-1-1-768x577.jpg 768w\" sizes=\"(max-width: 1023px) 100vw, 1023px\" \/><\/figure>\n\n\n\n<p>Dix des 62&nbsp;ponts&nbsp;couverts&nbsp;qui&nbsp;restent&nbsp;aujourd\u2019hui&nbsp;au Nouveau- Brunswick&nbsp;sont&nbsp;situ\u00e9s&nbsp;dans&nbsp;le&nbsp;bassin&nbsp;hydrographique&nbsp;de la rivi\u00e8re Petitcodiac, notamment les&nbsp;ponts&nbsp;de la rivi\u00e8re Petitcodiac, de la rivi\u00e8re Memramcook et de la rivi\u00e8re Shepody,&nbsp;le&nbsp;pont de Coverdale,&nbsp;le&nbsp;pont William Mitton,&nbsp;le&nbsp;pont de la crique Crook, celui de la crique Saw Mill et ceux de la crique Turtle, de la crique Weldon et de la crique Bull.<\/p>\n","protected":false},"excerpt":{"rendered":"<p>\u00c9tablissements autochtones le long de la rivi\u00e8re Petitcodiac Pet-Kout-Koy-ek, l\u2019une des maintes versions d\u2019origine du nom maintenant orthographi\u00e9 sous la forme de Petitcodiac et qui avait pour signification \u00ab rivi\u00e8re courb\u00e9e comme un arc \u00bb est le foyer d\u2019origine des Autochtones&nbsp;Mi\u2019gmaq&nbsp;constituant aujourd\u2019hui dans la r\u00e9gion la Premi\u00e8re nation de Fort Folly. Les \u00e9tablissements autochtones les [&hellip;]<\/p>\n","protected":false},"author":4,"featured_media":0,"parent":594,"menu_order":3,"comment_status":"closed","ping_status":"closed","template":"","meta":{"footnotes":""},"aioseo_notices":[],"_links":{"self":[{"href":"http:\/\/petitcodiac.net\/fr\/wp-json\/wp\/v2\/pages\/669"}],"collection":[{"href":"http:\/\/petitcodiac.net\/fr\/wp-json\/wp\/v2\/pages"}],"about":[{"href":"http:\/\/petitcodiac.net\/fr\/wp-json\/wp\/v2\/types\/page"}],"author":[{"embeddable":true,"href":"http:\/\/petitcodiac.net\/fr\/wp-json\/wp\/v2\/users\/4"}],"replies":[{"embeddable":true,"href":"http:\/\/petitcodiac.net\/fr\/wp-json\/wp\/v2\/comments?post=669"}],"version-history":[{"count":6,"href":"http:\/\/petitcodiac.net\/fr\/wp-json\/wp\/v2\/pages\/669\/revisions"}],"predecessor-version":[{"id":3149,"href":"http:\/\/petitcodiac.net\/fr\/wp-json\/wp\/v2\/pages\/669\/revisions\/3149"}],"up":[{"embeddable":true,"href":"http:\/\/petitcodiac.net\/fr\/wp-json\/wp\/v2\/pages\/594"}],"wp:attachment":[{"href":"http:\/\/petitcodiac.net\/fr\/wp-json\/wp\/v2\/media?parent=669"}],"curies":[{"name":"wp","href":"https:\/\/api.w.org\/{rel}","templated":true}]}}