{"id":619,"date":"2020-11-19T12:47:20","date_gmt":"2020-11-19T16:47:20","guid":{"rendered":"https:\/\/www.dev-id.co\/riverkeeper\/?page_id=619"},"modified":"2020-12-17T15:30:31","modified_gmt":"2020-12-17T19:30:31","slug":"le-bassin-versant","status":"publish","type":"page","link":"http:\/\/petitcodiac.net\/fr\/notre-riviere\/le-bassin-versant\/","title":{"rendered":"Le bassin versant"},"content":{"rendered":"\n<figure class=\"wp-block-image size-large\"><img loading=\"lazy\" decoding=\"async\" width=\"328\" height=\"325\" src=\"http:\/\/petitcodiac.org\/wp-content\/uploads\/2020\/11\/mao-fran.jpg\" alt=\"\" class=\"wp-image-621\" srcset=\"http:\/\/petitcodiac.net\/wp-content\/uploads\/2020\/11\/mao-fran.jpg 328w, http:\/\/petitcodiac.net\/wp-content\/uploads\/2020\/11\/mao-fran-300x297.jpg 300w, http:\/\/petitcodiac.net\/wp-content\/uploads\/2020\/11\/mao-fran-150x150.jpg 150w\" sizes=\"(max-width: 328px) 100vw, 328px\" \/><\/figure>\n\n\n\n<p><a rel=\"noreferrer noopener\" href=\"https:\/\/fr.wikipedia.org\/wiki\/Bassin_versant\" target=\"_blank\">Un bassin versant<\/a>, c\u2019est la portion de terrain o\u00f9 coulent les eaux de surface d\u2019un r\u00e9seau de cours d\u2019eau reli\u00e9s entre eux et qui finissent par s\u2019\u00e9couler dans une rivi\u00e8re, un ruisseau, un lac ou une mer en particulier. Le bassin versant comprend les ruisseaux et rivi\u00e8res qui acheminent l\u2019eau ainsi que les terres qui \u00e9coulent leurs eaux superficielles dans les cours d\u2019eau. Le bassin versant agit \u00e0 la mani\u00e8re d\u2019un entonnoir qui recueille toute l\u2018eau d\u2019une zone donn\u00e9e et la dirige vers un cours d\u2019eau. Chaque bassin versant est s\u00e9par\u00e9 du bassin voisin par une cr\u00eate rocheuse, une colline ou une montagne qui prend le nom de ligne de partage des eaux. D\u2018autres expressions s\u2019appliquent \u00e0 la notion de bassin versant, dont bassin r\u00e9cepteur, bassin hydrologique, surface de r\u00e9ception, bassin de drainage et bassin fluvial.<\/p>\n\n\n\n<p><a rel=\"noreferrer noopener\" href=\"http:\/\/www2.gnb.ca\/content\/gnb\/fr\/ministeres\/egl\/environnement\/content\/eau\/content\/bassins_hydrographiques.html\" target=\"_blank\">Cliquez ici<\/a>\u00a0pour consulter les pages du minist\u00e8re de l\u2019Environnement du Nouveau-Brunswick sur le bassin versant de la rivi\u00e8re Petitcodiac.<\/p>\n\n\n\n<h2 class=\"wp-block-heading\">La R\u00e9serve de biosph\u00e8re de Fundy<\/h2>\n\n\n\n<p>La\u00a0<a rel=\"noreferrer noopener\" href=\"http:\/\/fundy-biosphere.ca\/fr\/\" target=\"_blank\">R\u00e9serve de biosph\u00e8re de Fundy<\/a>\u00a0recouvre plus de 430 000 hectares, sur la c\u00f4te du bassin sup\u00e9rieur de la baie de Fundy allant de St Martins jusqu\u2019aux terres humides de Tantramar pr\u00e8s de Sackville et s\u2019\u00e9tendant \u00e0 l\u2019int\u00e9rieur des terres vers Moncton. En 2007, cet \u00e9cosyst\u00e8me a \u00e9t\u00e9 reconnu par l\u2019UNESCO (Organisation des Nations Unies pour l\u2019\u00e9ducation, la science et la culture) \u00e0 titre de r\u00e9serve de biosph\u00e8re. La d\u00e9signation de R\u00e9serve de biosph\u00e8re de Fundy par l\u2019UNESCO apporte non seulement une reconnaissance internationale du caract\u00e8re unique de la portion sup\u00e9rieure de la Baie de Fundy, de sa culture et de son histoire, mais accentue \u00e9galement l\u2019importance de la conservation et de la viabilit\u00e9 dans la r\u00e9gion. Le projet de la R\u00e9serve de biosph\u00e8re de Fundy encadre une concertation de communaut\u00e9s, de responsables de politiques, de gestionnaires de ressources et de scientifiques qui travaillent en vue de la plus grande durabilit\u00e9 de l\u2019interaction entre le d\u00e9veloppement humain et la sant\u00e9 de l\u2019\u00e9cosyst\u00e8me.<\/p>\n","protected":false},"excerpt":{"rendered":"<p>Un bassin versant, c\u2019est la portion de terrain o\u00f9 coulent les eaux de surface d\u2019un r\u00e9seau de cours d\u2019eau reli\u00e9s entre eux et qui finissent par s\u2019\u00e9couler dans une rivi\u00e8re, un ruisseau, un lac ou une mer en particulier. Le bassin versant comprend les ruisseaux et rivi\u00e8res qui acheminent l\u2019eau ainsi que les terres qui [&hellip;]<\/p>\n","protected":false},"author":4,"featured_media":0,"parent":594,"menu_order":2,"comment_status":"closed","ping_status":"closed","template":"","meta":{"footnotes":""},"aioseo_notices":[],"_links":{"self":[{"href":"http:\/\/petitcodiac.net\/fr\/wp-json\/wp\/v2\/pages\/619"}],"collection":[{"href":"http:\/\/petitcodiac.net\/fr\/wp-json\/wp\/v2\/pages"}],"about":[{"href":"http:\/\/petitcodiac.net\/fr\/wp-json\/wp\/v2\/types\/page"}],"author":[{"embeddable":true,"href":"http:\/\/petitcodiac.net\/fr\/wp-json\/wp\/v2\/users\/4"}],"replies":[{"embeddable":true,"href":"http:\/\/petitcodiac.net\/fr\/wp-json\/wp\/v2\/comments?post=619"}],"version-history":[{"count":6,"href":"http:\/\/petitcodiac.net\/fr\/wp-json\/wp\/v2\/pages\/619\/revisions"}],"predecessor-version":[{"id":2169,"href":"http:\/\/petitcodiac.net\/fr\/wp-json\/wp\/v2\/pages\/619\/revisions\/2169"}],"up":[{"embeddable":true,"href":"http:\/\/petitcodiac.net\/fr\/wp-json\/wp\/v2\/pages\/594"}],"wp:attachment":[{"href":"http:\/\/petitcodiac.net\/fr\/wp-json\/wp\/v2\/media?parent=619"}],"curies":[{"name":"wp","href":"https:\/\/api.w.org\/{rel}","templated":true}]}}