{"id":603,"date":"2020-11-19T12:38:22","date_gmt":"2020-11-19T16:38:22","guid":{"rendered":"https:\/\/www.dev-id.co\/riverkeeper\/?page_id=603"},"modified":"2020-12-17T15:29:03","modified_gmt":"2020-12-17T19:29:03","slug":"la-riviere-chocolat","status":"publish","type":"page","link":"http:\/\/petitcodiac.net\/fr\/notre-riviere\/la-riviere-chocolat\/","title":{"rendered":"La rivi\u00e8re chocolat"},"content":{"rendered":"\n<p>Deux fois par jour, des mar\u00e9es puissantes atteignant des vitesses de 13 km\/h et transportant d\u2019\u00e9normes volumes d\u2019eau et de s\u00e9diments en suspension remontent la rivi\u00e8re Petitcodiac. Elles d\u00e9posent des particules de s\u00e9diments sur les berges et ne les remettent en suspension que lorsque la mar\u00e9e baisse ou bien surviennent des pr\u00e9cipitations.<\/p>\n\n\n\n<p>Gr\u00e2ce \u00e0 la combinaison de ces caract\u00e9ristiques, la concentration naturelle des s\u00e9diments en suspension dans la rivi\u00e8re compte parmi les plus \u00e9lev\u00e9es en Am\u00e9rique du Nord, d\u2019o\u00f9 ce sobriquet que l\u2019on donne \u00e0 la rivi\u00e8re Petitcodiac, la rivi\u00e8re Chocolat.<\/p>\n\n\n\n<figure class=\"wp-block-image size-large\"><img loading=\"lazy\" decoding=\"async\" width=\"540\" height=\"343\" src=\"http:\/\/petitcodiac.org\/wp-content\/uploads\/2020\/11\/ChocolateRiver2-1.jpg\" alt=\"\" class=\"wp-image-605\" srcset=\"http:\/\/petitcodiac.net\/wp-content\/uploads\/2020\/11\/ChocolateRiver2-1.jpg 540w, http:\/\/petitcodiac.net\/wp-content\/uploads\/2020\/11\/ChocolateRiver2-1-300x191.jpg 300w\" sizes=\"(max-width: 540px) 100vw, 540px\" \/><\/figure>\n\n\n\n<figure class=\"wp-block-image size-large\"><img loading=\"lazy\" decoding=\"async\" width=\"540\" height=\"357\" src=\"http:\/\/petitcodiac.org\/wp-content\/uploads\/2020\/11\/ChocolateRiver540dpi-1.jpg\" alt=\"\" class=\"wp-image-607\" srcset=\"http:\/\/petitcodiac.net\/wp-content\/uploads\/2020\/11\/ChocolateRiver540dpi-1.jpg 540w, http:\/\/petitcodiac.net\/wp-content\/uploads\/2020\/11\/ChocolateRiver540dpi-1-300x198.jpg 300w\" sizes=\"(max-width: 540px) 100vw, 540px\" \/><\/figure>\n","protected":false},"excerpt":{"rendered":"<p>Deux fois par jour, des mar\u00e9es puissantes atteignant des vitesses de 13 km\/h et transportant d\u2019\u00e9normes volumes d\u2019eau et de s\u00e9diments en suspension remontent la rivi\u00e8re Petitcodiac. Elles d\u00e9posent des particules de s\u00e9diments sur les berges et ne les remettent en suspension que lorsque la mar\u00e9e baisse ou bien surviennent des pr\u00e9cipitations. Gr\u00e2ce \u00e0 la [&hellip;]<\/p>\n","protected":false},"author":4,"featured_media":0,"parent":594,"menu_order":1,"comment_status":"closed","ping_status":"closed","template":"","meta":{"footnotes":""},"aioseo_notices":[],"_links":{"self":[{"href":"http:\/\/petitcodiac.net\/fr\/wp-json\/wp\/v2\/pages\/603"}],"collection":[{"href":"http:\/\/petitcodiac.net\/fr\/wp-json\/wp\/v2\/pages"}],"about":[{"href":"http:\/\/petitcodiac.net\/fr\/wp-json\/wp\/v2\/types\/page"}],"author":[{"embeddable":true,"href":"http:\/\/petitcodiac.net\/fr\/wp-json\/wp\/v2\/users\/4"}],"replies":[{"embeddable":true,"href":"http:\/\/petitcodiac.net\/fr\/wp-json\/wp\/v2\/comments?post=603"}],"version-history":[{"count":3,"href":"http:\/\/petitcodiac.net\/fr\/wp-json\/wp\/v2\/pages\/603\/revisions"}],"predecessor-version":[{"id":2167,"href":"http:\/\/petitcodiac.net\/fr\/wp-json\/wp\/v2\/pages\/603\/revisions\/2167"}],"up":[{"embeddable":true,"href":"http:\/\/petitcodiac.net\/fr\/wp-json\/wp\/v2\/pages\/594"}],"wp:attachment":[{"href":"http:\/\/petitcodiac.net\/fr\/wp-json\/wp\/v2\/media?parent=603"}],"curies":[{"name":"wp","href":"https:\/\/api.w.org\/{rel}","templated":true}]}}