{"id":594,"date":"2020-11-09T14:04:35","date_gmt":"2020-11-09T18:04:35","guid":{"rendered":"https:\/\/www.dev-id.co\/riverkeeper\/?page_id=594"},"modified":"2020-12-21T14:48:10","modified_gmt":"2020-12-21T18:48:10","slug":"notre-riviere","status":"publish","type":"page","link":"http:\/\/petitcodiac.net\/fr\/notre-riviere\/","title":{"rendered":"Notre rivi\u00e8re"},"content":{"rendered":"\n<p>La rivi\u00e8re Petitcodiac, source de vie du plus important \u00e9cosyst\u00e8me du sud-est du Nouveau-Brunswick, parcourt presque tout le sud-est du Nouveau-Brunswick et a quatre rivi\u00e8res tributaires dont les rivi\u00e8res Anagance, Coverdale et les rivi\u00e8res Nord et Pollet. La rivi\u00e8re se d\u00e9verse dans la baie de Shepody, drainant un bassin versant de 3 000 km2. Les Autochtones\u00a0Mi\u2019gmaq l\u2019ont nomm\u00e9e<strong> Pet-kout-koy-ek<\/strong>, qui signifie \u00ab\u00a0rivi\u00e8re courb\u00e9e comme un arc\u00a0\u00bb. Voie de transport historique vitale, la rivi\u00e8re Petitcodiac et l\u2019estuaire de la baie de Shepody se caract\u00e9risent par un r\u00e9gime de mar\u00e9es impressionnant (de 9 \u00e0 14 m), d\u00e9couvrant des kilom\u00e8tres de vasi\u00e8res \u00e0 mar\u00e9e basse et alimentant certains des plus grands estuaires du monde. Dans la baie de Shepody, on y trouve un refuge d\u2019oiseaux de rivage unique dans l\u2019h\u00e9misph\u00e8re ainsi que les aires d\u2019alimentation de la totalit\u00e9 de la population d\u2019alose savoureuse (\u2018gatte\u2019) de la c\u00f4te est nord-am\u00e9ricaine.<\/p>\n\n\n\n<p>En savoir plus sur la majestueuse rivi\u00e8re Petitcodiac:<\/p>\n\n\n\n<ul><li><a href=\"http:\/\/petitcodiac.org\/fr\/notre-riviere\/la-riviere-chocolat\/\" data-type=\"page\" data-id=\"603\">La rivi\u00e8re chocolat<\/a><\/li><li><a href=\"http:\/\/petitcodiac.org\/fr\/accomplissements\/barrages-abondonnes\/barrages-abondonnes-dans-le-bassin-versant\/\" data-type=\"page\" data-id=\"1117\">Le bassin versant<\/a><\/li><li><a href=\"http:\/\/petitcodiac.org\/fr\/notre-riviere\/le-patrimoine-historique\/\" data-type=\"page\" data-id=\"669\">Le patrimoine historique<\/a><\/li><li><a href=\"http:\/\/petitcodiac.org\/fr\/notre-riviere\/le-patrimoine-naturel\/\" data-type=\"page\" data-id=\"678\">Le patrimoine naturel<\/a><\/li><li><a href=\"http:\/\/petitcodiac.org\/fr\/notre-riviere\/les-especes-marines\/\" data-type=\"page\" data-id=\"701\">Les esp\u00e8ces marines<\/a><\/li><li><a href=\"http:\/\/petitcodiac.org\/fr\/notre-riviere\/le-mascaret\/\" data-type=\"page\" data-id=\"708\">Le mascaret<\/a><\/li><\/ul>\n\n\n\n<p><\/p>\n\n\n\n<p><\/p>\n\n\n\n<figure class=\"wp-block-image size-large\"><img loading=\"lazy\" decoding=\"async\" width=\"1024\" height=\"683\" src=\"http:\/\/petitcodiac.org\/wp-content\/uploads\/2020\/11\/MG_5041-1-1024x683.jpg\" alt=\"\" class=\"wp-image-612\" srcset=\"http:\/\/petitcodiac.net\/wp-content\/uploads\/2020\/11\/MG_5041-1-1024x683.jpg 1024w, http:\/\/petitcodiac.net\/wp-content\/uploads\/2020\/11\/MG_5041-1-300x200.jpg 300w, http:\/\/petitcodiac.net\/wp-content\/uploads\/2020\/11\/MG_5041-1-768x512.jpg 768w, http:\/\/petitcodiac.net\/wp-content\/uploads\/2020\/11\/MG_5041-1-1536x1024.jpg 1536w, http:\/\/petitcodiac.net\/wp-content\/uploads\/2020\/11\/MG_5041-1-2048x1365.jpg 2048w, http:\/\/petitcodiac.net\/wp-content\/uploads\/2020\/11\/MG_5041-1-1200x800.jpg 1200w, http:\/\/petitcodiac.net\/wp-content\/uploads\/2020\/11\/MG_5041-1-1980x1320.jpg 1980w\" sizes=\"(max-width: 1024px) 100vw, 1024px\" \/><\/figure>\n","protected":false},"excerpt":{"rendered":"<p>La rivi\u00e8re Petitcodiac, source de vie du plus important \u00e9cosyst\u00e8me du sud-est du Nouveau-Brunswick, parcourt presque tout le sud-est du Nouveau-Brunswick et a quatre rivi\u00e8res tributaires dont les rivi\u00e8res Anagance, Coverdale et les rivi\u00e8res Nord et Pollet. La rivi\u00e8re se d\u00e9verse dans la baie de Shepody, drainant un bassin versant de 3 000 km2. Les [&hellip;]<\/p>\n","protected":false},"author":1,"featured_media":0,"parent":0,"menu_order":3,"comment_status":"closed","ping_status":"closed","template":"","meta":{"footnotes":""},"aioseo_notices":[],"_links":{"self":[{"href":"http:\/\/petitcodiac.net\/fr\/wp-json\/wp\/v2\/pages\/594"}],"collection":[{"href":"http:\/\/petitcodiac.net\/fr\/wp-json\/wp\/v2\/pages"}],"about":[{"href":"http:\/\/petitcodiac.net\/fr\/wp-json\/wp\/v2\/types\/page"}],"author":[{"embeddable":true,"href":"http:\/\/petitcodiac.net\/fr\/wp-json\/wp\/v2\/users\/1"}],"replies":[{"embeddable":true,"href":"http:\/\/petitcodiac.net\/fr\/wp-json\/wp\/v2\/comments?post=594"}],"version-history":[{"count":6,"href":"http:\/\/petitcodiac.net\/fr\/wp-json\/wp\/v2\/pages\/594\/revisions"}],"predecessor-version":[{"id":2209,"href":"http:\/\/petitcodiac.net\/fr\/wp-json\/wp\/v2\/pages\/594\/revisions\/2209"}],"wp:attachment":[{"href":"http:\/\/petitcodiac.net\/fr\/wp-json\/wp\/v2\/media?parent=594"}],"curies":[{"name":"wp","href":"https:\/\/api.w.org\/{rel}","templated":true}]}}