{"id":465,"date":"2020-11-05T11:18:57","date_gmt":"2020-11-05T15:18:57","guid":{"rendered":"https:\/\/www.dev-id.co\/riverkeeper\/?page_id=465"},"modified":"2020-12-17T15:11:12","modified_gmt":"2020-12-17T19:11:12","slug":"projets-en-cours","status":"publish","type":"page","link":"http:\/\/petitcodiac.net\/fr\/projets-en-cours\/","title":{"rendered":"Projets en cours"},"content":{"rendered":"\n<p>Informez-vous sur les projets en cours:<\/p>\n\n\n\n<ul><li><a href=\"https:\/\/www.dev-id.co\/riverkeeper\/fr\/projets-en-cours\/riviere-memramcook-et-son-pont-chaussee\/\" data-type=\"page\" data-id=\"442\">Rivi\u00e8re Memramcook et son pont-chauss\u00e9e&nbsp;<\/a><\/li><li><a href=\"http:\/\/petitcodiac.org\/fr\/vision-et-strategie-commune-pour-la-riviere-petitcodiac-et-ses-communautes-avoisinantes\/\" data-type=\"page\" data-id=\"2077\">Vision et strat\u00e9gie communes pour la rivi\u00e8re Petitcodiac et ses communaut\u00e9s avoisinantes<\/a><\/li><\/ul>\n","protected":false},"excerpt":{"rendered":"<p>Informez-vous sur les projets en cours: Rivi\u00e8re Memramcook et son pont-chauss\u00e9e&nbsp; Vision et strat\u00e9gie communes pour la rivi\u00e8re Petitcodiac et ses communaut\u00e9s avoisinantes<\/p>\n","protected":false},"author":4,"featured_media":0,"parent":0,"menu_order":4,"comment_status":"closed","ping_status":"closed","template":"","meta":{"footnotes":""},"aioseo_notices":[],"_links":{"self":[{"href":"http:\/\/petitcodiac.net\/fr\/wp-json\/wp\/v2\/pages\/465"}],"collection":[{"href":"http:\/\/petitcodiac.net\/fr\/wp-json\/wp\/v2\/pages"}],"about":[{"href":"http:\/\/petitcodiac.net\/fr\/wp-json\/wp\/v2\/types\/page"}],"author":[{"embeddable":true,"href":"http:\/\/petitcodiac.net\/fr\/wp-json\/wp\/v2\/users\/4"}],"replies":[{"embeddable":true,"href":"http:\/\/petitcodiac.net\/fr\/wp-json\/wp\/v2\/comments?post=465"}],"version-history":[{"count":5,"href":"http:\/\/petitcodiac.net\/fr\/wp-json\/wp\/v2\/pages\/465\/revisions"}],"predecessor-version":[{"id":2156,"href":"http:\/\/petitcodiac.net\/fr\/wp-json\/wp\/v2\/pages\/465\/revisions\/2156"}],"wp:attachment":[{"href":"http:\/\/petitcodiac.net\/fr\/wp-json\/wp\/v2\/media?parent=465"}],"curies":[{"name":"wp","href":"https:\/\/api.w.org\/{rel}","templated":true}]}}