{"id":442,"date":"2020-11-05T11:12:50","date_gmt":"2020-11-05T15:12:50","guid":{"rendered":"https:\/\/www.dev-id.co\/riverkeeper\/?page_id=442"},"modified":"2022-10-25T15:14:33","modified_gmt":"2022-10-25T18:14:33","slug":"riviere-memramcook-et-son-pont-chaussee","status":"publish","type":"page","link":"http:\/\/petitcodiac.net\/fr\/projets-en-cours\/riviere-memramcook-et-son-pont-chaussee\/","title":{"rendered":"Rivi\u00e8re Memramcook et son pont-chauss\u00e9e"},"content":{"rendered":"\n<p>Le pont-chauss\u00e9e, les digues et les barrages de la rivi\u00e8re Memramcook ont \u00e9t\u00e9 construits en 1973 et depuis lors, les conditions m\u00e9t\u00e9orologiques et l\u2019eau sal\u00e9e ne font que les d\u00e9t\u00e9riorer. Au fil des ann\u00e9es, ces constructions ont modifi\u00e9 l\u2019\u00e9cosyst\u00e8me naturel du bassin d\u2019eau de 400 km2, en plus d\u2019\u00e9liminer plusieurs kilom\u00e8tres d\u2019estuaire, ce qui a perturb\u00e9 le cycle de migration des poissons et l\u2019\u00e9change de nutriment du syst\u00e8me fluvial. Sous peu, le pont-chauss\u00e9e aura besoin de r\u00e9parations et d\u2019am\u00e9liorations importantes. La planification pour modifier, r\u00e9parer ou retirer le pont-chauss\u00e9e doit se faire imm\u00e9diatement pour lui donner un deuxi\u00e8me souffle allant de 50 \u00e0 100 ans.<\/p>\n\n\n\n<p>La mission des Sentinelles Petitcodiac est d\u2019\u00eatre le chef de file dans la restauration, la protection&nbsp; et la promotion de l\u2019int\u00e9grit\u00e9 \u00e9cologique des bassins versants des rivi\u00e8res Petitcodiac et&nbsp; Memramcook, ainsi que de l\u2019estuaire de la baie de Shepody. Depuis plusieurs ann\u00e9es, nous&nbsp; soulevons nos inqui\u00e9tudes concernant le pont-chauss\u00e9e de la rivi\u00e8re Memramcook et nous&nbsp; sommes engag\u00e9s \u00e0 travailler avec le gouvernement et les autres joueurs cl\u00e9s afin de pr\u00e9venir&nbsp; d\u2019autres dommages. Nous poss\u00e9dons des connaissances et des comp\u00e9tences importantes&nbsp; relatives \u00e0 l\u2019\u00e9valuation de la viabilit\u00e9 \u00e0 long terme du pont-chauss\u00e9e et aux relations de&nbsp; travail \u00e9troites avec la communaut\u00e9, ainsi qu\u2019une approche collaborative qui assurera que tous les acteurs cl\u00e9s seront consult\u00e9s durant le processus et appuieront nos d\u00e9marches.<\/p>\n\n\n\n<p><strong>Le projet comprend deux objectifs principaux :<\/strong><\/p>\n\n\n\n<p><strong>1) r\u00e9duire l\u2019impact des changements climatiques et de la d\u00e9t\u00e9rioration du pont-chauss\u00e9e sur les bassins versants, l\u2019\u00e9cosyst\u00e8me, les digues, ainsi que les terres et les propri\u00e9t\u00e9s avoisinantes de la rivi\u00e8re Memramcook; et<\/strong><\/p>\n\n\n\n<p><strong>2) stimuler une croissance \u00e9conomique durable pour la communaut\u00e9 en d\u00e9veloppant l\u2019industrie \u00e9cotouristique de la rivi\u00e8re Memramcook.<\/strong><\/p>\n\n\n\n<h2 class=\"wp-block-heading\">Plan d&#8217;action communautaire (2022)<\/h2>\n\n\n\n<p>Le plan d\u2019action communautaire est l\u2019aboutissement d\u2019un processus de consultation communautaire d\u2019une dur\u00e9e de trois ans, d\u00e9crivant la marche \u00e0 suivre pour revitaliser le bassin versant Memramcook et les possibilit\u00e9s d\u2019\u00e9cotourisme et de d\u00e9veloppement \u00e9conomique qui en d\u00e9coulent. Le plan a \u00e9t\u00e9 \u00e9labor\u00e9 \u00e0 l\u2019aide de plus de 40 organismes, y compris des municipalit\u00e9s, des gouvernements provinciaux et f\u00e9d\u00e9raux, des districts de services, des groupes de naturalistes, des entreprises locales et des \u00e9tablissements d\u2019enseignement, ainsi que plus de 210 membres de la communaut\u00e9 ! Lisez-le ici : <\/p>\n\n\n\n<div class=\"wp-block-file\"><a id=\"wp-block-file--media-081240dc-b7df-45b8-9c25-84d01a248de3\" href=\"http:\/\/petitcodiac.org\/wp-content\/uploads\/2022\/08\/Plan-daction-communautaire-SPR.pdf\">Plan d&#8217;action communautaire<\/a><a href=\"http:\/\/petitcodiac.org\/wp-content\/uploads\/2022\/08\/Plan-daction-communautaire-SPR.pdf\" class=\"wp-block-file__button\" download aria-describedby=\"wp-block-file--media-081240dc-b7df-45b8-9c25-84d01a248de3\">T\u00e9l\u00e9charger<\/a><\/div>\n\n\n\n<h2 class=\"wp-block-heading\">Rapport de faisabilit\u00e9 (2021)<\/h2>\n\n\n\n<div class=\"wp-block-file\"><a id=\"wp-block-file--media-da8691a1-db97-42de-a5f1-d62ecaea65e5\" href=\"http:\/\/petitcodiac.org\/wp-content\/uploads\/2021\/12\/Rapport-de-faisabilite-pour-le-remplacement-du-pont-chaussee-de-la-riviere-Memramcook.pdf\">Rapport de faisabilit\u00e9 <br>pour le remplacement du pont-chauss\u00e9e<br> de la rivi\u00e8re Memramcook<\/a><a href=\"http:\/\/petitcodiac.org\/wp-content\/uploads\/2021\/12\/Rapport-de-faisabilite-pour-le-remplacement-du-pont-chaussee-de-la-riviere-Memramcook.pdf\" class=\"wp-block-file__button\" download aria-describedby=\"wp-block-file--media-da8691a1-db97-42de-a5f1-d62ecaea65e5\">T\u00e9l\u00e9charger<\/a><\/div>\n\n\n\n<h2 class=\"wp-block-heading\">COMMENTAIRES DU PUBLIC ET MOBILISATION<\/h2>\n\n\n\n<p><strong>Des consultations publiques ont eu lieu en f\u00e9vrier et mars 2020 dans les communaut\u00e9s de Dorchester et Memramcook.&nbsp;&nbsp;Les gens se sont fortement prononc\u00e9s en faveur de remplacer la structure du pont-chauss\u00e9e avec un pont.&nbsp;La rivi\u00e8re pourrait ainsi retourner \u00e0 son \u00e9tat naturel, ce qui marquerait aussi le d\u00e9but de la restauration de son habitat. Cette option semble \u00eatre la plus avantageuse pour la rivi\u00e8re et son \u00e9cosyst\u00e8me.&nbsp;<\/strong><\/p>\n\n\n\n<p><strong>Plus d&#8217;une centaine de membres de la communaut\u00e9 ont particip\u00e9. D\u00e9couvrez les points ressortis dans le r\u00e9sum\u00e9 des consultations publiques sur l\u2019\u00e9tat du pont-chauss\u00e9e de la rivi\u00e8re Memramcook et l\u2019avenir de la rivi\u00e8re et du bassin versant de Memramcook ici :<\/strong><\/p>\n\n\n\n<div class=\"wp-block-file\"><a id=\"wp-block-file--media-a9cac5c6-da35-4483-be05-adb5d25c2d67\" href=\"http:\/\/petitcodiac.org\/wp-content\/uploads\/2021\/12\/Re\u0301sume\u0301-des-consultations-v1-1.pdf\">Re\u0301sume\u0301 des consultations publiques<\/a><a href=\"http:\/\/petitcodiac.org\/wp-content\/uploads\/2021\/12\/Re\u0301sume\u0301-des-consultations-v1-1.pdf\" class=\"wp-block-file__button\" download aria-describedby=\"wp-block-file--media-a9cac5c6-da35-4483-be05-adb5d25c2d67\">T\u00e9l\u00e9charger<\/a><\/div>\n\n\n\n<p><strong>Si vous avez des commentaires, ou si vous voulez \u00eatre ajout\u00e9 \u00e0 la liste de contact pour en savoir plus au sujet des sessions d\u2019information \u00e0 venir et des suivis de ce projet, veuillez nous contacter \u00e0 l\u2019adresse courriel suivante : info@petitcodiac.org.<\/strong><\/p>\n\n\n\n<p><strong>Vous pouvez aussi vous joindre \u00e0 notre groupe Facebook:&nbsp;<a href=\"https:\/\/www.facebook.com\/groups\/215129506488483\/\" target=\"_blank\" rel=\"noreferrer noopener\">Restauration de la rivi\u00e8re Memramcook<\/a>.<\/strong><\/p>\n\n\n\n<h2 class=\"wp-block-heading\">T\u00c9L\u00c9CHARGEZ NOTRE RAPPORT&nbsp;PR\u00c9LIMINAIRE (f\u00e9vrier 2020)<\/h2>\n\n\n\n<div class=\"wp-block-file\"><a id=\"wp-block-file--media-d8a1595e-e989-4403-8e15-7d9c46303809\" href=\"http:\/\/petitcodiac.org\/wp-content\/uploads\/2022\/03\/Preliminary-Assessment-of-Options-FR3-FINAL.pdf\">\u00c9valuation pr\u00e9liminaire des options<\/a><a href=\"http:\/\/petitcodiac.org\/wp-content\/uploads\/2022\/03\/Preliminary-Assessment-of-Options-FR3-FINAL.pdf\" class=\"wp-block-file__button\" download aria-describedby=\"wp-block-file--media-d8a1595e-e989-4403-8e15-7d9c46303809\">T\u00e9l\u00e9chargez<\/a><\/div>\n\n\n\n<h2 class=\"wp-block-heading\">COUVERTURE M\u00c9DIATIQUE<\/h2>\n\n\n\n<ul><li><a rel=\"noreferrer noopener\" href=\"https:\/\/soundcloud.com\/thepodcasthub\/season-2-ep1-petitcodiac-river-keeper-ronald-babin\" target=\"_blank\">Albert County Chats: Season 2 Ep1 \u2013 Petitcodiac River Keeper Ronald Babin (The Podcast Hub: Tosh Taylor)<\/a><\/li><li><a rel=\"noreferrer noopener\" href=\"https:\/\/www.cbc.ca\/player\/play\/1702286403978\" target=\"_blank\">Riverkeeper Warning of a Deteriorating Causeway on the Memramcook River (CBC Information Morning)&nbsp;<\/a><\/li><li><a rel=\"noreferrer noopener\" href=\"https:\/\/www.acadienouvelle.com\/actualites\/2020\/03\/08\/memramcook-lelimination-du-pont-chaussee-gagne-des-appuis\/\" target=\"_blank\">Memramcook: l\u2019\u00e9limination du pont-chauss\u00e9e gagne des appuis (Acadie Nouvelle)<\/a><\/li><\/ul>\n","protected":false},"excerpt":{"rendered":"<p>Le pont-chauss\u00e9e, les digues et les barrages de la rivi\u00e8re Memramcook ont \u00e9t\u00e9 construits en 1973 et depuis lors, les conditions m\u00e9t\u00e9orologiques et l\u2019eau sal\u00e9e ne font que les d\u00e9t\u00e9riorer. Au fil des ann\u00e9es, ces constructions ont modifi\u00e9 l\u2019\u00e9cosyst\u00e8me naturel du bassin d\u2019eau de 400 km2, en plus d\u2019\u00e9liminer plusieurs kilom\u00e8tres d\u2019estuaire, ce qui a [&hellip;]<\/p>\n","protected":false},"author":4,"featured_media":0,"parent":465,"menu_order":1,"comment_status":"closed","ping_status":"closed","template":"","meta":{"footnotes":""},"aioseo_notices":[],"_links":{"self":[{"href":"http:\/\/petitcodiac.net\/fr\/wp-json\/wp\/v2\/pages\/442"}],"collection":[{"href":"http:\/\/petitcodiac.net\/fr\/wp-json\/wp\/v2\/pages"}],"about":[{"href":"http:\/\/petitcodiac.net\/fr\/wp-json\/wp\/v2\/types\/page"}],"author":[{"embeddable":true,"href":"http:\/\/petitcodiac.net\/fr\/wp-json\/wp\/v2\/users\/4"}],"replies":[{"embeddable":true,"href":"http:\/\/petitcodiac.net\/fr\/wp-json\/wp\/v2\/comments?post=442"}],"version-history":[{"count":14,"href":"http:\/\/petitcodiac.net\/fr\/wp-json\/wp\/v2\/pages\/442\/revisions"}],"predecessor-version":[{"id":3440,"href":"http:\/\/petitcodiac.net\/fr\/wp-json\/wp\/v2\/pages\/442\/revisions\/3440"}],"up":[{"embeddable":true,"href":"http:\/\/petitcodiac.net\/fr\/wp-json\/wp\/v2\/pages\/465"}],"wp:attachment":[{"href":"http:\/\/petitcodiac.net\/fr\/wp-json\/wp\/v2\/media?parent=442"}],"curies":[{"name":"wp","href":"https:\/\/api.w.org\/{rel}","templated":true}]}}