{"id":438,"date":"2020-11-05T11:07:49","date_gmt":"2020-11-05T15:07:49","guid":{"rendered":"https:\/\/www.dev-id.co\/riverkeeper\/?page_id=438"},"modified":"2022-10-26T15:00:48","modified_gmt":"2022-10-26T18:00:48","slug":"devenez-membre","status":"publish","type":"page","link":"http:\/\/petitcodiac.net\/fr\/impliquez-vous\/devenez-membre\/","title":{"rendered":"Devenez membre"},"content":{"rendered":"\n<p>Vous admirez notre travail ? La meilleure fa\u00e7on de nous appuyer est de  devenir membre de notre organisme!<\/p>\n\n\n\n<p>Vous pouvez montrer votre soutien envers Sentinelles Petitcodiac en faisant un don d&#8217;un minimum de 30 $ pour devenir membre en remplissant notre formulaire d&#8217;inscription\/renouv\u00e8lement.<\/p>\n\n\n\n<p>En tant que membre, vous avez droit de vote \u00e0 notre AGA et vous aidez notre rivi\u00e8re \u00e0 travers notre organisation. <\/p>\n\n\n\n<p><a href=\"https:\/\/www.zeffy.com\/fr-CA\/ticketing\/d0ff61b1-970b-45e9-ad0a-646aa8186ef0\" target=\"_blank\" rel=\"noreferrer noopener\">Cliquez ici<\/a>\u00a0pour\u00a0devenir membre!<\/p>\n\n\n\n<p>Merci!<\/p>\n\n\n\n<figure class=\"wp-block-image size-large\"><img loading=\"lazy\" decoding=\"async\" width=\"1023\" height=\"590\" src=\"http:\/\/petitcodiac.org\/wp-content\/uploads\/2020\/11\/56910234_324201034961130_4974121055653199872_n.jpg\" alt=\"\" class=\"wp-image-440\" srcset=\"http:\/\/petitcodiac.net\/wp-content\/uploads\/2020\/11\/56910234_324201034961130_4974121055653199872_n.jpg 1023w, http:\/\/petitcodiac.net\/wp-content\/uploads\/2020\/11\/56910234_324201034961130_4974121055653199872_n-300x173.jpg 300w, http:\/\/petitcodiac.net\/wp-content\/uploads\/2020\/11\/56910234_324201034961130_4974121055653199872_n-768x443.jpg 768w\" sizes=\"(max-width: 1023px) 100vw, 1023px\" \/><\/figure>\n","protected":false},"excerpt":{"rendered":"<p>Vous admirez notre travail ? La meilleure fa\u00e7on de nous appuyer est de devenir membre de notre organisme! Vous pouvez montrer votre soutien envers Sentinelles Petitcodiac en faisant un don d&#8217;un minimum de 30 $ pour devenir membre en remplissant notre formulaire d&#8217;inscription\/renouv\u00e8lement. En tant que membre, vous avez droit de vote \u00e0 notre AGA [&hellip;]<\/p>\n","protected":false},"author":4,"featured_media":0,"parent":426,"menu_order":3,"comment_status":"closed","ping_status":"closed","template":"","meta":{"footnotes":""},"aioseo_notices":[],"_links":{"self":[{"href":"http:\/\/petitcodiac.net\/fr\/wp-json\/wp\/v2\/pages\/438"}],"collection":[{"href":"http:\/\/petitcodiac.net\/fr\/wp-json\/wp\/v2\/pages"}],"about":[{"href":"http:\/\/petitcodiac.net\/fr\/wp-json\/wp\/v2\/types\/page"}],"author":[{"embeddable":true,"href":"http:\/\/petitcodiac.net\/fr\/wp-json\/wp\/v2\/users\/4"}],"replies":[{"embeddable":true,"href":"http:\/\/petitcodiac.net\/fr\/wp-json\/wp\/v2\/comments?post=438"}],"version-history":[{"count":11,"href":"http:\/\/petitcodiac.net\/fr\/wp-json\/wp\/v2\/pages\/438\/revisions"}],"predecessor-version":[{"id":3482,"href":"http:\/\/petitcodiac.net\/fr\/wp-json\/wp\/v2\/pages\/438\/revisions\/3482"}],"up":[{"embeddable":true,"href":"http:\/\/petitcodiac.net\/fr\/wp-json\/wp\/v2\/pages\/426"}],"wp:attachment":[{"href":"http:\/\/petitcodiac.net\/fr\/wp-json\/wp\/v2\/media?parent=438"}],"curies":[{"name":"wp","href":"https:\/\/api.w.org\/{rel}","templated":true}]}}