{"id":431,"date":"2020-11-05T11:02:24","date_gmt":"2020-11-05T15:02:24","guid":{"rendered":"https:\/\/www.dev-id.co\/riverkeeper\/?page_id=431"},"modified":"2022-10-26T15:19:22","modified_gmt":"2022-10-26T18:19:22","slug":"contributions","status":"publish","type":"page","link":"http:\/\/petitcodiac.net\/fr\/impliquez-vous\/contributions\/","title":{"rendered":"Contributions"},"content":{"rendered":"\n<p>Sentinelles Petitcodiac est un organisme de bienfaisance au Canada qui accepte des contributions provenant d\u2019individus, d\u2019entreprises du secteur priv\u00e9, d\u2019organismes non gouvernementaux et de gouvernements. Un re\u00e7u officiel aux fins de l\u2019imp\u00f4t sur le revenu sera remis \u00e0 la r\u00e9ception de chaque contribution.<\/p>\n\n\n\n<p>No. d\u2019organisme de bienfaisance: 89492 2921 RR0001. <\/p>\n\n\n\n<p>Les individus et les entreprises peuvent donner leur appui par un don mensuel, annuel ou unique.<\/p>\n\n\n\n<p>Un don peut \u00eatre fait s\u00e9curitairement en ligne \u00e0 travers <a href=\"https:\/\/www.zeffy.com\/fr-CA\/donation-form\/24104949-9e09-4139-bab0-76b1942be3bc\" target=\"_blank\" rel=\"noreferrer noopener\">Zeffy<\/a>.<\/p>\n\n\n\n<p>Nous acceptons \u00e9galement les contributions par ch\u00e8que. <\/p>\n\n\n\n<p><strong>Adresse postale<\/strong> <\/p>\n\n\n\n<p>Sentinelles Petitcodiac Riverkeeper<br>P.O. Box 300<br>Moncton, New Brunswick<br>E1C 8K9<\/p>\n\n\n\n<p>Merci, nous appr\u00e9cions votre soutien!  <\/p>\n","protected":false},"excerpt":{"rendered":"<p>Sentinelles Petitcodiac est un organisme de bienfaisance au Canada qui accepte des contributions provenant d\u2019individus, d\u2019entreprises du secteur priv\u00e9, d\u2019organismes non gouvernementaux et de gouvernements. Un re\u00e7u officiel aux fins de l\u2019imp\u00f4t sur le revenu sera remis \u00e0 la r\u00e9ception de chaque contribution. No. d\u2019organisme de bienfaisance: 89492 2921 RR0001. Les individus et les entreprises [&hellip;]<\/p>\n","protected":false},"author":4,"featured_media":0,"parent":426,"menu_order":1,"comment_status":"closed","ping_status":"closed","template":"","meta":{"footnotes":""},"aioseo_notices":[],"_links":{"self":[{"href":"http:\/\/petitcodiac.net\/fr\/wp-json\/wp\/v2\/pages\/431"}],"collection":[{"href":"http:\/\/petitcodiac.net\/fr\/wp-json\/wp\/v2\/pages"}],"about":[{"href":"http:\/\/petitcodiac.net\/fr\/wp-json\/wp\/v2\/types\/page"}],"author":[{"embeddable":true,"href":"http:\/\/petitcodiac.net\/fr\/wp-json\/wp\/v2\/users\/4"}],"replies":[{"embeddable":true,"href":"http:\/\/petitcodiac.net\/fr\/wp-json\/wp\/v2\/comments?post=431"}],"version-history":[{"count":7,"href":"http:\/\/petitcodiac.net\/fr\/wp-json\/wp\/v2\/pages\/431\/revisions"}],"predecessor-version":[{"id":3485,"href":"http:\/\/petitcodiac.net\/fr\/wp-json\/wp\/v2\/pages\/431\/revisions\/3485"}],"up":[{"embeddable":true,"href":"http:\/\/petitcodiac.net\/fr\/wp-json\/wp\/v2\/pages\/426"}],"wp:attachment":[{"href":"http:\/\/petitcodiac.net\/fr\/wp-json\/wp\/v2\/media?parent=431"}],"curies":[{"name":"wp","href":"https:\/\/api.w.org\/{rel}","templated":true}]}}