{"id":426,"date":"2020-11-05T10:55:29","date_gmt":"2020-11-05T14:55:29","guid":{"rendered":"https:\/\/www.dev-id.co\/riverkeeper\/?page_id=426"},"modified":"2022-11-23T11:51:57","modified_gmt":"2022-11-23T15:51:57","slug":"impliquez-vous","status":"publish","type":"page","link":"http:\/\/petitcodiac.net\/fr\/impliquez-vous\/","title":{"rendered":"Impliquez-vous"},"content":{"rendered":"\n<p>Il existe de nombreuses fa\u00e7ons de s&#8217;impliquer. Consultez les pages ci-dessous pour plus d&#8217;informations.<\/p>\n\n\n\n<ul><li><a href=\"http:\/\/petitcodiac.org\/fr\/impliquez-vous\/subscribe\/\" target=\"_blank\" rel=\"noopener\" title=\"S'abonner\">S&#8217;abonner<\/a><\/li><li><a data-type=\"page\" data-id=\"431\" href=\"http:\/\/petitcodiac.org\/fr\/impliquez-vous\/contributions\/\">Dons<\/a><\/li><li><a data-type=\"page\" data-id=\"438\" href=\"http:\/\/petitcodiac.org\/fr\/impliquez-vous\/devenez-membre\/\">Devenez membre<\/a><\/li><li><a data-type=\"page\" data-id=\"2225\" href=\"http:\/\/petitcodiac.org\/fr\/passez-a-laction\/\">Passez \u00e0 l&#8217;action<\/a><\/li><li><a data-type=\"page\" data-id=\"433\" href=\"http:\/\/petitcodiac.org\/fr\/impliquez-vous\/bienfaiteurs-et-bienfaitrices\/\">Bienfaiteurs<\/a><\/li><li><a data-type=\"page\" data-id=\"800\" href=\"http:\/\/petitcodiac.org\/fr\/impliquez-vous\/patroille-petitcodiac\/\">Programme Patrouille Petitcodiac<\/a><\/li><li><a data-type=\"page\" data-id=\"817\" href=\"http:\/\/petitcodiac.org\/fr\/impliquez-vous\/signalez-un-pollueur\/\">Signalez un pollueur<\/a><\/li><li><a data-type=\"page\" data-id=\"821\" href=\"http:\/\/petitcodiac.org\/fr\/impliquez-vous\/appel-aux-benevoles\/\">Appel aux b\u00e9n\u00e9voles<\/a><\/li><\/ul>\n\n\n\n<p><\/p>\n","protected":false},"excerpt":{"rendered":"<p>Il existe de nombreuses fa\u00e7ons de s&#8217;impliquer. Consultez les pages ci-dessous pour plus d&#8217;informations. S&#8217;abonner Dons Devenez membre Passez \u00e0 l&#8217;action Bienfaiteurs Programme Patrouille Petitcodiac Signalez un pollueur Appel aux b\u00e9n\u00e9voles<\/p>\n","protected":false},"author":4,"featured_media":0,"parent":0,"menu_order":6,"comment_status":"closed","ping_status":"closed","template":"","meta":{"footnotes":""},"aioseo_notices":[],"_links":{"self":[{"href":"http:\/\/petitcodiac.net\/fr\/wp-json\/wp\/v2\/pages\/426"}],"collection":[{"href":"http:\/\/petitcodiac.net\/fr\/wp-json\/wp\/v2\/pages"}],"about":[{"href":"http:\/\/petitcodiac.net\/fr\/wp-json\/wp\/v2\/types\/page"}],"author":[{"embeddable":true,"href":"http:\/\/petitcodiac.net\/fr\/wp-json\/wp\/v2\/users\/4"}],"replies":[{"embeddable":true,"href":"http:\/\/petitcodiac.net\/fr\/wp-json\/wp\/v2\/comments?post=426"}],"version-history":[{"count":8,"href":"http:\/\/petitcodiac.net\/fr\/wp-json\/wp\/v2\/pages\/426\/revisions"}],"predecessor-version":[{"id":3604,"href":"http:\/\/petitcodiac.net\/fr\/wp-json\/wp\/v2\/pages\/426\/revisions\/3604"}],"wp:attachment":[{"href":"http:\/\/petitcodiac.net\/fr\/wp-json\/wp\/v2\/media?parent=426"}],"curies":[{"name":"wp","href":"https:\/\/api.w.org\/{rel}","templated":true}]}}