{"id":399,"date":"2020-11-05T10:16:20","date_gmt":"2020-11-05T14:16:20","guid":{"rendered":"https:\/\/www.dev-id.co\/riverkeeper\/?page_id=399"},"modified":"2020-12-15T13:00:27","modified_gmt":"2020-12-15T17:00:27","slug":"nos-sentinelles","status":"publish","type":"page","link":"http:\/\/petitcodiac.net\/fr\/qui-nous-sommes\/nos-sentinelles\/","title":{"rendered":"Nos sentinelles"},"content":{"rendered":"\n<p>Chaque organisme de Sentinelles (Riverkeeper ou Waterkeeper) nomme un individu qui agit comme son porte-parole pour d\u00e9fendre, \u00e0 temps plein, les int\u00e9r\u00eats de ce cours d\u2019eau. Cette personne, que l\u2019on nomme \u00ab Sentinelle \u00bb, s\u2019assure aussi que les lois environnementales du pays soient appliqu\u00e9es.<\/p>\n\n\n\n<p>Depuis 1999, notre communaut\u00e9 a eu la chance de compter sur une s\u00e9rie d\u2019individus exceptionnels pour servir en tant que \u00ab Sentinelle \u00bb et lutter pour l\u2019int\u00e9grit\u00e9 \u00e9cologique de ce bassin versant, pour le bienfait des g\u00e9n\u00e9rations pr\u00e9sentes et futures. Voici un aper\u00e7u de nos Sentinelles.<\/p>\n\n\n\n<h2 class=\"wp-block-heading\">Notre Sentinelle <\/h2>\n\n\n\n<p><strong>Krysta Cowling (depuis 2019)<\/strong><\/p>\n\n\n\n<figure class=\"wp-block-image size-large\"><img loading=\"lazy\" decoding=\"async\" width=\"600\" height=\"750\" src=\"http:\/\/petitcodiac.org\/wp-content\/uploads\/2020\/12\/KrystaCowling-2.jpg\" alt=\"\" class=\"wp-image-1986\" srcset=\"http:\/\/petitcodiac.net\/wp-content\/uploads\/2020\/12\/KrystaCowling-2.jpg 600w, http:\/\/petitcodiac.net\/wp-content\/uploads\/2020\/12\/KrystaCowling-2-240x300.jpg 240w\" sizes=\"(max-width: 600px) 100vw, 600px\" \/><\/figure>\n\n\n\n<p>Krysta est une championne d&#8217;innovation communautaire. Elle aime rassembler les gens, les \u00e9couter et trouver des moyens de r\u00e9pondre aux besoins de la communaut\u00e9.\u00a0 Krysta travaille dans le secteur \u00e0 but non lucratif depuis plus de 10 ans et est motiv\u00e9e par des projets qui ont un impact social et environnemental. En tant qu&#8217;ancienne directrice g\u00e9n\u00e9rale de la Coop\u00e9rative La Bikery, Krysta a remport\u00e9 plusieurs prix pour son travail communautaire, notamment un prix Femmes de distinction du YWCA et un prix du tourisme durable de Parcs Canada NB. Elle est impatiente de faire profiter les Sentinelles de cette approche collaborative de la gestion de projet.<\/p>\n\n\n\n<h2 class=\"wp-block-heading\">Nos anciennes Sentinelles<\/h2>\n\n\n\n<p><strong>Daniel LeBlanc (1999 \u00e0 2006)<\/strong><\/p>\n\n\n\n<figure class=\"wp-block-image size-large\"><img loading=\"lazy\" decoding=\"async\" width=\"300\" height=\"214\" src=\"http:\/\/petitcodiac.org\/wp-content\/uploads\/2020\/11\/DanielLeBlanc-300x214-1.jpg\" alt=\"\" class=\"wp-image-414\"\/><\/figure>\n\n\n\n<p>Daniel est la Sentinelle-fondatrice et le premier directeur g\u00e9n\u00e9ral de l\u2019organisme. Il est n\u00e9 et a grandi \u00e0 Saint-Anselme (Dieppe), une communaut\u00e9 ayant des liens profonds \u00e0 la Petitcodiac. En 1999, Daniel est devenu le premier citoyen canadien d\u00e9sign\u00e9 \u00ab sentinelle \u00bb et, \u00e0 ce titre, il a dirig\u00e9 une bataille \u00e9pique en faveur de la restauration de la rivi\u00e8re Petitcodiac, mettant fin \u00e0 l\u2019une des plus longues batailles environnementales au pays. Son exp\u00e9rience de travail se situe au niveau du d\u00e9veloppement de projets, la gestion et les communications dans les secteurs de l\u2019environnement, de l\u2019\u00e9nergie renouvelable, du tourisme, du patrimoine et de l\u2019aide humanitaire.<\/p>\n\n\n\n<p><strong>Tim Van Hinte ( 2008 \u00e0 2010 )<\/strong><\/p>\n\n\n\n<figure class=\"wp-block-image size-large\"><img loading=\"lazy\" decoding=\"async\" width=\"300\" height=\"225\" src=\"http:\/\/petitcodiac.org\/wp-content\/uploads\/2020\/11\/Tim_at_Petitcodiac_4.jpg\" alt=\"\" class=\"wp-image-416\"\/><\/figure>\n\n\n\n<p>Tim a une vaste connaissance de la gestion de l\u2019environnement acquise au fil de ses exp\u00e9riences au Nouveau-Brunswick, en Ontario et en Colombie-Britannique. Il est dipl\u00f4m\u00e9 des universit\u00e9s Waterloo en Ontario et Simon Fraser en Colombie-Britannique et d\u00e9fend depuis longtemps le principe de l\u2019environnement durable. Passionn\u00e9 du plein air, Tim croit que la salubrit\u00e9 de l\u2019eau et la sant\u00e9 du&nbsp; bassin versant sont essentielles \u00e0 l\u2019existence de communaut\u00e9s fortes. Natif de Montr\u00e9al, Tim est fier&nbsp;d\u2019avoir&nbsp;jou\u00e9&nbsp;un r\u00f4le actif dans l\u2019effort de nettoyer et restaurer ce bassin versant pour les g\u00e9n\u00e9rations futures.<\/p>\n\n\n\n<p><strong>Marco Morency (2010 et 2011)<\/strong><\/p>\n\n\n\n<figure class=\"wp-block-image size-large\"><img loading=\"lazy\" decoding=\"async\" width=\"130\" height=\"231\" src=\"http:\/\/petitcodiac.org\/wp-content\/uploads\/2020\/11\/editor_f9766ecf400d5adf338591b57a02311c_db1b23.jpeg\" alt=\"\" class=\"wp-image-418\"\/><\/figure>\n\n\n\n<p>Marco Morency est connu dans la r\u00e9gion pour son engagement envers les causes sociales et environnementales. Il s\u2019est d\u2019abord engag\u00e9 dans le dossier de la rivi\u00e8re Petitcodiac avec le groupe \u00e9cologiste \u00c9coversit\u00e9 \u00e0 la fin des ann\u00e9es 90 et a poursuivi son engagement pour devenir directeur g\u00e9n\u00e9ral des Sentinelles de la rivi\u00e8re Petitcodiac en 2010. Actif sur la sc\u00e8ne locale, provinciale et nationale depuis 15 ans, il est notamment membre fondateur de la Coalition jeunesse Sierra, la branche jeunesse du Club Sierra du Canada. Sa participation \u00e0 de nombreux projets environnementaux lui a valu la reconnaissance de ses pairs en recevant le prix Z\u00e9phire 1999 attribu\u00e9 par le R\u00e9seau environnemental du Nouveau-Brunswick pour son travail envers l\u2019assainissement de l\u2019air.<\/p>\n","protected":false},"excerpt":{"rendered":"<p>Chaque organisme de Sentinelles (Riverkeeper ou Waterkeeper) nomme un individu qui agit comme son porte-parole pour d\u00e9fendre, \u00e0 temps plein, les int\u00e9r\u00eats de ce cours d\u2019eau. Cette personne, que l\u2019on nomme \u00ab Sentinelle \u00bb, s\u2019assure aussi que les lois environnementales du pays soient appliqu\u00e9es. Depuis 1999, notre communaut\u00e9 a eu la chance de compter sur [&hellip;]<\/p>\n","protected":false},"author":4,"featured_media":0,"parent":131,"menu_order":5,"comment_status":"closed","ping_status":"closed","template":"","meta":{"footnotes":""},"aioseo_notices":[],"_links":{"self":[{"href":"http:\/\/petitcodiac.net\/fr\/wp-json\/wp\/v2\/pages\/399"}],"collection":[{"href":"http:\/\/petitcodiac.net\/fr\/wp-json\/wp\/v2\/pages"}],"about":[{"href":"http:\/\/petitcodiac.net\/fr\/wp-json\/wp\/v2\/types\/page"}],"author":[{"embeddable":true,"href":"http:\/\/petitcodiac.net\/fr\/wp-json\/wp\/v2\/users\/4"}],"replies":[{"embeddable":true,"href":"http:\/\/petitcodiac.net\/fr\/wp-json\/wp\/v2\/comments?post=399"}],"version-history":[{"count":13,"href":"http:\/\/petitcodiac.net\/fr\/wp-json\/wp\/v2\/pages\/399\/revisions"}],"predecessor-version":[{"id":2114,"href":"http:\/\/petitcodiac.net\/fr\/wp-json\/wp\/v2\/pages\/399\/revisions\/2114"}],"up":[{"embeddable":true,"href":"http:\/\/petitcodiac.net\/fr\/wp-json\/wp\/v2\/pages\/131"}],"wp:attachment":[{"href":"http:\/\/petitcodiac.net\/fr\/wp-json\/wp\/v2\/media?parent=399"}],"curies":[{"name":"wp","href":"https:\/\/api.w.org\/{rel}","templated":true}]}}