{"id":397,"date":"2020-11-05T10:15:38","date_gmt":"2020-11-05T14:15:38","guid":{"rendered":"https:\/\/www.dev-id.co\/riverkeeper\/?page_id=397"},"modified":"2023-03-14T09:21:05","modified_gmt":"2023-03-14T12:21:05","slug":"notre-histoire","status":"publish","type":"page","link":"http:\/\/petitcodiac.net\/fr\/qui-nous-sommes\/notre-histoire\/","title":{"rendered":"Notre histoire"},"content":{"rendered":"\n<p>Sentinelles Petitcodiac a vu le jour le 18 f\u00e9vrier 1999, lors d\u2019une c\u00e9r\u00e9monie qui s\u2019est d\u00e9roul\u00e9e dans le village de Petitcodiac, o\u00f9 confluent les eaux d\u2019amont du bassin de la rivi\u00e8re. Depuis sa fondation, l\u2019organisme a jou\u00e9 un r\u00f4le central dans la protection et la restauration des bassins versants des rivi\u00e8res Petitcodiac et Memramcook et de l\u2019estuaire de la baie de Shepody.<\/p>\n\n\n\n<p><a href=\"http:\/\/petitcodiac.org\/wp-content\/uploads\/2020\/11\/Sentinelles_10_ans_sommaire-1.pdf\" target=\"_blank\" rel=\"noopener\" title=\"\"><strong>Faits saillants des premiers 10 ans de Sentinelles Petitcodiac : 1999 \u2013 2009<\/strong><\/a><\/p>\n\n\n\n<figure class=\"wp-block-image size-large\"><img loading=\"lazy\" decoding=\"async\" width=\"328\" height=\"325\" src=\"http:\/\/petitcodiac.org\/wp-content\/uploads\/2020\/11\/map-1-histoire.jpg\" alt=\"\" class=\"wp-image-408\" srcset=\"http:\/\/petitcodiac.net\/wp-content\/uploads\/2020\/11\/map-1-histoire.jpg 328w, http:\/\/petitcodiac.net\/wp-content\/uploads\/2020\/11\/map-1-histoire-300x297.jpg 300w, http:\/\/petitcodiac.net\/wp-content\/uploads\/2020\/11\/map-1-histoire-150x150.jpg 150w\" sizes=\"(max-width: 328px) 100vw, 328px\" \/><\/figure>\n","protected":false},"excerpt":{"rendered":"<p>Sentinelles Petitcodiac a vu le jour le 18 f\u00e9vrier 1999, lors d\u2019une c\u00e9r\u00e9monie qui s\u2019est d\u00e9roul\u00e9e dans le village de Petitcodiac, o\u00f9 confluent les eaux d\u2019amont du bassin de la rivi\u00e8re. Depuis sa fondation, l\u2019organisme a jou\u00e9 un r\u00f4le central dans la protection et la restauration des bassins versants des rivi\u00e8res Petitcodiac et Memramcook et [&hellip;]<\/p>\n","protected":false},"author":4,"featured_media":0,"parent":131,"menu_order":4,"comment_status":"closed","ping_status":"closed","template":"","meta":{"footnotes":""},"aioseo_notices":[],"_links":{"self":[{"href":"http:\/\/petitcodiac.net\/fr\/wp-json\/wp\/v2\/pages\/397"}],"collection":[{"href":"http:\/\/petitcodiac.net\/fr\/wp-json\/wp\/v2\/pages"}],"about":[{"href":"http:\/\/petitcodiac.net\/fr\/wp-json\/wp\/v2\/types\/page"}],"author":[{"embeddable":true,"href":"http:\/\/petitcodiac.net\/fr\/wp-json\/wp\/v2\/users\/4"}],"replies":[{"embeddable":true,"href":"http:\/\/petitcodiac.net\/fr\/wp-json\/wp\/v2\/comments?post=397"}],"version-history":[{"count":5,"href":"http:\/\/petitcodiac.net\/fr\/wp-json\/wp\/v2\/pages\/397\/revisions"}],"predecessor-version":[{"id":3843,"href":"http:\/\/petitcodiac.net\/fr\/wp-json\/wp\/v2\/pages\/397\/revisions\/3843"}],"up":[{"embeddable":true,"href":"http:\/\/petitcodiac.net\/fr\/wp-json\/wp\/v2\/pages\/131"}],"wp:attachment":[{"href":"http:\/\/petitcodiac.net\/fr\/wp-json\/wp\/v2\/media?parent=397"}],"curies":[{"name":"wp","href":"https:\/\/api.w.org\/{rel}","templated":true}]}}