{"id":394,"date":"2020-11-05T10:14:02","date_gmt":"2020-11-05T14:14:02","guid":{"rendered":"https:\/\/www.dev-id.co\/riverkeeper\/?page_id=394"},"modified":"2020-12-15T12:51:32","modified_gmt":"2020-12-15T16:51:32","slug":"waterkeeper-alliance","status":"publish","type":"page","link":"http:\/\/petitcodiac.net\/fr\/qui-nous-sommes\/waterkeeper-alliance\/","title":{"rendered":"Waterkeeper alliance"},"content":{"rendered":"\n<p>Sentinelles Petitcodiac constitue le premier chapitre d\u2019un puissant r\u00e9seau vou\u00e9 \u00e0 la protection de rivi\u00e8res, baies et d\u00e9troits, la Waterkeeper Alliance. Ce r\u00e9seau, qui a vu le jour aux \u00c9tats-Unis en 1999 et tire ses origines de la Hudson River Fishermen\u2019s Association, dans l\u2019\u00c9tat de New York, poss\u00e8de une impressionnante feuille de route de pour ce qui est de lutter pour la restauration de cours d\u2019eau. Waterkeeper Alliance est un organisme maintenant international pour la d\u00e9fense de l\u2019eau qui lutte pour que soit respect\u00e9 le droit de tous \u00e0 une eau saine.<\/p>\n\n\n\n<figure class=\"wp-block-image size-large\"><img loading=\"lazy\" decoding=\"async\" width=\"768\" height=\"965\" src=\"http:\/\/petitcodiac.org\/wp-content\/uploads\/2020\/11\/Who-we-are_waterkeeper-alliance.jpg\" alt=\"\" class=\"wp-image-402\" srcset=\"http:\/\/petitcodiac.net\/wp-content\/uploads\/2020\/11\/Who-we-are_waterkeeper-alliance.jpg 768w, http:\/\/petitcodiac.net\/wp-content\/uploads\/2020\/11\/Who-we-are_waterkeeper-alliance-239x300.jpg 239w\" sizes=\"(max-width: 768px) 100vw, 768px\" \/><\/figure>\n\n\n\n<p>Dans les ann\u00e9es 1980, Hudson Riverkeepers est devenu le premier organisme Waterkeeper, sous l\u2019\u00e9gide de deux personnalit\u00e9s dynamiques et bien connues, John Cronin et Robert F. Kennedy&nbsp;fils. Aujourd\u2019hui, plus de 180 organismes de sentinelles fonctionnent partout en Am\u00e9rique du Nord et outremer.&nbsp; Les programmes Waterkeeper ont pos\u00e9 des d\u00e9fis non n\u00e9gligeables aux pollueurs des cours d\u2019eau d\u2019Am\u00e9rique du Nord et remport\u00e9 une kyrielle de victoires juridiques pour forcer les gouvernements et les industries \u00e0 nettoyer et pr\u00e9venir la pollution. Waterkeeper Alliance agit comme d\u00e9fenseur de l\u2019eau saine et des collectivit\u00e9s fortes en apportant \u00e0 ses membres son soutien expert en mati\u00e8re juridique, scientifique et de politiques et en appuyant le d\u00e9veloppement de leurs capacit\u00e9s.<\/p>\n\n\n\n<p>En 1997, Robert F. Kennedy fils et John Cronin ont publi\u00e9 \u00ab The Riverkeepers \u00bb, un livre qui s\u2019est fait conna\u00eetre autour du globe et qui dresse un bon portrait contextuel de ce mouvement.&nbsp;Consultez&nbsp;le site Web de la Waterkeeper Alliance pour en savoir plus long sur&nbsp;ce&nbsp;regroupement.<\/p>\n\n\n\n<h2 class=\"wp-block-heading\">Sentinelles Canada<\/h2>\n\n\n\n<p>Les neuf programmes canadiens de Sentinelles sont unis en un front national \u00e0 l\u2019int\u00e9rieur du mouvement international de la Waterkeeper Alliance. Cet \u00e9chelon suppl\u00e9mentaire de soutien permet aux organismes canadiens de promouvoir l\u2019esprit et le travail d\u2019\u00e9quipe et d\u2019\u00e9laborer des strat\u00e9gies relatives aux enjeux locaux rev\u00eatant une importance nationale. Tant la Waterkeeper Alliance que les groupes Sentinelles canadiens mettent \u00e0 la disposition de Sentinelles Petitcodiac un pr\u00e9cieux r\u00e9seau de soutien et de communication.<\/p>\n\n\n\n<div class=\"wp-block-image\"><figure class=\"aligncenter size-large is-resized\"><a href=\"https:\/\/waterkeeper.org\/?lang=fr\" target=\"_blank\" rel=\"noopener noreferrer\"><img loading=\"lazy\" decoding=\"async\" src=\"http:\/\/petitcodiac.org\/wp-content\/uploads\/2020\/11\/Who-we-are_waterkeeper-alliance-2.gif\" alt=\"\" class=\"wp-image-404\" width=\"183\" height=\"87\"\/><\/a><\/figure><\/div>\n\n\n\n<p>Voici le lien vers les autres groupes Sentinelles \/Waterkeeper au Canada:<\/p>\n\n\n\n<ul><li><a rel=\"noreferrer noopener\" href=\"http:\/\/www.waterkeeper.ca\/\" target=\"_blank\">Lake Ontario Waterkeeper<\/a><\/li><li><a rel=\"noreferrer noopener\" href=\"http:\/\/ottawariverkeeper.ca\/\" target=\"_blank\">Ottawa Riverkeeper<\/a><\/li><li><a rel=\"noreferrer noopener\" href=\"http:\/\/www.fraserriverkeeper.ca\/\" target=\"_blank\">Fraser Riverkeeper<\/a><\/li><li><a rel=\"noreferrer noopener\" href=\"http:\/\/www.grandriverkeeperlabrador.ca\/\" target=\"_blank\">Grand Riverkeeper<\/a><\/li><li><a rel=\"noreferrer noopener\" href=\"http:\/\/www.conservationcouncil.ca\/our-programs\/fundy-baykeeper\/\" target=\"_blank\">Fundy Baykeeper<\/a><a rel=\"noreferrer noopener\" href=\"http:\/\/www.georgianbayforever.org\/\" target=\"_blank\">Georgian Baykeeper<\/a><\/li><\/ul>\n","protected":false},"excerpt":{"rendered":"<p>Sentinelles Petitcodiac constitue le premier chapitre d\u2019un puissant r\u00e9seau vou\u00e9 \u00e0 la protection de rivi\u00e8res, baies et d\u00e9troits, la Waterkeeper Alliance. Ce r\u00e9seau, qui a vu le jour aux \u00c9tats-Unis en 1999 et tire ses origines de la Hudson River Fishermen\u2019s Association, dans l\u2019\u00c9tat de New York, poss\u00e8de une impressionnante feuille de route de pour [&hellip;]<\/p>\n","protected":false},"author":4,"featured_media":0,"parent":131,"menu_order":3,"comment_status":"closed","ping_status":"closed","template":"","meta":{"footnotes":""},"aioseo_notices":[],"_links":{"self":[{"href":"http:\/\/petitcodiac.net\/fr\/wp-json\/wp\/v2\/pages\/394"}],"collection":[{"href":"http:\/\/petitcodiac.net\/fr\/wp-json\/wp\/v2\/pages"}],"about":[{"href":"http:\/\/petitcodiac.net\/fr\/wp-json\/wp\/v2\/types\/page"}],"author":[{"embeddable":true,"href":"http:\/\/petitcodiac.net\/fr\/wp-json\/wp\/v2\/users\/4"}],"replies":[{"embeddable":true,"href":"http:\/\/petitcodiac.net\/fr\/wp-json\/wp\/v2\/comments?post=394"}],"version-history":[{"count":8,"href":"http:\/\/petitcodiac.net\/fr\/wp-json\/wp\/v2\/pages\/394\/revisions"}],"predecessor-version":[{"id":2107,"href":"http:\/\/petitcodiac.net\/fr\/wp-json\/wp\/v2\/pages\/394\/revisions\/2107"}],"up":[{"embeddable":true,"href":"http:\/\/petitcodiac.net\/fr\/wp-json\/wp\/v2\/pages\/131"}],"wp:attachment":[{"href":"http:\/\/petitcodiac.net\/fr\/wp-json\/wp\/v2\/media?parent=394"}],"curies":[{"name":"wp","href":"https:\/\/api.w.org\/{rel}","templated":true}]}}