{"id":392,"date":"2020-11-05T10:11:03","date_gmt":"2020-11-05T14:11:03","guid":{"rendered":"https:\/\/www.dev-id.co\/riverkeeper\/?page_id=392"},"modified":"2022-08-21T00:30:14","modified_gmt":"2022-08-21T03:30:14","slug":"conseil-dadministration","status":"publish","type":"page","link":"http:\/\/petitcodiac.net\/fr\/qui-nous-sommes\/conseil-dadministration\/","title":{"rendered":"Conseil d&#8217;administration"},"content":{"rendered":"\n<h1 class=\"wp-block-heading\">Conseil ex\u00e9cutif<\/h1>\n\n\n\n<p class=\"has-text-align-center\"><strong>Co-pr\u00e9sidentes <\/strong><\/p>\n\n\n\n<p><strong>Jennifer Dingman<\/strong> : Jennifer est n\u00e9e et a grandi \u00e0 Calgary, en Alberta, mais elle est fi\u00e8re d&#8217;\u00eatre originaire du Nouveau-Brunswick et vit \u00e0 Riverview depuis presque la moiti\u00e9 de sa vie. Elle est titulaire d&#8217;un dipl\u00f4me de premier cycle en biologie environnementale de l&#8217;Universit\u00e9 du Nouveau-Brunswick et a poursuivi ses \u00e9tudes en vue d&#8217;obtenir un doctorat sur le cycle des populations d&#8217;algues et l&#8217;\u00e9cologie microbienne marine. Jennifer a une solide formation scientifique et poss\u00e8de une vaste exp\u00e9rience en recherche et en gestion de projets dans des secteurs tels que les administrations municipales et f\u00e9d\u00e9rales, les ONG et le milieu universitaire. Elle se passionne pour le service et le d\u00e9veloppement communautaire, la sensibilisation et l&#8217;\u00e9ducation scientifique. Elle est heureuse de poursuivre son mandat avec SPR en tant que co-pr\u00e9sidente !<\/p>\n\n\n\n<p><strong>Tosh Taylor <\/strong>: Tosh a 15 ans d&#8217;exp\u00e9rience dans le domaine des m\u00e9dias. Elle est comp\u00e9tente en mati\u00e8re de radiodiffusion, d&#8217;interpr\u00e9tation vocale, de blogging, de m\u00e9dias sociaux, de podcast et de production m\u00e9diatique. Elle a remport\u00e9 le prix Arts &amp; Culture de la Chambre de commerce du comt\u00e9 d&#8217;Albert en 2019, a \u00e9t\u00e9 co-animatrice du podcast Pickle Planet, qui a \u00e9t\u00e9 t\u00e9l\u00e9charg\u00e9 plus de 20 000 fois, et a obtenu un dipl\u00f4me en journalisme de diffusion du Loyalist College. Elle est fi\u00e8re d&#8217;\u00eatre membre du conseil d&#8217;administration de la Chambre de commerce du comt\u00e9 d&#8217;Albert ainsi que de Sentinelles Petitcodiac Riverkeepers et de Home and School pour l&#8217;\u00e9cole de mes enfants. Elle a \u00e9galement fait partie du comit\u00e9 ex\u00e9cutif du Rebecca Schofield All World Super Playpark.<\/p>\n\n\n\n<p class=\"has-text-align-center\"><strong>Vice-pr\u00e9sident <\/strong><\/p>\n\n\n\n<p><strong>Edmund Redfield<\/strong> : Edmund Redfield est le vice-pr\u00e9sident de Sentinelles Petitcodiac Riverkeepers. Il travaille pour Fort Folly Habitat Recovery, un organisme de la Premi\u00e8re nation de Fort Folly. \u00c0 ce titre, il g\u00e8re et exploite depuis 2011 le pi\u00e8ge \u00e0 poissons situ\u00e9 \u00e0 la t\u00eate de mar\u00e9e \u00e0 Salisbury, qui \u00e9chantillonne le mouvement des poissons anadromes passant sous le nouveau pont, au fur et \u00e0 mesure que ceux-ci remontent le cours sup\u00e9rieur de la Petitcodiac. Cette surveillance a permis de suivre les progr\u00e8s du projet de restauration de la rivi\u00e8re Petitcodiac de la province du Nouveau-Brunswick depuis l&#8217;ouverture des vannes du pont-chauss\u00e9e en 2010. Il est \u00e9galement l&#8217;auteur de Wildflowers of the Maritimes, un guide de terrain sur les plantes indig\u00e8nes et envahissantes locales.<\/p>\n\n\n\n<p class=\"has-text-align-center\"><strong>Secr\u00e9taire &#8211; Tr\u00e9sorier<\/strong><\/p>\n\n\n\n<p><strong>Claude Allard <\/strong>: Claude Allard a fait carri\u00e8re dans la fonction publique du Nouveau-Brunswick notamment dans le domaine de la sant\u00e9 et de l\u2019\u00e9ducation. Il a si\u00e9g\u00e9 sur plusieurs conseils d\u2019administration au niveau national dont celui de la Commission canadienne pour l\u2019UNESCO. Claude d\u00e9tient une licence de pilote d\u2019a\u00e9ronef ultra-l\u00e9ger ce qui lui permet de survoler les \u00e9cosyst\u00e8mes de la rivi\u00e8re Petitcodiac et de la rivi\u00e8re Memramcook, entre autre, et est en mesure de constater, de ses propres yeux, toute la beaut\u00e9 de cette nature de m\u00eame que sa grande fragilit\u00e9. Claude souhaite amener encore plus de gens \u00e0 appr\u00e9cier ces richesses naturelles et \u00e0 contribuer \u00e0 les prot\u00e9ger.<\/p>\n\n\n\n<p><\/p>\n\n\n\n<h1 class=\"wp-block-heading\">Membres du CA<\/h1>\n\n\n\n<p><strong>Kerry-Lee Morris Cormier :<\/strong> Kerry Lee s&#8217;est jointe \u00e0 notre conseil d\u2019administration cet automne pour repr\u00e9senter notre partenaire, la Premi\u00e8re Nation de Fort Folly. Elle travaille \u00e0 Fort Folly Habitat Recovery o\u00f9 elle aide la communaut\u00e9 \u00e0 \u00e9tablir des aires prot\u00e9g\u00e9es et de conservation autochtones des Mi\u2019gmaq du Nouveau-Brunswick. Kerry Lee est fi\u00e8re de se joindre \u00e0 notre conseil d&#8217;administration en cette p\u00e9riode historique et pleine d&#8217;espoir pour le bassin versant de la rivi\u00e8re Petitcodiac et le saumon atlantique de l&#8217;int\u00e9rieur de la baie de Fundy.<\/p>\n\n\n\n<p><strong>Nathalie Goguen :<\/strong> Biographie \u00e0 venir<\/p>\n\n\n\n<p><strong>Monique Arsenault : <\/strong>Originaire de Dalhousie au N.-B et install\u00e9e \u00e0 Moncton depuis 1978, Monique est traductrice de profession. Elle a \u00e9t\u00e9 pr\u00e9sente et militante d\u00e8s le d\u00e9but de la lutte pour restaurer la Petitcodiac et prot\u00e9ger ses tributaires, notamment le marais d\u2019amont de la rivi\u00e8re Anagance, o\u00f9 on mena\u00e7ait d\u2019installer une centrale de d\u00e9chets solides dans les ann\u00e9es 90. Fervente lectrice, elle pratique aussi le tai-chi et la marche; les arts, la nature et le jardinage.<\/p>\n\n\n\n<p><strong>Cecilia P\u00e9rez Plancarte :<\/strong> Originaire du Mexique, Cecilia a un baccalaur\u00e9at en biologie et est actuellement inscrite \u00e0 la ma\u00eetrise en \u00e9tudes de l\u2019environnement \u00e0 l&#8217;Universit\u00e9 de Moncton. Elle travaille comme assistante de recherche pour Dr. Jean Philippe Sapinski (UdeM) dans un projet<br>qui vise \u00e0 comprendre les transitions \u00e9cologiques dans l&#8217;Est du Canada.<br>Cecilia fait partie de l&#8217;\u00e9quipe du programme sur le changement climatique et l\u2019\u00e9nergie du Conseil de conservation du Nouveau-Brunswick, dirig\u00e9e par Louise Comeau, qui \u00e9tudie l&#8217;aspect des sciences sociales de la transition \u00e9lectrique. La recherche et l\u2019apprentissage continu sont devenus sa fa\u00e7on de s\u2019engager dans les enjeux socio-environnementaux. Ses int\u00e9r\u00eats de recherche comprennent la justice environnementale, le f\u00e9minisme autochtone, la th\u00e9orie intersectionnelle, l\u2019\u00e9cof\u00e9minisme, la perspective du genre, la transition \u00e9cologique juste et la d\u00e9colonisation. Lorsqu&#8217;elle ne travaille pas, elle aime passer du temps \u00e0 l&#8217;ext\u00e9rieur pour appr\u00e9cier les diff\u00e9rents cycles de la nature. Cela lui permet de se connecter mentalement, spirituellement et physiquement avec l&#8217;environnement. Cette passion pour la vie elle-m\u00eame, combin\u00e9e \u00e0 son exp\u00e9rience d&#8217;immigrante, l&#8217;a pouss\u00e9e \u00e0 s&#8217;impliquer davantage dans la communaut\u00e9, et c&#8217;est pourquoi elle est tr\u00e8s enthousiaste de devenir membre du conseil d&#8217;administration des<br>Sentinelles Petitcodiac Riverkeepers.<\/p>\n\n\n\n<p><strong>Rita-Anne Malenfant<\/strong> : Rita-Anne Malenfant est une professionnelle des affaires sp\u00e9cialis\u00e9e en marketing. Originaire de Dieppe, NB, elle s&#8217;est jointe au conseil d&#8217;administration de Sentinelles Petitcodiac Riverkeepers pour contribuer \u00e0 sa communaut\u00e9 et soutenir le bien-\u00eatre \u00e9cologique de sa r\u00e9gion d&#8217;origine, qui lui tient tant \u00e0 c\u0153ur. Elle a eu la chance d&#8217;\u00eatre t\u00e9moin des changements et des am\u00e9liorations apport\u00e9s \u00e0 la rivi\u00e8re par SPR au fil des ans et esp\u00e8re continuer \u00e0 le faire, maintenant en tant que nouveau membre du conseil.<\/p>\n\n\n\n<p><strong>Pierre Landry :<\/strong> Pierre fait ses d\u00e9buts comme collaborateur avec \u00c9coversit\u00e9 de l\u2019Universit\u00e9 de Moncton et Michel Desneiges en 2014. Celui-ci entreprend une ambitieuse collaboration avec Robert Kennedy Jr. et le Hudson Riverkeepers (\u00c9tat de New York). Pierre continue sa participation avec la fondation du premier Riverkeeper (Sentinelles) \u00e0 l\u2019ext\u00e9rieur des \u00c9tats-Unis en 1999. Comme membre fondateur, Pierre souligne la contribution et les liens cr\u00e9\u00e9s avec des proches comme Armand Bannister, Ronald Babin, Brian Branch, Michel Desjardins et Daniel Leblanc. Pr\u00e9sident du conseil d\u2019administration de 2010 \u00e0 2013, Pierre est aussi b\u00e9n\u00e9vole avec l\u2019Association du bassin versant de la baie de Shediac depuis sa cr\u00e9ation. Comme travail, Pierre \u0153uvre dans le domaine de la gestion des d\u00e9chets et du recyclage depuis plus de trente ans.<\/p>\n","protected":false},"excerpt":{"rendered":"<p>Conseil ex\u00e9cutif Co-pr\u00e9sidentes Jennifer Dingman : Jennifer est n\u00e9e et a grandi \u00e0 Calgary, en Alberta, mais elle est fi\u00e8re d&#8217;\u00eatre originaire du Nouveau-Brunswick et vit \u00e0 Riverview depuis presque la moiti\u00e9 de sa vie. Elle est titulaire d&#8217;un dipl\u00f4me de premier cycle en biologie environnementale de l&#8217;Universit\u00e9 du Nouveau-Brunswick et a poursuivi ses \u00e9tudes [&hellip;]<\/p>\n","protected":false},"author":4,"featured_media":0,"parent":131,"menu_order":2,"comment_status":"closed","ping_status":"closed","template":"templates\/template-full-width.php","meta":{"footnotes":""},"aioseo_notices":[],"_links":{"self":[{"href":"http:\/\/petitcodiac.net\/fr\/wp-json\/wp\/v2\/pages\/392"}],"collection":[{"href":"http:\/\/petitcodiac.net\/fr\/wp-json\/wp\/v2\/pages"}],"about":[{"href":"http:\/\/petitcodiac.net\/fr\/wp-json\/wp\/v2\/types\/page"}],"author":[{"embeddable":true,"href":"http:\/\/petitcodiac.net\/fr\/wp-json\/wp\/v2\/users\/4"}],"replies":[{"embeddable":true,"href":"http:\/\/petitcodiac.net\/fr\/wp-json\/wp\/v2\/comments?post=392"}],"version-history":[{"count":8,"href":"http:\/\/petitcodiac.net\/fr\/wp-json\/wp\/v2\/pages\/392\/revisions"}],"predecessor-version":[{"id":3421,"href":"http:\/\/petitcodiac.net\/fr\/wp-json\/wp\/v2\/pages\/392\/revisions\/3421"}],"up":[{"embeddable":true,"href":"http:\/\/petitcodiac.net\/fr\/wp-json\/wp\/v2\/pages\/131"}],"wp:attachment":[{"href":"http:\/\/petitcodiac.net\/fr\/wp-json\/wp\/v2\/media?parent=392"}],"curies":[{"name":"wp","href":"https:\/\/api.w.org\/{rel}","templated":true}]}}