{"id":383,"date":"2020-11-05T10:00:40","date_gmt":"2020-11-05T14:00:40","guid":{"rendered":"https:\/\/www.dev-id.co\/riverkeeper\/?page_id=383"},"modified":"2020-12-15T12:44:43","modified_gmt":"2020-12-15T16:44:43","slug":"test-mission-fr","status":"publish","type":"page","link":"http:\/\/petitcodiac.net\/fr\/qui-nous-sommes\/test-mission-fr\/","title":{"rendered":"Mission"},"content":{"rendered":"\n<p id=\"center_header\">Notre organisme a pour mission d\u2019\u00eatre le chef de file dans la restauration, la protection et la promotion de l\u2019int\u00e9grit\u00e9 \u00e9cologique des bassins versants des rivi\u00e8res Petitcodiac et Memramcook ainsi que de l\u2019estuaire de la baie de Shepody, au sud-est du Nouveau-Brunswick.&nbsp;<\/p>\n\n\n\n<p>Nous remplissons cette mission en sensibilisant la population, en faisant la promotion de la valeur patrimoniale\u00a0et culturelle des rivi\u00e8res ainsi que de leur importance sociale et \u00e9conomique, en patrouillant et en surveillant le bassin versant dans une d\u00e9marche visant \u00e0 promouvoir la conformit\u00e9 aux lois sur l\u2019environnement et en lan\u00e7ant des projets de restauration de cours d\u2019eau.<\/p>\n\n\n\n<p>Nos buts&nbsp;:<\/p>\n\n\n\n<ul><li>Prot\u00e9ger l\u2019int\u00e9grit\u00e9 \u00e9cologique des bassins versants des rivi\u00e8res Petitcodiac et Memramcook ainsi que de l\u2019estuaire de la baie de Shepody.<\/li><li>Promouvoir\u00a0 les valeurs environnementales, socio\u00e9conomiques, culturelles et historiques du r\u00e9seau riverain au moyen d\u2019activit\u00e9s de sensibilisation de la population.<\/li><li>Restaurer le passage des poissons et leurs habitats dans l\u2018ensemble du bassin hydrographique.<\/li><li>Sensibiliser les citoyens et citoyennes et en particulier les jeunes \u00e0 l\u2019importance d\u2019une eau saine.<\/li><li>Rep\u00e9rer\u00a0les\u00a0sources de pollution et promouvoir des solutions efficaces.<\/li><\/ul>\n","protected":false},"excerpt":{"rendered":"<p>Notre organisme a pour mission d\u2019\u00eatre le chef de file dans la restauration, la protection et la promotion de l\u2019int\u00e9grit\u00e9 \u00e9cologique des bassins versants des rivi\u00e8res Petitcodiac et Memramcook ainsi que de l\u2019estuaire de la baie de Shepody, au sud-est du Nouveau-Brunswick.&nbsp; Nous remplissons cette mission en sensibilisant la population, en faisant la promotion de [&hellip;]<\/p>\n","protected":false},"author":2,"featured_media":0,"parent":131,"menu_order":1,"comment_status":"closed","ping_status":"closed","template":"","meta":{"footnotes":""},"aioseo_notices":[],"_links":{"self":[{"href":"http:\/\/petitcodiac.net\/fr\/wp-json\/wp\/v2\/pages\/383"}],"collection":[{"href":"http:\/\/petitcodiac.net\/fr\/wp-json\/wp\/v2\/pages"}],"about":[{"href":"http:\/\/petitcodiac.net\/fr\/wp-json\/wp\/v2\/types\/page"}],"author":[{"embeddable":true,"href":"http:\/\/petitcodiac.net\/fr\/wp-json\/wp\/v2\/users\/2"}],"replies":[{"embeddable":true,"href":"http:\/\/petitcodiac.net\/fr\/wp-json\/wp\/v2\/comments?post=383"}],"version-history":[{"count":6,"href":"http:\/\/petitcodiac.net\/fr\/wp-json\/wp\/v2\/pages\/383\/revisions"}],"predecessor-version":[{"id":2101,"href":"http:\/\/petitcodiac.net\/fr\/wp-json\/wp\/v2\/pages\/383\/revisions\/2101"}],"up":[{"embeddable":true,"href":"http:\/\/petitcodiac.net\/fr\/wp-json\/wp\/v2\/pages\/131"}],"wp:attachment":[{"href":"http:\/\/petitcodiac.net\/fr\/wp-json\/wp\/v2\/media?parent=383"}],"curies":[{"name":"wp","href":"https:\/\/api.w.org\/{rel}","templated":true}]}}