{"id":3649,"date":"2023-01-10T09:48:32","date_gmt":"2023-01-10T13:48:32","guid":{"rendered":"http:\/\/petitcodiac.org\/?page_id=3649"},"modified":"2023-02-22T14:10:08","modified_gmt":"2023-02-22T18:10:08","slug":"boite-doutils-de-la-pont-chaussee-de-memramcook","status":"publish","type":"page","link":"http:\/\/petitcodiac.net\/fr\/projets-en-cours\/riviere-memramcook-et-son-pont-chaussee\/boite-doutils-de-la-pont-chaussee-de-memramcook\/","title":{"rendered":"Bo\u00eete d&#8217;outils du pont-chauss\u00e9e de Memramcook"},"content":{"rendered":"\n<figure class=\"wp-block-image size-large\"><img loading=\"lazy\" decoding=\"async\" width=\"1024\" height=\"576\" src=\"http:\/\/petitcodiac.org\/wp-content\/uploads\/2023\/01\/Memramcook-causeway-campaign-toolkit-1-1024x576.png\" alt=\"\" class=\"wp-image-3709\" srcset=\"http:\/\/petitcodiac.net\/wp-content\/uploads\/2023\/01\/Memramcook-causeway-campaign-toolkit-1-1024x576.png 1024w, http:\/\/petitcodiac.net\/wp-content\/uploads\/2023\/01\/Memramcook-causeway-campaign-toolkit-1-300x169.png 300w, http:\/\/petitcodiac.net\/wp-content\/uploads\/2023\/01\/Memramcook-causeway-campaign-toolkit-1-768x432.png 768w, http:\/\/petitcodiac.net\/wp-content\/uploads\/2023\/01\/Memramcook-causeway-campaign-toolkit-1-1536x864.png 1536w, http:\/\/petitcodiac.net\/wp-content\/uploads\/2023\/01\/Memramcook-causeway-campaign-toolkit-1-1200x675.png 1200w, http:\/\/petitcodiac.net\/wp-content\/uploads\/2023\/01\/Memramcook-causeway-campaign-toolkit-1.png 1920w\" sizes=\"(max-width: 1024px) 100vw, 1024px\" \/><\/figure>\n\n\n\n<p>Contribuerez-vous \u00e0 \u00e9crire l&#8217;histoire? Nous avons atteint un point de basculement critique avec le vieux pont-chauss\u00e9e de Memramcook, une structure semblable \u00e0 un barrage qui bloque le d\u00e9bit naturel de la rivi\u00e8re Memramcook. La structure n\u00e9cessitera soit des r\u00e9parations co\u00fbteuses pour rester op\u00e9rationnelle, soit devra \u00eatre remplac\u00e9e par un pont.<\/p>\n\n\n\n<p>Les communaut\u00e9s situ\u00e9es autour de la rivi\u00e8re et du pont-chauss\u00e9e de Memramcook r\u00e9clament son retrait depuis sa construction en 1973. Le pont-chauss\u00e9e a contribu\u00e9 \u00e0 l&#8217;\u00e9limination de plusieurs kilom\u00e8tres de l&#8217;estuaire en amont, affectant l&#8217;amplitude des mar\u00e9es, la migration des poissons, la s\u00e9dimentation et l&#8217;\u00e9change de nutriments dans le syst\u00e8me fluvial. s\u00e9dimentation et l&#8217;\u00e9change de nutriments dans le syst\u00e8me fluvial. De plus, le pont-chauss\u00e9e a entra\u00een\u00e9 l&#8217;\u00e9limination de presque toutes les esp\u00e8ces de poissons qui habitaient autrefois la rivi\u00e8re, y compris le saumon de l&#8217;Atlantique de l&#8217;int\u00e9rieur de la baie de Fundy, l&#8217;alose savoureuse, le bar ray\u00e9, le poulamon de l&#8217;Atlantique, l&#8217;omble de fontaine \u00e0 montaison marine et bien d&#8217;autres.&nbsp;<\/p>\n\n\n\n<p>Un pont permettra \u00e0 la rivi\u00e8re Memramcook de s&#8217;\u00e9couler librement, et \u00e0 la restauration de commencer, tout en gardant les communaut\u00e9s des deux c\u00f4t\u00e9s de la rivi\u00e8re connect\u00e9es.<\/p>\n\n\n\n<p>Comment pouvez-vous aider \u00e0 lib\u00e9rer la rivi\u00e8re? Consultez les liens ci-dessous pour en savoir plus sur la rivi\u00e8re Memramcook et le pont-chauss\u00e9e et sur la fa\u00e7on dont vous pouvez participer \u00e0 sa suppression.<\/p>\n\n\n\n<h2 class=\"wp-block-heading\">Actions<\/h2>\n\n\n\n<ul>\n<li>Imprimez et signez notre <strong><a href=\"http:\/\/petitcodiac.org\/wp-content\/uploads\/2023\/01\/Petition-Memramcook-Causeway-FR.docx.pdf\" target=\"_blank\" rel=\"noopener\" title=\"\">p\u00e9tition<\/a><\/strong><\/li>\n\n\n\n<li><strong><a href=\"http:\/\/petitcodiac.org\/wp-content\/uploads\/2023\/01\/Petition-Instructions-FR.pdf\" target=\"_blank\" rel=\"noopener\" title=\"\">Partagez<\/a><\/strong> la p\u00e9tition avec vos amis!<\/li>\n\n\n\n<li><strong><a href=\"http:\/\/petitcodiac.org\/fr\/projets-en-cours\/riviere-memramcook-et-son-pont-chaussee\/boite-doutils-de-la-pont-chaussee-de-memramcook\/envoyez-un-courriel-aux-decideurs-cles\/\" target=\"_blank\" rel=\"noopener\" title=\"\">Envoyez<\/a><\/strong> un courriel aux d\u00e9cideurs cl\u00e9s<\/li>\n\n\n\n<li>Utilisez <strong>#Lib\u00e9rerLaRivi\u00e8reMemramcook<\/strong> sur Facebook et Instagram!<\/li>\n\n\n\n<li>Partagez nos publications sur <a href=\"https:\/\/www.facebook.com\/SentinellesPetitcodiacRiverkeepers\/\" target=\"_blank\" rel=\"noopener\" title=\"\"><strong>Facebook<\/strong><\/a> et <a href=\"https:\/\/www.instagram.com\/sentinelles_p_riverkeeper\/\" target=\"_blank\" rel=\"noopener\" title=\"\"><strong>Instagram<\/strong><\/a><strong> <\/strong>avec les personnes que vous connaissez!<\/li>\n\n\n\n<li><a href=\"http:\/\/petitcodiac.org\/fr\/impliquez-vous\/subscribe\/\" target=\"_blank\" rel=\"noopener\" title=\"\"><strong>Inscrivez-vous<\/strong><\/a> \u00e0 notre newsletter!<\/li>\n\n\n\n<li><a href=\"https:\/\/www.facebook.com\/groups\/215129506488483\" target=\"_blank\" rel=\"noopener\" title=\"\"><strong>Rejoignez<\/strong><\/a> notre groupe Facebook!<\/li>\n<\/ul>\n\n\n\n<h2 class=\"wp-block-heading\">Dons<\/h2>\n\n\n\n<ul>\n<li><a href=\"http:\/\/petitcodiac.org\/fr\/impliquez-vous\/contributions\/\" target=\"_blank\" rel=\"noopener\" title=\"\"><strong>Faites un don maintenant<\/strong><\/a> pour lib\u00e9rer la rivi\u00e8re!<\/li>\n\n\n\n<li><a href=\"http:\/\/petitcodiac.org\/fr\/impliquez-vous\/devenez-membre\/\" target=\"_blank\" rel=\"noopener\" title=\"\"><strong>Devenez membre<\/strong><\/a> pour aider \u00e0 prot\u00e9ger la rivi\u00e8re<\/li>\n<\/ul>\n\n\n\n<h2 class=\"wp-block-heading\">\u00c9v\u00e9nements<\/h2>\n\n\n\n<ul>\n<li><a href=\"http:\/\/petitcodiac.org\/fr\/events\/\" target=\"_blank\" rel=\"noopener\" title=\"\">\u00c9v\u00e9nements \u00e0 venir<\/a><\/li>\n<\/ul>\n\n\n\n<h2 class=\"wp-block-heading\">M\u00e9dias<\/h2>\n\n\n\n<ul>\n<li>Lisez les articles de presse sur la rivi\u00e8re Memramcook!\n<ul>\n<li><a href=\"https:\/\/www.acadienouvelle.com\/actualites\/2020\/03\/08\/memramcook-lelimination-du-pont-chaussee-gagne-des-appuis\/\" target=\"_blank\" rel=\"noopener\" title=\"\">Memramcook: l\u2019\u00e9limination du pont-chauss\u00e9e gagne des appuis<\/a> (Acadie Nouvelle &#8211; March 2020)<\/li>\n\n\n\n<li><a href=\"https:\/\/tj.news\/times-and-transcript\/101950541\" target=\"_blank\" rel=\"noopener\" title=\"\">Memramcook causeway should be replaced by bridge: Riverkeeper<\/a> (Times &amp; Transcript)<\/li>\n\n\n\n<li><a href=\"https:\/\/nbmediacoop.org\/2021\/07\/27\/petitcodiac-river-historical-transition-nearing-completion\/\" target=\"_blank\" rel=\"noopener\" title=\"\">Petitcodiac River: historical transition nearing completion<\/a> (NB Media Co-op &#8211; July 2021)<\/li>\n\n\n\n<li><a href=\"https:\/\/tj.news\/times-and-transcript\/101736434\" target=\"_blank\" rel=\"noopener\" title=\"\">Memramcook causeway should be replaced by bridge: Riverkeeper<\/a> (Times &amp; Transcript)<\/li>\n\n\n\n<li><a href=\"https:\/\/www.acadienouvelle.com\/actualites\/2022\/08\/25\/reverra-t-on-un-jour-des-poissons-dans-la-riviere-memramcook\/\" target=\"_blank\" rel=\"noopener\" title=\"\">Reverra-t-on un jour des poissons dans la rivi\u00e8re Memramcook?<\/a> (Acadie Nouvelle &#8211; August 2022)<\/li>\n<\/ul>\n<\/li>\n<\/ul>\n\n\n\n<h2 class=\"wp-block-heading\">Rapports<\/h2>\n\n\n\n<ul>\n<li>Pour en savoir plus sur la rivi\u00e8re, lisez nos rapports\n<ul>\n<li><a href=\"http:\/\/petitcodiac.org\/wp-content\/uploads\/2022\/03\/Preliminary-Assessment-of-Options-FR3-FINAL.pdf\" target=\"_blank\" rel=\"noopener\" title=\"\">\u00c9valuation pr\u00e9liminaire des options pour la viabilit\u00e9 \u00e0 long terme du pont-chauss\u00e9e de la rivi\u00e8re Memramcook (2020)<\/a><\/li>\n\n\n\n<li><a href=\"http:\/\/petitcodiac.org\/wp-content\/uploads\/2021\/12\/Re%CC%81sume%CC%81-des-consultations-v1-1.pdf\" target=\"_blank\" rel=\"noopener\" title=\"\">R\u00e9sum\u00e9 des consultations publiques sur l\u2019\u00e9tat du pont-chauss\u00e9e de la rivi\u00e8re Memramcook et l\u2019avenir de la rivi\u00e8re et du bassin versant de Memramcook (2020)&nbsp;<\/a><\/li>\n\n\n\n<li><a href=\"http:\/\/petitcodiac.org\/wp-content\/uploads\/2021\/12\/Rapport-de-faisabilite-pour-le-remplacement-du-pont-chaussee-de-la-riviere-Memramcook.pdf\" target=\"_blank\" rel=\"noopener\" title=\"\">Rapport de faisabilit\u00e9 pour le remplacement du pont-chauss\u00e9e de la rivi\u00e8re Memramcook (2021)<\/a><\/li>\n\n\n\n<li><a href=\"http:\/\/petitcodiac.org\/wp-content\/uploads\/2022\/08\/Plan-daction-communautaire-SPR.pdf\" target=\"_blank\" rel=\"noopener\" title=\"\">Plan d\u2019action communautaire Recommandations \u00e0 l\u2019\u00e9gard de la revitalisation du bassin versant Memramcook et des possibilit\u00e9s d\u2019\u00e9cotourisme et de d\u00e9veloppement \u00e9conomique qui en d\u00e9coulent (2022)<\/a><\/li>\n<\/ul>\n<\/li>\n<\/ul>\n\n\n\n<h2 class=\"wp-block-heading\">Photos<\/h2>\n\n\n\n<figure class=\"wp-block-gallery has-nested-images columns-default is-cropped wp-block-gallery-1 is-layout-flex wp-block-gallery-is-layout-flex\">\n<figure class=\"wp-block-image size-large\"><img loading=\"lazy\" decoding=\"async\" width=\"1558\" height=\"2055\" data-id=\"3703\" src=\"http:\/\/petitcodiac.org\/wp-content\/uploads\/2023\/01\/My-project.jpg\" alt=\"\" class=\"wp-image-3703\" srcset=\"http:\/\/petitcodiac.net\/wp-content\/uploads\/2023\/01\/My-project.jpg 1558w, http:\/\/petitcodiac.net\/wp-content\/uploads\/2023\/01\/My-project-227x300.jpg 227w, http:\/\/petitcodiac.net\/wp-content\/uploads\/2023\/01\/My-project-776x1024.jpg 776w, http:\/\/petitcodiac.net\/wp-content\/uploads\/2023\/01\/My-project-768x1013.jpg 768w, http:\/\/petitcodiac.net\/wp-content\/uploads\/2023\/01\/My-project-1165x1536.jpg 1165w, http:\/\/petitcodiac.net\/wp-content\/uploads\/2023\/01\/My-project-1553x2048.jpg 1553w, http:\/\/petitcodiac.net\/wp-content\/uploads\/2023\/01\/My-project-1200x1583.jpg 1200w\" sizes=\"(max-width: 1558px) 100vw, 1558px\" \/><figcaption class=\"wp-element-caption\">La rivi\u00e8re Memramcook 2018 vs 2021<\/figcaption><\/figure>\n\n\n\n<figure class=\"wp-block-image size-large\"><img loading=\"lazy\" decoding=\"async\" width=\"2048\" height=\"1365\" data-id=\"3697\" src=\"http:\/\/petitcodiac.org\/wp-content\/uploads\/2023\/01\/SD_Memramcook3_25aout-2048x1365-2.jpg\" alt=\"\" class=\"wp-image-3697\" srcset=\"http:\/\/petitcodiac.net\/wp-content\/uploads\/2023\/01\/SD_Memramcook3_25aout-2048x1365-2.jpg 2048w, http:\/\/petitcodiac.net\/wp-content\/uploads\/2023\/01\/SD_Memramcook3_25aout-2048x1365-2-300x200.jpg 300w, http:\/\/petitcodiac.net\/wp-content\/uploads\/2023\/01\/SD_Memramcook3_25aout-2048x1365-2-1024x683.jpg 1024w, http:\/\/petitcodiac.net\/wp-content\/uploads\/2023\/01\/SD_Memramcook3_25aout-2048x1365-2-768x512.jpg 768w, http:\/\/petitcodiac.net\/wp-content\/uploads\/2023\/01\/SD_Memramcook3_25aout-2048x1365-2-391x260.jpg 391w, http:\/\/petitcodiac.net\/wp-content\/uploads\/2023\/01\/SD_Memramcook3_25aout-2048x1365-2-1536x1024.jpg 1536w, http:\/\/petitcodiac.net\/wp-content\/uploads\/2023\/01\/SD_Memramcook3_25aout-2048x1365-2-1200x800.jpg 1200w, http:\/\/petitcodiac.net\/wp-content\/uploads\/2023\/01\/SD_Memramcook3_25aout-2048x1365-2-1980x1320.jpg 1980w\" sizes=\"(max-width: 2048px) 100vw, 2048px\" \/><figcaption class=\"wp-element-caption\">Le pont-chauss\u00e9e de Memramcook<\/figcaption><\/figure>\n\n\n\n<figure class=\"wp-block-image size-large\"><img loading=\"lazy\" decoding=\"async\" width=\"2000\" height=\"1534\" data-id=\"3695\" src=\"http:\/\/petitcodiac.org\/wp-content\/uploads\/2023\/01\/memramcookriver-1.jpg\" alt=\"\" class=\"wp-image-3695\" srcset=\"http:\/\/petitcodiac.net\/wp-content\/uploads\/2023\/01\/memramcookriver-1.jpg 2000w, http:\/\/petitcodiac.net\/wp-content\/uploads\/2023\/01\/memramcookriver-1-300x230.jpg 300w, http:\/\/petitcodiac.net\/wp-content\/uploads\/2023\/01\/memramcookriver-1-1024x785.jpg 1024w, http:\/\/petitcodiac.net\/wp-content\/uploads\/2023\/01\/memramcookriver-1-768x589.jpg 768w, http:\/\/petitcodiac.net\/wp-content\/uploads\/2023\/01\/memramcookriver-1-1536x1178.jpg 1536w, http:\/\/petitcodiac.net\/wp-content\/uploads\/2023\/01\/memramcookriver-1-1200x920.jpg 1200w, http:\/\/petitcodiac.net\/wp-content\/uploads\/2023\/01\/memramcookriver-1-1980x1519.jpg 1980w\" sizes=\"(max-width: 2000px) 100vw, 2000px\" \/><figcaption class=\"wp-element-caption\">Rivi\u00e8re Memramcook, Nouveau Brunswick, Canada<\/figcaption><\/figure>\n<\/figure>\n","protected":false},"excerpt":{"rendered":"<p>Contribuerez-vous \u00e0 \u00e9crire l&#8217;histoire? Nous avons atteint un point de basculement critique avec le vieux pont-chauss\u00e9e de Memramcook, une structure semblable \u00e0 un barrage qui bloque le d\u00e9bit naturel de la rivi\u00e8re Memramcook. La structure n\u00e9cessitera soit des r\u00e9parations co\u00fbteuses pour rester op\u00e9rationnelle, soit devra \u00eatre remplac\u00e9e par un pont. Les communaut\u00e9s situ\u00e9es autour de [&hellip;]<\/p>\n","protected":false},"author":4,"featured_media":0,"parent":442,"menu_order":1,"comment_status":"closed","ping_status":"closed","template":"","meta":{"footnotes":""},"aioseo_notices":[],"_links":{"self":[{"href":"http:\/\/petitcodiac.net\/fr\/wp-json\/wp\/v2\/pages\/3649"}],"collection":[{"href":"http:\/\/petitcodiac.net\/fr\/wp-json\/wp\/v2\/pages"}],"about":[{"href":"http:\/\/petitcodiac.net\/fr\/wp-json\/wp\/v2\/types\/page"}],"author":[{"embeddable":true,"href":"http:\/\/petitcodiac.net\/fr\/wp-json\/wp\/v2\/users\/4"}],"replies":[{"embeddable":true,"href":"http:\/\/petitcodiac.net\/fr\/wp-json\/wp\/v2\/comments?post=3649"}],"version-history":[{"count":9,"href":"http:\/\/petitcodiac.net\/fr\/wp-json\/wp\/v2\/pages\/3649\/revisions"}],"predecessor-version":[{"id":3827,"href":"http:\/\/petitcodiac.net\/fr\/wp-json\/wp\/v2\/pages\/3649\/revisions\/3827"}],"up":[{"embeddable":true,"href":"http:\/\/petitcodiac.net\/fr\/wp-json\/wp\/v2\/pages\/442"}],"wp:attachment":[{"href":"http:\/\/petitcodiac.net\/fr\/wp-json\/wp\/v2\/media?parent=3649"}],"curies":[{"name":"wp","href":"https:\/\/api.w.org\/{rel}","templated":true}]}}