{"id":2569,"date":"2021-05-20T12:53:41","date_gmt":"2021-05-20T15:53:41","guid":{"rendered":"http:\/\/petitcodiac.org\/?page_id=2569"},"modified":"2023-04-25T11:36:02","modified_gmt":"2023-04-25T14:36:02","slug":"emplois","status":"publish","type":"page","link":"http:\/\/petitcodiac.net\/fr\/emplois\/","title":{"rendered":"Emplois"},"content":{"rendered":"\n<div class=\"wp-block-columns is-layout-flex wp-container-core-columns-layout-1 wp-block-columns-is-layout-flex\">\n<div class=\"wp-block-column is-layout-flow wp-block-column-is-layout-flow\" style=\"flex-basis:100%\">\n<pre class=\"wp-block-verse\"><strong>Coordinateur.ice de programmes environnementaux<\/strong>\n\n<strong>Le r\u00f4le et les responsabilit\u00e9s:<\/strong>\n\nNous sommes \u00e0 la recherche de deux coordinateurs.rices de programmes environnementaux pour planifier, coordonner et offrir des programmes dans le bassin versant de la Petitcodiac. Le r\u00f4le comprendra du travail de bureau (planification, communication avec les partenaires, suggestions pour les communications externes, mise \u00e0 jour du site web, etc.) et du travail \u00e0 l'ext\u00e9rieur (pr\u00e9sentations au public).\n\n- Offrir des visites guid\u00e9es de la rivi\u00e8re Petitcodiac sur les sentiers publics. Les visites communiquent l'importance de l'histoire, de l'\u00e9cologie et de la restauration de la rivi\u00e8re.\n\n- Offrir des ateliers \u00e9ducatifs en utilisant des plans adapt\u00e9s \u00e0 diff\u00e9rents groupes d'\u00e2ge.\n\n- \u00c9laborer du mat\u00e9riel \u00e9ducatif sur les activit\u00e9s de g\u00e9rance urbaine pour ajouter \u00e0 notre inventaire de mat\u00e9riel \u00e9ducatif.\n\n- Travailler avec une \u00e9quipe et des partenaires \u00e0 l'\u00e9laboration et \u00e0 la mise en \u0153uvre d'un plan pour les activit\u00e9s de sensibilisation de 2023.\n\n- Communiquer avec les intervenants de la communaut\u00e9, y compris les groupes communautaires, les organismes sans but lucratif, le gouvernement local, les entreprises et d'autres intervenants.\n\n- Offrir des visites guid\u00e9es de la rivi\u00e8re Petitcodiac sur les sentiers publics. Les visites communiquent l'importance de l'histoire, de l'\u00e9cologie et de la restauration de la rivi\u00e8re.\n\n- Enregistrer les donn\u00e9es de l'\u00e9v\u00e9nement pour les partager avec le conseil d'administration, les bailleurs de fonds et le public.\n\n- Prendre des photos pour contribuer \u00e0 la publication de messages sur les m\u00e9dias sociaux\n\n- Suivre l'inventaire et les ressources n\u00e9cessaires pour les \u00e9v\u00e9nements\n\n- \u00c9laborer des enqu\u00eates et organiser les r\u00e9sultats pour les partager avec les membres de l'\u00e9quipe et les bailleurs de fonds.\n\n<strong>Comp\u00e9tences et exp\u00e9rience requises:<\/strong>\n- Service \u00e0 la client\u00e8le\n- Exp\u00e9rience dans la planification d'\u00e9v\u00e9nements \n- Capacit\u00e9 \u00e0 travailler de mani\u00e8re ind\u00e9pendante et \u00e0 communiquer efficacement avec les membres de l'\u00e9quipe\n- \u00c0 l'aise de parler en anglais et en fran\u00e7ais\n- Capacit\u00e9 de se d\u00e9placer \u00e0 diff\u00e9rents endroits le long de la rivi\u00e8re Petitcodiac (atout)\n\nFlexibilit\u00e9 pour travailler \u00e0 domicile ou au bureau. \n\n<strong>Salaire :<\/strong> 18.65 \u00e0 21 $\/h bas\u00e9 sur l\u2019exp\u00e9rience et les fonds confirm\u00e9s.\n\n<strong>Horaire : <\/strong>Saisonnier, temps plein (35 heures\/semaine), minimum 8 semaines, quelques heures de travail le soir et le week-end. G\u00e9n\u00e9ralement, du lundi au vendredi. \n\n<strong>\u00c0 noter:<\/strong> Cet emploi est rendu possible gr\u00e2ce \u00e0 Emplois d'\u00e9t\u00e9 Canada. Les candidat.es doivent \u00eatre admissibles au financement d'Emplois d'\u00e9t\u00e9 Canada, c'est-\u00e0-dire avoir entre 15 et 30 ans au d\u00e9but de l'emploi, \u00eatre citoyen.ne canadien.ne, r\u00e9sident.e permanent.e ou personne \u00e0 qui l'on a conf\u00e9r\u00e9 l'asile, et avoir un num\u00e9ro d'assurance sociale valide au d\u00e9but de l'emploi. Il n'est pas n\u00e9cessaire d'\u00eatre \u00e9tudiant.e.\n\nVeuillez envoyer votre CV et votre lettre de motivation \u00e0 info@petitcodiac.org avant le 22 mai 2022. \n\nNous accueillons les candidatures de tous les candidat.es qualifi\u00e9.es, sans distinction de sexe, de handicap, de statut marital ou parental, d'origine raciale, ethnique ou sociale, de couleur, de religion, de croyance ou d'orientation sexuelle.\n\nNous remercions tous les candidat.es de leur int\u00e9r\u00eat. Toutefois, seuls les candidat.es s\u00e9lectionn\u00e9.es pour un entretien seront contact\u00e9s.\n<\/pre>\n<\/div>\n<\/div>\n","protected":false},"excerpt":{"rendered":"<p>Coordinateur.ice de programmes environnementaux Le r\u00f4le et les responsabilit\u00e9s: Nous sommes \u00e0 la recherche de deux coordinateurs.rices de programmes environnementaux pour planifier, coordonner et offrir des programmes dans le bassin versant de la Petitcodiac. Le r\u00f4le comprendra du travail de bureau (planification, communication avec les partenaires, suggestions pour les communications externes, mise \u00e0 jour du [&hellip;]<\/p>\n","protected":false},"author":4,"featured_media":0,"parent":0,"menu_order":0,"comment_status":"closed","ping_status":"closed","template":"","meta":{"footnotes":""},"aioseo_notices":[],"_links":{"self":[{"href":"http:\/\/petitcodiac.net\/fr\/wp-json\/wp\/v2\/pages\/2569"}],"collection":[{"href":"http:\/\/petitcodiac.net\/fr\/wp-json\/wp\/v2\/pages"}],"about":[{"href":"http:\/\/petitcodiac.net\/fr\/wp-json\/wp\/v2\/types\/page"}],"author":[{"embeddable":true,"href":"http:\/\/petitcodiac.net\/fr\/wp-json\/wp\/v2\/users\/4"}],"replies":[{"embeddable":true,"href":"http:\/\/petitcodiac.net\/fr\/wp-json\/wp\/v2\/comments?post=2569"}],"version-history":[{"count":20,"href":"http:\/\/petitcodiac.net\/fr\/wp-json\/wp\/v2\/pages\/2569\/revisions"}],"predecessor-version":[{"id":3866,"href":"http:\/\/petitcodiac.net\/fr\/wp-json\/wp\/v2\/pages\/2569\/revisions\/3866"}],"wp:attachment":[{"href":"http:\/\/petitcodiac.net\/fr\/wp-json\/wp\/v2\/media?parent=2569"}],"curies":[{"name":"wp","href":"https:\/\/api.w.org\/{rel}","templated":true}]}}