{"id":2441,"date":"2021-04-19T10:44:37","date_gmt":"2021-04-19T13:44:37","guid":{"rendered":"http:\/\/petitcodiac.org\/?page_id=2441"},"modified":"2023-06-13T09:55:13","modified_gmt":"2023-06-13T12:55:13","slug":"campagne-appui-nom-pont-petigotiag-bridge","status":"publish","type":"page","link":"http:\/\/petitcodiac.net\/fr\/campagne-appui-nom-pont-petigotiag-bridge\/","title":{"rendered":"Campagne d&#8217;appui envers le nom \u00ab Pont Petigotiag Bridge \u00bb"},"content":{"rendered":"\n<figure class=\"wp-block-image size-large\"><img loading=\"lazy\" decoding=\"async\" width=\"1024\" height=\"498\" src=\"http:\/\/petitcodiac.org\/wp-content\/uploads\/2021\/04\/campaign-new-bridge-name-1-1024x498.jpg\" alt=\"\" class=\"wp-image-2539\" srcset=\"http:\/\/petitcodiac.net\/wp-content\/uploads\/2021\/04\/campaign-new-bridge-name-1-1024x498.jpg 1024w, http:\/\/petitcodiac.net\/wp-content\/uploads\/2021\/04\/campaign-new-bridge-name-1-300x146.jpg 300w, http:\/\/petitcodiac.net\/wp-content\/uploads\/2021\/04\/campaign-new-bridge-name-1-768x373.jpg 768w, http:\/\/petitcodiac.net\/wp-content\/uploads\/2021\/04\/campaign-new-bridge-name-1-1536x747.jpg 1536w, http:\/\/petitcodiac.net\/wp-content\/uploads\/2021\/04\/campaign-new-bridge-name-1-2048x996.jpg 2048w, http:\/\/petitcodiac.net\/wp-content\/uploads\/2021\/04\/campaign-new-bridge-name-1-1200x583.jpg 1200w, http:\/\/petitcodiac.net\/wp-content\/uploads\/2021\/04\/campaign-new-bridge-name-1-1980x963.jpg 1980w\" sizes=\"(max-width: 1024px) 100vw, 1024px\" \/><\/figure>\n\n\n\n<p>2021 sera tout \u00e0 fait une ann\u00e9e historique pour notre r\u00e9gion !<\/p>\n\n\n\n<p>Gr\u00e2ce \u00e0 l&#8217;ouverture du nouveau pont entre Moncton et Riverview et au retrait du pont-chauss\u00e9e, la rivi\u00e8re Petitcodiac coule enfin librement \u00e0 nouveau. Le choix d\u2019un nom pour ce nouveau pont est une occasion \u00e0 ne pas manquer de reconna\u00eetre et de c\u00e9l\u00e9brer l\u2019\u00e9norme succ\u00e8s de la restauration de la rivi\u00e8re Petitcodiac ainsi que l\u2019histoire et l\u2019h\u00e9ritage culturel de cette rivi\u00e8re. <\/p>\n\n\n\n<p>L\u2019organisme Sentinelles Petitcodiac Riverkeeper (SPR) est heureux d&#8217;annoncer qu&#8217;il a soumis un nom pour ce nouveau pont au ministre des Transports et de l&#8217;Infrastructure du Nouveau-Brunswick &#8211; <strong>\u00ab Pont Petigotiag Bridge<\/strong> <strong>\u00bb<\/strong> &#8211; et qu\u2019il souhaite obtenir l\u2019appui du public envers ce choix de nom.<\/p>\n\n\n\n<p><strong>Petigotiag<\/strong> (prononc\u00e9 <strong><em>Peti-ko-tiak<\/em><\/strong>, semblable \u00e0 Petitcodiac) signifie \u00ab <em>rivi\u00e8re qui se courbe comme un arc<\/em> \u00bb en langue mi&#8217;kmaq. &nbsp;Dans cette orthographe, utilis\u00e9e par les communaut\u00e9s mi&#8217;kmaq du Nouveau-Brunswick, les g sont prononc\u00e9s comme des k.<\/p>\n\n\n\n<hr class=\"wp-block-separator has-css-opacity\"\/>\n\n\n\n<h2 class=\"wp-block-heading\">IMPORTANT ! MONTREZ VOTRE APPUI ENVERS LE NOM \u00ab PONT PETIGITIAG BRIDGE \u00bb<\/h2>\n\n\n\n<p>Les noms que nous donnons aux lieux physiques sont un reflet de notre culture et notre environnement g\u00e9ographique. Ils contribuent au sentiment de bien-\u00eatre des gens et fa\u00e7onnent leur sens d\u2019appartenance envers leur communaut\u00e9.<\/p>\n\n\n\n<p>Nommer le nouveau pont <strong>\u00ab Pont Petigotiag Bridge<\/strong> <strong>\u00bb<\/strong> serait un geste significatif et symbolique en reconnaissance de l\u2019histoire de la rivi\u00e8re Petitcodiac et des contributions de ses communaut\u00e9s acadienne, mi\u2019kmaq et anglophone envers l\u2019\u00e9norme succ\u00e8s environnemental que repr\u00e9sente la restauration de la rivi\u00e8re Petitcodiac. Autrefois la rivi\u00e8re la plus menac\u00e9e au Canada, la rivi\u00e8re Petitcodiac est aujourd\u2019hui consid\u00e9r\u00e9e comme le projet de restauration de rivi\u00e8re la plus importante et la plus r\u00e9ussie du pays.<\/p>\n\n\n\n<p>La reconnaissance et la pr\u00e9servation de l\u2019int\u00e9grit\u00e9 \u00e9cologique de cette terre partag\u00e9e, et du territoire mi\u2019kmaq non c\u00e9d\u00e9, est d\u2019une importance de plus en plus et \u00e0 juste titre reconnue dans le domaine public. <\/p>\n\n\n\n<p>Nous vous encourageons \u00e0 manifester votre appui envers ce nom en envoyant un courriel ou une lettre au ministre des Transports et de l&#8217;Infrastructure du Nouveau-Brunswick et au ministre du Tourisme, Patrimoine et Culture.<\/p>\n\n\n\n<div class=\"wp-block-buttons is-layout-flex wp-block-buttons-is-layout-flex\"><\/div>\n\n\n\n<div class=\"wp-block-buttons is-layout-flex wp-block-buttons-is-layout-flex\">\n<div class=\"wp-block-button\"><a class=\"wp-block-button__link wp-element-button\" href=\"http:\/\/petitcodiac.org\/fr\/ecrivez-un-courriel-au-ministre-des-transports-et-de-linfrastructure\/\" target=\"_blank\" rel=\"noreferrer noopener\">ENVOYEZ UN COURRIEL AU MINISTREs<\/a><\/div>\n<\/div>\n\n\n\n<div class=\"wp-block-buttons is-layout-flex wp-block-buttons-is-layout-flex\">\n<div class=\"wp-block-button\"><a class=\"wp-block-button__link wp-element-button\" href=\"http:\/\/petitcodiac.org\/fr\/?p=2398&amp;preview=true\" target=\"_blank\" rel=\"noreferrer noopener\">RENSEIGNEMENTS ADDITIONNELS ET IMPORTANCE DU NOM \u00ab&nbsp;PONT PETIGOTIAG BRIDGE&nbsp;\u00bb<\/a><\/div>\n<\/div>\n\n\n\n<figure class=\"wp-block-image size-large\"><img loading=\"lazy\" decoding=\"async\" width=\"1024\" height=\"512\" src=\"http:\/\/petitcodiac.org\/wp-content\/uploads\/2021\/06\/Celebrations-2-1024x512-1.jpg\" alt=\"\" class=\"wp-image-2710\" srcset=\"http:\/\/petitcodiac.net\/wp-content\/uploads\/2021\/06\/Celebrations-2-1024x512-1.jpg 1024w, http:\/\/petitcodiac.net\/wp-content\/uploads\/2021\/06\/Celebrations-2-1024x512-1-300x150.jpg 300w, http:\/\/petitcodiac.net\/wp-content\/uploads\/2021\/06\/Celebrations-2-1024x512-1-768x384.jpg 768w\" sizes=\"(max-width: 1024px) 100vw, 1024px\" \/><\/figure>\n\n\n\n<hr class=\"wp-block-separator has-css-opacity\"\/>\n\n\n\n<h2 class=\"wp-block-heading\">Couverture m\u00e9diatique<\/h2>\n\n\n\n<ul>\n<li>22 avril 2021: <a rel=\"noreferrer noopener\" href=\"https:\/\/www.cbc.ca\/news\/canada\/new-brunswick\/name-proposed-new-bridge-petitcodiac-river-1.5998484?fbclid=IwAR3UKr0Rkwj5TnBIOXrjaH7qDlof5rhfiDROSFg3lT5UJ3i_IcdfuWl6Sf8\" target=\"_blank\">CBC &#8211; Petitcodiac Riverkeeper group proposes name for new bridge between Moncton and Riverview<\/a><\/li>\n\n\n\n<li>23 avril 2021: <a rel=\"noreferrer noopener\" href=\"https:\/\/www.acadienouvelle.com\/actualites\/2021\/04\/23\/moncton-un-nom-mikmaq-propose-pour-le-nouveau-pont\/?fbclid=IwAR3eKxmdFbHkz18biNldeOHqKJWVQp08WzS2h3BMgJMAZYrrJJPa4pe8src\" target=\"_blank\">Acadie Nouvelle &#8211; Moncton: Un nom mi&#8217;kmaq propos\u00e9 pour le nouveau pont<\/a><\/li>\n\n\n\n<li>23 avril 2021: <a rel=\"noreferrer noopener\" href=\"https:\/\/tj.news\/story\/101543912?ref=fb&amp;fbclid=IwAR25LaD0qDuKhjQikXYiudLz9nlR-AA0jlo8ybLfABI1P2mQ3odgjwSwRKI\" target=\"_blank\">Times &amp; Transcript &#8211; Riverkeeper ask for public support for bridge name<\/a><\/li>\n\n\n\n<li>3 mai 2021: <a rel=\"noreferrer noopener\" href=\"https:\/\/www.919thebend.ca\/2021\/05\/03\/102625\/?sc_ref=l.facebook.com\" target=\"_blank\">91.9 The Bend &#8211; Causeway Bridge Returning Natural Flow To Petitcodiac<\/a><\/li>\n\n\n\n<li>11 mai 2021: <a rel=\"noreferrer noopener\" href=\"https:\/\/ici.radio-canada.ca\/tele\/le-telejournal-acadie\/site\/segments\/reportage\/354971\/petitcodiac-vannes-pont-riviere?fbclid=IwAR1XC8qITwLhcetDS4gwKPwnLgoipAeuHRZCPRsGqAUNykZNY7qkKdL6QYY\" target=\"_blank\">Radio Canada &#8211; Le T\u00e9l\u00e9journal Acadie &#8211; Petitcodiac: Les vannes du pont-jet\u00e9e ferm\u00e9es pour toujours<\/a><\/li>\n\n\n\n<li>11 mai 2021: <a rel=\"noreferrer noopener\" href=\"https:\/\/www.cbc.ca\/news\/canada\/new-brunswick\/gary-griffin-petitcodiac-river-bridge-1.6020340?fbclid=IwAR3U4L7leNyorcYywy5mzuAlkFHA9pV4zK44g6SXiKZRCtVq8U-S2tXxgDw\" target=\"_blank\">CBC &#8211; Water flowing under new Petitcodiac bridge an emotional sight for advocate<\/a><\/li>\n<\/ul>\n\n\n\n<hr class=\"wp-block-separator has-css-opacity\"\/>\n\n\n\n<h2 class=\"wp-block-heading\">Vid\u00e9os &#8211; Construction du nouveau pont<\/h2>\n\n\n\n<iframe loading=\"lazy\" src=\"https:\/\/www.facebook.com\/plugins\/video.php?height=314&#038;href=https%3A%2F%2Fwww.facebook.com%2FGouvNB%2Fvideos%2F515496909810316%2F&#038;show_text=true&#038;width=560\" width=\"560\" height=\"429\" style=\"border:none;overflow:hidden\" scrolling=\"no\" frameborder=\"0\" allowfullscreen=\"true\" allow=\"autoplay; clipboard-write; encrypted-media; picture-in-picture; web-share\" allowFullScreen=\"true\"><\/iframe>\n","protected":false},"excerpt":{"rendered":"<p>2021 sera tout \u00e0 fait une ann\u00e9e historique pour notre r\u00e9gion ! Gr\u00e2ce \u00e0 l&#8217;ouverture du nouveau pont entre Moncton et Riverview et au retrait du pont-chauss\u00e9e, la rivi\u00e8re Petitcodiac coule enfin librement \u00e0 nouveau. Le choix d\u2019un nom pour ce nouveau pont est une occasion \u00e0 ne pas manquer de reconna\u00eetre et de c\u00e9l\u00e9brer [&hellip;]<\/p>\n","protected":false},"author":2,"featured_media":0,"parent":0,"menu_order":0,"comment_status":"closed","ping_status":"closed","template":"","meta":{"footnotes":""},"aioseo_notices":[],"_links":{"self":[{"href":"http:\/\/petitcodiac.net\/fr\/wp-json\/wp\/v2\/pages\/2441"}],"collection":[{"href":"http:\/\/petitcodiac.net\/fr\/wp-json\/wp\/v2\/pages"}],"about":[{"href":"http:\/\/petitcodiac.net\/fr\/wp-json\/wp\/v2\/types\/page"}],"author":[{"embeddable":true,"href":"http:\/\/petitcodiac.net\/fr\/wp-json\/wp\/v2\/users\/2"}],"replies":[{"embeddable":true,"href":"http:\/\/petitcodiac.net\/fr\/wp-json\/wp\/v2\/comments?post=2441"}],"version-history":[{"count":40,"href":"http:\/\/petitcodiac.net\/fr\/wp-json\/wp\/v2\/pages\/2441\/revisions"}],"predecessor-version":[{"id":3869,"href":"http:\/\/petitcodiac.net\/fr\/wp-json\/wp\/v2\/pages\/2441\/revisions\/3869"}],"wp:attachment":[{"href":"http:\/\/petitcodiac.net\/fr\/wp-json\/wp\/v2\/media?parent=2441"}],"curies":[{"name":"wp","href":"https:\/\/api.w.org\/{rel}","templated":true}]}}