{"id":2225,"date":"2020-12-21T15:16:22","date_gmt":"2020-12-21T19:16:22","guid":{"rendered":"http:\/\/petitcodiac.org\/?page_id=2225"},"modified":"2020-12-21T15:17:01","modified_gmt":"2020-12-21T19:17:01","slug":"passez-a-laction","status":"publish","type":"page","link":"http:\/\/petitcodiac.net\/fr\/passez-a-laction\/","title":{"rendered":"Passez \u00e0 l&#8217;action"},"content":{"rendered":"\n<p>10 suggestions d\u2019actions que vous pouvez faire pour la Petitcodiac et l\u2019environnement:<\/p>\n\n\n\n<h3 class=\"wp-block-heading\">1.&nbsp; Informez-vous<\/h3>\n\n\n\n<p>Soyez inform\u00e9s au sujet des enjeux et des impacts affectant la rivi\u00e8re Petitcodiac et partagez vos connaissances et vos pr\u00e9occupations avec ceux qui vous entourent.<\/p>\n\n\n\n<h3 class=\"wp-block-heading\">2.&nbsp; Devenez b\u00e9n\u00e9vole<\/h3>\n\n\n\n<p>Impliquez-vous dans les diff\u00e9rentes activit\u00e9s b\u00e9n\u00e9voles des Sentinelles Petitcodiac.<\/p>\n\n\n\n<h3 class=\"wp-block-heading\">3.&nbsp; Participez aux \u00e9v\u00e9nements<\/h3>\n\n\n\n<p>Aidez nous avec les nettoyages des rivi\u00e8res,&nbsp;campagnes de lev\u00e9e de fonds ou \u00e9v\u00e9nements publiques organis\u00e9s pour la rivi\u00e8re.<\/p>\n\n\n\n<h3 class=\"wp-block-heading\">4.&nbsp; Demandez aux politiciens d\u2019agir!<\/h3>\n\n\n\n<p>Faites conna\u00eetre vos pr\u00e9occupations aux repr\u00e9sentants \u00e9lus et demandez-leur d\u2019agir en faveur de la rivi\u00e8re Petitcodiac et de l\u2019environnement.<\/p>\n\n\n\n<h3 class=\"wp-block-heading\">5.&nbsp; Surveillez les pollueurs!<\/h3>\n\n\n\n<p>Observez l\u2019environnement et informez les repr\u00e9sentants du D\u00e9partement de l\u2019Environnement ou la Sentinelle Petitcodiac de tout probl\u00e8me qui semble suspect.<\/p>\n\n\n\n<h3 class=\"wp-block-heading\">6.&nbsp; Respectez l\u2019environnement<\/h3>\n\n\n\n<p>Adoptez des pratiques et habitudes de consommation qui ne nuisent pas \u00e0 l\u2019environnement.<\/p>\n\n\n\n<h3 class=\"wp-block-heading\">7. Explorez la nature<\/h3>\n\n\n\n<p>Visitez les quatre coins du bassin versant de la rivi\u00e8re Petitcodiac, promenez vous le long du parc riverain, regardez la beaut\u00e9 naturelle du mascaret et des oiseaux migratoires de l\u2019estuaire de la baie de Shepody.<\/p>\n\n\n\n<h3 class=\"wp-block-heading\">8.&nbsp; Faites un don<\/h3>\n\n\n\n<p>Contribuez aux campagnes de financement des Sentinelles Petitcodiac.<\/p>\n\n\n\n<h3 class=\"wp-block-heading\">9. Soyez cr\u00e9atifs<\/h3>\n\n\n\n<p>Laissez la&nbsp;rivi\u00e8re Petitcodiac vous inspirez et cr\u00e9ez une \u0153uvre d\u2019art, un texte, un projet ou toute autre activit\u00e9.<\/p>\n\n\n\n<h3 class=\"wp-block-heading\">10.&nbsp; Remerciez la Terre!<\/h3>\n\n\n\n<p>Prenez un moment pour remercier la terre pour tout ce qu\u2019elle nous offre: eau, air et nature.<\/p>\n","protected":false},"excerpt":{"rendered":"<p>10 suggestions d\u2019actions que vous pouvez faire pour la Petitcodiac et l\u2019environnement: 1.&nbsp; Informez-vous Soyez inform\u00e9s au sujet des enjeux et des impacts affectant la rivi\u00e8re Petitcodiac et partagez vos connaissances et vos pr\u00e9occupations avec ceux qui vous entourent. 2.&nbsp; Devenez b\u00e9n\u00e9vole Impliquez-vous dans les diff\u00e9rentes activit\u00e9s b\u00e9n\u00e9voles des Sentinelles Petitcodiac. 3.&nbsp; Participez aux \u00e9v\u00e9nements [&hellip;]<\/p>\n","protected":false},"author":2,"featured_media":0,"parent":0,"menu_order":0,"comment_status":"closed","ping_status":"closed","template":"","meta":{"footnotes":""},"aioseo_notices":[],"_links":{"self":[{"href":"http:\/\/petitcodiac.net\/fr\/wp-json\/wp\/v2\/pages\/2225"}],"collection":[{"href":"http:\/\/petitcodiac.net\/fr\/wp-json\/wp\/v2\/pages"}],"about":[{"href":"http:\/\/petitcodiac.net\/fr\/wp-json\/wp\/v2\/types\/page"}],"author":[{"embeddable":true,"href":"http:\/\/petitcodiac.net\/fr\/wp-json\/wp\/v2\/users\/2"}],"replies":[{"embeddable":true,"href":"http:\/\/petitcodiac.net\/fr\/wp-json\/wp\/v2\/comments?post=2225"}],"version-history":[{"count":2,"href":"http:\/\/petitcodiac.net\/fr\/wp-json\/wp\/v2\/pages\/2225\/revisions"}],"predecessor-version":[{"id":2228,"href":"http:\/\/petitcodiac.net\/fr\/wp-json\/wp\/v2\/pages\/2225\/revisions\/2228"}],"wp:attachment":[{"href":"http:\/\/petitcodiac.net\/fr\/wp-json\/wp\/v2\/media?parent=2225"}],"curies":[{"name":"wp","href":"https:\/\/api.w.org\/{rel}","templated":true}]}}