{"id":2077,"date":"2020-12-15T12:15:26","date_gmt":"2020-12-15T16:15:26","guid":{"rendered":"http:\/\/petitcodiac.org\/?page_id=2077"},"modified":"2022-03-21T12:02:42","modified_gmt":"2022-03-21T15:02:42","slug":"vision-et-strategie-commune-pour-la-riviere-petitcodiac-et-ses-communautes-avoisinantes","status":"publish","type":"page","link":"http:\/\/petitcodiac.net\/fr\/vision-et-strategie-commune-pour-la-riviere-petitcodiac-et-ses-communautes-avoisinantes\/","title":{"rendered":"Vision et strat\u00e9gie communes pour la rivi\u00e8re Petitcodiac et ses communaut\u00e9s avoisinantes"},"content":{"rendered":"\n<p>Les Sentinelles Petitcodiac aimeraient d\u00e9velopper une strat\u00e9gie responsable sur le plan environnemental pour tirer profit des nouvelles possibilit\u00e9s offertes par la restauration de la rivi\u00e8re Petitcodiac, comme l\u2019\u00e9cotourisme, les activit\u00e9s r\u00e9cr\u00e9atives, la sant\u00e9 environnementale et publique, le d\u00e9veloppement \u00e9conomique et la r\u00e9silience communautaire.<\/p>\n\n\n\n<p>Depuis 20 ans, Sentinelles Petitcodiac et ses partenaires communautaires travaillent ensemble pour attirer l\u2019attention sur le sort de la rivi\u00e8re Petitcodiac. Les r\u00e9sultats ont \u00e9t\u00e9 historiques. La rivi\u00e8re reprend son d\u00e9bit naturel, ses populations de poissons augmentent et son habitat naturel est en cours de restauration. Le mascaret est une fois de plus une attraction touristique majeure. Jamais dans l\u2019histoire du Canada une rivi\u00e8re \u00e0 mar\u00e9e n\u2019a \u00e9t\u00e9 ramen\u00e9e \u00e0 la vie de la sorte, offrant une occasion unique de contribuer \u00e0 l\u2019am\u00e9lioration de la qualit\u00e9 de vie et de l\u2019\u00e9conomie de collectivit\u00e9s urbaines et rurales.<\/p>\n\n\n\n<p>Cependant, ces r\u00e9alisations exceptionnelles ne signifient pas que la rivi\u00e8re Petitcodiac est \u00e0 l\u2019abri des effets n\u00e9fastes des changements climatiques, de l\u2019\u00e9rosion, des inondations ou des probl\u00e8mes d\u2019origine humaine. La mont\u00e9e en popularit\u00e9 de l\u2019\u00e9cotourisme et de l\u2019utilisation r\u00e9cr\u00e9ative de notre rivi\u00e8re offre des bienfaits au d\u00e9veloppement \u00e9conomique local, mais peut aussi cr\u00e9er des probl\u00e8mes, et doit se faire de mani\u00e8re responsable afin d\u2019assurer le bien-\u00eatre de notre rivi\u00e8re et du public.<\/p>\n\n\n\n<p>En raison de l\u2019ouverture des vannes du pont-chauss\u00e9e en 2011, les am\u00e9liorations importantes apport\u00e9es au syst\u00e8me de traitement des eaux us\u00e9es et la construction en cours d\u2019un pont partiel, plusieurs acteurs importants qui, autrefois, s\u2019\u00e9taient mobilis\u00e9s autour de la restauration de la rivi\u00e8re Petitcodiac, sont retourn\u00e9s dans leur \u00ab bulle \u00bb respective et ne s\u2019impliquent plus autant. Certains groupes ont d\u00e9termin\u00e9 qu\u2019il serait n\u00e9cessaire de travailler ensemble de fa\u00e7on plus strat\u00e9gique.<\/p>\n\n\n\n<p>Le pont-chauss\u00e9e de la Petitcodiac a \u00e9t\u00e9 enlev\u00e9, permettant ainsi le retour du d\u00e9bit naturel de la rivi\u00e8re et la restauration des poissons et des habitats. Le 31 novembre 2021, Sentinelles Petitcodiac Riverkeeper a organis\u00e9 un symposium virtuel sur l&#8217;\u00e9cotourisme communautaire afin de r\u00e9unir des op\u00e9rateurs touristiques, des municipalit\u00e9s, des citoyens concern\u00e9s et d&#8217;autres intervenants pour discuter des possibilit\u00e9s de d\u00e9velopper et de promouvoir notre r\u00e9gion comme une destination touristique de classe mondiale.<\/p>\n\n\n\n<p>Consulter le sommaire des discussions ici :<\/p>\n\n\n\n<div class=\"wp-block-file\"><a href=\"http:\/\/petitcodiac.org\/wp-content\/uploads\/2022\/03\/Symposium-2022-sur-lEcotourisme-pour-les-communautes-adjacentes-des-rivieres-Petitcodiac-et-Memramcook_Sommaire_.pdf\">Sommaire &#8211; Symposium 2022 sur l&#8217;\u00c9cotourisme pour les communaut\u00e9s adjacentes des rivi\u00e8res Petitcodiac et Memramcook<\/a><a href=\"http:\/\/petitcodiac.org\/wp-content\/uploads\/2022\/03\/Symposium-2022-sur-lEcotourisme-pour-les-communautes-adjacentes-des-rivieres-Petitcodiac-et-Memramcook_Sommaire_.pdf\" class=\"wp-block-file__button\" download>T\u00e9l\u00e9charger<\/a><\/div>\n\n\n\n<p>Un premier symposium eut donc lieu en octobre 2019r\u00e9unissant des entreprises, municipalit\u00e9s, villes et villages, organismes de protection et de restauration de la faune et de la flore, universit\u00e9s, artistes, organismes de d\u00e9veloppement \u00e9conomique, gens qui vivent et travaillent le long de la rivi\u00e8re Petitcodiac, et autres personnes d\u00e9sireuses d\u2019exploiter de fa\u00e7on responsable le potentiel de cette rivi\u00e8re pour favoriser le d\u00e9veloppement \u00e9conomique local.<\/p>\n\n\n\n<p>Quatre sujets cl\u00e9s ont aliment\u00e9 les discussions: <\/p>\n\n\n\n<ul><li>Les liens entre les communaut\u00e9s : Comment pouvons-nous am\u00e9liorer le r\u00e9seau de sentiers et les autres attractions touristiques pour exploiter le plein potentiel \u00e9cotouristique de la rivi\u00e8re Petitcodiac?<\/li><li>La qualit\u00e9 de l\u2019eau : Quelles sont les sources principales de pollution dans la rivi\u00e8re Petitcodiac et du bassin versant et que pouvons-nous faire pour les r\u00e9duire?<\/li><li>La valeur des infrastructures naturelles : Comment pouvons-nous prot\u00e9ger et favoriser les \u00e9cosyst\u00e8mes naturels en tenant compte des changements climatiques?<\/li><li>Le d\u00e9veloppement d\u2019une vision : Comment les intervenants peuvent-ils mieux collaborer dans le but de d\u00e9velopper une vision commune et maximiser les retomb\u00e9es \u00e9conomiques, culturelles et environnementales de la rivi\u00e8re Petitcodiac?<\/li><\/ul>\n\n\n\n<p>Un r\u00e9sum\u00e9 des r\u00e9flexions et discussions pr\u00e9liminaires de ce symposium historique, qui aidera \u00e0 orienter les discussions futures et la cr\u00e9ation \u00e9ventuelle d&#8217;une vision et d&#8217;une strat\u00e9gie communes, est pr\u00e9sent\u00e9 dans le rapport suivant :<\/p>\n\n\n\n<figure class=\"wp-block-image size-large\"><a href=\"http:\/\/petitcodiac.org\/wp-content\/uploads\/2020\/12\/preliminary-thoughts-FR.pdf\" target=\"_blank\" rel=\"noopener noreferrer\"><img loading=\"lazy\" decoding=\"async\" width=\"613\" height=\"751\" src=\"http:\/\/petitcodiac.org\/wp-content\/uploads\/2020\/12\/report-fr.png\" alt=\"\" class=\"wp-image-2079\" srcset=\"http:\/\/petitcodiac.net\/wp-content\/uploads\/2020\/12\/report-fr.png 613w, http:\/\/petitcodiac.net\/wp-content\/uploads\/2020\/12\/report-fr-245x300.png 245w\" sizes=\"(max-width: 613px) 100vw, 613px\" \/><\/a><\/figure>\n\n\n\n<h2 class=\"wp-block-heading\">Prochaines \u00e9tapes<\/h2>\n\n\n\n<p>Les Sentinelles Petitcodiac vont continuer de consulter les membres de la communaut\u00e9 et approfondiront les r\u00e9flexions concernant les th\u00e8mes mentionn\u00e9s ci-dessus, en plus de commencer le processus de cr\u00e9ation d\u2019une vision et d\u2019une strat\u00e9gie communes en ciblant les priorit\u00e9s et les projets communs.<\/p>\n\n\n\n<p>Il est important de noter que les Sentinelles Petitcodiac sont pr\u00e9sentement en train de travailler sur la cr\u00e9ation d\u2019un Plan d\u2019action communautaire pour la revitalisation de la rivi\u00e8re Memramcook et de son bassin versant \u2013 les consultations et la recherche n\u00e9cessaires pour cr\u00e9er ce plan peuvent faciliter la collaboration de plusieurs intervenants concernant la rivi\u00e8re Petitcodiac lorsqu\u2019il sera question de cr\u00e9er la vision et la strat\u00e9gie communes.<\/p>\n\n\n\n<h2 class=\"wp-block-heading\">Restez au courant !<\/h2>\n\n\n\n<ul><li>Groupe Facebook des Sentinelles Petitcodiac &#8211; <a rel=\"noreferrer noopener\" href=\"https:\/\/www.facebook.com\/groups\/4531432812\" target=\"_blank\">Sentinelles Petitcodiac Riverkeeper <\/a><\/li><li>Liste d\u2019envoi \u00e9lectronique des Sentinelles Petitcodiac \u2013 demandez d\u2019\u00eatre ajout\u00e9 \u00e0 la liste d\u2019envoi en \u00e9crivant \u00e0 l\u2019adresse courriel suivante : info@petitcodiac.org.<\/li><\/ul>\n\n\n\n<h2 class=\"wp-block-heading\">COUVERTURE M\u00c9DIATIQUE<\/h2>\n\n\n\n<ul><li><a rel=\"noreferrer noopener\" href=\"https:\/\/tj.news\/story\/101085124?ref=linkShare\" target=\"_blank\">Protection vs Potential \u2013&nbsp; Have Your Say in River\u2019s Future \u2013 Times &amp; Transcript<\/a><\/li><li><a rel=\"noreferrer noopener\" href=\"https:\/\/tj.news\/story\/101085124?ref=linkShare\" target=\"_blank\">Rebirth of Tidal River Offers Unique Opportunities \u2013 Times &amp; Transcript<\/a><\/li><li><a rel=\"noreferrer noopener\" href=\"https:\/\/ici.radio-canada.ca\/nouvelle\/1364721\/sentinelles-petitcodiac-symposium-moncton-acadie-nouveau-brunswick?fbclid=IwAR0diyZYbKPQzsrzx2G8hbrqB1d9Je5iwMFRYwwxGH-vgucHyswg3TPQoTc\" target=\"_blank\">Les changements climatiques feront-ils d\u00e9border la Petitcodiac? \u2013 Radio Canada<\/a><\/li><li><a rel=\"noreferrer noopener\" href=\"https:\/\/ici.radio-canada.ca\/premiere\/emissions\/la-matinale\/segments\/entrevue\/139773\/petitcodiac-sentinelles-riviere-moncton-roland-babim?fbclid=IwAR3tixJ8H1vyUEDJa4ZxBVfIPr7YX89TB3ARMH2eaiNxYI0aTSCnCNYNPl8\" target=\"_blank\">Sentinelles Petitcodiac&nbsp;:&nbsp;20 ans de travail pour la rivi\u00e8re \u2013 Radio Canada<\/a><\/li><li><a rel=\"noreferrer noopener\" href=\"https:\/\/www.acadienouvelle.com\/actualites\/2019\/10\/28\/petitcodiac-les-defis-de-lapres-restauration\/?fbclid=IwAR3RkX6RAHAx99yIRAgZ1py5KDLHp-XqfQu7t6hHrBy_17nq77GHd9rEs-Q\" target=\"_blank\">Petitcodiac \u2013 Les d\u00e9fis de l\u2019apr\u00e8s-restauration \u2013 Acadie Nouvelle<\/a><\/li><li><a href=\"http:\/\/petitcodiac.org\/wp-content\/uploads\/2019\/11\/ProQuestDocuments-2019-11-22.pdf\">La renaissance de la rivi\u00e8re Petitcodiac \u2013 L\u2019\u00c9toile<\/a><\/li><li><a rel=\"noreferrer noopener\" href=\"https:\/\/www.919thebend.ca\/2019\/10\/30\/79330\/?fbclid=IwAR14kNYFx6siMo6N8xM439PVeV18LYuQWA6ZLAzSkkIpTi6n7CR5Q9M45FM\" target=\"_blank\">Visions Shared at Meeting Focused on Petitcodiac River \u2013 91.9 The Bend<\/a><\/li><\/ul>\n","protected":false},"excerpt":{"rendered":"<p>Les Sentinelles Petitcodiac aimeraient d\u00e9velopper une strat\u00e9gie responsable sur le plan environnemental pour tirer profit des nouvelles possibilit\u00e9s offertes par la restauration de la rivi\u00e8re Petitcodiac, comme l\u2019\u00e9cotourisme, les activit\u00e9s r\u00e9cr\u00e9atives, la sant\u00e9 environnementale et publique, le d\u00e9veloppement \u00e9conomique et la r\u00e9silience communautaire. Depuis 20 ans, Sentinelles Petitcodiac et ses partenaires communautaires travaillent ensemble pour [&hellip;]<\/p>\n","protected":false},"author":2,"featured_media":0,"parent":0,"menu_order":0,"comment_status":"closed","ping_status":"closed","template":"","meta":{"footnotes":""},"aioseo_notices":[],"_links":{"self":[{"href":"http:\/\/petitcodiac.net\/fr\/wp-json\/wp\/v2\/pages\/2077"}],"collection":[{"href":"http:\/\/petitcodiac.net\/fr\/wp-json\/wp\/v2\/pages"}],"about":[{"href":"http:\/\/petitcodiac.net\/fr\/wp-json\/wp\/v2\/types\/page"}],"author":[{"embeddable":true,"href":"http:\/\/petitcodiac.net\/fr\/wp-json\/wp\/v2\/users\/2"}],"replies":[{"embeddable":true,"href":"http:\/\/petitcodiac.net\/fr\/wp-json\/wp\/v2\/comments?post=2077"}],"version-history":[{"count":12,"href":"http:\/\/petitcodiac.net\/fr\/wp-json\/wp\/v2\/pages\/2077\/revisions"}],"predecessor-version":[{"id":3281,"href":"http:\/\/petitcodiac.net\/fr\/wp-json\/wp\/v2\/pages\/2077\/revisions\/3281"}],"wp:attachment":[{"href":"http:\/\/petitcodiac.net\/fr\/wp-json\/wp\/v2\/media?parent=2077"}],"curies":[{"name":"wp","href":"https:\/\/api.w.org\/{rel}","templated":true}]}}