{"id":1928,"date":"2020-12-02T10:27:44","date_gmt":"2020-12-02T14:27:44","guid":{"rendered":"https:\/\/www.dev-id.co\/riverkeeper\/?page_id=1928"},"modified":"2022-11-16T11:55:27","modified_gmt":"2022-11-16T15:55:27","slug":"progres-depuis-2010","status":"publish","type":"page","link":"http:\/\/petitcodiac.net\/fr\/accomplissements\/la-chaussee-petitcodiac\/progres-depuis-2010\/","title":{"rendered":"PROGR\u00c8S DEPUIS 2010"},"content":{"rendered":"\n<p>Quelques mois apr\u00e8s l&#8217;ouverture des vannes du pont-chauss\u00e9e, des centaines de milliers de poissons ont migr\u00e9 avec succ\u00e8s vers le cours sup\u00e9rieur de la rivi\u00e8re Petitcodiac, le chenal de la rivi\u00e8re a doubl\u00e9 en largeur et le mascaret, qui avait presque disparu, a commenc\u00e9 \u00e0 se r\u00e9tablir de fa\u00e7on tout \u00e0 fait miraculeuse. La <em>Petitcodiac Fish Recovery Coalition<\/em>&nbsp;(PFRC), initialement pr\u00e9sid\u00e9e par les Sentinelles, a commenc\u00e9 \u00e0 documenter l&#8217;\u00e9tonnant r\u00e9tablissement et le retour de toutes les esp\u00e8ces de poissons qui avaient autrefois habit\u00e9 le cours sup\u00e9rieur de la rivi\u00e8re, y compris le rare esturgeon atlantique pr\u00e9historique et la sous-esp\u00e8ce unique et menac\u00e9e de saumon atlantique de l&#8217;int\u00e9rieur de la baie de Fundy (qui fait l&#8217;objet d&#8217;un effort de repeuplement intense depuis 2010). Les p\u00eacheurs r\u00e9cr\u00e9atifs sont retourn\u00e9s dans les eaux d&#8217;amont et ont remarqu\u00e9 un changement imm\u00e9diat et remarquable &#8211; permettant ainsi \u00e0 une nouvelle g\u00e9n\u00e9ration de reprendre leur tradition ancestrale de p\u00eache dans des cours d&#8217;eau voisins. Les touristes ont \u00e9galement commenc\u00e9 \u00e0 revenir lentement dans la r\u00e9gion pour voir le mascaret reprendre vie. <\/p>\n\n\n\n<p>En juin 2013, pour c\u00e9l\u00e9brer la victoire dans l&#8217;arr\u00eat d&#8217;un projet d&#8217;enrochement de 430 000 $ devant le parc historique du Mascaret de Moncton, Sentinelles Petitcodiac a transmis par l&#8217;entremise des m\u00e9dias une invitation \u00e0 la communaut\u00e9 \u00e0 se joindre \u00e0 eux sur les berges pour l&#8217;arriv\u00e9e d&#8217;un rare mascaret de super lune &#8211; soit le plus grand mascaret de l&#8217;ann\u00e9e. Plus de 2000 personnes se sont pr\u00e9sent\u00e9es et la nouvelle de la r\u00e9surrection du mascaret de la rivi\u00e8re Petitcodiac a commenc\u00e9 \u00e0 se r\u00e9pandre. Des surfeurs de Halifax, de France et de Californie se sont rendus \u00e0 Moncton pour devenir les premiers au monde \u00e0 surfer sur le mascaret de la rivi\u00e8re Petitcodiac. Les Sentinelles ont codirig\u00e9, avec le directeur du tourisme de la ville de Moncton, une \u00e9dition inaugurale de &#8220;semaine de surf du super-mascaret&#8221;, \u00e0 laquelle ont assist\u00e9 quelque 30 000 spectateurs enthousiastes le long des berges de la rivi\u00e8re. Cet \u00e9v\u00e8nement historique a b\u00e9n\u00e9fici\u00e9 d&#8217;une vaste couverture nationale et internationale, et les vid\u00e9os des surfeurs du mascaret ont \u00e9t\u00e9 visionn\u00e9es par des millions de personnes dans le monde entier. Une culture de surf de mascaret a depuis pris racine dans la r\u00e9gion.<\/p>\n\n\n\n<p><strong>\u00c9tape finale (Construction d&#8217;un pont partiel)<\/strong><\/p>\n\n\n\n<p>Entr\u00e9e en fonction en septembre 2010, le gouvernement conservateur de David Alward \u00e9tait r\u00e9ticent \u00e0 mettre en \u0153uvre la derni\u00e8re \u00e9tape du projet de restauration de la rivi\u00e8re Petitcodiac, exigeant que la province d\u00e9mant\u00e8le et remplace une section de 280 m\u00e8tres du pont-chauss\u00e9e par un pont partiel &#8211; estim\u00e9 \u00e0 40 millions de dollars. Il n&#8217;a pas r\u00e9ussi \u00e0 n\u00e9gocier et \u00e0 conclure un accord avec le gouvernement f\u00e9d\u00e9ral conservateur de Stephen Harper pour achever la phase finale du projet de restauration, en grande partie en raison des influences du lobby antir\u00e9tablissement de la rivi\u00e8re dans ses propres rangs. Les effets de cette d\u00e9cision furent notamment les suivants :<\/p>\n\n\n\n<ul><li>Non-respect de la directive \u00e9nonc\u00e9 dans l&#8217;\u00c9valuation environnementale de permettre le r\u00e9tablissement complet du courant de la rivi\u00e8re aux environs du pont-chauss\u00e9e de la Petitcodiac ;<\/li><li>D\u00e9faut d&#8217;obtenir les fonds dus par le gouvernement f\u00e9d\u00e9ral (estim\u00e9s \u00e0 40 millions de dollars ou plus) pour achever le projet, ce qui pourrait obliger la province du Nouveau-Brunswick \u00e0 financer elle-m\u00eame l&#8217;ach\u00e8vement du projet ;<\/li><li>D\u00e9faut d&#8217;\u00e9liminer le risque d&#8217;inondation caus\u00e9 encore le pont-chauss\u00e9e de la rivi\u00e8re Petitcodiac partiellement ouvert pour la r\u00e9gion du Grand Moncton ;<\/li><li>D\u00e9faut d&#8217;\u00e9liminer les conditions de navigation dangereuses qui affectent actuellement cette section centrale de la rivi\u00e8re ;<\/li><li>D\u00e9faut d&#8217;\u00e9liminer tous les obstacles au passage des poissons caus\u00e9s par la turbulence extr\u00eame qui se produit autour de la structure des vannes (40 m d&#8217;ouverture contre 280 m propos\u00e9s dans le cadre de la phase 3 du projet de r\u00e9tablissement &#8211; Pont partiel) ;<\/li><li>D\u00e9p\u00f4ts continus de s\u00e9diments dans l&#8217;ancien bassin d&#8217;amont, ce qui a des r\u00e9percussions sur les propri\u00e9taires fonciers (la plupart seront naturellement enlev\u00e9s une fois le pont partiel construit) ;<\/li><li>Co\u00fbts additionnels en raison des retards dans le d\u00e9marrage de la phase 3 ;<\/li><li>Opportunit\u00e9s \u00e9conomiques et sociales manqu\u00e9es pour les r\u00e9sidents et les entreprises de la r\u00e9gion du Grand Moncton et de la vall\u00e9e de la rivi\u00e8re Petitcodiac.<\/li><\/ul>\n\n\n\n<p>Les Sentinelles Petitcodiac ont poursuivi leurs efforts, plaidant pour l&#8217;enl\u00e8vement \u00e9ventuel du pont-chauss\u00e9e et la construction d&#8217;un pont.<\/p>\n\n\n\n<p>Enfin, six ans plus tard, en 2016, le premier ministre Brian Gallant et le ministre f\u00e9d\u00e9ral des P\u00eaches et Oc\u00e9ans Dominic LeBlanc ont annonc\u00e9 qu\u2019un pont de 61,6 millions de dollars serait construit sur la rivi\u00e8re Petitcodiac pour remplacer le pont-chauss\u00e9e. Le projet, qui a d\u00e9but\u00e9 en 2017, devait \u00eatre termin\u00e9 \u00e0 l\u2019automne 2020, mais son ach\u00e8vement a \u00e9t\u00e9 retard\u00e9. Le pont a \u00e9t\u00e9 achev\u00e9 en septembre 2021 !\u00a0<a href=\"http:\/\/petitcodiac.org\/fr\/campagne-appui-nom-pont-petigotiag-bridge\/\">En savoir plus.<\/a><\/p>\n","protected":false},"excerpt":{"rendered":"<p>Quelques mois apr\u00e8s l&#8217;ouverture des vannes du pont-chauss\u00e9e, des centaines de milliers de poissons ont migr\u00e9 avec succ\u00e8s vers le cours sup\u00e9rieur de la rivi\u00e8re Petitcodiac, le chenal de la rivi\u00e8re a doubl\u00e9 en largeur et le mascaret, qui avait presque disparu, a commenc\u00e9 \u00e0 se r\u00e9tablir de fa\u00e7on tout \u00e0 fait miraculeuse. La Petitcodiac [&hellip;]<\/p>\n","protected":false},"author":2,"featured_media":0,"parent":874,"menu_order":4,"comment_status":"closed","ping_status":"closed","template":"","meta":{"footnotes":""},"aioseo_notices":[],"_links":{"self":[{"href":"http:\/\/petitcodiac.net\/fr\/wp-json\/wp\/v2\/pages\/1928"}],"collection":[{"href":"http:\/\/petitcodiac.net\/fr\/wp-json\/wp\/v2\/pages"}],"about":[{"href":"http:\/\/petitcodiac.net\/fr\/wp-json\/wp\/v2\/types\/page"}],"author":[{"embeddable":true,"href":"http:\/\/petitcodiac.net\/fr\/wp-json\/wp\/v2\/users\/2"}],"replies":[{"embeddable":true,"href":"http:\/\/petitcodiac.net\/fr\/wp-json\/wp\/v2\/comments?post=1928"}],"version-history":[{"count":14,"href":"http:\/\/petitcodiac.net\/fr\/wp-json\/wp\/v2\/pages\/1928\/revisions"}],"predecessor-version":[{"id":3543,"href":"http:\/\/petitcodiac.net\/fr\/wp-json\/wp\/v2\/pages\/1928\/revisions\/3543"}],"up":[{"embeddable":true,"href":"http:\/\/petitcodiac.net\/fr\/wp-json\/wp\/v2\/pages\/874"}],"wp:attachment":[{"href":"http:\/\/petitcodiac.net\/fr\/wp-json\/wp\/v2\/media?parent=1928"}],"curies":[{"name":"wp","href":"https:\/\/api.w.org\/{rel}","templated":true}]}}