{"id":1890,"date":"2020-12-01T16:04:49","date_gmt":"2020-12-01T20:04:49","guid":{"rendered":"https:\/\/www.dev-id.co\/riverkeeper\/?page_id=1890"},"modified":"2020-12-22T19:04:16","modified_gmt":"2020-12-22T23:04:16","slug":"autes-campagnes","status":"publish","type":"page","link":"http:\/\/petitcodiac.net\/fr\/accomplissements\/autes-campagnes\/","title":{"rendered":"AUTES CAMPAGNES"},"content":{"rendered":"\n<ul><li><strong>Campagne sur les pesticides cosm\u00e9tiques (mai 2002)<\/strong><\/li><li><strong>Sol contamin\u00e9 &#8211; chemin Gorge (octobre 2001)<\/strong><\/li><li><strong>Projet de restauration du ruisseau Halls (mars 2002)<\/strong><\/li><li><strong>Projet de conservation des terres et d&#8217;acc\u00e8s aux rivi\u00e8res (septembre 2004)<\/strong><\/li><li><strong>Enqu\u00eate sur le ruisseau du parc Mapleton (juillet 2005)<\/strong><\/li><li><strong>La chauss\u00e9e de Memramcook (ao\u00fbt 2000)<\/strong><\/li><li>C<strong>arri\u00e8re de Memramcook (janvier 2006)<\/strong><\/li><li><strong><strong>Barri\u00e8res intertidales<\/strong> (depuis 2000)<\/strong><\/li><li><strong>Renaissance Petitcodiac (juin 2012)<\/strong><\/li><li><strong><strong>D\u00e9potoirs \u00e0 neige (depuis 2003)<\/strong><\/strong><\/li><\/ul>\n\n\n\n<p><strong>Campagne sur les pesticides cosm\u00e9tiques (mai 2002)<\/strong><br>Les Sentinelles ont obtenu des fonds et ont organis\u00e9 un atelier sur les liens entre la sant\u00e9 et l&#8217;environnement. Comment traiter les probl\u00e8mes de pollution toxique les plus importants dans notre bassin versant (pesticides cosm\u00e9tiques, rejets d&#8217;\u00e9gouts sanitaires non trait\u00e9s, autres rejets toxiques) a \u00e9t\u00e9 abord\u00e9e. La conf\u00e9renci\u00e8re invit\u00e9e \u00e9tait Edith Smeesters, l&#8217;une des principales expertes qu\u00e9b\u00e9coises sur les pesticides cosm\u00e9tiques. Par la suite, les Sentinelles ont continu\u00e9 \u00e0 encourager la province et les municipalit\u00e9s du bassin versant \u00e0 introduire des r\u00e8glements pour \u00e9liminer progressivement l&#8217;utilisation de pesticides cosm\u00e9tiques.<\/p>\n\n\n\n<p><strong><strong>Sol contamin\u00e9 &#8211; chemin Gorge (octobre 2001)<\/strong><\/strong><\/p>\n\n\n\n<p>Les Sentinelles ont aid\u00e9 un groupe d&#8217;habitants pr\u00e8s du chemin Gorge \u00e0 mener une enqu\u00eate sur une proposition visant \u00e0 mettre en place une op\u00e9ration de &#8220;nettoyage&#8221; de sols contamin\u00e9s dans leur quartier. Les Sentinelles ont embauch\u00e9 un expert pour mener une enqu\u00eate ind\u00e9pendante. La proposition \u00e9tait en r\u00e9alit\u00e9 un projet de construction d&#8217;incin\u00e9rateur qui aurait entrain\u00e9 le rejet d&#8217;importantes \u00e9missions toxiques, ayant un impact sur les r\u00e9sidents voisins et sur les 120 000 habitants et plus de la r\u00e9gion du Grand Moncton situ\u00e9e \u00e0 quelques kilom\u00e8tres de l\u00e0.  Suite \u00e0 la campagne men\u00e9e par les r\u00e9sidents, le permis d&#8217;entreprendre ce projet a \u00e9t\u00e9 refus\u00e9 par le minist\u00e8re de l&#8217;Environnement du Nouveau-Brunswick.<\/p>\n\n\n\n<p><strong><strong>Projet de restauration du ruisseau Halls (mars 2002)<\/strong><\/strong><\/p>\n\n\n\n<p>Les Sentinelles ont obtenu le financement pour la premi\u00e8re phase de ce projet de trois ans, d\u00e9velopp\u00e9 en collaboration avec l&#8217;Alliance du bassin versant Petitcodiac, pour restaurer  le bassin versant du ruisseau Halls.  Les Sentinelles ont travaill\u00e9 avec de nombreux r\u00e9sidents de la r\u00e9gion et produit un rapport d\u00e9taill\u00e9 d\u00e9crivant les principaux probl\u00e8mes environnementaux auxquels sont confront\u00e9s les cours d&#8217;eau urbains de ce bassin. Une liste d\u00e9taill\u00e9e des mesures correctives \u00e0 prendre afin de prot\u00e9ger et de restaurer ces cours d&#8217;eau a \u00e9galement \u00e9t\u00e9 pr\u00e9sent\u00e9e. Le projet a \u00e9t\u00e9 consid\u00e9r\u00e9 par certains au sein du gouvernement provincial et de la ville de Moncton comme &#8220;trop actif&#8221; dans la r\u00e9solution des probl\u00e8mes de pollution. Par exemple, la ville de Moncton a d\u00fb r\u00e9parer d&#8217;urgence plusieurs raccordements transversaux d&#8217;\u00e9gouts d\u00e9couverts lors d&#8217;une patrouille. Le financement provincial n&#8217;a pas \u00e9t\u00e9 renouvel\u00e9.<\/p>\n\n\n\n<p><strong>Projet de conservation des terres et d&#8217;acc\u00e8s aux rivi\u00e8res (septembre 2004)<\/strong><\/p>\n\n\n\n<p>En septembre 2004, les Sentinelles ont obtenu un financement pour mener un projet de recherche sur la conservation du littoral, dans le but d&#8217;augmenter la superficie des terres riveraines prot\u00e9g\u00e9es dans notre bassin versant. Un financement partiel a \u00e9t\u00e9 obtenu par l&#8217;interm\u00e9diaire d&#8217;Environnement Canada. La cartographie du bassin versant a \u00e9t\u00e9 r\u00e9alis\u00e9e en partenariat avec l&#8217;Alliance du bassin versant Petitcodiac. Une brochure \u00e9ducative et une section du site web portant \u00e0 ce sujet ont \u00e9t\u00e9 cr\u00e9\u00e9es.  Des r\u00e9unions ont eu lieu avec les propri\u00e9taires fonciers potentiels et les principales organisations de conservation de la province. Un des objectifs du projet \u00e9tait de cr\u00e9er plus d&#8217;acc\u00e8s publics \u00e0 la rivi\u00e8re, un objectif qui continue d&#8217;\u00eatre promu aujourd&#8217;hui.<\/p>\n\n\n\n<p><strong>Enqu\u00eate sur le ruisseau du parc Mapleton (juillet 2005)<\/strong><\/p>\n\n\n\n<p>En juillet 2005, les Sentinelles sont intervenues pour que P\u00eaches et Oc\u00e9ans Canada d\u00e9clare la pr\u00e9sence de poissons dans deux cours d&#8217;eau du parc Mapleton, pr\u00e9c\u00e9demment identifi\u00e9s comme des &#8220;foss\u00e9s de drainage&#8221; par la Commission d&#8217;am\u00e9nagement et la ville de Moncton. Cette intervention visait \u00e9galement \u00e0 faire annuler une d\u00e9cision du conseil municipal de vendre plus de 23 acres de parcs publics \u00e0 un promoteur priv\u00e9. La certification a oblig\u00e9 la ville \u00e0 construire un ponceau traversant le ruisseau, mais la d\u00e9cision de transf\u00e9rer les 23 acres de parc a \u00e9t\u00e9 prise malgr\u00e9 la forte opposition du public.<\/p>\n\n\n\n<p><strong>Campagne sur la carri\u00e8re de Memramcook (janvier 2006)<\/strong><\/p>\n\n\n\n<p>Durant l&#8217;hiver 2005, les Sentinelles ont aid\u00e9 un groupe de r\u00e9sidents qui se battaient pour s&#8217;opposer au d\u00e9veloppement d&#8217;une troisi\u00e8me carri\u00e8re de roches le long de la rivi\u00e8re Memramcook, propos\u00e9 par la famille industrielle JD Irving. Les Sentinelles ont effectu\u00e9 des recherches et produit une note de service \u00e0 l&#8217;intention de la Commission d&#8217;am\u00e9nagement de Beaubassin, qui d\u00e9cide des \u00e9carts de zonage industriel dans cette r\u00e9gion, en l&#8217;encourageant \u00e0 faire respecter de stricts tampons de protection des cours d&#8217;eau. Finalement, la Commission s&#8217;est rang\u00e9e du c\u00f4t\u00e9 de l&#8217;environnement et des r\u00e9sidents, en recommandant de ne pas autoriser  la carri\u00e8re propos\u00e9e. Le groupe JD Irving a men\u00e9 une intense campagne de lobbying contre le ministre de l&#8217;Environnement du Nouveau-Brunswick pour faire annuler cette d\u00e9cision. Le ministre conservateur de St-John (ville natale de JD Irving) a finalement c\u00e9d\u00e9 aux pressions, et contre la volont\u00e9 de la Commission et des r\u00e9sidents, a proc\u00e9d\u00e9 \u00e0 l&#8217;octroi de l&#8217;autorisation.<\/p>\n\n\n\n<p><strong><strong>Barri\u00e8res intertidales (depuis 2000)<\/strong><\/strong><\/p>\n\n\n\n<p>Depuis 2000, les Sentinelles ont document\u00e9 des douzaines de barri\u00e8res intertidales emp\u00eachant le passage des poissons dans son bassin versant. Le bassin de la rivi\u00e8re Petitcodiac \/ l&#8217;estuaire de la baie de Shepody est un bassin versant d&#8217;environ 3000 km2 situ\u00e9 en amont de l&#8217;int\u00e9rieur de la baie de Fundy et est s\u00e9v\u00e8rement affect\u00e9 par des barri\u00e8res et barrages de tous types. Des \u00e9valuations sur le terrain men\u00e9es par Environnement Canada (Wells, 1999), le Conseil de conservation du Nouveau-Brunswick et les Sentinelles Petitcodiac sugg\u00e8rent que plus de 90% du bassin versant est affect\u00e9 par des barri\u00e8res causant des obstructions partielles ou totales au passage des poissons. Voici un r\u00e9sum\u00e9 des obstacles qui entravent pratiquement 100 % du passage du poisson dans ce bassin versant :<\/p>\n\n\n\n<ul><li>Pont-chauss\u00e9e de la rivi\u00e8re Petitcodiac : 1340 km2 touch\u00e9s (les vannes ont \u00e9t\u00e9 ouvertes en avril 2010)<\/li><li>Barrage abandonn\u00e9 de Mill Creek : 50 km2 touch\u00e9s<\/li><li>Barrage abandonn\u00e9 du ruisseau Humphreys : 38 km2 touch\u00e9s (barrage enlev\u00e9 en juillet 2013)<\/li><li>Chauss\u00e9e de la rivi\u00e8re Memramcook : 400 km2 touch\u00e9s<\/li><li>Chauss\u00e9e de Shepody : 550 km2 touch\u00e9s<\/li><li>Barrage Jonathan Creek \/ Jones Lake : 60 km2 touch\u00e9s<\/li><li>R\u00e9servoirs de McLaughlin et d&#8217;Irishtown : 34 km2 touch\u00e9s<\/li><li>Ruisseau Babineau : 12 km2 touch\u00e9s<\/li><li>Fox Creek : 34 km2 touch\u00e9s<\/li><li>Palmers Creek : 40 km2 touch\u00e9s<\/li><li>Ruisseau Breau : 60 km2 touch\u00e9s<\/li><li>Plus d&#8217;autres petits affluents de la rivi\u00e8re Petitcodiac <\/li><\/ul>\n\n\n\n<p>Dans les bassins hydrographiques voisins de l&#8217;int\u00e9rieur de la baie de Fundy, la rivi\u00e8re Aulac (30 km2) et la rivi\u00e8re Tantramar (300 km2) sont d&#8217;autres rivi\u00e8res affect\u00e9es \u00e0 100 % qui contribuent au d\u00e9clin des populations de  saumon.<\/p>\n\n\n\n<p><strong><strong>Renaissance Petitcodiac (juin 2012)<\/strong><\/strong><\/p>\n\n\n\n<p>Renaissance Petitcodiac a \u00e9t\u00e9 lanc\u00e9 en juin 2012 comme un plan triennal proposant une vision pour atteindre, d&#8217;ici 2015, une strat\u00e9gie ambitieuse de renaissance de la rivi\u00e8re Petitcodiac. En r\u00e9sum\u00e9, le plan recommande l&#8217;atteinte de quatre grandes priorit\u00e9s en mati\u00e8re de protection du bassin versant, soit l&#8217;ach\u00e8vement du projet de restauration de la rivi\u00e8re Petitcodiac, l&#8217;ach\u00e8vement de la mise \u00e0 niveau du traitement secondaire par la Commission des eaux us\u00e9es du Grand Moncton, l&#8217;enl\u00e8vement du barrage abandonn\u00e9 du ruisseau Humphreys et la mise en \u0153uvre d&#8217;une strat\u00e9gie de r\u00e9tablissement des populations de poisson.<\/p>\n\n\n\n<p>Le plan recommande \u00e9galement la mise sur pied d&#8217;une Commission sp\u00e9ciale de la Renaissance Petitcodiac pour lancer ou mettre en \u0153uvre, d&#8217;ici 2015, un certain nombre d&#8217;initiatives permettant \u00e0 la r\u00e9gion de tirer le maximum de b\u00e9n\u00e9fices du projet de restauration de la rivi\u00e8re Petitcodiac, salu\u00e9 comme le plus grand projet de restauration de rivi\u00e8re jamais entrepris au Canada (ou dans le monde, selon plusieurs observateurs). Le plan recommande que cette Commission cherche \u00e0 atteindre six priorit\u00e9s, en facilitant, supervisant ou promouvant le d\u00e9veloppement d&#8217;une strat\u00e9gie d&#8217;interpr\u00e9tation du mascaret, d&#8217;une strat\u00e9gie d&#8217;acc\u00e8s et de navigation dans la rivi\u00e8re, d&#8217;un plan de sentier fluvial pour relier les communaut\u00e9s le long de l&#8217;estuaire, et de quelques autres id\u00e9es audacieuses pour aider \u00e0 restaurer l&#8217;engouement des gens envers la rivi\u00e8re Petitcodiac. <\/p>\n\n\n\n<p><strong>D\u00e9potoirs \u00e0 neige (depuis 2003)<\/strong><\/p>\n\n\n\n<p>Depuis l&#8217;hiver 2003, les Sentinelles surveillent plusieurs d\u00e9potoirs \u00e0 neige dans le bassin versant,  soit dans les secteurs urbains dans les environs de la ville de Moncton. Un probl\u00e8me avec un d\u00e9potoir \u00e0 neige a \u00e9t\u00e9 identifi\u00e9 le long du ruisseau Humphreys et a \u00e9t\u00e9 port\u00e9 \u00e0 l&#8217;attention de la Ville de Moncton et du minist\u00e8re de l&#8217;Environnement du Nouveau-Brunswick en 2003. Le probl\u00e8me a ensuite \u00e9t\u00e9 r\u00e9solu en 2007, tandis que d&#8217;autres d\u00e9potoirs \u00e0 neige continuaient \u00e0 avoir des impacts n\u00e9gatifs sur l&#8217;environnement adjacent. Au cours de l&#8217;hiver 2014, le probl\u00e8me est revenu \u00e0 la surface lorsqu&#8217;un autre d\u00e9potoir \u00e0 neige publique situ\u00e9 pr\u00e8s du pont-chauss\u00e9e de la rivi\u00e8re Petitcodiac s&#8217;est av\u00e9r\u00e9 \u00eatre trop proche d&#8217;une zone humide. La question a \u00e9t\u00e9 r\u00e9solue par la suite par la Ville de Moncton et des mesures visant \u00e0 am\u00e9liorer la protection environnementale des zones situ\u00e9es \u00e0 proximit\u00e9 des d\u00e9potoirs \u00e0 neige de la ville sont maintenant mises en \u0153uvre.<\/p>\n","protected":false},"excerpt":{"rendered":"<p>Campagne sur les pesticides cosm\u00e9tiques (mai 2002) Sol contamin\u00e9 &#8211; chemin Gorge (octobre 2001) Projet de restauration du ruisseau Halls (mars 2002) Projet de conservation des terres et d&#8217;acc\u00e8s aux rivi\u00e8res (septembre 2004) Enqu\u00eate sur le ruisseau du parc Mapleton (juillet 2005) La chauss\u00e9e de Memramcook (ao\u00fbt 2000) Carri\u00e8re de Memramcook (janvier 2006) Barri\u00e8res intertidales [&hellip;]<\/p>\n","protected":false},"author":2,"featured_media":0,"parent":726,"menu_order":18,"comment_status":"closed","ping_status":"closed","template":"","meta":{"footnotes":""},"aioseo_notices":[],"_links":{"self":[{"href":"http:\/\/petitcodiac.net\/fr\/wp-json\/wp\/v2\/pages\/1890"}],"collection":[{"href":"http:\/\/petitcodiac.net\/fr\/wp-json\/wp\/v2\/pages"}],"about":[{"href":"http:\/\/petitcodiac.net\/fr\/wp-json\/wp\/v2\/types\/page"}],"author":[{"embeddable":true,"href":"http:\/\/petitcodiac.net\/fr\/wp-json\/wp\/v2\/users\/2"}],"replies":[{"embeddable":true,"href":"http:\/\/petitcodiac.net\/fr\/wp-json\/wp\/v2\/comments?post=1890"}],"version-history":[{"count":17,"href":"http:\/\/petitcodiac.net\/fr\/wp-json\/wp\/v2\/pages\/1890\/revisions"}],"predecessor-version":[{"id":2005,"href":"http:\/\/petitcodiac.net\/fr\/wp-json\/wp\/v2\/pages\/1890\/revisions\/2005"}],"up":[{"embeddable":true,"href":"http:\/\/petitcodiac.net\/fr\/wp-json\/wp\/v2\/pages\/726"}],"wp:attachment":[{"href":"http:\/\/petitcodiac.net\/fr\/wp-json\/wp\/v2\/media?parent=1890"}],"curies":[{"name":"wp","href":"https:\/\/api.w.org\/{rel}","templated":true}]}}