{"id":1887,"date":"2020-12-01T15:55:39","date_gmt":"2020-12-01T19:55:39","guid":{"rendered":"https:\/\/www.dev-id.co\/riverkeeper\/?page_id=1887"},"modified":"2020-12-22T16:26:27","modified_gmt":"2020-12-22T20:26:27","slug":"nettoyage-des-cours-deau","status":"publish","type":"page","link":"http:\/\/petitcodiac.net\/fr\/accomplissements\/nettoyage-des-cours-deau\/","title":{"rendered":"NETTOYAGE DES COURS D&#8217;EAU"},"content":{"rendered":"\n<p>En juin 2001, Sentinelles Petitcodiac a obtenu des fonds pour embaucher un coordonnateur, George Brun, qui a organis\u00e9 la premi\u00e8re des deux campagnes de nettoyage de cours d&#8217;eau. Les activit\u00e9s se sont d\u00e9roul\u00e9es dans cinq cours d&#8217;eau avec plus de 120 b\u00e9n\u00e9voles, ce qui a permis d&#8217;enlever environ 17 tonnes de d\u00e9bris. Les campagnes se sont poursuivies de fa\u00e7on intensive pendant les deux ann\u00e9es suivantes dans le but de nettoyer ces cours d&#8217;eau de leur &#8220;d\u00e9bris historiques&#8221;. Plus de 40 tonnes de d\u00e9bris, dont sept v\u00e9hicules, ont \u00e9t\u00e9 enlev\u00e9es dans 11 cours d&#8217;eau diff\u00e9rents au cours de cette p\u00e9riode initiale. Les nettoyages ult\u00e9rieurs des cours d&#8217;eau ont \u00e9t\u00e9 effectu\u00e9s dans l&#8217;ensemble du bassin versant, ce qui a suscit\u00e9 la fiert\u00e9 de la communaut\u00e9 et un engagement du public envers la rivi\u00e8re Petitcodiac et ses affluents. <\/p>\n","protected":false},"excerpt":{"rendered":"<p>En juin 2001, Sentinelles Petitcodiac a obtenu des fonds pour embaucher un coordonnateur, George Brun, qui a organis\u00e9 la premi\u00e8re des deux campagnes de nettoyage de cours d&#8217;eau. Les activit\u00e9s se sont d\u00e9roul\u00e9es dans cinq cours d&#8217;eau avec plus de 120 b\u00e9n\u00e9voles, ce qui a permis d&#8217;enlever environ 17 tonnes de d\u00e9bris. Les campagnes se [&hellip;]<\/p>\n","protected":false},"author":2,"featured_media":0,"parent":726,"menu_order":17,"comment_status":"closed","ping_status":"closed","template":"","meta":{"footnotes":""},"aioseo_notices":[],"_links":{"self":[{"href":"http:\/\/petitcodiac.net\/fr\/wp-json\/wp\/v2\/pages\/1887"}],"collection":[{"href":"http:\/\/petitcodiac.net\/fr\/wp-json\/wp\/v2\/pages"}],"about":[{"href":"http:\/\/petitcodiac.net\/fr\/wp-json\/wp\/v2\/types\/page"}],"author":[{"embeddable":true,"href":"http:\/\/petitcodiac.net\/fr\/wp-json\/wp\/v2\/users\/2"}],"replies":[{"embeddable":true,"href":"http:\/\/petitcodiac.net\/fr\/wp-json\/wp\/v2\/comments?post=1887"}],"version-history":[{"count":4,"href":"http:\/\/petitcodiac.net\/fr\/wp-json\/wp\/v2\/pages\/1887\/revisions"}],"predecessor-version":[{"id":2265,"href":"http:\/\/petitcodiac.net\/fr\/wp-json\/wp\/v2\/pages\/1887\/revisions\/2265"}],"up":[{"embeddable":true,"href":"http:\/\/petitcodiac.net\/fr\/wp-json\/wp\/v2\/pages\/726"}],"wp:attachment":[{"href":"http:\/\/petitcodiac.net\/fr\/wp-json\/wp\/v2\/media?parent=1887"}],"curies":[{"name":"wp","href":"https:\/\/api.w.org\/{rel}","templated":true}]}}