{"id":1885,"date":"2020-12-01T15:53:41","date_gmt":"2020-12-01T19:53:41","guid":{"rendered":"https:\/\/www.dev-id.co\/riverkeeper\/?page_id=1885"},"modified":"2020-12-22T18:16:16","modified_gmt":"2020-12-22T22:16:16","slug":"parc-riverain","status":"publish","type":"page","link":"http:\/\/petitcodiac.net\/fr\/accomplissements\/parc-riverain\/","title":{"rendered":"Parc riverain"},"content":{"rendered":"\n<p>\u00c0 l&#8217;automne 2005, Sentinelles Petitcodiac a men\u00e9 une campagne pour que le conseil municipal de Moncton revienne sur sa d\u00e9cision de vendre \u00e0 un promoteur priv\u00e9 une parcelle de deux acres de parc public situ\u00e9 sur le bord de la rivi\u00e8re. Elle a pr\u00e9sent\u00e9 une vision alternative pour cet espace, soit la cr\u00e9ation d&#8217;un parc riverain, au conseil municipal, en faisant la comparaison avec le parc Victoria qui avait fait l&#8217;objet d&#8217;un processus de renouv\u00e8lement.<\/p>\n\n\n\n<p>Sentinelles a \u00e9galement approch\u00e9 le Centreville de Moncton afin de l&#8217;encourager \u00e0 entreprendre un exercice de formulation d&#8217;une vision pour les futurs d\u00e9veloppements riverains et a fait appel au groupe sans but lucratif SOS Eau Water pour mener une injonction judiciaire contre la ville de Moncton sur cette transaction (qui n&#8217;avait pas fait l&#8217;objet d&#8217;un processus d&#8217;appel d&#8217;offres public). Le promoteur a fini par se retirer de la proposition et la ville de Moncton est revenue sur sa d\u00e9cision. Moins d&#8217;un an plus tard, le Centreville de Moncton a enfin compl\u00e9t\u00e9 son exercice de formulation de vision afin de mieux planifier son centre-ville et ses espaces publics pr\u00e8s de la rivi\u00e8re. <\/p>\n\n\n\n<figure class=\"wp-block-image\"><img loading=\"lazy\" decoding=\"async\" width=\"300\" height=\"224\" src=\"http:\/\/petitcodiac.org\/wp-content\/uploads\/2020\/11\/riverfront-big-300x224-1.jpg\" alt=\"\" class=\"wp-image-1009\"\/><\/figure>\n\n\n\n<figure class=\"wp-block-image\"><img loading=\"lazy\" decoding=\"async\" width=\"300\" height=\"225\" src=\"http:\/\/petitcodiac.org\/wp-content\/uploads\/2020\/11\/Riverfront-2-300x225-1.jpg\" alt=\"\" class=\"wp-image-1011\"\/><\/figure>\n","protected":false},"excerpt":{"rendered":"<p>\u00c0 l&#8217;automne 2005, Sentinelles Petitcodiac a men\u00e9 une campagne pour que le conseil municipal de Moncton revienne sur sa d\u00e9cision de vendre \u00e0 un promoteur priv\u00e9 une parcelle de deux acres de parc public situ\u00e9 sur le bord de la rivi\u00e8re. Elle a pr\u00e9sent\u00e9 une vision alternative pour cet espace, soit la cr\u00e9ation d&#8217;un parc [&hellip;]<\/p>\n","protected":false},"author":2,"featured_media":0,"parent":726,"menu_order":16,"comment_status":"closed","ping_status":"closed","template":"","meta":{"footnotes":""},"aioseo_notices":[],"_links":{"self":[{"href":"http:\/\/petitcodiac.net\/fr\/wp-json\/wp\/v2\/pages\/1885"}],"collection":[{"href":"http:\/\/petitcodiac.net\/fr\/wp-json\/wp\/v2\/pages"}],"about":[{"href":"http:\/\/petitcodiac.net\/fr\/wp-json\/wp\/v2\/types\/page"}],"author":[{"embeddable":true,"href":"http:\/\/petitcodiac.net\/fr\/wp-json\/wp\/v2\/users\/2"}],"replies":[{"embeddable":true,"href":"http:\/\/petitcodiac.net\/fr\/wp-json\/wp\/v2\/comments?post=1885"}],"version-history":[{"count":6,"href":"http:\/\/petitcodiac.net\/fr\/wp-json\/wp\/v2\/pages\/1885\/revisions"}],"predecessor-version":[{"id":2299,"href":"http:\/\/petitcodiac.net\/fr\/wp-json\/wp\/v2\/pages\/1885\/revisions\/2299"}],"up":[{"embeddable":true,"href":"http:\/\/petitcodiac.net\/fr\/wp-json\/wp\/v2\/pages\/726"}],"wp:attachment":[{"href":"http:\/\/petitcodiac.net\/fr\/wp-json\/wp\/v2\/media?parent=1885"}],"curies":[{"name":"wp","href":"https:\/\/api.w.org\/{rel}","templated":true}]}}