{"id":1881,"date":"2020-12-01T15:48:45","date_gmt":"2020-12-01T19:48:45","guid":{"rendered":"https:\/\/www.dev-id.co\/riverkeeper\/?page_id=1881"},"modified":"2020-12-22T18:41:29","modified_gmt":"2020-12-22T22:41:29","slug":"le-traitement-des-eaux-usees","status":"publish","type":"page","link":"http:\/\/petitcodiac.net\/fr\/accomplissements\/le-traitement-des-eaux-usees\/","title":{"rendered":"LE TRAITEMENT DES EAUX US\u00c9ES"},"content":{"rendered":"\n<p>La station d&#8217;\u00e9puration des eaux us\u00e9es du Grand Moncton rejette la totalit\u00e9 des effluents trait\u00e9s des trois municipalit\u00e9s de Moncton, Riverview et Dieppe, soit une population de 120 000 habitants. Depuis sa construction en 1992, l&#8217;usine a fourni ce qu&#8217;elle d\u00e9crit comme un traitement primaire &#8220;avanc\u00e9&#8221; des effluents. Le Canada est le dernier pays du monde en d\u00e9veloppement (OCDE) \u00e0 exiger un traitement secondaire obligatoire des rejets d&#8217;eaux us\u00e9es (\u00e9limination des bact\u00e9ries, afin de respecter les lignes directrices nationales pour les usages r\u00e9cr\u00e9atifs). La r\u00e9glementation nationale n&#8217;a \u00e9t\u00e9 adopt\u00e9e qu&#8217;en 2009 et entrera en vigueur d&#8217;ici 2020.<\/p>\n\n\n\n<p>Pendant une p\u00e9riode de dix ans, les Sentinelles se sont battues sans succ\u00e8s pour que la Commission des eaux us\u00e9es d\u00e9voile ses plans de modernisation de la station d&#8217;\u00e9puration en vue d&#8217;un traitement secondaire. En 2011, la Commission a fait l&#8217;objet d&#8217;une v\u00e9rification et d&#8217;une enqu\u00eate approfondies par le Bureau de l&#8217;Ombudsman du Nouveau-Brunswick, qui a d\u00e9termin\u00e9 qu&#8217;elle fonctionnait en dehors de son mandat en refusant la surveillance de la province, des municipalit\u00e9s locales (propri\u00e9taires) et du public. Le pr\u00e9sident de la Commission, en fonction depuis 1985, a \u00e9t\u00e9 forc\u00e9 de d\u00e9missionner \u00e0 la suite d&#8217;accusations de mauvaise gestion. Suite \u00e0 une restructuration rigoureuse de la gouvernance, la Commission a finalement annonc\u00e9 en 2013 son intention de faire passer la station \u00e0 un traitement secondaire, un projet de 65 millions de dollars qui devrait \u00eatre achev\u00e9 d&#8217;ici 2018.<\/p>\n\n\n\n<p>En 2013 et 2014, Sentinelles a r\u00e9ussi \u00e0 n\u00e9gocier un &#8220;programme de retenue des effluents&#8221; avec la Commission des eaux us\u00e9es, une mesure visant \u00e0 retenir le rejet des effluents de la station pendant une p\u00e9riode de trois heures, avant l&#8217;arriv\u00e9e du mascaret, pour permettre le surf dans la rivi\u00e8re. Cette mesure est un compromis temporaire jusqu&#8217;\u00e0 ce qu&#8217;un traitement secondaire soit propos\u00e9 en 2018. Un programme d&#8217;\u00e9chantillonnage de la qualit\u00e9 de l&#8217;eau, qui sera mis en \u0153uvre par Sentinelles en partenariat avec la communaut\u00e9 des surfers, devrait \u00eatre mis en place en 2014.<\/p>\n\n\n\n<p><\/p>\n","protected":false},"excerpt":{"rendered":"<p>La station d&#8217;\u00e9puration des eaux us\u00e9es du Grand Moncton rejette la totalit\u00e9 des effluents trait\u00e9s des trois municipalit\u00e9s de Moncton, Riverview et Dieppe, soit une population de 120 000 habitants. Depuis sa construction en 1992, l&#8217;usine a fourni ce qu&#8217;elle d\u00e9crit comme un traitement primaire &#8220;avanc\u00e9&#8221; des effluents. Le Canada est le dernier pays du [&hellip;]<\/p>\n","protected":false},"author":2,"featured_media":0,"parent":726,"menu_order":14,"comment_status":"closed","ping_status":"closed","template":"","meta":{"footnotes":""},"aioseo_notices":[],"_links":{"self":[{"href":"http:\/\/petitcodiac.net\/fr\/wp-json\/wp\/v2\/pages\/1881"}],"collection":[{"href":"http:\/\/petitcodiac.net\/fr\/wp-json\/wp\/v2\/pages"}],"about":[{"href":"http:\/\/petitcodiac.net\/fr\/wp-json\/wp\/v2\/types\/page"}],"author":[{"embeddable":true,"href":"http:\/\/petitcodiac.net\/fr\/wp-json\/wp\/v2\/users\/2"}],"replies":[{"embeddable":true,"href":"http:\/\/petitcodiac.net\/fr\/wp-json\/wp\/v2\/comments?post=1881"}],"version-history":[{"count":1,"href":"http:\/\/petitcodiac.net\/fr\/wp-json\/wp\/v2\/pages\/1881\/revisions"}],"predecessor-version":[{"id":1882,"href":"http:\/\/petitcodiac.net\/fr\/wp-json\/wp\/v2\/pages\/1881\/revisions\/1882"}],"up":[{"embeddable":true,"href":"http:\/\/petitcodiac.net\/fr\/wp-json\/wp\/v2\/pages\/726"}],"wp:attachment":[{"href":"http:\/\/petitcodiac.net\/fr\/wp-json\/wp\/v2\/media?parent=1881"}],"curies":[{"name":"wp","href":"https:\/\/api.w.org\/{rel}","templated":true}]}}