{"id":1879,"date":"2020-12-01T15:46:37","date_gmt":"2020-12-01T19:46:37","guid":{"rendered":"https:\/\/www.dev-id.co\/riverkeeper\/?page_id=1879"},"modified":"2020-12-22T18:34:56","modified_gmt":"2020-12-22T22:34:56","slug":"cas-de-deversement-de-petrole","status":"publish","type":"page","link":"http:\/\/petitcodiac.net\/fr\/accomplissements\/cas-de-deversement-de-petrole\/","title":{"rendered":"CAS DE D\u00c9VERSEMENT DE P\u00c9TROLE"},"content":{"rendered":"\n<p>Un dimanche soir, lors d&#8217;une promenade sur la promenade du bord de l&#8217;eau, les Sentinelles ont \u00e9t\u00e9 approch\u00e9es par une famille alarm\u00e9e par ce qui semblait \u00eatre du p\u00e9trole s&#8217;\u00e9coulant en aval du ruisseau Halls dans la rivi\u00e8re Petitcodiac. Il \u00e9tait clair que le probl\u00e8me s&#8217;aggravait. Comme c&#8217;\u00e9tait un dimanche soir, les tentatives pour obtenir l&#8217;aide des intervenants provinciaux et f\u00e9d\u00e9raux en cas d&#8217;urgence environnementale \u00e9taient impossibles et les pompiers et policiers n&#8217;\u00e9taient pas pr\u00e9par\u00e9s \u00e0 rem\u00e9dier \u00e0 un tel \u00e9v\u00e8nement.<\/p>\n\n\n\n<p>Une Sentinelle s&#8217;est d\u00e9plac\u00e9e en v\u00e9hicule puis \u00e0 pied le long d&#8217;un ruisseau boueux en suivant la mar\u00e9e noire en amont. Trois heures plus tard, elle a finalement rep\u00e9r\u00e9 la source de cette mar\u00e9e noire &#8211; soit un grand \u00e9gout pluvial situ\u00e9 le long du ruisseau Humphreys. La nuit est tomb\u00e9e et un responsable provincial de l&#8217;environnement et le personnel des travaux publics de la ville de Moncton sont finalement arriv\u00e9s sur les lieux, suite aux pressions exerc\u00e9es sur le responsable f\u00e9d\u00e9ral des urgences environnementales. L&#8217;agent provincial a refus\u00e9 de recueillir des preuves de l&#8217;incident, alors la Sentinelle a proc\u00e9d\u00e9 \u00e0 la collecte d&#8217;\u00e9chantillons, les a fait analyser et a constat\u00e9 que ces effluents \u00e9taient bel et bien toxiques pour les poissons.<\/p>\n\n\n\n<p>Une enqu\u00eate a \u00e9t\u00e9 men\u00e9e par le minist\u00e8re de l&#8217;Environnement et la ville de Moncton, et il s&#8217;est av\u00e9r\u00e9 que la source provenait d&#8217;une installation situ\u00e9e dans le parc industriel de Caledonia, \u00e0 quelque cinq kilom\u00e8tres de l\u00e0. La ville de Moncton a re\u00e7u l&#8217;ordre de r\u00e9parer les raccordements transversaux des \u00e9gouts pour un co\u00fbt de plus de 300 000 dollars. Aucune accusation n&#8217;a \u00e9t\u00e9 port\u00e9e contre les propri\u00e9taires de l&#8217;installation d&#8217;o\u00f9 provenait la mar\u00e9e noire. Depuis, la ville a entrepris un audit approfondi de son r\u00e9seau d&#8217;\u00e9gouts pluviaux afin d&#8217;identifier et de r\u00e9parer les raccordements transversaux des \u00e9gouts. Les r\u00e9sultats de ces actions auront des effets b\u00e9n\u00e9fiques durables sur la qualit\u00e9 de l&#8217;eau des cours d&#8217;eau urbains.<\/p>\n","protected":false},"excerpt":{"rendered":"<p>Un dimanche soir, lors d&#8217;une promenade sur la promenade du bord de l&#8217;eau, les Sentinelles ont \u00e9t\u00e9 approch\u00e9es par une famille alarm\u00e9e par ce qui semblait \u00eatre du p\u00e9trole s&#8217;\u00e9coulant en aval du ruisseau Halls dans la rivi\u00e8re Petitcodiac. Il \u00e9tait clair que le probl\u00e8me s&#8217;aggravait. Comme c&#8217;\u00e9tait un dimanche soir, les tentatives pour obtenir [&hellip;]<\/p>\n","protected":false},"author":2,"featured_media":0,"parent":726,"menu_order":13,"comment_status":"closed","ping_status":"closed","template":"","meta":{"footnotes":""},"aioseo_notices":[],"_links":{"self":[{"href":"http:\/\/petitcodiac.net\/fr\/wp-json\/wp\/v2\/pages\/1879"}],"collection":[{"href":"http:\/\/petitcodiac.net\/fr\/wp-json\/wp\/v2\/pages"}],"about":[{"href":"http:\/\/petitcodiac.net\/fr\/wp-json\/wp\/v2\/types\/page"}],"author":[{"embeddable":true,"href":"http:\/\/petitcodiac.net\/fr\/wp-json\/wp\/v2\/users\/2"}],"replies":[{"embeddable":true,"href":"http:\/\/petitcodiac.net\/fr\/wp-json\/wp\/v2\/comments?post=1879"}],"version-history":[{"count":6,"href":"http:\/\/petitcodiac.net\/fr\/wp-json\/wp\/v2\/pages\/1879\/revisions"}],"predecessor-version":[{"id":2314,"href":"http:\/\/petitcodiac.net\/fr\/wp-json\/wp\/v2\/pages\/1879\/revisions\/2314"}],"up":[{"embeddable":true,"href":"http:\/\/petitcodiac.net\/fr\/wp-json\/wp\/v2\/pages\/726"}],"wp:attachment":[{"href":"http:\/\/petitcodiac.net\/fr\/wp-json\/wp\/v2\/media?parent=1879"}],"curies":[{"name":"wp","href":"https:\/\/api.w.org\/{rel}","templated":true}]}}