{"id":131,"date":"2020-08-20T16:58:56","date_gmt":"2020-08-20T20:58:56","guid":{"rendered":"https:\/\/www.dev-id.co\/riverkeeper\/?page_id=131"},"modified":"2020-12-21T15:25:55","modified_gmt":"2020-12-21T19:25:55","slug":"qui-nous-sommes","status":"publish","type":"page","link":"http:\/\/petitcodiac.net\/fr\/qui-nous-sommes\/","title":{"rendered":"Qui Nous Sommes"},"content":{"rendered":"\n<p>Sentinelles Petitcodiac est un organisme environnemental de bienfaisance au Canada (organisme charitable) d\u00e9di\u00e9 \u00e0 la protection et \u00e0 la restauration du system fluvial de la rivi\u00e8re Petitcodiac et de l\u2019estuaire de la baie de Shepody, un bassin versant de 3000 km2 situ\u00e9 \u00e0 la source de la partie int\u00e9rieur de la baie de Fundy, au sud-est du Nouveau-Brunswick.<\/p>\n\n\n\n<p>L\u2019arriv\u00e9e de Sentinelles Petitcodiac en 1999 marqua la cr\u00e9ation du premier chapitre de la Waterkeeper Alliance au Canada. Sentinelles est un fier membre du r\u00e9seau de plus de 180 Waterkeepers \u00e9tablis \u00e0 la grandeur du monde, qui forment ensemble un mouvement international puissant qui lutte pour la restauration et la protection des rivi\u00e8res.<\/p>\n\n\n\n<p><a rel=\"noreferrer noopener\" href=\"https:\/\/www.canadahelps.org\/CharityProfilePage.aspx?CharityID=75562&amp;Language=fr\" target=\"_blank\">Num\u00e9ro d\u2019organisme de bienfaisance : 89492 2921 RR0001<\/a><\/p>\n\n\n\n<p>En savoir plus sur Sentinelles Petitcodiac en parcourant les pages suivantes de notre site Web:<\/p>\n\n\n\n<ul><li><a href=\"http:\/\/petitcodiac.org\/fr\/qui-nous-sommes\/test-mission-fr\/\" data-type=\"page\" data-id=\"383\">Mission<\/a><\/li><li><a href=\"http:\/\/petitcodiac.org\/fr\/qui-nous-sommes\/conseil-dadministration\/\" data-type=\"page\" data-id=\"392\">Conseil d&#8217;administration<\/a><\/li><li><a href=\"http:\/\/petitcodiac.org\/fr\/qui-nous-sommes\/waterkeeper-alliance\/\" data-type=\"page\" data-id=\"394\">Waterkeeper Alliance<\/a><\/li><li><a href=\"http:\/\/petitcodiac.org\/fr\/qui-nous-sommes\/notre-histoire\/\" data-type=\"page\" data-id=\"397\">Notre histoire<\/a><\/li><li><a href=\"http:\/\/petitcodiac.org\/fr\/qui-nous-sommes\/nos-sentinelles\/\" data-type=\"page\" data-id=\"399\">Nos sentinelles<\/a><\/li><li><a href=\"http:\/\/petitcodiac.org\/fr\/impliquez-vous\/ressources\/\" data-type=\"page\" data-id=\"798\">Organisations apparent\u00e9es<\/a><\/li><\/ul>\n\n\n\n<figure class=\"wp-block-image size-large\"><img loading=\"lazy\" decoding=\"async\" width=\"576\" height=\"432\" src=\"http:\/\/petitcodiac.org\/wp-content\/uploads\/2020\/11\/qui-nous-sommes.jpg\" alt=\"\" class=\"wp-image-372\" srcset=\"http:\/\/petitcodiac.net\/wp-content\/uploads\/2020\/11\/qui-nous-sommes.jpg 576w, http:\/\/petitcodiac.net\/wp-content\/uploads\/2020\/11\/qui-nous-sommes-300x225.jpg 300w\" sizes=\"(max-width: 576px) 100vw, 576px\" \/><\/figure>\n","protected":false},"excerpt":{"rendered":"<p>Sentinelles Petitcodiac est un organisme environnemental de bienfaisance au Canada (organisme charitable) d\u00e9di\u00e9 \u00e0 la protection et \u00e0 la restauration du system fluvial de la rivi\u00e8re Petitcodiac et de l\u2019estuaire de la baie de Shepody, un bassin versant de 3000 km2 situ\u00e9 \u00e0 la source de la partie int\u00e9rieur de la baie de Fundy, au [&hellip;]<\/p>\n","protected":false},"author":1,"featured_media":0,"parent":0,"menu_order":2,"comment_status":"closed","ping_status":"closed","template":"","meta":{"footnotes":""},"aioseo_notices":[],"_links":{"self":[{"href":"http:\/\/petitcodiac.net\/fr\/wp-json\/wp\/v2\/pages\/131"}],"collection":[{"href":"http:\/\/petitcodiac.net\/fr\/wp-json\/wp\/v2\/pages"}],"about":[{"href":"http:\/\/petitcodiac.net\/fr\/wp-json\/wp\/v2\/types\/page"}],"author":[{"embeddable":true,"href":"http:\/\/petitcodiac.net\/fr\/wp-json\/wp\/v2\/users\/1"}],"replies":[{"embeddable":true,"href":"http:\/\/petitcodiac.net\/fr\/wp-json\/wp\/v2\/comments?post=131"}],"version-history":[{"count":5,"href":"http:\/\/petitcodiac.net\/fr\/wp-json\/wp\/v2\/pages\/131\/revisions"}],"predecessor-version":[{"id":2238,"href":"http:\/\/petitcodiac.net\/fr\/wp-json\/wp\/v2\/pages\/131\/revisions\/2238"}],"wp:attachment":[{"href":"http:\/\/petitcodiac.net\/fr\/wp-json\/wp\/v2\/media?parent=131"}],"curies":[{"name":"wp","href":"https:\/\/api.w.org\/{rel}","templated":true}]}}