{"id":129,"date":"2020-08-20T16:56:56","date_gmt":"2020-08-20T20:56:56","guid":{"rendered":"https:\/\/www.dev-id.co\/riverkeeper\/?page_id=129"},"modified":"2022-11-16T11:27:28","modified_gmt":"2022-11-16T15:27:28","slug":"bienvenue","status":"publish","type":"page","link":"http:\/\/petitcodiac.net\/fr\/","title":{"rendered":"Bienvenue"},"content":{"rendered":"\n<h2 class=\"wp-block-heading\">Bienvenue chez Sentinelles Petitcodiac Riverkeeper <\/h2>\n\n\n\n<p>Sentinelles Petitcodiac Riverkeeper (SPR) est un organisme sans but lucratif dont le but premier est la restauration de la sant\u00e9 \u00e9cologique des bassins hydrographiques des rivi\u00e8res Petitcodiac et Memramcook ainsi que de l\u2019estuaire de la baie de Shepody, au sud-est du Nouveau-Brunswick.<\/p>\n\n\n\n<h2 class=\"wp-block-heading\">Horaire du mascaret<\/h2>\n\n\n\n<p>Consultez la page&nbsp;<a rel=\"noreferrer noopener\" href=\"http:\/\/www.waterlevels.gc.ca\/fra\/station?sid=175&amp;tz=ADT&amp;pres=1\" target=\"_blank\">Heures d\u2019arriv\u00e9e du mascaret<\/a>&nbsp;du site de P\u00eaches et Oc\u00e9ans Canada pour conna\u00eetre l\u2019horaire du mascaret \u00e0 Moncton.<\/p>\n\n\n\n<h2 class=\"wp-block-heading\">Campagne d&#8217;appui envers le nom \u00ab PONT PETIGOTIAG BRIDGE \u00bb<\/h2>\n\n\n\n<figure class=\"wp-block-image size-large\"><a href=\"http:\/\/petitcodiac.org\/fr\/campagne-appui-nom-pont-petigotiag-bridge\/\"><img loading=\"lazy\" decoding=\"async\" width=\"1024\" height=\"512\" src=\"http:\/\/petitcodiac.org\/wp-content\/uploads\/2021\/04\/Celebrations-2-1024x512.jpg\" alt=\"\" class=\"wp-image-2419\" srcset=\"http:\/\/petitcodiac.net\/wp-content\/uploads\/2021\/04\/Celebrations-2-1024x512.jpg 1024w, http:\/\/petitcodiac.net\/wp-content\/uploads\/2021\/04\/Celebrations-2-300x150.jpg 300w, http:\/\/petitcodiac.net\/wp-content\/uploads\/2021\/04\/Celebrations-2-768x384.jpg 768w, http:\/\/petitcodiac.net\/wp-content\/uploads\/2021\/04\/Celebrations-2-1200x600.jpg 1200w, http:\/\/petitcodiac.net\/wp-content\/uploads\/2021\/04\/Celebrations-2.jpg 1500w\" sizes=\"(max-width: 1024px) 100vw, 1024px\" \/><\/a><\/figure>\n\n\n\n<div class=\"wp-block-buttons is-layout-flex wp-block-buttons-is-layout-flex\">\n<div class=\"wp-block-button\"><a class=\"wp-block-button__link has-background-color has-primary-background-color has-text-color has-background\" href=\"http:\/\/petitcodiac.org\/fr\/campagne-appui-nom-pont-petigotiag-bridge\/\">EN SAVOIR PLUS<\/a><\/div>\n<\/div>\n\n\n\n<h2 class=\"wp-block-heading\">Plan d&#8217;action communautaire de la rivi\u00e8re Memramcook <\/h2>\n\n\n<div class=\"wp-block-image\">\n<figure class=\"aligncenter size-full\"><img loading=\"lazy\" decoding=\"async\" width=\"634\" height=\"421\" src=\"http:\/\/petitcodiac.org\/wp-content\/uploads\/2022\/11\/cap-french-screenshot.png\" alt=\"\" class=\"wp-image-3527\" srcset=\"http:\/\/petitcodiac.net\/wp-content\/uploads\/2022\/11\/cap-french-screenshot.png 634w, http:\/\/petitcodiac.net\/wp-content\/uploads\/2022\/11\/cap-french-screenshot-300x199.png 300w, http:\/\/petitcodiac.net\/wp-content\/uploads\/2022\/11\/cap-french-screenshot-391x260.png 391w\" sizes=\"(max-width: 634px) 100vw, 634px\" \/><\/figure><\/div>\n\n\n<div class=\"wp-block-buttons is-layout-flex wp-block-buttons-is-layout-flex\">\n<div class=\"wp-block-button\"><a class=\"wp-block-button__link has-primary-background-color has-background\" href=\"http:\/\/petitcodiac.org\/fr\/projets-en-cours\/riviere-memramcook-et-son-pont-chaussee\/\">EN SAVOIR PLUS<\/a><\/div>\n<\/div>\n","protected":false},"excerpt":{"rendered":"<p>Bienvenue chez Sentinelles Petitcodiac Riverkeeper Sentinelles Petitcodiac Riverkeeper (SPR) est un organisme sans but lucratif dont le but premier est la restauration de la sant\u00e9 \u00e9cologique des bassins hydrographiques des rivi\u00e8res Petitcodiac et Memramcook ainsi que de l\u2019estuaire de la baie de Shepody, au sud-est du Nouveau-Brunswick. Horaire du mascaret Consultez la page&nbsp;Heures d\u2019arriv\u00e9e du [&hellip;]<\/p>\n","protected":false},"author":1,"featured_media":0,"parent":0,"menu_order":1,"comment_status":"closed","ping_status":"closed","template":"","meta":{"footnotes":""},"aioseo_notices":[],"_links":{"self":[{"href":"http:\/\/petitcodiac.net\/fr\/wp-json\/wp\/v2\/pages\/129"}],"collection":[{"href":"http:\/\/petitcodiac.net\/fr\/wp-json\/wp\/v2\/pages"}],"about":[{"href":"http:\/\/petitcodiac.net\/fr\/wp-json\/wp\/v2\/types\/page"}],"author":[{"embeddable":true,"href":"http:\/\/petitcodiac.net\/fr\/wp-json\/wp\/v2\/users\/1"}],"replies":[{"embeddable":true,"href":"http:\/\/petitcodiac.net\/fr\/wp-json\/wp\/v2\/comments?post=129"}],"version-history":[{"count":15,"href":"http:\/\/petitcodiac.net\/fr\/wp-json\/wp\/v2\/pages\/129\/revisions"}],"predecessor-version":[{"id":3532,"href":"http:\/\/petitcodiac.net\/fr\/wp-json\/wp\/v2\/pages\/129\/revisions\/3532"}],"wp:attachment":[{"href":"http:\/\/petitcodiac.net\/fr\/wp-json\/wp\/v2\/media?parent=129"}],"curies":[{"name":"wp","href":"https:\/\/api.w.org\/{rel}","templated":true}]}}