{"id":1134,"date":"2020-11-21T23:48:01","date_gmt":"2020-11-22T03:48:01","guid":{"rendered":"https:\/\/www.dev-id.co\/riverkeeper\/?page_id=1134"},"modified":"2020-12-22T18:08:09","modified_gmt":"2020-12-22T22:08:09","slug":"ruisseau-humphreys","status":"publish","type":"page","link":"http:\/\/petitcodiac.net\/fr\/accomplissements\/barrages-abondonnes\/ruisseau-humphreys\/","title":{"rendered":"Ruisseau Humphreys"},"content":{"rendered":"\n<h2 class=\"wp-block-heading\">Sommaire<\/h2>\n\n\n\n<figure class=\"wp-block-image size-large\"><img loading=\"lazy\" decoding=\"async\" width=\"373\" height=\"249\" src=\"http:\/\/petitcodiac.org\/wp-content\/uploads\/2020\/11\/humphrey-brook-1.jpg\" alt=\"\" class=\"wp-image-1136\" srcset=\"http:\/\/petitcodiac.net\/wp-content\/uploads\/2020\/11\/humphrey-brook-1.jpg 373w, http:\/\/petitcodiac.net\/wp-content\/uploads\/2020\/11\/humphrey-brook-1-300x200.jpg 300w\" sizes=\"(max-width: 373px) 100vw, 373px\" \/><\/figure>\n\n\n\n<p>Le ruisseau Humphreys situ\u00e9 dans l\u2019est de la ville de Moncton draine un bassin d\u2019une superficie de 38 km2. Ce ruisseau fait partie du grand bassin versant de la Petitcodiac, d\u2019une dimension de 3000 km2. Le barrage abandonn\u00e9 (d\u2019une hauteur de 4.7 m\u00e8tres et d\u2019une longueur de 9.1 m\u00e8tres) qui scinde actuellement en deux le ruisseau a \u00e9t\u00e9 construit au d\u00e9but du si\u00e8cle dernier pour alimenter en \u00e9lectricit\u00e9 le moulin Humphreys (<em>Humphreys Mill<\/em>). L\u2019usine ayant ferm\u00e9 ses portes depuis longtemps, le barrage est inutilis\u00e9 et \u00e0 l\u2019abandon.La r\u00e9gion dans laquelle se trouve le barrage rev\u00eat une importance historique, car la tradition orale mi\u2019gmag fait mention d\u2019un camp am\u00e9rindien qui aurait \u00e9t\u00e9 situ\u00e9 \u00e0 la limite de la zone d\u2019influence tidale sur le ruisseau Humphreys, ce qui indique que les Am\u00e9rindiens auraient pratiqu\u00e9 la p\u00eache sur ce cours d\u2019eau.Le barrage ne joue plus aucun r\u00f4le \u00e9conomique ou social depuis le d\u00e9but des ann\u00e9es soixante-dix, comme c\u2019\u00e9tait le cas auparavant: le moulin a cess\u00e9 de fonctionner depuis longtemps et le bassin de retenue du barrage \u2013 aujourd\u2019hui rempli de s\u00e9diments et de d\u00e9bris \u2013 ne sert plus de patinoire comme au si\u00e8cle dernier.Par ailleurs, la tradition orale Mig\u2019mag concernant le ruisseau et le fait que les tributaires voisins aient historiquement \u00e9t\u00e9 des lieux de fraye pour le Saumon atlantique permet d\u2019affirmer que le saumon remontait probablement le ruisseau Humphreys avant que ne soit construit le barrage.<\/p>\n\n\n\n<h2 class=\"wp-block-heading\">Buts du projet<\/h2>\n\n\n\n<ul><li>\u00c9laborer, d\u2019apr\u00e8s les mod\u00e8les existants au Canada et aux \u00c9tas-Unis, un cadre de travail et un mod\u00e8le de d\u00e9mant\u00e8lement pour un barrage abandonn\u00e9 bloquant la migration du poisson dans l\u2019int\u00e9rieur de la baie de Fundy afin que soit restaur\u00e9 le Saumon atlantique.<\/li><\/ul>\n\n\n\n<ul><li>D\u00e9velopper un consensus et un soutien communautaire pour un projet de d\u00e9mant\u00e8lement du barrage Humphreys qui soit acceptable sur le plan environnemental, \u00e9conomique et social.<\/li><\/ul>\n\n\n\n<ul><li>Produire une version provisoire du&nbsp;plan de d\u00e9mant\u00e8lement&nbsp;du barrage Humphreys incluant la possibilit\u00e9 de la r\u00e9introduction ou de l\u2019ensemencement du ruisseau Humphreys avec des Saumons atlantiques si l\u2019\u00e9quipe du Programme de r\u00e9habilitation du saumon de l\u2019int\u00e9rieur de la baie de Fundy le recommande.<\/li><\/ul>\n\n\n\n<h2 class=\"wp-block-heading\">Esp\u00e8ces \u00e0 risque vis\u00e9es par ce projet<\/h2>\n\n\n\n<ul><li>Le Saumon atlantique de l\u2019int\u00e9rieur de la baie de Fundy<\/li><\/ul>\n\n\n\n<ul><li>Les autres esp\u00e8ces de poisson ayant disparu du bassin versant de la rivi\u00e8re Petitcodiac ou \u00e9tant en s\u00e9rieux d\u00e9clin.<\/li><\/ul>\n\n\n\n<p><strong>Ce barrage a \u00e9t\u00e9 enlev\u00e9.&nbsp;<a href=\"http:\/\/petitcodiac.org\/fr\/notre-vision-pour-le-ruisseau-humphreys-un-habitat-sain-pour-tous-les-poissons-et-les-animaux-et-un-bel-endroit-que-les-residents-peuvent-frequenter-dans-le-centre-urbain-de-moncton\/\">Voir mise \u00e0 jour ici&nbsp;dans la section Histoires \u00e0 succ\u00e8s.<\/a><\/strong><\/p>\n","protected":false},"excerpt":{"rendered":"<p>Sommaire Le ruisseau Humphreys situ\u00e9 dans l\u2019est de la ville de Moncton draine un bassin d\u2019une superficie de 38 km2. Ce ruisseau fait partie du grand bassin versant de la Petitcodiac, d\u2019une dimension de 3000 km2. Le barrage abandonn\u00e9 (d\u2019une hauteur de 4.7 m\u00e8tres et d\u2019une longueur de 9.1 m\u00e8tres) qui scinde actuellement en deux [&hellip;]<\/p>\n","protected":false},"author":4,"featured_media":0,"parent":1106,"menu_order":3,"comment_status":"closed","ping_status":"closed","template":"","meta":{"footnotes":""},"aioseo_notices":[],"_links":{"self":[{"href":"http:\/\/petitcodiac.net\/fr\/wp-json\/wp\/v2\/pages\/1134"}],"collection":[{"href":"http:\/\/petitcodiac.net\/fr\/wp-json\/wp\/v2\/pages"}],"about":[{"href":"http:\/\/petitcodiac.net\/fr\/wp-json\/wp\/v2\/types\/page"}],"author":[{"embeddable":true,"href":"http:\/\/petitcodiac.net\/fr\/wp-json\/wp\/v2\/users\/4"}],"replies":[{"embeddable":true,"href":"http:\/\/petitcodiac.net\/fr\/wp-json\/wp\/v2\/comments?post=1134"}],"version-history":[{"count":4,"href":"http:\/\/petitcodiac.net\/fr\/wp-json\/wp\/v2\/pages\/1134\/revisions"}],"predecessor-version":[{"id":2286,"href":"http:\/\/petitcodiac.net\/fr\/wp-json\/wp\/v2\/pages\/1134\/revisions\/2286"}],"up":[{"embeddable":true,"href":"http:\/\/petitcodiac.net\/fr\/wp-json\/wp\/v2\/pages\/1106"}],"wp:attachment":[{"href":"http:\/\/petitcodiac.net\/fr\/wp-json\/wp\/v2\/media?parent=1134"}],"curies":[{"name":"wp","href":"https:\/\/api.w.org\/{rel}","templated":true}]}}