{"id":1127,"date":"2020-11-21T23:41:29","date_gmt":"2020-11-22T03:41:29","guid":{"rendered":"https:\/\/www.dev-id.co\/riverkeeper\/?page_id=1127"},"modified":"2020-12-22T18:08:58","modified_gmt":"2020-12-22T22:08:58","slug":"ruisseau-back","status":"publish","type":"page","link":"http:\/\/petitcodiac.net\/fr\/accomplissements\/barrages-abondonnes\/ruisseau-back\/","title":{"rendered":"Ruisseau Back"},"content":{"rendered":"\n<h2 class=\"wp-block-heading\">Sommaire<\/h2>\n\n\n\n<figure class=\"wp-block-image size-large\"><img loading=\"lazy\" decoding=\"async\" width=\"360\" height=\"270\" src=\"http:\/\/petitcodiac.org\/wp-content\/uploads\/2020\/11\/Back-Brook-1.jpg\" alt=\"\" class=\"wp-image-1129\" srcset=\"http:\/\/petitcodiac.net\/wp-content\/uploads\/2020\/11\/Back-Brook-1.jpg 360w, http:\/\/petitcodiac.net\/wp-content\/uploads\/2020\/11\/Back-Brook-1-300x225.jpg 300w\" sizes=\"(max-width: 360px) 100vw, 360px\" \/><\/figure>\n\n\n\n<ul><li>Dimensions du barrage: 25.8 m\u00e8tres de longueur sur 3.2 m\u00e8tres de hauteur<\/li><li>Superficie des terres affect\u00e9es : Environ 5 km2<\/li><\/ul>\n\n\n\n<p>Le projet de d\u00e9mant\u00e8lement du barrage du ruisseau Back est le premier projet du genre a avoir eu lieu dans le bassin de la rivi\u00e8re Petitcodiac. Le d\u00e9mant\u00e8lement a \u00e9t\u00e9 r\u00e9alis\u00e9 au mois d\u2019ao\u00fbt 2002 par Travaux publics et Services gouvernementaux Canada (TPSGC) et a \u00e9t\u00e9 financ\u00e9 par le Service correctionnel du Canada.\u00a0Ce barrage de petite dimension \u00e9tait situ\u00e9 sur le ruisseau Back, un tributaire de la rivi\u00e8re Memramcook, dans une zone rurale pr\u00e8s du village de Dorchester. Le barrage avait \u00e9t\u00e9 construit dans les ann\u00e9es trente afin de cr\u00e9er un r\u00e9servoir qui alimenterait le p\u00e9nitencier de Dorchester en eau potable. Une importante accumulation de s\u00e9diment a cependant fini par le rendre inutilisable. En fait, le volume de s\u00e9diments \u00e9tait tel dans le r\u00e9servoir qu\u2019il en a \u00e9t\u00e9 m\u00eame compl\u00e8tement rempli dans la zone adjacente au barrage.<\/p>\n\n\n\n<p>La d\u00e9cision de d\u00e9manteler ce barrage a \u00e9t\u00e9 prise pour diverses raisons. D\u2019abord, l\u2019absence d\u2019utilisation du r\u00e9servoir rendait l\u2019existence de la structure d\u00e9su\u00e8te. Ensuite, le barrage n\u2019\u00e9tait pas \u00e9quip\u00e9 d\u2019une passe \u00e0 poisson, emp\u00eachant ainsi toute migration du poisson en amont de la structure. Bien que le barrage en raison de son bon \u00e9tat aurait pu \u00eatre laiss\u00e9 en place, il aurait cependant fallu l\u2019\u00e9quiper d\u2019une passe \u00e0 poisson (pour le rendre conforme aux r\u00e8glements de la Loi sur les P\u00eaches auxquels il serait contrevenu autrement) ce qui aurait co\u00fbt\u00e9 aussi cher que de le d\u00e9manteler.<\/p>\n\n\n\n<p>Enfin, divers organismes environnementaux avaient exprim\u00e9 leurs pr\u00e9occupations quant \u00e0 l\u2019existence de ce barrage, tel que les Premi\u00e8res Nations de Fort Folly, qui depuis quelques ann\u00e9es oeuvraient \u00e0 la restauration du ruisseau Back, ainsi que les Sentinelles Petitcodiac.<\/p>\n","protected":false},"excerpt":{"rendered":"<p>Sommaire Dimensions du barrage: 25.8 m\u00e8tres de longueur sur 3.2 m\u00e8tres de hauteur Superficie des terres affect\u00e9es : Environ 5 km2 Le projet de d\u00e9mant\u00e8lement du barrage du ruisseau Back est le premier projet du genre a avoir eu lieu dans le bassin de la rivi\u00e8re Petitcodiac. Le d\u00e9mant\u00e8lement a \u00e9t\u00e9 r\u00e9alis\u00e9 au mois d\u2019ao\u00fbt [&hellip;]<\/p>\n","protected":false},"author":4,"featured_media":0,"parent":1106,"menu_order":4,"comment_status":"closed","ping_status":"closed","template":"","meta":{"footnotes":""},"aioseo_notices":[],"_links":{"self":[{"href":"http:\/\/petitcodiac.net\/fr\/wp-json\/wp\/v2\/pages\/1127"}],"collection":[{"href":"http:\/\/petitcodiac.net\/fr\/wp-json\/wp\/v2\/pages"}],"about":[{"href":"http:\/\/petitcodiac.net\/fr\/wp-json\/wp\/v2\/types\/page"}],"author":[{"embeddable":true,"href":"http:\/\/petitcodiac.net\/fr\/wp-json\/wp\/v2\/users\/4"}],"replies":[{"embeddable":true,"href":"http:\/\/petitcodiac.net\/fr\/wp-json\/wp\/v2\/comments?post=1127"}],"version-history":[{"count":2,"href":"http:\/\/petitcodiac.net\/fr\/wp-json\/wp\/v2\/pages\/1127\/revisions"}],"predecessor-version":[{"id":2288,"href":"http:\/\/petitcodiac.net\/fr\/wp-json\/wp\/v2\/pages\/1127\/revisions\/2288"}],"up":[{"embeddable":true,"href":"http:\/\/petitcodiac.net\/fr\/wp-json\/wp\/v2\/pages\/1106"}],"wp:attachment":[{"href":"http:\/\/petitcodiac.net\/fr\/wp-json\/wp\/v2\/media?parent=1127"}],"curies":[{"name":"wp","href":"https:\/\/api.w.org\/{rel}","templated":true}]}}