{"id":1117,"date":"2020-11-21T23:35:33","date_gmt":"2020-11-22T03:35:33","guid":{"rendered":"https:\/\/www.dev-id.co\/riverkeeper\/?page_id=1117"},"modified":"2020-12-22T17:59:15","modified_gmt":"2020-12-22T21:59:15","slug":"barrages-abondonnes-dans-le-bassin-versant","status":"publish","type":"page","link":"http:\/\/petitcodiac.net\/fr\/accomplissements\/barrages-abondonnes\/barrages-abondonnes-dans-le-bassin-versant\/","title":{"rendered":"Barrages abondonn\u00e9s dans le bassin versant"},"content":{"rendered":"\n<p>Le syst\u00e8me de la rivi\u00e8re Petitcodiac \/ de l\u2019estuaire de la baie de Shepody constitue un bassin versant d\u2019une superficie de 3000 km2 situ\u00e9 au cours d\u2019eau sup\u00e9rieur de l\u2019int\u00e9rieur de la baie de Fundy. Ce syst\u00e8me est aux prises avec un nombre important de barrages et de barri\u00e8res \u00e0 mar\u00e9e dont l\u2019existence a des r\u00e9percussions s\u00e9v\u00e8res sur son \u00e9cosyst\u00e8me. Un inventaire de ces structures r\u00e9alis\u00e9 par Environnement Canada (Wells, 1999), le Conseil de conservation du Nouveau-Brunswick et les Sentinelles Petitcodiac\u00a0a estim\u00e9 que 90 % des cours d\u2019eau de ce vaste bassin comportent au moins une barri\u00e8re obstruant partiellement ou totalement son cours. Voici un sommaire des barri\u00e8res qui y ont \u00e9t\u00e9 r\u00e9pertori\u00e9es et qui ensemble affectent la migration des poissons \u00e0 presque 100 % :<\/p>\n\n\n\n<figure class=\"wp-block-image size-large\"><img loading=\"lazy\" decoding=\"async\" width=\"300\" height=\"199\" src=\"http:\/\/petitcodiac.org\/wp-content\/uploads\/2020\/11\/BackgdPetitcodiac-300x199-3.jpg\" alt=\"\" class=\"wp-image-1119\"\/><\/figure>\n\n\n\n<ul><li>Pont-chauss\u00e9e de la Petitcodiac : 1340 km2 affect\u00e9s<\/li><li>Barrage abandonn\u00e9 du ruisseau Mill : 50 km2 affect\u00e9s<\/li><\/ul>\n\n\n\n<ul><li>Barrage du ruisseau Humphreys : 38 km2 affect\u00e9s (Enlev\u00e9 en 2013)<\/li><li>Pont-chauss\u00e9e de Memramcook : 400 km2 affect\u00e9s<\/li><li>Pont-chauss\u00e9e Shepody : 550 km2 affect\u00e9s<\/li><li>Ruisseau Jonathan Creek \/ barrage du lac Jones : 60 km2 affect\u00e9s<\/li><li>R\u00e9servoirs McLaughlin et Irishtown : 34 km2 affect\u00e9s<\/li><li>Ruisseau Babineau : 12 km2 affect\u00e9s<\/li><li>Ruisseau Fox : 34 km2 affect\u00e9s<\/li><li>Ruisseau Palmers : 40 km2 affect\u00e9s<\/li><li>Ruisseau Breau : 60 km2 affect\u00e9s<\/li><li>Ainsi que tous les autres tributaires de la Petitcodiac eux aussi affect\u00e9s par une barri\u00e8re.<\/li><\/ul>\n\n\n\n<p>Dans les bassins versants voisins de l\u2019int\u00e9rieur de la baie de Fundy, la rivi\u00e8re Aulac (30 km2) ainsi que la rivi\u00e8re Tantramar (300 km2) sont elles aussi affect\u00e9es \u00e0 100 % par des barrages. Cette situation critique a beaucoup contribu\u00e9 au d\u00e9clin de l\u2019esp\u00e8ce de Saumon atlantique de l\u2019int\u00e9rieur de la baie de Fundy.<\/p>\n","protected":false},"excerpt":{"rendered":"<p>Le syst\u00e8me de la rivi\u00e8re Petitcodiac \/ de l\u2019estuaire de la baie de Shepody constitue un bassin versant d\u2019une superficie de 3000 km2 situ\u00e9 au cours d\u2019eau sup\u00e9rieur de l\u2019int\u00e9rieur de la baie de Fundy. Ce syst\u00e8me est aux prises avec un nombre important de barrages et de barri\u00e8res \u00e0 mar\u00e9e dont l\u2019existence a des [&hellip;]<\/p>\n","protected":false},"author":4,"featured_media":0,"parent":1106,"menu_order":1,"comment_status":"closed","ping_status":"closed","template":"","meta":{"footnotes":""},"aioseo_notices":[],"_links":{"self":[{"href":"http:\/\/petitcodiac.net\/fr\/wp-json\/wp\/v2\/pages\/1117"}],"collection":[{"href":"http:\/\/petitcodiac.net\/fr\/wp-json\/wp\/v2\/pages"}],"about":[{"href":"http:\/\/petitcodiac.net\/fr\/wp-json\/wp\/v2\/types\/page"}],"author":[{"embeddable":true,"href":"http:\/\/petitcodiac.net\/fr\/wp-json\/wp\/v2\/users\/4"}],"replies":[{"embeddable":true,"href":"http:\/\/petitcodiac.net\/fr\/wp-json\/wp\/v2\/comments?post=1117"}],"version-history":[{"count":2,"href":"http:\/\/petitcodiac.net\/fr\/wp-json\/wp\/v2\/pages\/1117\/revisions"}],"predecessor-version":[{"id":2277,"href":"http:\/\/petitcodiac.net\/fr\/wp-json\/wp\/v2\/pages\/1117\/revisions\/2277"}],"up":[{"embeddable":true,"href":"http:\/\/petitcodiac.net\/fr\/wp-json\/wp\/v2\/pages\/1106"}],"wp:attachment":[{"href":"http:\/\/petitcodiac.net\/fr\/wp-json\/wp\/v2\/media?parent=1117"}],"curies":[{"name":"wp","href":"https:\/\/api.w.org\/{rel}","templated":true}]}}