{"id":1113,"date":"2020-11-21T23:32:55","date_gmt":"2020-11-22T03:32:55","guid":{"rendered":"https:\/\/www.dev-id.co\/riverkeeper\/?page_id=1113"},"modified":"2020-12-22T18:02:13","modified_gmt":"2020-12-22T22:02:13","slug":"ruisseau-mill","status":"publish","type":"page","link":"http:\/\/petitcodiac.net\/fr\/accomplissements\/barrages-abondonnes\/ruisseau-mill\/","title":{"rendered":"Ruisseau Mill"},"content":{"rendered":"\n<h2 class=\"wp-block-heading\">Sommaire<\/h2>\n\n\n\n<figure class=\"wp-block-image size-large\"><img loading=\"lazy\" decoding=\"async\" width=\"225\" height=\"140\" src=\"http:\/\/petitcodiac.org\/wp-content\/uploads\/2020\/11\/millcreek-4.jpg\" alt=\"\" class=\"wp-image-1115\"\/><\/figure>\n\n\n\n<ul><li>Dimensions du barrage: 55 m\u00e8tres de longueur sur 6 m\u00e8tres de hauteur<\/li><li>Superficie du bassin de retenue: Environ 12 acres<\/li><li>Zone affect\u00e9e par le barrage: Environ 50 km2<\/li><li>Longueur du ruisseau: Environ 25 kilom\u00e8tres<\/li><\/ul>\n\n\n\n<p>\u00c9rig\u00e9 dans les ann\u00e9es cinquante par la Marine Royale canadienne, le barrage du ruisseau Mill a \u00e9t\u00e9 construit pour cr\u00e9er une r\u00e9serve d\u2019eau qui servirait en cas d\u2019un incendie sur la base navale de la rue Runnymead. La fermeture de la base dans les ann\u00e9es 1970 a rendu le barrage d\u00e9suet.<\/p>\n\n\n\n<p>La ville de Riverview qui a fini par en faire l\u2019acquisition ainsi que des terres adjacentes qui \u00e9taient \u00e9galement la propri\u00e9t\u00e9 du minist\u00e8re de la D\u00e9fense avait fait le projet de cr\u00e9er un parc \u00e0 cet endroit. Cependant, l\u2019importante quantit\u00e9 de s\u00e9diments qui s\u2019est d\u00e9pos\u00e9e dans le r\u00e9servoir le rend actuellement impropre aux activit\u00e9s aquatiques. Par ailleurs, le barrage ne remplit plus de fonctions en dehors de constituer une r\u00e9serve d\u2019eau d\u2019urgence dans le cas d\u2019un incendie important . Par ailleurs, le barrage pr\u00e9sente des signes de vieillissement, notamment un affaiblissement structural ce que d\u00e9notent des fissures visibles \u00e0 sa surface.<\/p>\n\n\n\n<h2 class=\"wp-block-heading\">Parmi les impacts n\u00e9gatifs dont est responsable le barrage abandonn\u00e9 du ruisseau Mill, on compte les \u00e9l\u00e9ments suivants:<\/h2>\n\n\n\n<ul><li>Bloque le passage du poisson<\/li><li>Emp\u00eache la circulation des nutriments dans le ruisseau<\/li><li>Est la cause d\u2019une importante accumulation de s\u00e9diments dans le bassin de retenue<\/li><li>Est responsable d\u2019une r\u00e9duction de la biodiversit\u00e9 du ruisseau<\/li><li>Comme ce barrage n\u2019est plus entretenu et qu\u2019il s\u2019affaiblit, les risques qu\u2019il pr\u00e9sente (dans le cas de son effondrement par exemple) pour la s\u00e9curit\u00e9 publique ainsi que l\u2019\u00e9cologie de la rivi\u00e8re Petitcodiac sont de plus en plus r\u00e9els.<\/li><\/ul>\n\n\n\n<p>Le Mill Creek Watershed Group (Groupe de protection du bassin du ruisseau Mill) est un comit\u00e9 environnemental local install\u00e9 \u00e0 Riverview qui oeuvre pour la restauration du ruisseau Mill. Ses membres revendiquent le d\u00e9mant\u00e8lement du barrage ainsi que la cr\u00e9ation d\u2019un parc \u00e9cologique dans la zone actuelle de retenue, une fois que le ruisseau sera restaur\u00e9.<\/p>\n\n\n\n<h2 class=\"wp-block-heading\">Objectifs du projet<\/h2>\n\n\n\n<p>Ce projet a pour objectif d\u2019\u00e9valuer les possibilit\u00e9s qui s\u2019offrent en ce qui a trait \u00e0 l\u2019avenir du barrage abandonn\u00e9 du ruisseau Mill, situ\u00e9 \u00e0 Riverview. \u00c9rig\u00e9 dans les ann\u00e9es quarante par la Marine royale canadienne, ce barrage a \u00e9t\u00e9 construit pour cr\u00e9er une r\u00e9serve d\u2019eau qui servirait \u00e0 l\u2019extinction des incendies de for\u00eat. La Marine canadienne a depuis cess\u00e9 de faire usage du r\u00e9servoir depuis plusieurs d\u00e9cennies et a transf\u00e9r\u00e9 la propri\u00e9t\u00e9 du barrage \u00e0 la ville de Riverview. La question de l\u2019avenir du barrage se pose, car actuellement, le barrage pr\u00e9sente des signes de faiblesse structurale et ne remplit plus ses fonctions de d\u00e9part. C\u2019est pour cette raison que les Sentinelles Petitcodiac et le Mill Creek Watershed Group (Groupe de protection du ruisseau Mill), en collaboration avec le Groupe de protection du bassin de la Petitcodiac, ont mis sur pied ce projet qui vise \u00e0 d\u00e9terminer les choix possibles en mati\u00e8re de gestion de cette construction abandonn\u00e9e et qui par ailleurs, puissent am\u00e9liorer la qualit\u00e9 de l\u2019environnement du ruisseau et de son bassin.<\/p>\n","protected":false},"excerpt":{"rendered":"<p>Sommaire Dimensions du barrage: 55 m\u00e8tres de longueur sur 6 m\u00e8tres de hauteur Superficie du bassin de retenue: Environ 12 acres Zone affect\u00e9e par le barrage: Environ 50 km2 Longueur du ruisseau: Environ 25 kilom\u00e8tres \u00c9rig\u00e9 dans les ann\u00e9es cinquante par la Marine Royale canadienne, le barrage du ruisseau Mill a \u00e9t\u00e9 construit pour cr\u00e9er [&hellip;]<\/p>\n","protected":false},"author":4,"featured_media":0,"parent":1106,"menu_order":2,"comment_status":"closed","ping_status":"closed","template":"","meta":{"footnotes":""},"aioseo_notices":[],"_links":{"self":[{"href":"http:\/\/petitcodiac.net\/fr\/wp-json\/wp\/v2\/pages\/1113"}],"collection":[{"href":"http:\/\/petitcodiac.net\/fr\/wp-json\/wp\/v2\/pages"}],"about":[{"href":"http:\/\/petitcodiac.net\/fr\/wp-json\/wp\/v2\/types\/page"}],"author":[{"embeddable":true,"href":"http:\/\/petitcodiac.net\/fr\/wp-json\/wp\/v2\/users\/4"}],"replies":[{"embeddable":true,"href":"http:\/\/petitcodiac.net\/fr\/wp-json\/wp\/v2\/comments?post=1113"}],"version-history":[{"count":2,"href":"http:\/\/petitcodiac.net\/fr\/wp-json\/wp\/v2\/pages\/1113\/revisions"}],"predecessor-version":[{"id":2279,"href":"http:\/\/petitcodiac.net\/fr\/wp-json\/wp\/v2\/pages\/1113\/revisions\/2279"}],"up":[{"embeddable":true,"href":"http:\/\/petitcodiac.net\/fr\/wp-json\/wp\/v2\/pages\/1106"}],"wp:attachment":[{"href":"http:\/\/petitcodiac.net\/fr\/wp-json\/wp\/v2\/media?parent=1113"}],"curies":[{"name":"wp","href":"https:\/\/api.w.org\/{rel}","templated":true}]}}