{"id":1106,"date":"2020-11-21T23:29:31","date_gmt":"2020-11-22T03:29:31","guid":{"rendered":"https:\/\/www.dev-id.co\/riverkeeper\/?page_id=1106"},"modified":"2020-12-22T17:54:11","modified_gmt":"2020-12-22T21:54:11","slug":"barrages-abondonnes","status":"publish","type":"page","link":"http:\/\/petitcodiac.net\/fr\/accomplissements\/barrages-abondonnes\/","title":{"rendered":"Barrages abondonn\u00e9s"},"content":{"rendered":"\n<p><\/p>\n\n\n\n<figure class=\"wp-block-image size-large\"><img loading=\"lazy\" decoding=\"async\" width=\"225\" height=\"140\" src=\"http:\/\/petitcodiac.org\/wp-content\/uploads\/2020\/11\/millcreek-2.jpg\" alt=\"\" class=\"wp-image-1108\"\/><\/figure>\n\n\n\n<p>Plusieurs barrages qui ont servi au d\u00e9veloppement de nos communaut\u00e9s aux si\u00e8cles pass\u00e9s sont incapables de remplir aujourd\u2019hui les fonctions pour lesquelles ils ont \u00e9t\u00e9 con\u00e7us, et bon nombre sont maintenant abandonn\u00e9s.<\/p>\n\n\n\n<p>M\u00eame abandonn\u00e9s, ces barrages continuent de faire obstacle au d\u00e9placement du poisson, constituant une menace \u00e0 la s\u00e9curit\u00e9 publique sans compter l\u2019impact environnemental n\u00e9gatif sur nos ruisseaux et rivi\u00e8res.<\/p>\n\n\n\n<p>Dans l\u2019\u00e9cosyst\u00e8me de la rivi\u00e8re Petitcodiac, il existe au moins trois barrages abandonn\u00e9s, situ\u00e9s dans le&nbsp;ruisseau Humphreys, le&nbsp;ruisseau Mill&nbsp;et le&nbsp;ruisseau Back.<\/p>\n\n\n\n<p>Le d\u00e9mant\u00e8lement de barrages est maintenant reconnu comme une option acceptable pour la restauration des rivi\u00e8res. Depuis le d\u00e9but des ann\u00e9es 1990, au-del\u00e0 de 500 barrages ont \u00e9t\u00e9 enlev\u00e9s en Am\u00e9rique du Nord.<\/p>\n\n\n\n<p>Au cours de l&#8217;\u00e9t\u00e9 2001, Sentinelles a obtenu des fonds pour engager un membre du personnel (Charles LeGresley) afin de faire des recherches et de produire deux rapports d\u00e9taill\u00e9s, une section de site web et une affiche \u00e9ducative consacr\u00e9e \u00e0 la question des barrages abandonn\u00e9s dans le bassin versant. Le premier rapport intitul\u00e9 &#8220;Reclaiming Free Flow &#8211; An Information Guide on Removing Small Abandoned Dams&#8221; \u00e9tait un guide de 80 pages, \u00e9tape par \u00e9tape, visant \u00e0 \u00e9valuer le d\u00e9mant\u00e8lement des barrages abandonn\u00e9s dans l&#8217;int\u00e9rieur de la baie de Fundy. Le second rapport intitul\u00e9 &#8220;Assessment on Decommissioning the Abandoned Humphreys Brook Dam&#8221; \u00e9tait un rapport de 65 pages sur la faisabilit\u00e9 d&#8217;enlever le barrage abandonn\u00e9 sur le ruisseau Humphreys, situ\u00e9 \u00e0 Moncton.<\/p>\n\n\n\n<p>Des consultations publiques ont \u00e9t\u00e9 organis\u00e9es et la recommandation a \u00e9t\u00e9 faite de proc\u00e9der \u00e0 une \u00e9valuation d\u00e9taill\u00e9e de ce projet. Un millier d&#8217;exemplaires de l&#8217;affiche \u00e9ducative ont \u00e9t\u00e9 imprim\u00e9s et distribu\u00e9s aux \u00e9coles et aux groupes communautaires dans l&#8217;ensemble du bassin versant. Le projet a d\u00e9clench\u00e9 la cr\u00e9ation du projet d&#8217;enl\u00e8vement du barrage du ruisseau Humphreys, qui a finalement \u00e9t\u00e9 mis en \u0153uvre au cours de l&#8217;\u00e9t\u00e9 2013, et du projet de restauration du passage des poissons du ruisseau Mill Creek.<\/p>\n\n\n\n<p><\/p>\n","protected":false},"excerpt":{"rendered":"<p>Plusieurs barrages qui ont servi au d\u00e9veloppement de nos communaut\u00e9s aux si\u00e8cles pass\u00e9s sont incapables de remplir aujourd\u2019hui les fonctions pour lesquelles ils ont \u00e9t\u00e9 con\u00e7us, et bon nombre sont maintenant abandonn\u00e9s. M\u00eame abandonn\u00e9s, ces barrages continuent de faire obstacle au d\u00e9placement du poisson, constituant une menace \u00e0 la s\u00e9curit\u00e9 publique sans compter l\u2019impact environnemental [&hellip;]<\/p>\n","protected":false},"author":4,"featured_media":0,"parent":726,"menu_order":4,"comment_status":"closed","ping_status":"closed","template":"","meta":{"footnotes":""},"aioseo_notices":[],"_links":{"self":[{"href":"http:\/\/petitcodiac.net\/fr\/wp-json\/wp\/v2\/pages\/1106"}],"collection":[{"href":"http:\/\/petitcodiac.net\/fr\/wp-json\/wp\/v2\/pages"}],"about":[{"href":"http:\/\/petitcodiac.net\/fr\/wp-json\/wp\/v2\/types\/page"}],"author":[{"embeddable":true,"href":"http:\/\/petitcodiac.net\/fr\/wp-json\/wp\/v2\/users\/4"}],"replies":[{"embeddable":true,"href":"http:\/\/petitcodiac.net\/fr\/wp-json\/wp\/v2\/comments?post=1106"}],"version-history":[{"count":4,"href":"http:\/\/petitcodiac.net\/fr\/wp-json\/wp\/v2\/pages\/1106\/revisions"}],"predecessor-version":[{"id":2273,"href":"http:\/\/petitcodiac.net\/fr\/wp-json\/wp\/v2\/pages\/1106\/revisions\/2273"}],"up":[{"embeddable":true,"href":"http:\/\/petitcodiac.net\/fr\/wp-json\/wp\/v2\/pages\/726"}],"wp:attachment":[{"href":"http:\/\/petitcodiac.net\/fr\/wp-json\/wp\/v2\/media?parent=1106"}],"curies":[{"name":"wp","href":"https:\/\/api.w.org\/{rel}","templated":true}]}}