{"id":1093,"date":"2020-11-21T23:22:40","date_gmt":"2020-11-22T03:22:40","guid":{"rendered":"https:\/\/www.dev-id.co\/riverkeeper\/?page_id=1093"},"modified":"2020-12-22T16:25:46","modified_gmt":"2020-12-22T20:25:46","slug":"protection-des-cours-deau","status":"publish","type":"page","link":"http:\/\/petitcodiac.net\/fr\/accomplissements\/protection-des-cours-deau\/","title":{"rendered":"Protection des cours d&#8217;eau"},"content":{"rendered":"\n<figure class=\"wp-block-image size-large\"><img loading=\"lazy\" decoding=\"async\" width=\"300\" height=\"225\" src=\"http:\/\/petitcodiac.org\/wp-content\/uploads\/2020\/11\/Kayaking_3-1.jpg\" alt=\"\" class=\"wp-image-1095\"\/><\/figure>\n\n\n\n<p>Les Sentinelles Petitcodiac travaillent activement \u00e0 prot\u00e9ger les cours d\u2019eau et les terres humides (marais) du bassin versant Petitcodiac. L\u2019organisme oeuvre pr\u00e9sentement sur des projets pour r\u00e9tablir et nettoyer les cours d\u2019eau en danger dans notre bassin.<\/p>\n\n\n\n<h2 class=\"wp-block-heading\">Nettoyage des cours d\u2019eau<\/h2>\n\n\n\n<p>Le bassin versant de la Petitcodiac s\u2019\u00e9tend sur une superficie d\u2019environ 3 000 km2, qui comprend&nbsp; 10 municipalit\u00e9s&nbsp;et villages, et o\u00f9 vivent environ 120 000 habitants. Comme dans plusieurs&nbsp;endroits de la province,&nbsp;diff\u00e9rents types de d\u00e9chets domestiques se retrouvent&nbsp;dans&nbsp;nos&nbsp;cours d\u2019eau. Chaque&nbsp; printemps et automne, Sentinelles Petitcodiac organise un nettoyage d\u2019un cours d\u2019eau avec l\u2019aide de b\u00e9n\u00e9voles dans le but d\u2019am\u00e9liorer la sant\u00e9 de ces&nbsp;cours d\u2019eau.<\/p>\n\n\n\n<h2 class=\"wp-block-heading\">Signaler une infraction et enqu\u00eater<\/h2>\n\n\n\n<p>Un des facteurs d\u00e9cisifs quand il s\u2019agit de pr\u00e9server la sant\u00e9 des \u00e9cosyst\u00e8mes est l\u2019assurance que tous les membres de la collectivit\u00e9 sont engag\u00e9s ensemble \u00e0 prot\u00e9ger et promouvoir l\u2019int\u00e9grit\u00e9 de l\u2019environnement. La mission des Sentinelles Petitcodiac de prot\u00e9ger notre syst\u00e8me riverain ne pourrait s\u2019accomplir sans l\u2019aide de b\u00e9n\u00e9voles.<\/p>\n\n\n\n<p>Les Sentinelles Petitcodiac ont donc mis sur place le programme de Patrouille. Ce programme vise \u00e0 doter les membres de la communaut\u00e9 des outils et des connaissances dont ils ont besoin pour participer \u00e0 la protection de la rivi\u00e8re et pour identifier les plus grands risques environnementaux dans leur communaut\u00e9.<\/p>\n\n\n\n<h2 class=\"wp-block-heading\">Engagez-vous!<\/h2>\n\n\n\n<p>Les Patrouilleurs choisissent eux-m\u00eames une section de la rivi\u00e8re ou de ses tributaires et leur participation refl\u00e8te leurs int\u00e9r\u00eats, leurs comp\u00e9tences et leur emploi du temps. Chaque Patrouilleur identifie les activit\u00e9s dans sa communaut\u00e9 qui pourraient avoir un impact sur la rivi\u00e8re. Les Patrouilleurs travaillent avec les Sentinelles Petitcodiac \u00e0 l\u2019\u00e9laboration de solutions efficaces aux probl\u00e8mes environnementaux locaux.<\/p>\n\n\n\n<p><a href=\"http:\/\/petitcodiac.org\/fr\/impliquez-vous\/patroille-petitcodiac\/\">Devenez patrouilleur.<\/a><\/p>\n\n\n\n<h2 class=\"wp-block-heading\">Conservation des terres:&nbsp;Prot\u00e9geons nos rivi\u00e8res et ruisseaux<\/h2>\n\n\n\n<p>Les terres en bordure de nos rivi\u00e8res et ruisseaux nous sont particuli\u00e8rement ch\u00e8res et jouent un r\u00f4le essentiel dans la protection des caract\u00e9ristiques \u00e9cologiques de la nature. Ces zones riveraines sont aussi l\u2019habitat privil\u00e9gi\u00e9 des esp\u00e8ces fauniques et des plantes rares.<\/p>\n\n\n\n<p>En assurant \u00e0 vos terres une protection permanente contre les coupes \u00e0 blanc nuisibles ou un am\u00e9nagement mal planifi\u00e9, vous l\u00e9guez aux g\u00e9n\u00e9rations futures un patrimoine de conservation de la nature.<\/p>\n\n\n\n<p>Le Projet de conservation des terres du bassin versant de la Petitcodiac fait la promotion de la conservation des terres du r\u00e9seau hydrographique des rivi\u00e8res Petitcodiac, Memramcook et Shepody.<\/p>\n\n\n\n<p>Si, dans cette r\u00e9gion, vous poss\u00e9dez un terrain \u00e0 proximit\u00e9 d\u2019un cours d\u2019eau dont vous voulez assurer la protection \u00e0 jamais, appelez-nous pour savoir comment nous pouvons vous y aider. Parmi les outils de conservation, notons l\u2019achat de terre et l\u2019obtention de servitudes qui prot\u00e8gent ses caract\u00e9ristiques \u00e9cologiques bien apr\u00e8s que la terre est c\u00e9d\u00e9e ou vendue \u00e0 d\u2019autres.<\/p>\n\n\n\n<p><a href=\"http:\/\/petitcodiac.org\/fr\/contactez-nous\/\" data-type=\"page\" data-id=\"423\">Pour plus de renseignements, contactez-nous.<\/a><\/p>\n","protected":false},"excerpt":{"rendered":"<p>Les Sentinelles Petitcodiac travaillent activement \u00e0 prot\u00e9ger les cours d\u2019eau et les terres humides (marais) du bassin versant Petitcodiac. L\u2019organisme oeuvre pr\u00e9sentement sur des projets pour r\u00e9tablir et nettoyer les cours d\u2019eau en danger dans notre bassin. Nettoyage des cours d\u2019eau Le bassin versant de la Petitcodiac s\u2019\u00e9tend sur une superficie d\u2019environ 3 000 km2, [&hellip;]<\/p>\n","protected":false},"author":4,"featured_media":0,"parent":726,"menu_order":5,"comment_status":"closed","ping_status":"closed","template":"","meta":{"footnotes":""},"aioseo_notices":[],"_links":{"self":[{"href":"http:\/\/petitcodiac.net\/fr\/wp-json\/wp\/v2\/pages\/1093"}],"collection":[{"href":"http:\/\/petitcodiac.net\/fr\/wp-json\/wp\/v2\/pages"}],"about":[{"href":"http:\/\/petitcodiac.net\/fr\/wp-json\/wp\/v2\/types\/page"}],"author":[{"embeddable":true,"href":"http:\/\/petitcodiac.net\/fr\/wp-json\/wp\/v2\/users\/4"}],"replies":[{"embeddable":true,"href":"http:\/\/petitcodiac.net\/fr\/wp-json\/wp\/v2\/comments?post=1093"}],"version-history":[{"count":5,"href":"http:\/\/petitcodiac.net\/fr\/wp-json\/wp\/v2\/pages\/1093\/revisions"}],"predecessor-version":[{"id":2264,"href":"http:\/\/petitcodiac.net\/fr\/wp-json\/wp\/v2\/pages\/1093\/revisions\/2264"}],"up":[{"embeddable":true,"href":"http:\/\/petitcodiac.net\/fr\/wp-json\/wp\/v2\/pages\/726"}],"wp:attachment":[{"href":"http:\/\/petitcodiac.net\/fr\/wp-json\/wp\/v2\/media?parent=1093"}],"curies":[{"name":"wp","href":"https:\/\/api.w.org\/{rel}","templated":true}]}}