{"id":1074,"date":"2020-11-21T23:13:17","date_gmt":"2020-11-22T03:13:17","guid":{"rendered":"https:\/\/www.dev-id.co\/riverkeeper\/?page_id=1074"},"modified":"2020-12-22T18:25:33","modified_gmt":"2020-12-22T22:25:33","slug":"eaux-pluviales","status":"publish","type":"page","link":"http:\/\/petitcodiac.net\/fr\/accomplissements\/pollution-toxique\/eaux-pluviales\/","title":{"rendered":"Eaux pluviales"},"content":{"rendered":"\n<figure class=\"wp-block-image size-large\"><img loading=\"lazy\" decoding=\"async\" width=\"1024\" height=\"683\" src=\"http:\/\/petitcodiac.org\/wp-content\/uploads\/2020\/11\/Lake_closed-1-1024x683.jpg\" alt=\"\" class=\"wp-image-1076\" srcset=\"http:\/\/petitcodiac.net\/wp-content\/uploads\/2020\/11\/Lake_closed-1-1024x683.jpg 1024w, http:\/\/petitcodiac.net\/wp-content\/uploads\/2020\/11\/Lake_closed-1-300x200.jpg 300w, http:\/\/petitcodiac.net\/wp-content\/uploads\/2020\/11\/Lake_closed-1-768x512.jpg 768w, http:\/\/petitcodiac.net\/wp-content\/uploads\/2020\/11\/Lake_closed-1-1536x1024.jpg 1536w, http:\/\/petitcodiac.net\/wp-content\/uploads\/2020\/11\/Lake_closed-1-2048x1365.jpg 2048w, http:\/\/petitcodiac.net\/wp-content\/uploads\/2020\/11\/Lake_closed-1-1200x800.jpg 1200w, http:\/\/petitcodiac.net\/wp-content\/uploads\/2020\/11\/Lake_closed-1-1980x1320.jpg 1980w\" sizes=\"(max-width: 1024px) 100vw, 1024px\" \/><\/figure>\n\n\n\n<h2 class=\"wp-block-heading\">Contexte<\/h2>\n\n\n\n<p>En raison de la multiplication des routes, des \u00e9difices, des terrains de stationnement et autres surfaces dures, notre milieu urbain produit des quantit\u00e9s importantes de ruissellement d\u2019eaux qui forme les eaux pluviales. Cette eau\u00a0est form\u00e9e\u00a0par les\u00a0pr\u00e9cipitations qui, une fois tomb\u00e9es,\u00a0ne p\u00e9n\u00e8trent pas dans le sol, elle devient alors de l\u2019eau de surface ou de ruissellement qui\u00a0se d\u00e9verse directement dans les cours d\u2019eau. Elle peut \u00eatre achemin\u00e9e dans des \u00e9gouts,\u00a0vers des bassins de d\u00e9cantation ou des usines de traitement.<\/p>\n\n\n\n<h2 class=\"wp-block-heading\">Impacts potentiels<\/h2>\n\n\n\n<p>De nos jours, tous les usages r\u00e9sidentiels, commerciaux ou industriels doivent obligatoirement comporter des syst\u00e8mes ad\u00e9quats de gestion de l\u2019eau de pluie, mais les zones urbaines plus anciennes continuent de d\u00e9verser leurs eaux pluviales directement dans les cours d\u2019eau. En outre,&nbsp; les municipalit\u00e9s sont de plus en plus aux prises avec des fuites dans leurs infrastructures d\u2019\u00e9gouts qui prennent de l\u2019\u00e2ge. Les produits chimiques toxiques, les s\u00e9diments, le p\u00e9trole, les m\u00e9taux, les pesticides, les bact\u00e9ries, les nutriments&nbsp;&nbsp;et d\u2019autres polluants que charrient les eaux de pluie nuisent \u00e0 la qualit\u00e9 de l\u2019eau et la survie des esp\u00e8ces aquatiques.<\/p>\n\n\n\n<h2 class=\"wp-block-heading\">Que puis-je faire?<\/h2>\n\n\n\n<ul><li>Assurez-vous de jeter tous produits chimiques ou autres mat\u00e9riaux toxiques aux endroits appropri\u00e9s -ne jamais\u00a0jeter ces produits dans les tuyaux d\u2019eaux pluviales de la rue!<\/li><li>Apprenez les m\u00e9thodes pour conserver et traiter les eaux pluviales sur votre propri\u00e9t\u00e9. Certains gestes aident \u00e0 r\u00e9duire le ruissellement\u00a0 et ainsi am\u00e9liorer notre environnement, tels que d\u2019installer des barils de pluie et de planter des plantes indig\u00e8nes.<\/li><\/ul>\n","protected":false},"excerpt":{"rendered":"<p>Contexte En raison de la multiplication des routes, des \u00e9difices, des terrains de stationnement et autres surfaces dures, notre milieu urbain produit des quantit\u00e9s importantes de ruissellement d\u2019eaux qui forme les eaux pluviales. Cette eau\u00a0est form\u00e9e\u00a0par les\u00a0pr\u00e9cipitations qui, une fois tomb\u00e9es,\u00a0ne p\u00e9n\u00e8trent pas dans le sol, elle devient alors de l\u2019eau de surface ou de [&hellip;]<\/p>\n","protected":false},"author":4,"featured_media":0,"parent":1067,"menu_order":2,"comment_status":"closed","ping_status":"closed","template":"","meta":{"footnotes":""},"aioseo_notices":[],"_links":{"self":[{"href":"http:\/\/petitcodiac.net\/fr\/wp-json\/wp\/v2\/pages\/1074"}],"collection":[{"href":"http:\/\/petitcodiac.net\/fr\/wp-json\/wp\/v2\/pages"}],"about":[{"href":"http:\/\/petitcodiac.net\/fr\/wp-json\/wp\/v2\/types\/page"}],"author":[{"embeddable":true,"href":"http:\/\/petitcodiac.net\/fr\/wp-json\/wp\/v2\/users\/4"}],"replies":[{"embeddable":true,"href":"http:\/\/petitcodiac.net\/fr\/wp-json\/wp\/v2\/comments?post=1074"}],"version-history":[{"count":2,"href":"http:\/\/petitcodiac.net\/fr\/wp-json\/wp\/v2\/pages\/1074\/revisions"}],"predecessor-version":[{"id":2308,"href":"http:\/\/petitcodiac.net\/fr\/wp-json\/wp\/v2\/pages\/1074\/revisions\/2308"}],"up":[{"embeddable":true,"href":"http:\/\/petitcodiac.net\/fr\/wp-json\/wp\/v2\/pages\/1067"}],"wp:attachment":[{"href":"http:\/\/petitcodiac.net\/fr\/wp-json\/wp\/v2\/media?parent=1074"}],"curies":[{"name":"wp","href":"https:\/\/api.w.org\/{rel}","templated":true}]}}