{"id":1067,"date":"2020-11-21T23:09:56","date_gmt":"2020-11-22T03:09:56","guid":{"rendered":"https:\/\/www.dev-id.co\/riverkeeper\/?page_id=1067"},"modified":"2020-12-22T18:19:05","modified_gmt":"2020-12-22T22:19:05","slug":"pollution-toxique","status":"publish","type":"page","link":"http:\/\/petitcodiac.net\/fr\/accomplissements\/pollution-toxique\/","title":{"rendered":"Pollution toxique"},"content":{"rendered":"\n<p>Les Sentinelles Petitcodiac se penchent pr\u00e9sentement sur les enjeux de pollution toxique ayant un effet sur le bassin versant. Nous gardons aussi un oeil constant sur l\u2019\u00e9tat de la rivi\u00e8re gr\u00e2ce \u00e0 un programme de surveillance. L\u2019accent est plac\u00e9 sur la dimension \u00e9cologique, par exemple la surveillance de la qualit\u00e9 de l\u2019eau, de la vie animale (poissons, v\u00e9g\u00e9tation et nutriments, etc.). Si vous d\u00e9sirez vous impliquer, voir notre section<a href=\"https:\/\/www.dev-id.co\/riverkeeper\/fr\/impliquez-vous\/patroille-petitcodiac\/\">\u00a0Patrouille Petitcodiac<\/a>.<\/p>\n\n\n\n<p>N\u2019h\u00e9sitez pas de nous contacter si vous \u00eates t\u00e9moins d\u2019activit\u00e9s anormales ou des actes de pollution. Communiquez avec nous au 388-KEEP (5337).<\/p>\n\n\n\n<figure class=\"wp-block-image size-large\"><img loading=\"lazy\" decoding=\"async\" width=\"300\" height=\"196\" src=\"http:\/\/petitcodiac.org\/wp-content\/uploads\/2020\/11\/johnCreek09Lrg-1.jpg\" alt=\"\" class=\"wp-image-1069\"\/><\/figure>\n\n\n\n<h2 class=\"wp-block-heading\">Principales sources de pollution toxique dans notre bassin versant<\/h2>\n\n\n\n<p>1) Eaux us\u00e9es<br>2) Ancien d\u00e9potoir<br>3) Eaux pluviales<br>4) Pesticides et fertilisants<\/p>\n","protected":false},"excerpt":{"rendered":"<p>Les Sentinelles Petitcodiac se penchent pr\u00e9sentement sur les enjeux de pollution toxique ayant un effet sur le bassin versant. Nous gardons aussi un oeil constant sur l\u2019\u00e9tat de la rivi\u00e8re gr\u00e2ce \u00e0 un programme de surveillance. L\u2019accent est plac\u00e9 sur la dimension \u00e9cologique, par exemple la surveillance de la qualit\u00e9 de l\u2019eau, de la vie [&hellip;]<\/p>\n","protected":false},"author":4,"featured_media":0,"parent":726,"menu_order":7,"comment_status":"closed","ping_status":"closed","template":"","meta":{"footnotes":""},"aioseo_notices":[],"_links":{"self":[{"href":"http:\/\/petitcodiac.net\/fr\/wp-json\/wp\/v2\/pages\/1067"}],"collection":[{"href":"http:\/\/petitcodiac.net\/fr\/wp-json\/wp\/v2\/pages"}],"about":[{"href":"http:\/\/petitcodiac.net\/fr\/wp-json\/wp\/v2\/types\/page"}],"author":[{"embeddable":true,"href":"http:\/\/petitcodiac.net\/fr\/wp-json\/wp\/v2\/users\/4"}],"replies":[{"embeddable":true,"href":"http:\/\/petitcodiac.net\/fr\/wp-json\/wp\/v2\/comments?post=1067"}],"version-history":[{"count":2,"href":"http:\/\/petitcodiac.net\/fr\/wp-json\/wp\/v2\/pages\/1067\/revisions"}],"predecessor-version":[{"id":2301,"href":"http:\/\/petitcodiac.net\/fr\/wp-json\/wp\/v2\/pages\/1067\/revisions\/2301"}],"up":[{"embeddable":true,"href":"http:\/\/petitcodiac.net\/fr\/wp-json\/wp\/v2\/pages\/726"}],"wp:attachment":[{"href":"http:\/\/petitcodiac.net\/fr\/wp-json\/wp\/v2\/media?parent=1067"}],"curies":[{"name":"wp","href":"https:\/\/api.w.org\/{rel}","templated":true}]}}