{"id":1059,"date":"2020-11-21T23:04:15","date_gmt":"2020-11-22T03:04:15","guid":{"rendered":"https:\/\/www.dev-id.co\/riverkeeper\/?page_id=1059"},"modified":"2020-12-22T18:22:32","modified_gmt":"2020-12-22T22:22:32","slug":"sattaquer-aux-source-de-pollution","status":"publish","type":"page","link":"http:\/\/petitcodiac.net\/fr\/accomplissements\/sattaquer-aux-source-de-pollution\/","title":{"rendered":"S&#8217;attaquer aux source de pollution"},"content":{"rendered":"\n<ul><li>Nous avons intent\u00e9 des poursuites judiciaires \u00e0 certains pollueurs et d\u00e9pos\u00e9 des plaintes et fait le suivi relativement \u00e0 d\u2019\u00e9ventuelles infractions \u00e0 la Loi canadienne sur les p\u00eaches et aux lois provinciales sur l\u2019environnement.\u00a0 \u00c0 l\u2019\u00e9t\u00e9 2000 par exemple, Sentinelles Petitcodiac soup\u00e7onnait que le lixiviat s\u2019\u00e9coulant d\u2019un d\u00e9potoir de Moncton dans le ruisseau Jonathan (un tributaire de la Petitcodiac) contrevenait \u00e0 la Loi canadienne sur les p\u00eaches. Nous avons mont\u00e9 un dossier sur l\u2019impact du lixiviat sur le poisson et fait \u00e9tat de nos pr\u00e9occupations aupr\u00e8s d\u2019Environnement Canada. Ce minist\u00e8re a effectu\u00e9 le suivi de notre dossier et\u00a0 a lanc\u00e9 sa propre enqu\u00eate; des accusations ont \u00e9t\u00e9 port\u00e9es contre Gemtec Limited et la Ville de Moncton \u00e0 l\u2019effet qu\u2019ils auraient ill\u00e9galement d\u00e9vers\u00e9 du lixiviat ou autoris\u00e9 le d\u00e9versement ill\u00e9gal de lixiviat dans le ruisseau. La Ville de Moncton a plaid\u00e9 coupable et l\u2019entreprise Gemtec a \u00e9t\u00e9 trouv\u00e9e coupable.<\/li><li>En 2008, Sentinelles Petitcodiac a signal\u00e9 des travaux ill\u00e9gaux de forage pour la prospection de min\u00e9raux dans le bassin hydrographique du ruisseau Turtle, une zone prot\u00e9g\u00e9e qui fournit son eau potable au Grand Moncton. Avec l\u2019aide d\u2019un citoyen local, nous avons\u00a0 donn\u00e9 l\u2019alerte aux autorit\u00e9s qui ont exig\u00e9 l\u2019arr\u00eat imm\u00e9diat des travaux de forage. Les accusations port\u00e9es contre la compagnie sont en instance.\u00a0 Qui plus est, cette poursuite a amen\u00e9 la province du Nouveau-Brunswick \u00e0 modifier ses r\u00e8glements visant la prospection de min\u00e9raux d\u00e8s le mois suivant.<\/li><li>La population s\u2019est engag\u00e9e \u00e0 l\u2019\u00e9gard des enjeux de la pollution environnementale gr\u00e2ce \u00e0 la sensibilisation que nous avons men\u00e9e, entre autres au moyen de la liste des dix pires sources de pollution dans notre bassin versant, que nous publions chaque ann\u00e9e. Nous continuons de faire pression pour que soient men\u00e9es les actions appropri\u00e9es dans les dossiers du traitement des \u00e9gouts, de la prospection et l\u2019exploitation de l\u2019uranium et de la pollution par les pesticides et les eaux pluviales.<\/li><\/ul>\n\n\n\n<figure class=\"wp-block-image size-large\"><img loading=\"lazy\" decoding=\"async\" width=\"1024\" height=\"768\" src=\"http:\/\/petitcodiac.org\/wp-content\/uploads\/2020\/11\/Moncton_landfill_May_28_09-002_resize-1.jpg\" alt=\"\" class=\"wp-image-1061\" srcset=\"http:\/\/petitcodiac.net\/wp-content\/uploads\/2020\/11\/Moncton_landfill_May_28_09-002_resize-1.jpg 1024w, http:\/\/petitcodiac.net\/wp-content\/uploads\/2020\/11\/Moncton_landfill_May_28_09-002_resize-1-300x225.jpg 300w, http:\/\/petitcodiac.net\/wp-content\/uploads\/2020\/11\/Moncton_landfill_May_28_09-002_resize-1-768x576.jpg 768w\" sizes=\"(max-width: 1024px) 100vw, 1024px\" \/><\/figure>\n","protected":false},"excerpt":{"rendered":"<p>Nous avons intent\u00e9 des poursuites judiciaires \u00e0 certains pollueurs et d\u00e9pos\u00e9 des plaintes et fait le suivi relativement \u00e0 d\u2019\u00e9ventuelles infractions \u00e0 la Loi canadienne sur les p\u00eaches et aux lois provinciales sur l\u2019environnement.\u00a0 \u00c0 l\u2019\u00e9t\u00e9 2000 par exemple, Sentinelles Petitcodiac soup\u00e7onnait que le lixiviat s\u2019\u00e9coulant d\u2019un d\u00e9potoir de Moncton dans le ruisseau Jonathan (un [&hellip;]<\/p>\n","protected":false},"author":4,"featured_media":0,"parent":726,"menu_order":8,"comment_status":"closed","ping_status":"closed","template":"","meta":{"footnotes":""},"aioseo_notices":[],"_links":{"self":[{"href":"http:\/\/petitcodiac.net\/fr\/wp-json\/wp\/v2\/pages\/1059"}],"collection":[{"href":"http:\/\/petitcodiac.net\/fr\/wp-json\/wp\/v2\/pages"}],"about":[{"href":"http:\/\/petitcodiac.net\/fr\/wp-json\/wp\/v2\/types\/page"}],"author":[{"embeddable":true,"href":"http:\/\/petitcodiac.net\/fr\/wp-json\/wp\/v2\/users\/4"}],"replies":[{"embeddable":true,"href":"http:\/\/petitcodiac.net\/fr\/wp-json\/wp\/v2\/comments?post=1059"}],"version-history":[{"count":2,"href":"http:\/\/petitcodiac.net\/fr\/wp-json\/wp\/v2\/pages\/1059\/revisions"}],"predecessor-version":[{"id":2305,"href":"http:\/\/petitcodiac.net\/fr\/wp-json\/wp\/v2\/pages\/1059\/revisions\/2305"}],"up":[{"embeddable":true,"href":"http:\/\/petitcodiac.net\/fr\/wp-json\/wp\/v2\/pages\/726"}],"wp:attachment":[{"href":"http:\/\/petitcodiac.net\/fr\/wp-json\/wp\/v2\/media?parent=1059"}],"curies":[{"name":"wp","href":"https:\/\/api.w.org\/{rel}","templated":true}]}}