{"id":1053,"date":"2020-11-21T22:59:16","date_gmt":"2020-11-22T02:59:16","guid":{"rendered":"https:\/\/www.dev-id.co\/riverkeeper\/?page_id=1053"},"modified":"2020-12-22T18:59:54","modified_gmt":"2020-12-22T22:59:54","slug":"1053-2","status":"publish","type":"page","link":"http:\/\/petitcodiac.net\/fr\/accomplissements\/1053-2\/","title":{"rendered":"10 pires sources de pollution"},"content":{"rendered":"\n<h1 class=\"wp-block-heading\" id=\"center_header\">Les probl\u00e8mes d\u2019\u00e9gout menacent \u00e9galement les cours d\u2019eau, dit la Sentinelle<\/h1>\n\n\n\n<p>(Moncton, le 20 f\u00e9vrier 2013) \u2013 Les ponts-chauss\u00e9es, les d\u00e9versements d\u2019\u00e9gouts sanitaires, les barrages abandonn\u00e9s et l\u2019eau de ruissellement des eaux pluviales ont continu\u00e9 d\u2019endommager l\u2019\u00e9cosyst\u00e8me de la rivi\u00e8re Petitcodiac en 2012, comme c\u2019est le cas depuis des d\u00e9cennies, selon un rapport d\u00e9voil\u00e9 aujourd\u2019hui par Sentinelles Petitcodiac.Ce neuvi\u00e8me rapport annuel des \u00ab 10 pires sources de pollution de l\u2019\u00e9cosyst\u00e8me Petitcodiac \u00bb est r\u00e9alis\u00e9 par les Sentinelles dans le but de sensibiliser la population aux enjeux environnementaux les plus pressants dans cet \u00e9cosyst\u00e8me et d\u2019encourager les responsables \u00e0 prendre les mesures n\u00e9cessaires pour corriger les torts qu\u2019ils ont faits \u00e0 l\u2019environnement.Le terme \u00ab source de pollution \u00bb utilis\u00e9 dans le rapport des Sentinelles fait r\u00e9f\u00e9rence \u00e0 des activit\u00e9s entreprises par des individus, des corporations ou des agences gouvernementales ayant eu des impacts n\u00e9gatifs multiples et \u00e0 long terme sur la qualit\u00e9 de l\u2019eau, l\u2019habitat des esp\u00e8ces, et l\u2019int\u00e9grit\u00e9 \u00e9cologique de l\u2019\u00e9cosyst\u00e8me Petitcodiac. L\u2019\u00e9cosyst\u00e8me comprend la rivi\u00e8re Petitcodiac, la rivi\u00e8re Memramcook et la rivi\u00e8re et la baie de Shepody ainsi que leurs affluents.<\/p>\n\n\n\n<h2 class=\"wp-block-heading\">Les 10 pires sources de pollution<\/h2>\n\n\n\n<p><strong>1.&nbsp;&nbsp; Le pont-chauss\u00e9e Petitcodiac<\/strong><br><em>Les propri\u00e9taires\/agences responsables<br>Province du Nouveau-Brunswick<\/em><br><strong><br>2.&nbsp;&nbsp; L\u2019usine d\u2019\u00e9puration des eaux us\u00e9es du Grand Moncton<\/strong><em>Commission d\u2019\u00e9puration des eaux us\u00e9es du Grand Moncton<br>(villes de Riverview,Moncton et Dieppe)<\/em><\/p>\n\n\n\n<p><strong>3.&nbsp;&nbsp; Le pont-chauss\u00e9e Memramcook<\/strong><br><em>Les propri\u00e9taires\/agences responsables&nbsp;<\/em><br><em>Province du Nouveau-Brunswick<\/em><\/p>\n\n\n\n<p><strong>4.&nbsp;&nbsp; Le pont-chauss\u00e9e Shepody<\/strong><br><em>Les propri\u00e9taires\/agences responsables<br>Province du Nouveau-Brunswick<\/em><\/p>\n\n\n\n<p><strong>5.&nbsp;&nbsp; L\u2019empi\u00e9tement urbain \u2013 la destruction de cours d\u2019eau et d\u2019habitats<\/strong><br><em>Les propri\u00e9taires\/agences responsables&nbsp;<\/em><br><em>Gouvernements f\u00e9d\u00e9ral, provincial, municipaux,<br>et promoteurs priv\u00e9s<\/em><\/p>\n\n\n\n<p><strong>6.&nbsp;&nbsp; Barrage abandonn\u00e9 du Ruisseau Mills<\/strong><br><em>Les propri\u00e9taires\/agences responsables<br>Ville de Riverview<\/em><\/p>\n\n\n\n<p><br><strong>7.&nbsp;&nbsp; Barrage abandonn\u00e9 du Ruisseau Humphreys<\/strong><br><em>Les propri\u00e9taires\/agences responsables&nbsp;<\/em><br><em>Ville de Moncton<\/em><\/p>\n\n\n\n<p><strong>8.&nbsp;&nbsp; Divers barrages et autres obstacles<\/strong><br><em>Les propri\u00e9taires\/agences responsables<br><\/em><em>Province du Nouveau-Brunswick, Ville de Moncton<\/em><\/p>\n\n\n\n<p><strong>9.&nbsp;&nbsp; Le ruissellement des eaux pluviales<\/strong><br><em>Les propri\u00e9taires\/agences responsables&nbsp;<\/em><br><em>Gouvernements f\u00e9d\u00e9ral, provincial et municipaux<\/em><\/p>\n\n\n\n<p><strong>10.&nbsp; L\u2019exploitation du gaz de schiste et de l\u2019uranium<\/strong><br><em>Les propri\u00e9taires\/agences responsables<br>Province du Nouveau-Brunswick<\/em><\/p>\n\n\n\n<p>Pour une premi\u00e8re fois depuis la publication du rapport en 2002, une des trois plus importantes sources de pollution du bassin versant, soit l\u2019ancien d\u00e9potoir riverain de Moncton, a \u00e9t\u00e9 retir\u00e9e de la liste des pires pollueurs. Le projet de diversion du ruisseau Jonathan, li\u00e9 \u00e0 une ordonnance de la cour de&nbsp; cesser le d\u00e9versement de lixiviat dans ce cours d\u2019eau, a finalement \u00e9t\u00e9 compl\u00e9t\u00e9 en mars 2010 au co\u00fbt de 3 millions $. Cette action faisait suite \u00e0 une enqu\u00eate initi\u00e9e par Sentinelles Petitcodiac en 2000 et un jugement historique et une ordonnance de la cour \u00e9mise en 2003 obligeant la Ville de Moncton de corriger le probl\u00e8me. La surveillance du site se continuera encore pendant des d\u00e9cennies, mais Sentinelles est satisfait que l\u2019ancien d\u00e9potoir ne pose aujourd\u2019hui plus de risques importants \u00e0 la vie aquatique de la rivi\u00e8re. L\u2019ancien d\u00e9potoir figurait au troisi\u00e8me rang de la liste des pires sources de pollution pendant une p\u00e9riode de huit ans.<\/p>\n\n\n\n<p>Sur une autre note positive, l\u2019\u00c9tape 2 du projet tant attendu de restauration de la rivi\u00e8re Petitcodiac a d\u00e9but\u00e9 en avril 2010 avec l\u2019ouverture des vannes du pont-chauss\u00e9e Petitcodiac. Les r\u00e9sultats des deux premi\u00e8res ann\u00e9es du programme d\u2019ouverture temporaire des vannes montrent des am\u00e9liorations remarquables au niveau du passage du poisson, une r\u00e9duction des risques d\u2019inondation dans la r\u00e9gion et la reprise lente, mais certaine du mascaret.<\/p>\n\n\n\n<p>La Province, par contre, tarde toujours \u00e0 annoncer ses intentions vis-\u00e0-vis l\u2019ach\u00e8vement de l\u2019\u00c9tape 3 du projet. Cette \u00e9tape, qui exige la construction d\u2019un pont partiel permanent \u00e0 m\u00eame le pont-chauss\u00e9e pour se conformer \u00e0 la Loi sur les P\u00eaches, devait d\u00e9buter en 2012 ou 2013. \u00ab Pour cette raison, \u00bb souligne le pr\u00e9sident de Sentinelles Petitcodiac Pierre Landry, \u00ab le pont-chauss\u00e9e de la rivi\u00e8re Petitcodiac continue de poser le plus important danger \u00e0 la sant\u00e9 de l\u2019\u00e9cosyst\u00e8me et \u00e0 la qualit\u00e9 de vie dans le bassin versant. \u00bb<\/p>\n\n\n\n<p>Le rapport fait \u00e9galement \u00e9tat de nouvelles menaces potentielles avec la proposition d\u2019exploitation \u00e0 grande \u00e9chelle du gaz de schiste dans le bassin hydrographique. \u00ab Les r\u00e9sidents des communaut\u00e9s de Elgin, Hillsborough et Turtle Creek, o\u00f9 des op\u00e9rations de forage sont en cour, sont inquiets des impacts que pourrait avoir l\u2019exploitation du gaz de schiste sur leurs r\u00e9serves d\u2019eau potable, l\u2019\u00e9cosyst\u00e8me aquatique, la qualit\u00e9 de l\u2019air, leur sant\u00e9 et l\u2019avenir de leurs communaut\u00e9s, \u00bb souligne l\u2019auteur du rapport et l\u2019ancienne Sentinelle Daniel LeBlanc. \u00ab Des autorit\u00e9s municipales ont \u00e9galement exprim\u00e9 des inqui\u00e9tudes vis-\u00e0-vis l\u2019impact que pourrait avoir l\u2019extraction \u00e0 grande \u00e9chelle de leurs sources d\u2019eau potable, et la gestion des eaux us\u00e9es et toxiques devant servir au processus d\u2019extraction. \u00bb<\/p>\n\n\n\n<p>En r\u00e9sum\u00e9, la liste 2012 des sources de pollution dans l\u2019\u00e9cosyst\u00e8me de la rivi\u00e8re Petitcodiac garde sensiblement le m\u00eame classement que lors des derniers rapports, sauf en ce qui concerne le retrait de l\u2019ancien d\u00e9potoir de Moncton au 3e rang et l\u2019ajout de l\u2019exploitation \u00e0 grande \u00e9chelle du gaz de schiste au 10e rang.<\/p>\n\n\n\n<p><a href=\"http:\/\/petitcodiac.org\/wp-content\/uploads\/2020\/11\/10_pires_sources_2012_FR_v2.pdf\" target=\"_blank\" rel=\"noreferrer noopener\">T\u00e9l\u00e9charger le document<\/a><\/p>\n\n\n\n<p>Cliquez pour voir&nbsp;les rapports pr\u00e9c\u00e9dents (en anglais seulement)<\/p>\n\n\n\n<p><a rel=\"noreferrer noopener\" href=\"http:\/\/petitcodiac.org\/wp-content\/uploads\/2020\/11\/10_worst_pollution_sources_2009.pdf\" target=\"_blank\">2009<\/a><br><a rel=\"noreferrer noopener\" href=\"http:\/\/petitcodiac.org\/wp-content\/uploads\/2020\/11\/10_worst_pollution_sources_2008.pdf\" target=\"_blank\">2008<\/a><br><a rel=\"noreferrer noopener\" href=\"http:\/\/petitcodiac.org\/wp-content\/uploads\/2020\/11\/10_worst_pollution_sources_2007.pdf\" target=\"_blank\">2007\u00a0<br><\/a><a rel=\"noreferrer noopener\" href=\"http:\/\/petitcodiac.org\/wp-content\/uploads\/2020\/11\/10-worst-pollution-sources-2006-2.doc\" target=\"_blank\">2006<br><\/a><a rel=\"noreferrer noopener\" href=\"http:\/\/petitcodiac.org\/wp-content\/uploads\/2020\/11\/10-worst-pollution-sources-2005.doc\" target=\"_blank\">2005<br><\/a><a rel=\"noreferrer noopener\" href=\"http:\/\/petitcodiac.org\/wp-content\/uploads\/2020\/11\/10-worst-pollution-sources-2004.doc\" target=\"_blank\">2004<br><\/a><a rel=\"noreferrer noopener\" href=\"http:\/\/petitcodiac.org\/wp-content\/uploads\/2020\/11\/10-worst-pollution-sources-2003-2.doc\" target=\"_blank\">2003<\/a><br><\/p>\n","protected":false},"excerpt":{"rendered":"<p>Les probl\u00e8mes d\u2019\u00e9gout menacent \u00e9galement les cours d\u2019eau, dit la Sentinelle (Moncton, le 20 f\u00e9vrier 2013) \u2013 Les ponts-chauss\u00e9es, les d\u00e9versements d\u2019\u00e9gouts sanitaires, les barrages abandonn\u00e9s et l\u2019eau de ruissellement des eaux pluviales ont continu\u00e9 d\u2019endommager l\u2019\u00e9cosyst\u00e8me de la rivi\u00e8re Petitcodiac en 2012, comme c\u2019est le cas depuis des d\u00e9cennies, selon un rapport d\u00e9voil\u00e9 aujourd\u2019hui [&hellip;]<\/p>\n","protected":false},"author":4,"featured_media":0,"parent":726,"menu_order":9,"comment_status":"closed","ping_status":"closed","template":"","meta":{"footnotes":""},"aioseo_notices":[],"_links":{"self":[{"href":"http:\/\/petitcodiac.net\/fr\/wp-json\/wp\/v2\/pages\/1053"}],"collection":[{"href":"http:\/\/petitcodiac.net\/fr\/wp-json\/wp\/v2\/pages"}],"about":[{"href":"http:\/\/petitcodiac.net\/fr\/wp-json\/wp\/v2\/types\/page"}],"author":[{"embeddable":true,"href":"http:\/\/petitcodiac.net\/fr\/wp-json\/wp\/v2\/users\/4"}],"replies":[{"embeddable":true,"href":"http:\/\/petitcodiac.net\/fr\/wp-json\/wp\/v2\/comments?post=1053"}],"version-history":[{"count":8,"href":"http:\/\/petitcodiac.net\/fr\/wp-json\/wp\/v2\/pages\/1053\/revisions"}],"predecessor-version":[{"id":2331,"href":"http:\/\/petitcodiac.net\/fr\/wp-json\/wp\/v2\/pages\/1053\/revisions\/2331"}],"up":[{"embeddable":true,"href":"http:\/\/petitcodiac.net\/fr\/wp-json\/wp\/v2\/pages\/726"}],"wp:attachment":[{"href":"http:\/\/petitcodiac.net\/fr\/wp-json\/wp\/v2\/media?parent=1053"}],"curies":[{"name":"wp","href":"https:\/\/api.w.org\/{rel}","templated":true}]}}